{"id":141697,"date":"2022-09-22T16:07:41","date_gmt":"2022-09-22T14:07:41","guid":{"rendered":"https:\/\/www.wash-megroup.com\/rechtliche-hinweise\/"},"modified":"2026-03-26T16:55:29","modified_gmt":"2026-03-26T15:55:29","slug":"rechtliche-hinweise","status":"publish","type":"page","link":"https:\/\/www.wash-megroup.com\/de-at\/rechtliche-hinweise\/","title":{"rendered":"Impressum"},"content":{"rendered":"\n<p><br><br><strong>Impressum gem\u00e4\u00df \u00a7 5 DDG<\/strong><\/p>\n\n\n\n<p><strong>Diensteanbieter<\/strong><br>ME Group Germany GmbH<br>Sch\u00e4fergasse 52<br>60313 Frankfurt am Main<br>Deutschland<\/p>\n\n\n\n<p>Vertreten durch den Gesch\u00e4ftsf\u00fchrer: Stephane Gibon<\/p>\n\n\n\n<p>Handelsregister: Amtsgericht Frankfurt am Main<br>Registernummer: HRB 123823<\/p>\n\n\n\n<p>Umsatzsteuer-ID gem\u00e4\u00df \u00a7 27a UStG: DE120144614<\/p>\n\n\n\n<p>Telefon: 069 &#8211; 955 086 500<br>E-Mail: info@fotofix.de<br><br><strong>Der Herausgeber<\/strong><br>Die Website Wash MElaundry.com wird von der Firma ME GROUP INTERNATIONAL LTD, company number 00535600, registered office address Unit 3b Blenheim Road, Epsom, KT19 9AP, UK herausgegeben<br>Der Publikationsverantwortliche ist Jean-Marc JANAILHAC.<br><br><strong>Der Hoster<\/strong><br>Der Hoster der Website Wash MElaundry.com ist die Firma OVH SAS mit Sitz in 2 rue Kellermann, 59100 Roubaix, Frankreich mit der Telefonnummer 09 55 00 66 33.<\/p>\n\n\n\n<p><strong>Zugriff auf die Website<\/strong><br>Die Website ist von jedem Ort aus zug\u00e4nglich, 7 Tage die Woche, 24 Stunden am Tag, au\u00dfer im Falle h\u00f6herer Gewalt, geplanter oder ungeplanter Unterbrechungen, die sich aus der Notwendigkeit von Wartungsarbeiten ergeben k\u00f6nnen.<br>Im Falle von \u00c4nderungen, Unterbrechungen oder Aussetzungen der Dienste kann die Website Wash MElaundry.com\/de nicht haftbar gemacht werden.<\/p>\n\n\n\n<p><strong>Geistiges Eigentum<\/strong><br>Jede Nutzung, Vervielf\u00e4ltigung, Verbreitung, Vermarktung, \u00c4nderung der gesamten oder eines Teils der Website Wash MElaundry.com ohne Genehmigung des Herausgebers ist untersagt und kann zu rechtlichen Schritten und Verfolgungen f\u00fchren, wie sie insbesondere im Gesetzbuch \u00fcber geistiges Eigentum und im Zivilgesetzbuch vorgesehen sind.<\/p>\n","protected":false},"excerpt":{"rendered":"<p>Impressum gem\u00e4\u00df \u00a7 5 DDG DiensteanbieterME Group Germany GmbHSch\u00e4fergasse 5260313 Frankfurt am&#8230;<\/p>\n","protected":false},"author":1,"featured_media":0,"parent":0,"menu_order":0,"comment_status":"closed","ping_status":"closed","template":"","meta":{"_acf_changed":false,"footnotes":""},"class_list":["post-141697","page","type-page","status-publish","hentry"],"acf":[],"yoast_head":"<title>Impressum - Wash ME (Ex Wash ME)<\/title>\n<meta name=\"robots\" content=\"index, follow, max-snippet:-1, max-image-preview:large, max-video-preview:-1\" \/>\n<link rel=\"canonical\" href=\"https:\/\/www.wash-megroup.com\/de-at\/rechtliche-hinweise\/\" \/>\n<meta property=\"og:locale\" content=\"de_DE\" \/>\n<meta property=\"og:type\" content=\"article\" \/>\n<meta property=\"og:title\" content=\"Impressum - Wash ME (Ex Wash ME)\" \/>\n<meta property=\"og:description\" content=\"Impressum gem\u00e4\u00df \u00a7 5 DDG DiensteanbieterME Group Germany GmbHSch\u00e4fergasse 5260313 Frankfurt am...\" \/>\n<meta property=\"og:url\" content=\"https:\/\/www.wash-megroup.com\/de-at\/rechtliche-hinweise\/\" \/>\n<meta property=\"og:site_name\" content=\"Wash-ME\" \/>\n<meta property=\"article:modified_time\" content=\"2026-03-26T15:55:29+00:00\" \/>\n<meta name=\"twitter:card\" content=\"summary_large_image\" \/>\n<meta name=\"twitter:label1\" content=\"Gesch\u00e4tzte Lesezeit\" \/>\n\t<meta name=\"twitter:data1\" content=\"1 Minute\" \/>\n<script type=\"application\/ld+json\" class=\"yoast-schema-graph\">{\"@context\":\"https:\/\/schema.org\",\"@graph\":[{\"@type\":\"WebPage\",\"@id\":\"https:\/\/www.wash-megroup.com\/de-at\/rechtliche-hinweise\/\",\"url\":\"https:\/\/www.wash-megroup.com\/de-at\/rechtliche-hinweise\/\",\"name\":\"Impressum - Wash ME (Ex Wash ME)\",\"isPartOf\":{\"@id\":\"https:\/\/www.wash-megroup.com\/de-at\/#website\"},\"datePublished\":\"2022-09-22T14:07:41+00:00\",\"dateModified\":\"2026-03-26T15:55:29+00:00\",\"breadcrumb\":{\"@id\":\"https:\/\/www.wash-megroup.com\/de-at\/rechtliche-hinweise\/#breadcrumb\"},\"inLanguage\":\"de-AT\",\"potentialAction\":[{\"@type\":\"ReadAction\",\"target\":[\"https:\/\/www.wash-megroup.com\/de-at\/rechtliche-hinweise\/\"]}]},{\"@type\":\"BreadcrumbList\",\"@id\":\"https:\/\/www.wash-megroup.com\/de-at\/rechtliche-hinweise\/#breadcrumb\",\"itemListElement\":[{\"@type\":\"ListItem\",\"position\":1,\"name\":\"Home\",\"item\":\"https:\/\/www.wash-megroup.com\/de-at\/\"},{\"@type\":\"ListItem\",\"position\":2,\"name\":\"Impressum\"}]},{\"@type\":\"WebSite\",\"@id\":\"https:\/\/www.wash-megroup.com\/de-at\/#website\",\"url\":\"https:\/\/www.wash-megroup.com\/de-at\/\",\"name\":\"Wash-ME\",\"description\":\"Acc\u00e9dez \u00e0 l&#039;espace particulier\",\"publisher\":{\"@id\":\"https:\/\/www.wash-megroup.com\/de-at\/#organization\"},\"potentialAction\":[{\"@type\":\"SearchAction\",\"target\":{\"@type\":\"EntryPoint\",\"urlTemplate\":\"https:\/\/www.wash-megroup.com\/de-at\/?s={search_term_string}\"},\"query-input\":{\"@type\":\"PropertyValueSpecification\",\"valueRequired\":true,\"valueName\":\"search_term_string\"}}],\"inLanguage\":\"de-AT\"},{\"@type\":\"Organization\",\"@id\":\"https:\/\/www.wash-megroup.com\/de-at\/#organization\",\"name\":\"Wash-ME\",\"url\":\"https:\/\/www.wash-megroup.com\/de-at\/\",\"logo\":{\"@type\":\"ImageObject\",\"inLanguage\":\"de-AT\",\"@id\":\"https:\/\/www.wash-megroup.com\/de-at\/#\/schema\/logo\/image\/\",\"url\":\"https:\/\/www.wash-megroup.com\/wp-content\/uploads\/2021\/07\/logo_revolaundry_white@2x.png\",\"contentUrl\":\"https:\/\/www.wash-megroup.com\/wp-content\/uploads\/2021\/07\/logo_revolaundry_white@2x.png\",\"width\":538,\"height\":146,\"caption\":\"Wash-ME\"},\"image\":{\"@id\":\"https:\/\/www.wash-megroup.com\/de-at\/#\/schema\/logo\/image\/\"}}]}<\/script>","yoast_head_json":{"title":"Impressum - Wash ME (Ex Wash ME)","robots":{"index":"index","follow":"follow","max-snippet":"max-snippet:-1","max-image-preview":"max-image-preview:large","max-video-preview":"max-video-preview:-1"},"canonical":"https:\/\/www.wash-megroup.com\/de-at\/rechtliche-hinweise\/","og_locale":"de_DE","og_type":"article","og_title":"Impressum - Wash ME (Ex Wash ME)","og_description":"Impressum gem\u00e4\u00df \u00a7 5 DDG DiensteanbieterME Group Germany GmbHSch\u00e4fergasse 5260313 Frankfurt am...","og_url":"https:\/\/www.wash-megroup.com\/de-at\/rechtliche-hinweise\/","og_site_name":"Wash-ME","article_modified_time":"2026-03-26T15:55:29+00:00","twitter_card":"summary_large_image","twitter_misc":{"Gesch\u00e4tzte Lesezeit":"1 Minute"},"schema":{"@context":"https:\/\/schema.org","@graph":[{"@type":"WebPage","@id":"https:\/\/www.wash-megroup.com\/de-at\/rechtliche-hinweise\/","url":"https:\/\/www.wash-megroup.com\/de-at\/rechtliche-hinweise\/","name":"Impressum - Wash ME (Ex Wash ME)","isPartOf":{"@id":"https:\/\/www.wash-megroup.com\/de-at\/#website"},"datePublished":"2022-09-22T14:07:41+00:00","dateModified":"2026-03-26T15:55:29+00:00","breadcrumb":{"@id":"https:\/\/www.wash-megroup.com\/de-at\/rechtliche-hinweise\/#breadcrumb"},"inLanguage":"de-AT","potentialAction":[{"@type":"ReadAction","target":["https:\/\/www.wash-megroup.com\/de-at\/rechtliche-hinweise\/"]}]},{"@type":"BreadcrumbList","@id":"https:\/\/www.wash-megroup.com\/de-at\/rechtliche-hinweise\/#breadcrumb","itemListElement":[{"@type":"ListItem","position":1,"name":"Home","item":"https:\/\/www.wash-megroup.com\/de-at\/"},{"@type":"ListItem","position":2,"name":"Impressum"}]},{"@type":"WebSite","@id":"https:\/\/www.wash-megroup.com\/de-at\/#website","url":"https:\/\/www.wash-megroup.com\/de-at\/","name":"Wash-ME","description":"Acc\u00e9dez \u00e0 l&#039;espace particulier","publisher":{"@id":"https:\/\/www.wash-megroup.com\/de-at\/#organization"},"potentialAction":[{"@type":"SearchAction","target":{"@type":"EntryPoint","urlTemplate":"https:\/\/www.wash-megroup.com\/de-at\/?s={search_term_string}"},"query-input":{"@type":"PropertyValueSpecification","valueRequired":true,"valueName":"search_term_string"}}],"inLanguage":"de-AT"},{"@type":"Organization","@id":"https:\/\/www.wash-megroup.com\/de-at\/#organization","name":"Wash-ME","url":"https:\/\/www.wash-megroup.com\/de-at\/","logo":{"@type":"ImageObject","inLanguage":"de-AT","@id":"https:\/\/www.wash-megroup.com\/de-at\/#\/schema\/logo\/image\/","url":"https:\/\/www.wash-megroup.com\/wp-content\/uploads\/2021\/07\/logo_revolaundry_white@2x.png","contentUrl":"https:\/\/www.wash-megroup.com\/wp-content\/uploads\/2021\/07\/logo_revolaundry_white@2x.png","width":538,"height":146,"caption":"Wash-ME"},"image":{"@id":"https:\/\/www.wash-megroup.com\/de-at\/#\/schema\/logo\/image\/"}}]}},"_links":{"self":[{"href":"https:\/\/www.wash-megroup.com\/de-at\/wp-json\/wp\/v2\/pages\/141697","targetHints":{"allow":["GET"]}}],"collection":[{"href":"https:\/\/www.wash-megroup.com\/de-at\/wp-json\/wp\/v2\/pages"}],"about":[{"href":"https:\/\/www.wash-megroup.com\/de-at\/wp-json\/wp\/v2\/types\/page"}],"author":[{"embeddable":true,"href":"https:\/\/www.wash-megroup.com\/de-at\/wp-json\/wp\/v2\/users\/1"}],"replies":[{"embeddable":true,"href":"https:\/\/www.wash-megroup.com\/de-at\/wp-json\/wp\/v2\/comments?post=141697"}],"version-history":[{"count":4,"href":"https:\/\/www.wash-megroup.com\/de-at\/wp-json\/wp\/v2\/pages\/141697\/revisions"}],"predecessor-version":[{"id":278742,"href":"https:\/\/www.wash-megroup.com\/de-at\/wp-json\/wp\/v2\/pages\/141697\/revisions\/278742"}],"wp:attachment":[{"href":"https:\/\/www.wash-megroup.com\/de-at\/wp-json\/wp\/v2\/media?parent=141697"}],"curies":[{"name":"wp","href":"https:\/\/api.w.org\/{rel}","templated":true}]}}