{"id":141708,"date":"2022-09-22T16:03:46","date_gmt":"2022-09-22T14:03:46","guid":{"rendered":"https:\/\/www.wash-megroup.com\/online-hilfe\/faq\/"},"modified":"2023-08-03T17:57:26","modified_gmt":"2023-08-03T15:57:26","slug":"faq","status":"publish","type":"page","link":"https:\/\/www.wash-megroup.com\/de-at\/online-hilfe\/faq\/","title":{"rendered":"FAQ"},"content":{"rendered":"<div class=\"block-faq-search\">\n    <div class=\"block-faq-search__title\">\n        <h1 class=\"title title--size-m\">\n    FAQ<\/h1>\n    <\/div>\n    <div class=\"block-faq-search__text\">\n            <\/div>\n    \n<div class=\"faq-search-bar\">\n    <div class=\"faq-search-bar__search-bar\">\n        <input class=\"input input--text faq-search-input faq-search-bar__input\"\n       type=\"text\"\n       name=\"faq-search-key\"\n       placeholder=\"Ihre Suche: Waschmaschine, Trockner, Zahlungsmittel...\"              \/>\n        <input class=\"input button faq-search-submit faq-search-trigger faq-search-bar__submit\"\n       type=\"submit\"\n       name=\"faq-submit\"\n              value=\"Suchen\"       \/>\n    <\/div>\n<\/div>\n    <div class=\"block-faq-search__subjects-wrapper\">\n        <div class=\"block-faq-search__subjects\">\n                                <a href=\"https:\/\/www.wash-megroup.com\/de-at\/online-hilfe\/support\/\" id=\"faq-filter-1\" data-target=\".faq-gruppe-1\" class=\"card-contact faq-group-filter active block-faq-search__faq-group-filter linked\">\n    <div class=\"card-contact__image\">\n        <img decoding=\"async\" class=\"image \" src=\"https:\/\/www.wash-megroup.com\/wp-content\/uploads\/2021\/07\/ILLUSTRATION_SITE_2.jpg\" alt=\"ILLUSTRATION_SITE_2.jpg\"\/>\n    <\/div>\n    <div class=\"card-contact__texts\">\n        <div class=\"card-contact__title\">\n            <div class=\"text \">\n    Fragen zur Nutzung<\/div>\n        <\/div>\n        <div class=\"card-contact__subtitle\">\n            <div class=\"text \">\n    Ich habe eine Frage zu den Dienstleistungen von Wash ME<\/div>\n        <\/div>\n    <\/div>\n<\/a>\n                        <\/div>\n    <\/div>\n<\/div>\n\n\n\n<h2 class=\"wp-block-heading\" id=\"les-questions-les-plus-frequentes\">H\u00e4ufig gestellte Fragen<\/h2>\n\n\n<div class=\"blue-title faq-group-1\">\n    <h3 class=\"title blue-title__title title--size-xs title--primary\">\n    Die Wash ME Waschstationen<\/h3>\n<\/div>\n\n\n<div class=\"block-list-faq\">\n    <div class=\"block-list-faq__container\">\n\t    \t\t    <div class=\"schema-faq\">\n\t\t\t    \t\t\t\t    <div class=\"schema-faq-section\" id=\"faq-question-200738\">\n\t\t\t\t\t    <strong class=\"schema-faq-question\"><a href=\"https:\/\/www.wash-megroup.com\/de-at\/online-hilfe\/faq\/wo-finde-ich-eine-Wash-ME-waschstation\/\" data-page=\"141796\">Wo finde ich eine Wash ME Waschstation?<\/a><\/strong>\n\t\t\t\t\t    <div class=\"schema-faq-answer\">\nUnser Netzwerk von Wash ME-W\u00e4schereien besteht aus 2.000 Kiosken in Frankreich und 5.000 in Europa. Wash ME W\u00e4schereien werden haupts\u00e4chlich am Rande von Gro\u00dfst\u00e4dten, in der N\u00e4he von Einkaufszentren und gro\u00dfen Einzelhandelsketten (Lidl, Carrefour, Super U usw.) installiert. Die W\u00e4schereien von Wash ME befinden sich in der Regel im Freien auf Parkpl\u00e4tzen, die leicht zug\u00e4nglich sind. Finden Sie die Wash ME W\u00e4scherei in Ihrer N\u00e4he.\n<\/div>\n\t\t\t\t    <\/div>\n\t\t\t    \t\t\t\t    <div class=\"schema-faq-section\" id=\"faq-question-374955\">\n\t\t\t\t\t    <strong class=\"schema-faq-question\"><a href=\"https:\/\/www.wash-megroup.com\/de-at\/online-hilfe\/faq\/sind-Wash-ME-laundry-waschstationen-fuer-personen-mit-eingeschraenkter-mobilitaet-geeignet\/\" data-page=\"141797\">Sind Wash ME Waschstationen f\u00fcr Personen mit eingeschr\u00e4nkter Mobilit\u00e4t geeignet?<\/a><\/strong>\n\t\t\t\t\t    <div class=\"schema-faq-answer\">\nUnsere Waschstationen sind f\u00fcr Menschen mit eingeschr\u00e4nkter Mobilit\u00e4t geeignet.\n<\/div>\n\t\t\t\t    <\/div>\n\t\t\t    \t\t\t\t    <div class=\"schema-faq-section\" id=\"faq-question-662506\">\n\t\t\t\t\t    <strong class=\"schema-faq-question\"><a href=\"https:\/\/www.wash-megroup.com\/de-at\/online-hilfe\/faq\/welche-oeffnungszeiten-bieten-die-Wash-ME-laundry-waschstationen\/\" data-page=\"141798\">Welche \u00d6ffnungszeiten bieten die Wash ME Waschstationen?<\/a><\/strong>\n\t\t\t\t\t    <div class=\"schema-faq-answer\">\nUnsere Maschinen sind an sieben Tagen in der Woche und rund um die Uhr zug\u00e4nglich, mit Ausnahme der Maschinen, f\u00fcr die der Zugang zum Parkplatz\/Supermarkt, auf dem sie aufgestellt sind, beschr\u00e4nkt werden kann. Wir empfehlen Ihnen, die \u00d6ffnungszeiten des Wash ME Standortes Ihrer Wahl zu \u00fcberpr\u00fcfen.\n<\/div>\n\t\t\t\t    <\/div>\n\t\t\t    \t\t\t\t    <div class=\"schema-faq-section\" id=\"faq-question-730025\">\n\t\t\t\t\t    <strong class=\"schema-faq-question\"><a href=\"https:\/\/www.wash-megroup.com\/de-at\/online-hilfe\/faq\/bin-ich-bei-der-nutzung-von-Wash-ME-laundry-unabhaengig\/\" data-page=\"141799\">Bin ich bei der Nutzung von Wash ME unabh\u00e4ngig?<\/a><\/strong>\n\t\t\t\t\t    <div class=\"schema-faq-answer\">\nUnsere Waschstationen sind so konzipiert, dass sie selbstst\u00e4ndig genutzt werden k\u00f6nnen. Sie sind in Selbstbedienung zug\u00e4nglich (24 Stunden am Tag, 7 Tage die Woche). Ein Techniker \u00fcberpr\u00fcft regelm\u00e4\u00dfig den Zustand unserer Maschinen, um einen optimalen Service f\u00fcr unsere Nutzer zu gew\u00e4hrleisten.\n<\/div>\n\t\t\t\t    <\/div>\n\t\t\t    \t\t\t\t    <div class=\"schema-faq-section\" id=\"faq-question-702262\">\n\t\t\t\t\t    <strong class=\"schema-faq-question\"><a href=\"https:\/\/www.wash-megroup.com\/de-at\/online-hilfe\/faq\/wo-werden-die-Wash-ME-waschstationen-konzipiert\/\" data-page=\"141800\">Wo werden die Wash ME-Waschstationen konzipiert?<\/a><\/strong>\n\t\t\t\t\t    <div class=\"schema-faq-answer\">\nDie Wash ME Waschstationen werden in Frankreich entwickelt und entworfen. Die bei unseren Waschstationen eingesetzte Technologie wird bei KIS, dem innovationsorientierten F&amp;E-Zweig der ME Group mit Sitz in der N\u00e4he von Grenoble (38) in den franz\u00f6sischen Alpen, entworfen und entwickelt. Hier sind \u00fcber 100 Menschen besch\u00e4ftigt, die unsere innovativen Selbstbedienungs-Waschl\u00f6sungen entwickeln und umsetzen, um den Kundenbed\u00fcrfnissen gerecht zu werden.\n<\/div>\n\t\t\t\t    <\/div>\n\t\t\t    \t\t\t\t    <div class=\"schema-faq-section\" id=\"faq-question-136121\">\n\t\t\t\t\t    <strong class=\"schema-faq-question\"><a href=\"https:\/\/www.wash-megroup.com\/de-at\/online-hilfe\/faq\/wie-kann-ich-sicherstellen-dass-meine-waesche-mit-der-Wash-ME-waschstation-richtig-gewaschen-wird\/\" data-page=\"141801\">Wie kann ich sicherstellen, dass meine W\u00e4sche mit der Wash ME-Waschstation richtig gewaschen wird?<\/a><\/strong>\n\t\t\t\t\t    <div class=\"schema-faq-answer\">\nDie Maschinen (Waschmaschinen, Trockner), die wir in unserer Waschstation zur Verf\u00fcgung stellen, werden von professionellen und f\u00fchrenden Partnern ausgew\u00e4hlt. Sie entsprechen strengen Normen, um den Nutzern ein qualitativ hochwertiges Waschen und Trocknen zu garantieren.\n<\/div>\n\t\t\t\t    <\/div>\n\t\t\t    \t\t\t\t    <div class=\"schema-faq-section\" id=\"faq-question-925280\">\n\t\t\t\t\t    <strong class=\"schema-faq-question\"><a href=\"https:\/\/www.wash-megroup.com\/de-at\/online-hilfe\/faq\/was-ist-eine-Wash-ME-laundry-waschstation\/\" data-page=\"141802\">Was ist eine Wash ME Waschstation?<\/a><\/strong>\n\t\t\t\t\t    <div class=\"schema-faq-answer\">\nWash ME ist eine Marke der ME Group, die 1958 gegr\u00fcndet wurde und ihren Sitz in London hat. Das Unternehmen ist bekannt f\u00fcr seine Expertise in der Vending-Branche. Wash ME wurde 2012 am Markt eingef\u00fchrt und erm\u00f6glicht seinen externen Benutzern den Zugang zu Maschinen mit gro\u00dfem Fassungsverm\u00f6gen (bis zu 20 kg) zum W\u00e4sche waschen in professioneller Qualit\u00e4t zu attraktiven Preisen. Wash ME sind SB Outdoor Waschstationen, die 7 Tage die Woche rund um die Uhr zug\u00e4nglich sind und Ihnen Zugang zu Wasch- und Trocknungsdienstleistungen von 9 bis 20 kg bieten.\n<\/div>\n\t\t\t\t    <\/div>\n\t\t\t    \t\t    <\/div>\n\t        <\/div>\n<\/div>\n\n\t\t<script type=\"application\/ld+json\">\n\t\t{\n\t\t\t\"@context\": \"https:\/\/schema.org\",\n\t\t\t\"@type\": \"FAQPage\",\n\t\t\t\"mainEntity\": [{\n    \"@type\": \"Question\",\n    \"name\": \"Wo finde ich eine Wash ME Waschstation?\",\n    \"acceptedAnswer\": {\n        \"@type\": \"Answer\",\n        \"text\": \"\\nUnser Netzwerk von Wash ME-W\\u00e4schereien besteht aus 2.000 Kiosken in Frankreich und 5.000 in Europa. Wash ME W\\u00e4schereien werden haupts\\u00e4chlich am Rande von Gro\\u00dfst\\u00e4dten, in der N\\u00e4he von Einkaufszentren und gro\\u00dfen Einzelhandelsketten (Lidl, Carrefour, Super U usw.) installiert. Die W\\u00e4schereien von Wash ME befinden sich in der Regel im Freien auf Parkpl\\u00e4tzen, die leicht zug\\u00e4nglich sind. Finden Sie die Wash ME W\\u00e4scherei in Ihrer N\\u00e4he.\\n\"\n    }\n},{\n    \"@type\": \"Question\",\n    \"name\": \"Sind Wash ME Waschstationen f\\u00fcr Personen mit eingeschr\\u00e4nkter Mobilit\\u00e4t geeignet?\",\n    \"acceptedAnswer\": {\n        \"@type\": \"Answer\",\n        \"text\": \"\\nUnsere Waschstationen sind f\\u00fcr Menschen mit eingeschr\\u00e4nkter Mobilit\\u00e4t geeignet.\\n\"\n    }\n},{\n    \"@type\": \"Question\",\n    \"name\": \"Welche \\u00d6ffnungszeiten bieten die Wash ME Waschstationen?\",\n    \"acceptedAnswer\": {\n        \"@type\": \"Answer\",\n        \"text\": \"\\nUnsere Maschinen sind an sieben Tagen in der Woche und rund um die Uhr zug\\u00e4nglich, mit Ausnahme der Maschinen, f\\u00fcr die der Zugang zum Parkplatz\\\/Supermarkt, auf dem sie aufgestellt sind, beschr\\u00e4nkt werden kann. Wir empfehlen Ihnen, die \\u00d6ffnungszeiten des Wash ME Standortes Ihrer Wahl zu \\u00fcberpr\\u00fcfen.\\n\"\n    }\n},{\n    \"@type\": \"Question\",\n    \"name\": \"Bin ich bei der Nutzung von Wash ME unabh\\u00e4ngig?\",\n    \"acceptedAnswer\": {\n        \"@type\": \"Answer\",\n        \"text\": \"\\nUnsere Waschstationen sind so konzipiert, dass sie selbstst\\u00e4ndig genutzt werden k\\u00f6nnen. Sie sind in Selbstbedienung zug\\u00e4nglich (24 Stunden am Tag, 7 Tage die Woche). Ein Techniker \\u00fcberpr\\u00fcft regelm\\u00e4\\u00dfig den Zustand unserer Maschinen, um einen optimalen Service f\\u00fcr unsere Nutzer zu gew\\u00e4hrleisten.\\n\"\n    }\n},{\n    \"@type\": \"Question\",\n    \"name\": \"Wo werden die Wash ME-Waschstationen konzipiert?\",\n    \"acceptedAnswer\": {\n        \"@type\": \"Answer\",\n        \"text\": \"\\nDie Wash ME Waschstationen werden in Frankreich entwickelt und entworfen. Die bei unseren Waschstationen eingesetzte Technologie wird bei KIS, dem innovationsorientierten F&amp;E-Zweig der ME Group mit Sitz in der N\\u00e4he von Grenoble (38) in den franz\\u00f6sischen Alpen, entworfen und entwickelt. Hier sind \\u00fcber 100 Menschen besch\\u00e4ftigt, die unsere innovativen Selbstbedienungs-Waschl\\u00f6sungen entwickeln und umsetzen, um den Kundenbed\\u00fcrfnissen gerecht zu werden.\\n\"\n    }\n},{\n    \"@type\": \"Question\",\n    \"name\": \"Wie kann ich sicherstellen, dass meine W\\u00e4sche mit der Wash ME-Waschstation richtig gewaschen wird?\",\n    \"acceptedAnswer\": {\n        \"@type\": \"Answer\",\n        \"text\": \"\\nDie Maschinen (Waschmaschinen, Trockner), die wir in unserer Waschstation zur Verf\\u00fcgung stellen, werden von professionellen und f\\u00fchrenden Partnern ausgew\\u00e4hlt. Sie entsprechen strengen Normen, um den Nutzern ein qualitativ hochwertiges Waschen und Trocknen zu garantieren.\\n\"\n    }\n},{\n    \"@type\": \"Question\",\n    \"name\": \"Was ist eine Wash ME Waschstation?\",\n    \"acceptedAnswer\": {\n        \"@type\": \"Answer\",\n        \"text\": \"\\nWash ME ist eine Marke der ME Group, die 1958 gegr\\u00fcndet wurde und ihren Sitz in London hat. Das Unternehmen ist bekannt f\\u00fcr seine Expertise in der Vending-Branche. Wash ME wurde 2012 am Markt eingef\\u00fchrt und erm\\u00f6glicht seinen externen Benutzern den Zugang zu Maschinen mit gro\\u00dfem Fassungsverm\\u00f6gen (bis zu 20 kg) zum W\\u00e4sche waschen in professioneller Qualit\\u00e4t zu attraktiven Preisen. Wash ME sind SB Outdoor Waschstationen, die 7 Tage die Woche rund um die Uhr zug\\u00e4nglich sind und Ihnen Zugang zu Wasch- und Trocknungsdienstleistungen von 9 bis 20 kg bieten.\\n\"\n    }\n}]\n\t\t}\n\t<\/script>\n\t\n\n\n<div id=\"faq-group-1\" class=\"wp-block-group faq-group-1 faq-group-target block-faq-group is-layout-flow wp-block-group-is-layout-flow\"><\/div>\n\n\n\n<div id=\"faq-group-2\" class=\"wp-block-group faq-group-2 faq-group-target block-faq-group is-layout-flow wp-block-group-is-layout-flow\">\n<p><\/p>\n<\/div>\n\n\n\n<p><\/p>\n","protected":false},"excerpt":{"rendered":"<p>H\u00e4ufig gestellte Fragen<\/p>\n","protected":false},"author":1,"featured_media":240989,"parent":141687,"menu_order":0,"comment_status":"closed","ping_status":"closed","template":"","meta":{"_acf_changed":false,"footnotes":""},"class_list":["post-141708","page","type-page","status-publish","has-post-thumbnail","hentry"],"acf":[],"yoast_head":"<title>FAQ Waschstation - H\u00e4ufig gestellte Fragen | Revolution Laundry<\/title>\n<meta name=\"description\" content=\"Alles, was Sie schon immer \u00fcber Revolution Laundry wissen wollten. Lesen Sie unsere h\u00e4ufig gestellten Fragen. Wer sind wir, wo befindet sich unser Standort, usw.?\" \/>\n<meta name=\"robots\" content=\"index, follow, max-snippet:-1, max-image-preview:large, max-video-preview:-1\" \/>\n<link rel=\"canonical\" href=\"https:\/\/www.wash-megroup.com\/de-at\/online-hilfe\/faq\/\" \/>\n<meta property=\"og:locale\" content=\"de_DE\" \/>\n<meta property=\"og:type\" content=\"article\" \/>\n<meta property=\"og:title\" content=\"FAQ Waschstation - H\u00e4ufig gestellte Fragen | Revolution Laundry\" \/>\n<meta property=\"og:description\" content=\"Alles, was Sie schon immer \u00fcber Revolution Laundry wissen wollten. Lesen Sie unsere h\u00e4ufig gestellten Fragen. Wer sind wir, wo befindet sich unser Standort, usw.?\" \/>\n<meta property=\"og:url\" content=\"https:\/\/www.wash-megroup.com\/de-at\/online-hilfe\/faq\/\" \/>\n<meta property=\"og:site_name\" content=\"Wash-ME\" \/>\n<meta property=\"article:modified_time\" content=\"2023-08-03T15:57:26+00:00\" \/>\n<meta name=\"twitter:card\" content=\"summary_large_image\" \/>\n<meta name=\"twitter:label1\" content=\"Gesch\u00e4tzte Lesezeit\" \/>\n\t<meta name=\"twitter:data1\" content=\"1 Minute\" \/>\n<script type=\"application\/ld+json\" class=\"yoast-schema-graph\">{\"@context\":\"https:\/\/schema.org\",\"@graph\":[{\"@type\":\"WebPage\",\"@id\":\"https:\/\/www.wash-megroup.com\/de-at\/online-hilfe\/faq\/\",\"url\":\"https:\/\/www.wash-megroup.com\/de-at\/online-hilfe\/faq\/\",\"name\":\"FAQ Waschstation - H\u00e4ufig gestellte Fragen | Revolution Laundry\",\"isPartOf\":{\"@id\":\"https:\/\/www.wash-megroup.com\/de-at\/#website\"},\"primaryImageOfPage\":{\"@id\":\"https:\/\/www.wash-megroup.com\/de-at\/online-hilfe\/faq\/#primaryimage\"},\"image\":{\"@id\":\"https:\/\/www.wash-megroup.com\/de-at\/online-hilfe\/faq\/#primaryimage\"},\"thumbnailUrl\":\"https:\/\/www.wash-megroup.com\/wp-content\/uploads\/2024\/11\/Wash.ME-FAQ.png\",\"datePublished\":\"2022-09-22T14:03:46+00:00\",\"dateModified\":\"2023-08-03T15:57:26+00:00\",\"description\":\"Alles, was Sie schon immer \u00fcber Revolution Laundry wissen wollten. Lesen Sie unsere h\u00e4ufig gestellten Fragen. Wer sind wir, wo befindet sich unser Standort, usw.?\",\"breadcrumb\":{\"@id\":\"https:\/\/www.wash-megroup.com\/de-at\/online-hilfe\/faq\/#breadcrumb\"},\"inLanguage\":\"de-AT\",\"potentialAction\":[{\"@type\":\"ReadAction\",\"target\":[\"https:\/\/www.wash-megroup.com\/de-at\/online-hilfe\/faq\/\"]}]},{\"@type\":\"ImageObject\",\"inLanguage\":\"de-AT\",\"@id\":\"https:\/\/www.wash-megroup.com\/de-at\/online-hilfe\/faq\/#primaryimage\",\"url\":\"https:\/\/www.wash-megroup.com\/wp-content\/uploads\/2024\/11\/Wash.ME-FAQ.png\",\"contentUrl\":\"https:\/\/www.wash-megroup.com\/wp-content\/uploads\/2024\/11\/Wash.ME-FAQ.png\",\"width\":1246,\"height\":720,\"caption\":\"Acc\u00e9dez \u00e0 l'assistance Wash.ME France\"},{\"@type\":\"BreadcrumbList\",\"@id\":\"https:\/\/www.wash-megroup.com\/de-at\/online-hilfe\/faq\/#breadcrumb\",\"itemListElement\":[{\"@type\":\"ListItem\",\"position\":1,\"name\":\"Home\",\"item\":\"https:\/\/www.wash-megroup.com\/de-at\/\"},{\"@type\":\"ListItem\",\"position\":2,\"name\":\"Online-Hilfe\",\"item\":\"https:\/\/www.wash-megroup.com\/de-at\/online-hilfe\/\"},{\"@type\":\"ListItem\",\"position\":3,\"name\":\"FAQ\"}]},{\"@type\":\"WebSite\",\"@id\":\"https:\/\/www.wash-megroup.com\/de-at\/#website\",\"url\":\"https:\/\/www.wash-megroup.com\/de-at\/\",\"name\":\"Wash-ME\",\"description\":\"Acc\u00e9dez \u00e0 l&#039;espace particulier\",\"publisher\":{\"@id\":\"https:\/\/www.wash-megroup.com\/de-at\/#organization\"},\"potentialAction\":[{\"@type\":\"SearchAction\",\"target\":{\"@type\":\"EntryPoint\",\"urlTemplate\":\"https:\/\/www.wash-megroup.com\/de-at\/?s={search_term_string}\"},\"query-input\":{\"@type\":\"PropertyValueSpecification\",\"valueRequired\":true,\"valueName\":\"search_term_string\"}}],\"inLanguage\":\"de-AT\"},{\"@type\":\"Organization\",\"@id\":\"https:\/\/www.wash-megroup.com\/de-at\/#organization\",\"name\":\"Wash-ME\",\"url\":\"https:\/\/www.wash-megroup.com\/de-at\/\",\"logo\":{\"@type\":\"ImageObject\",\"inLanguage\":\"de-AT\",\"@id\":\"https:\/\/www.wash-megroup.com\/de-at\/#\/schema\/logo\/image\/\",\"url\":\"https:\/\/www.wash-megroup.com\/wp-content\/uploads\/2021\/07\/logo_revolaundry_white@2x.png\",\"contentUrl\":\"https:\/\/www.wash-megroup.com\/wp-content\/uploads\/2021\/07\/logo_revolaundry_white@2x.png\",\"width\":538,\"height\":146,\"caption\":\"Wash-ME\"},\"image\":{\"@id\":\"https:\/\/www.wash-megroup.com\/de-at\/#\/schema\/logo\/image\/\"}}]}<\/script>","yoast_head_json":{"title":"FAQ Waschstation - H\u00e4ufig gestellte Fragen | Revolution Laundry","description":"Alles, was Sie schon immer \u00fcber Revolution Laundry wissen wollten. Lesen Sie unsere h\u00e4ufig gestellten Fragen. Wer sind wir, wo befindet sich unser Standort, usw.?","robots":{"index":"index","follow":"follow","max-snippet":"max-snippet:-1","max-image-preview":"max-image-preview:large","max-video-preview":"max-video-preview:-1"},"canonical":"https:\/\/www.wash-megroup.com\/de-at\/online-hilfe\/faq\/","og_locale":"de_DE","og_type":"article","og_title":"FAQ Waschstation - H\u00e4ufig gestellte Fragen | Revolution Laundry","og_description":"Alles, was Sie schon immer \u00fcber Revolution Laundry wissen wollten. Lesen Sie unsere h\u00e4ufig gestellten Fragen. Wer sind wir, wo befindet sich unser Standort, usw.?","og_url":"https:\/\/www.wash-megroup.com\/de-at\/online-hilfe\/faq\/","og_site_name":"Wash-ME","article_modified_time":"2023-08-03T15:57:26+00:00","twitter_card":"summary_large_image","twitter_misc":{"Gesch\u00e4tzte Lesezeit":"1 Minute"},"schema":{"@context":"https:\/\/schema.org","@graph":[{"@type":"WebPage","@id":"https:\/\/www.wash-megroup.com\/de-at\/online-hilfe\/faq\/","url":"https:\/\/www.wash-megroup.com\/de-at\/online-hilfe\/faq\/","name":"FAQ Waschstation - H\u00e4ufig gestellte Fragen | Revolution Laundry","isPartOf":{"@id":"https:\/\/www.wash-megroup.com\/de-at\/#website"},"primaryImageOfPage":{"@id":"https:\/\/www.wash-megroup.com\/de-at\/online-hilfe\/faq\/#primaryimage"},"image":{"@id":"https:\/\/www.wash-megroup.com\/de-at\/online-hilfe\/faq\/#primaryimage"},"thumbnailUrl":"https:\/\/www.wash-megroup.com\/wp-content\/uploads\/2024\/11\/Wash.ME-FAQ.png","datePublished":"2022-09-22T14:03:46+00:00","dateModified":"2023-08-03T15:57:26+00:00","description":"Alles, was Sie schon immer \u00fcber Revolution Laundry wissen wollten. Lesen Sie unsere h\u00e4ufig gestellten Fragen. Wer sind wir, wo befindet sich unser Standort, usw.?","breadcrumb":{"@id":"https:\/\/www.wash-megroup.com\/de-at\/online-hilfe\/faq\/#breadcrumb"},"inLanguage":"de-AT","potentialAction":[{"@type":"ReadAction","target":["https:\/\/www.wash-megroup.com\/de-at\/online-hilfe\/faq\/"]}]},{"@type":"ImageObject","inLanguage":"de-AT","@id":"https:\/\/www.wash-megroup.com\/de-at\/online-hilfe\/faq\/#primaryimage","url":"https:\/\/www.wash-megroup.com\/wp-content\/uploads\/2024\/11\/Wash.ME-FAQ.png","contentUrl":"https:\/\/www.wash-megroup.com\/wp-content\/uploads\/2024\/11\/Wash.ME-FAQ.png","width":1246,"height":720,"caption":"Acc\u00e9dez \u00e0 l'assistance Wash.ME France"},{"@type":"BreadcrumbList","@id":"https:\/\/www.wash-megroup.com\/de-at\/online-hilfe\/faq\/#breadcrumb","itemListElement":[{"@type":"ListItem","position":1,"name":"Home","item":"https:\/\/www.wash-megroup.com\/de-at\/"},{"@type":"ListItem","position":2,"name":"Online-Hilfe","item":"https:\/\/www.wash-megroup.com\/de-at\/online-hilfe\/"},{"@type":"ListItem","position":3,"name":"FAQ"}]},{"@type":"WebSite","@id":"https:\/\/www.wash-megroup.com\/de-at\/#website","url":"https:\/\/www.wash-megroup.com\/de-at\/","name":"Wash-ME","description":"Acc\u00e9dez \u00e0 l&#039;espace particulier","publisher":{"@id":"https:\/\/www.wash-megroup.com\/de-at\/#organization"},"potentialAction":[{"@type":"SearchAction","target":{"@type":"EntryPoint","urlTemplate":"https:\/\/www.wash-megroup.com\/de-at\/?s={search_term_string}"},"query-input":{"@type":"PropertyValueSpecification","valueRequired":true,"valueName":"search_term_string"}}],"inLanguage":"de-AT"},{"@type":"Organization","@id":"https:\/\/www.wash-megroup.com\/de-at\/#organization","name":"Wash-ME","url":"https:\/\/www.wash-megroup.com\/de-at\/","logo":{"@type":"ImageObject","inLanguage":"de-AT","@id":"https:\/\/www.wash-megroup.com\/de-at\/#\/schema\/logo\/image\/","url":"https:\/\/www.wash-megroup.com\/wp-content\/uploads\/2021\/07\/logo_revolaundry_white@2x.png","contentUrl":"https:\/\/www.wash-megroup.com\/wp-content\/uploads\/2021\/07\/logo_revolaundry_white@2x.png","width":538,"height":146,"caption":"Wash-ME"},"image":{"@id":"https:\/\/www.wash-megroup.com\/de-at\/#\/schema\/logo\/image\/"}}]}},"_links":{"self":[{"href":"https:\/\/www.wash-megroup.com\/de-at\/wp-json\/wp\/v2\/pages\/141708","targetHints":{"allow":["GET"]}}],"collection":[{"href":"https:\/\/www.wash-megroup.com\/de-at\/wp-json\/wp\/v2\/pages"}],"about":[{"href":"https:\/\/www.wash-megroup.com\/de-at\/wp-json\/wp\/v2\/types\/page"}],"author":[{"embeddable":true,"href":"https:\/\/www.wash-megroup.com\/de-at\/wp-json\/wp\/v2\/users\/1"}],"replies":[{"embeddable":true,"href":"https:\/\/www.wash-megroup.com\/de-at\/wp-json\/wp\/v2\/comments?post=141708"}],"version-history":[{"count":3,"href":"https:\/\/www.wash-megroup.com\/de-at\/wp-json\/wp\/v2\/pages\/141708\/revisions"}],"predecessor-version":[{"id":163424,"href":"https:\/\/www.wash-megroup.com\/de-at\/wp-json\/wp\/v2\/pages\/141708\/revisions\/163424"}],"up":[{"embeddable":true,"href":"https:\/\/www.wash-megroup.com\/de-at\/wp-json\/wp\/v2\/pages\/141687"}],"wp:featuredmedia":[{"embeddable":true,"href":"https:\/\/www.wash-megroup.com\/de-at\/wp-json\/wp\/v2\/media\/240989"}],"wp:attachment":[{"href":"https:\/\/www.wash-megroup.com\/de-at\/wp-json\/wp\/v2\/media?parent=141708"}],"curies":[{"name":"wp","href":"https:\/\/api.w.org\/{rel}","templated":true}]}}