{"id":188211,"date":"2024-02-15T14:41:39","date_gmt":"2024-02-15T13:41:39","guid":{"rendered":"https:\/\/www.wash-megroup.com\/me-group-app\/"},"modified":"2024-04-04T11:24:47","modified_gmt":"2024-04-04T09:24:47","slug":"wash-me-app","status":"publish","type":"page","link":"https:\/\/www.wash-megroup.com\/de-at\/wash-me-app\/","title":{"rendered":"Wash.ME App"},"content":{"rendered":"<div class=\"block-blue\">\n    <div class=\"block-blue__container\">\n        <div class=\"block-blue__title-wrapper\">\n            <h2 class=\"title block-blue__title title--size-m title--white\">\n    NEU! Entdecke unsere mobile App!<\/h2>\n        <\/div>\n        <div class=\"block-blue__text\">\n            <div class=\"text \">\n    <p>Installiere die neue Wash.ME App und finde deinen bevorzugten Waschstationen mit nur wenigen Klicks. Noch mehr Vorteile? Profitiere das ganze Jahr \u00fcber von Sonderangeboten in deiner App.<\/p>\n<\/div>\n        <\/div>\n            <\/div>\n<\/div>\n\n\n\n<div style=\"height:52px\" aria-hidden=\"true\" class=\"wp-block-spacer\"><\/div>\n\n\n\n<div class=\"wp-block-columns is-layout-flex wp-container-core-columns-is-layout-28f84493 wp-block-columns-is-layout-flex\">\n<div class=\"wp-block-column is-layout-flow wp-block-column-is-layout-flow\">\n<figure data-wp-context=\"{&quot;imageId&quot;:&quot;69fe1a1c94e85&quot;}\" data-wp-interactive=\"core\/image\" class=\"wp-block-image size-full is-resized wp-lightbox-container\"><img decoding=\"async\" width=\"2518\" height=\"1961\" data-wp-class--hide=\"state.isContentHidden\" data-wp-class--show=\"state.isContentVisible\" data-wp-init=\"callbacks.setButtonStyles\" data-wp-on-async--click=\"actions.showLightbox\" data-wp-on-async--load=\"callbacks.setButtonStyles\" data-wp-on-async-window--resize=\"callbacks.setButtonStyles\" src=\"https:\/\/www.wash-megroup.com\/wp-content\/uploads\/2024\/01\/Design-sans-titre.jpg\" alt=\"Neue mobile ME Group App, laden Sie sie herunter!\" class=\"wp-image-183724\" style=\"width:700px\" srcset=\"https:\/\/www.wash-megroup.com\/wp-content\/uploads\/2024\/01\/Design-sans-titre.jpg 2518w, https:\/\/www.wash-megroup.com\/wp-content\/uploads\/2024\/01\/Design-sans-titre-300x234.jpg 300w, https:\/\/www.wash-megroup.com\/wp-content\/uploads\/2024\/01\/Design-sans-titre-1024x797.jpg 1024w, https:\/\/www.wash-megroup.com\/wp-content\/uploads\/2024\/01\/Design-sans-titre-768x598.jpg 768w, https:\/\/www.wash-megroup.com\/wp-content\/uploads\/2024\/01\/Design-sans-titre-1536x1196.jpg 1536w, https:\/\/www.wash-megroup.com\/wp-content\/uploads\/2024\/01\/Design-sans-titre-2048x1595.jpg 2048w\" sizes=\"(max-width: 2518px) 100vw, 2518px\" \/><button\n\t\t\tclass=\"lightbox-trigger\"\n\t\t\ttype=\"button\"\n\t\t\taria-haspopup=\"dialog\"\n\t\t\taria-label=\"Vergr\u00f6\u00dfern\"\n\t\t\tdata-wp-init=\"callbacks.initTriggerButton\"\n\t\t\tdata-wp-on-async--click=\"actions.showLightbox\"\n\t\t\tdata-wp-style--right=\"state.imageButtonRight\"\n\t\t\tdata-wp-style--top=\"state.imageButtonTop\"\n\t\t>\n\t\t\t<svg xmlns=\"http:\/\/www.w3.org\/2000\/svg\" width=\"12\" height=\"12\" fill=\"none\" viewBox=\"0 0 12 12\">\n\t\t\t\t<path fill=\"#fff\" d=\"M2 0a2 2 0 0 0-2 2v2h1.5V2a.5.5 0 0 1 .5-.5h2V0H2Zm2 10.5H2a.5.5 0 0 1-.5-.5V8H0v2a2 2 0 0 0 2 2h2v-1.5ZM8 12v-1.5h2a.5.5 0 0 0 .5-.5V8H12v2a2 2 0 0 1-2 2H8Zm2-12a2 2 0 0 1 2 2v2h-1.5V2a.5.5 0 0 0-.5-.5H8V0h2Z\" \/>\n\t\t\t<\/svg>\n\t\t<\/button><\/figure>\n<\/div>\n\n\n\n<div class=\"wp-block-column is-layout-flow wp-block-column-is-layout-flow\">\n<h2 class=\"wp-block-heading\"><strong>Wash ME f\u00fcr Dein Handy erm\u00f6glicht Dir Zeit und Geld zu sparen!<\/strong><\/h2>\n\n\n\n<p class=\"has-text-align-left\" style=\"padding-right:0;padding-left:0\">Finde alle deine Waschstationen mit nur wenigen Klicks: Lokalisiere die Waschstationen in deiner N\u00e4he, starte deine Route, w\u00e4hle deine bevorzugten Waschstationen aus und nutze tolle Angebote f\u00fcr Deine W\u00e4sche!<\/p>\n\n\n\n<div class=\"wp-block-buttons is-content-justification-space-between is-layout-flex wp-container-core-buttons-is-layout-b2891da8 wp-block-buttons-is-layout-flex\"><div class=\"wp-block-button\">\n<a href=\"#app-herunterladen\" class=\"button wp-block-button__link \">\n<span>\nWash.ME App herunterladen\n<\/span><\/a><!--\/ .container -->\n<\/div><!--\/ .group -->\n<\/div>\n\n\n\n<figure class=\"wp-block-image alignleft size-full is-resized\"><img decoding=\"async\" width=\"2080\" height=\"2080\" src=\"https:\/\/www.wash-megroup.com\/wp-content\/uploads\/2024\/03\/Icone-App-Wash-ME-HD.png\" alt=\"Wash.ME app\" class=\"wp-image-192277\" style=\"width:109px;height:auto\" srcset=\"https:\/\/www.wash-megroup.com\/wp-content\/uploads\/2024\/03\/Icone-App-Wash-ME-HD.png 2080w, https:\/\/www.wash-megroup.com\/wp-content\/uploads\/2024\/03\/Icone-App-Wash-ME-HD-300x300.png 300w, https:\/\/www.wash-megroup.com\/wp-content\/uploads\/2024\/03\/Icone-App-Wash-ME-HD-1024x1024.png 1024w, https:\/\/www.wash-megroup.com\/wp-content\/uploads\/2024\/03\/Icone-App-Wash-ME-HD-150x150.png 150w, https:\/\/www.wash-megroup.com\/wp-content\/uploads\/2024\/03\/Icone-App-Wash-ME-HD-768x768.png 768w, https:\/\/www.wash-megroup.com\/wp-content\/uploads\/2024\/03\/Icone-App-Wash-ME-HD-1536x1536.png 1536w, https:\/\/www.wash-megroup.com\/wp-content\/uploads\/2024\/03\/Icone-App-Wash-ME-HD-2048x2048.png 2048w\" sizes=\"(max-width: 2080px) 100vw, 2080px\" \/><\/figure>\n<\/div>\n<\/div>\n\n\n\n<h2 class=\"wp-block-heading has-text-align-center\">Eine App, die Dein Leben leichter macht<\/h2>\n\n\n\n<div class=\"wp-block-columns is-layout-flex wp-container-core-columns-is-layout-28f84493 wp-block-columns-is-layout-flex\">\n<div class=\"wp-block-column is-layout-flow wp-block-column-is-layout-flow\">\n<p class=\"has-text-align-right\"><mark style=\"background-color:#FFFFFF\" class=\"has-inline-color has-blue-viking-color\"><strong>N\u00dcTZLICH |<\/strong><\/mark> Finde deine n\u00e4chstgelegene Waschstation mit nur wenigen Klicks.<\/p>\n\n\n\n<p class=\"has-text-align-right\"><strong><mark style=\"background-color:#FFFFFF\" class=\"has-inline-color has-blue-viking-color\">SCHNELL |<\/mark><\/strong> Speichere deine Lieblings-Waschstationen und finde sie automatisch wieder.<\/p>\n\n\n\n<p class=\"has-text-align-right\"><strong><mark style=\"background-color:#FFFFFF\" class=\"has-inline-color has-blue-viking-color\">ZUG\u00c4NGLICH |<\/mark><\/strong> Finden Sie das Wash.ME Netzwerk von Waschsalons in \u00d6sterreich und Europa<\/p>\n<\/div>\n\n\n\n<div class=\"wp-block-column is-layout-flow wp-block-column-is-layout-flow\">\n<figure class=\"wp-block-image size-full is-resized\"><img decoding=\"async\" width=\"800\" height=\"800\" src=\"https:\/\/www.wash-megroup.com\/wp-content\/uploads\/2024\/02\/RAPIDE-AT-400x400-1.png\" alt=\"Finde deine n\u00e4chstgelegene Waschstation\" class=\"wp-image-188216\" style=\"width:400px\" srcset=\"https:\/\/www.wash-megroup.com\/wp-content\/uploads\/2024\/02\/RAPIDE-AT-400x400-1.png 800w, https:\/\/www.wash-megroup.com\/wp-content\/uploads\/2024\/02\/RAPIDE-AT-400x400-1-300x300.png 300w, https:\/\/www.wash-megroup.com\/wp-content\/uploads\/2024\/02\/RAPIDE-AT-400x400-1-150x150.png 150w, https:\/\/www.wash-megroup.com\/wp-content\/uploads\/2024\/02\/RAPIDE-AT-400x400-1-768x768.png 768w\" sizes=\"(max-width: 800px) 100vw, 800px\" \/><\/figure>\n<\/div>\n<\/div>\n\n\n\n<div class=\"wp-block-columns is-layout-flex wp-container-core-columns-is-layout-28f84493 wp-block-columns-is-layout-flex\">\n<div class=\"wp-block-column is-layout-flow wp-block-column-is-layout-flow\">\n<figure class=\"wp-block-image size-full is-resized\"><img decoding=\"async\" width=\"800\" height=\"800\" src=\"https:\/\/www.wash-megroup.com\/wp-content\/uploads\/2024\/02\/EFFICACE-AT-400x400-1.jpg\" alt=\"Sieh dir alle angebotenen Dienstleistungen in jeder unserer Wash ME Waschstationen an.\" class=\"wp-image-188232\" style=\"width:400px\" srcset=\"https:\/\/www.wash-megroup.com\/wp-content\/uploads\/2024\/02\/EFFICACE-AT-400x400-1.jpg 800w, https:\/\/www.wash-megroup.com\/wp-content\/uploads\/2024\/02\/EFFICACE-AT-400x400-1-300x300.jpg 300w, https:\/\/www.wash-megroup.com\/wp-content\/uploads\/2024\/02\/EFFICACE-AT-400x400-1-150x150.jpg 150w, https:\/\/www.wash-megroup.com\/wp-content\/uploads\/2024\/02\/EFFICACE-AT-400x400-1-768x768.jpg 768w\" sizes=\"(max-width: 800px) 100vw, 800px\" \/><\/figure>\n<\/div>\n\n\n\n<div class=\"wp-block-column is-layout-flow wp-block-column-is-layout-flow\">\n<p><mark style=\"background-color:#FFFFFF\" class=\"has-inline-color has-blue-viking-color\"><strong>PRAKTISCH |<\/strong><\/mark> Starte deine Reise zu deiner Waschstation direkt aus der App heraus.<\/p>\n\n\n\n<p class=\"has-text-align-left\"><mark style=\"background-color:#FFFFFF\" class=\"has-inline-color has-blue-viking-color\"><strong>EFFIZIENT |<\/strong><\/mark> Sieh dir alle angebotenen Dienstleistungen in jeder unserer Wash.ME Waschstationen an.<\/p>\n\n\n\n<p><mark style=\"background-color:#FFFFFF\" class=\"has-inline-color has-blue-viking-color\"><strong>WIRTSCHAFTLICH |<\/strong><\/mark> Finde alle deine Vorteile und Sonderangebote, um das ganze Jahr \u00fcber Geld zu sparen!<\/p>\n<\/div>\n<\/div>\n\n\n\n<div style=\"height:34px\" aria-hidden=\"true\" class=\"wp-block-spacer\"><\/div>\n\n\n\n<div class=\"wp-block-group alignfull has-background is-layout-constrained wp-block-group-is-layout-constrained\" style=\"background-color:#eeeeee;padding-top:var(--wp--preset--spacing--60);padding-bottom:var(--wp--preset--spacing--60)\">\n<h2 class=\"wp-block-heading has-text-align-center\">WASH ME BEGLEITET SIE, WO IMMER SIE SIND!<\/h2>\n\n\n\n<p class=\"has-text-align-center\" style=\"font-size:20px\">Nutzen Sie in \u00d6sterreich und Europa alle Vorteile unseres Wash.ME-W\u00e4scherei-Netzwerks und verleihen Sie Ihrer W\u00e4sche Frische und Sauberkeit zu g\u00fcnstigen Preisen mit der Wash.ME App.<\/p>\n\n\n\n<div class=\"wp-block-columns alignwide is-layout-flex wp-container-core-columns-is-layout-28f84493 wp-block-columns-is-layout-flex\">\n<div class=\"wp-block-column is-layout-flow wp-block-column-is-layout-flow\">\n<figure class=\"wp-block-image aligncenter size-full\"><img decoding=\"async\" width=\"150\" height=\"150\" src=\"https:\/\/www.wash-megroup.com\/wp-content\/uploads\/2024\/01\/150x150_GEOLOCALISATION_1.png\" alt=\"Finde deine n\u00e4chstgelegene Wash ME Waschstation\" class=\"wp-image-181784\" \/><\/figure>\n\n\n\n<p class=\"has-text-align-center\" style=\"font-size:18px\"><strong>Lokalisierung Wash.ME<\/strong><\/p>\n<\/div>\n\n\n\n<div class=\"wp-block-column is-layout-flow wp-block-column-is-layout-flow\">\n<figure class=\"wp-block-image aligncenter size-full\"><img decoding=\"async\" width=\"150\" height=\"150\" src=\"https:\/\/www.wash-megroup.com\/wp-content\/uploads\/2024\/01\/150x150_INFOS.png\" alt=\"Informationen und Dienstleistungen\" class=\"wp-image-181814\" \/><\/figure>\n\n\n\n<p class=\"has-text-align-center\" id=\"telechargez-app\" style=\"font-size:18px\"><strong>Informationen und Dienstleistungen<\/strong><\/p>\n<\/div>\n\n\n\n<div class=\"wp-block-column is-layout-flow wp-block-column-is-layout-flow\">\n<figure class=\"wp-block-image aligncenter size-full\"><img decoding=\"async\" width=\"150\" height=\"150\" src=\"https:\/\/www.wash-megroup.com\/wp-content\/uploads\/2024\/01\/150x150_PROMO-1.png\" alt=\"\" class=\"wp-image-183695\" \/><\/figure>\n\n\n\n<p class=\"has-text-align-center\" style=\"font-size:18px\"><strong>Aktionen und Sonderangebote<\/strong><\/p>\n<\/div>\n<\/div>\n<\/div>\n\n\n\n<h2 class=\"wp-block-heading has-text-align-center\" id=\"app-herunterladen\">Neue Produkte und Vorteile das ganze Jahr \u00fcber<\/h2>\n\n\n\n<div class=\"wp-block-columns is-layout-flex wp-container-core-columns-is-layout-28f84493 wp-block-columns-is-layout-flex\">\n<div class=\"wp-block-column is-layout-flow wp-block-column-is-layout-flow\" style=\"flex-basis:66.66%\">\n<p>Wash.ME entwickelt sich weiter, um dir noch mehr Dienstleistungen zu bieten. Unsere Teams arbeiten jeden Tag daran, deine Erfahrung zu verbessern und dein Leben zu erleichtern. Verpasse nichts! Installiere die App jetzt!<\/p>\n\n\n\n<p>Und zur Begr\u00fc\u00dfung profitiere von einem sofortigen Rabatt von <strong><mark style=\"background-color:#56c2df\" class=\"has-inline-color has-white-color\">2 \u20ac bei deiner ersten W\u00e4sche\/Trocknung*<\/mark>.<\/strong><\/p>\n\n\n\n<p>Gehe zur App, um deinen personalisierten Code zu finden!<\/p>\n<\/div>\n\n\n\n<div class=\"wp-block-column is-layout-flow wp-block-column-is-layout-flow\" style=\"flex-basis:33.33%\">\n<figure class=\"wp-block-image size-full is-resized\"><a href=\"https:\/\/play.google.com\/store\/search?q=wash.me&amp;c=apps&amp;hl=de\" target=\"_blank\" rel=\"noreferrer noopener\"><img decoding=\"async\" width=\"2017\" height=\"610\" src=\"https:\/\/www.wash-megroup.com\/wp-content\/uploads\/2024\/02\/Bouton-Google-Play-DE.png\" alt=\"F\u00fcr Android Google Play herunterladen\" class=\"wp-image-188128\" style=\"width:240px\" srcset=\"https:\/\/www.wash-megroup.com\/wp-content\/uploads\/2024\/02\/Bouton-Google-Play-DE.png 2017w, https:\/\/www.wash-megroup.com\/wp-content\/uploads\/2024\/02\/Bouton-Google-Play-DE-300x91.png 300w, https:\/\/www.wash-megroup.com\/wp-content\/uploads\/2024\/02\/Bouton-Google-Play-DE-1024x310.png 1024w, https:\/\/www.wash-megroup.com\/wp-content\/uploads\/2024\/02\/Bouton-Google-Play-DE-768x232.png 768w, https:\/\/www.wash-megroup.com\/wp-content\/uploads\/2024\/02\/Bouton-Google-Play-DE-1536x465.png 1536w\" sizes=\"(max-width: 2017px) 100vw, 2017px\" \/><\/a><\/figure>\n\n\n\n<figure class=\"wp-block-image size-full is-resized\"><a href=\"https:\/\/apps.apple.com\/de\/app\/wash-me\/id6449978633\" target=\"_blank\" rel=\"noreferrer noopener\"><img decoding=\"async\" width=\"2020\" height=\"682\" src=\"https:\/\/www.wash-megroup.com\/wp-content\/uploads\/2024\/02\/Bouton-App-Store-DE.png\" alt=\"F\u00fcr Apple IOS herunterladen\" class=\"wp-image-188143\" style=\"width:240px\" srcset=\"https:\/\/www.wash-megroup.com\/wp-content\/uploads\/2024\/02\/Bouton-App-Store-DE.png 2020w, https:\/\/www.wash-megroup.com\/wp-content\/uploads\/2024\/02\/Bouton-App-Store-DE-300x101.png 300w, https:\/\/www.wash-megroup.com\/wp-content\/uploads\/2024\/02\/Bouton-App-Store-DE-1024x346.png 1024w, https:\/\/www.wash-megroup.com\/wp-content\/uploads\/2024\/02\/Bouton-App-Store-DE-768x259.png 768w, https:\/\/www.wash-megroup.com\/wp-content\/uploads\/2024\/02\/Bouton-App-Store-DE-1536x519.png 1536w\" sizes=\"(max-width: 2020px) 100vw, 2020px\" \/><\/a><\/figure>\n<\/div>\n<\/div>\n\n\n\n<p class=\"has-small-font-size\">*Angebot nur f\u00fcr neue Benutzer der Wash.ME Mobil-App. Wenn du bereits die Wash.ME Mobil-App installiert hast, wirst du keinen Zugriff auf diesen Aktionscode haben. Du wirst jedoch Zugang zu allen zuk\u00fcnftigen Werbeangeboten im Laufe des Jahres haben. Sei gespannt!<\/p>\n\n\n\n<div style=\"height:24px\" aria-hidden=\"true\" class=\"wp-block-spacer\"><\/div>\n\n\n<div class=\"block-blue\">\n    <div class=\"block-blue__container\">\n        <div class=\"block-blue__title-wrapper\">\n            <h2 class=\"title block-blue__title title--size-m title--white\">\n    Wash.ME, dein t\u00e4glicher Begleiter.<\/h2>\n        <\/div>\n        <div class=\"block-blue__text\">\n                    <\/div>\n        <a class=\"link block-blue__cta-link button button--bordered-white button--with-icon icon-arrow-right\" href=\"https:\/\/stores.revolution-laundry.com\/de-at\" target=\"_blank\">\n    <span>Finde deine n\u00e4chstgelegene Wash ME Waschstation<\/span>\n<\/a>\n    <\/div>\n<\/div>\n","protected":false},"excerpt":{"rendered":"<p>Wash ME f\u00fcr Dein Handy erm\u00f6glicht Dir Zeit und Geld zu sparen!&#8230;<\/p>\n","protected":false},"author":29,"featured_media":240958,"parent":0,"menu_order":0,"comment_status":"closed","ping_status":"closed","template":"","meta":{"_acf_changed":false,"footnotes":""},"class_list":["post-188211","page","type-page","status-publish","has-post-thumbnail","hentry"],"acf":[],"yoast_head":"<title>Wash.ME-App: Waschmittel zum kleinen Preis das ganze Jahr \u00fcber<\/title>\n<meta name=\"description\" content=\"Laden Sie die Wash.ME-App herunter und profitieren Sie von Sonderangeboten f\u00fcr saubere W\u00e4sche zum kleinen Preis in Wash.ME-W\u00e4schereien!\" \/>\n<meta name=\"robots\" content=\"index, follow, max-snippet:-1, max-image-preview:large, max-video-preview:-1\" \/>\n<link rel=\"canonical\" href=\"https:\/\/www.wash-megroup.com\/de-at\/wash-me-app\/\" \/>\n<meta property=\"og:locale\" content=\"de_DE\" \/>\n<meta property=\"og:type\" content=\"article\" \/>\n<meta property=\"og:title\" content=\"Wash.ME-App: Waschmittel zum kleinen Preis das ganze Jahr \u00fcber\" \/>\n<meta property=\"og:description\" content=\"Laden Sie die Wash.ME-App herunter und profitieren Sie von Sonderangeboten f\u00fcr saubere W\u00e4sche zum kleinen Preis in Wash.ME-W\u00e4schereien!\" \/>\n<meta property=\"og:url\" content=\"https:\/\/www.wash-megroup.com\/de-at\/wash-me-app\/\" \/>\n<meta property=\"og:site_name\" content=\"Wash-ME\" \/>\n<meta property=\"article:modified_time\" content=\"2024-04-04T09:24:47+00:00\" \/>\n<meta property=\"og:image\" content=\"https:\/\/www.wash-megroup.com\/wp-content\/uploads\/2024\/01\/Design-sans-titre.jpg\" \/>\n<meta name=\"twitter:card\" content=\"summary_large_image\" \/>\n<meta name=\"twitter:label1\" content=\"Gesch\u00e4tzte Lesezeit\" \/>\n\t<meta name=\"twitter:data1\" content=\"3 Minuten\" \/>\n<script type=\"application\/ld+json\" class=\"yoast-schema-graph\">{\"@context\":\"https:\/\/schema.org\",\"@graph\":[{\"@type\":\"WebPage\",\"@id\":\"https:\/\/www.wash-megroup.com\/de-at\/wash-me-app\/\",\"url\":\"https:\/\/www.wash-megroup.com\/de-at\/wash-me-app\/\",\"name\":\"Wash.ME-App: Waschmittel zum kleinen Preis das ganze Jahr \u00fcber\",\"isPartOf\":{\"@id\":\"https:\/\/www.wash-megroup.com\/de-at\/#website\"},\"primaryImageOfPage\":{\"@id\":\"https:\/\/www.wash-megroup.com\/de-at\/wash-me-app\/#primaryimage\"},\"image\":{\"@id\":\"https:\/\/www.wash-megroup.com\/de-at\/wash-me-app\/#primaryimage\"},\"thumbnailUrl\":\"https:\/\/www.wash-megroup.com\/wp-content\/uploads\/2024\/11\/Home-page.png\",\"datePublished\":\"2024-02-15T13:41:39+00:00\",\"dateModified\":\"2024-04-04T09:24:47+00:00\",\"description\":\"Laden Sie die Wash.ME-App herunter und profitieren Sie von Sonderangeboten f\u00fcr saubere W\u00e4sche zum kleinen Preis in Wash.ME-W\u00e4schereien!\",\"breadcrumb\":{\"@id\":\"https:\/\/www.wash-megroup.com\/de-at\/wash-me-app\/#breadcrumb\"},\"inLanguage\":\"de-AT\",\"potentialAction\":[{\"@type\":\"ReadAction\",\"target\":[\"https:\/\/www.wash-megroup.com\/de-at\/wash-me-app\/\"]}]},{\"@type\":\"ImageObject\",\"inLanguage\":\"de-AT\",\"@id\":\"https:\/\/www.wash-megroup.com\/de-at\/wash-me-app\/#primaryimage\",\"url\":\"https:\/\/www.wash-megroup.com\/wp-content\/uploads\/2024\/11\/Home-page.png\",\"contentUrl\":\"https:\/\/www.wash-megroup.com\/wp-content\/uploads\/2024\/11\/Home-page.png\",\"width\":1280,\"height\":686,\"caption\":\"D\u00e9couvrez le site Wash.ME France\"},{\"@type\":\"BreadcrumbList\",\"@id\":\"https:\/\/www.wash-megroup.com\/de-at\/wash-me-app\/#breadcrumb\",\"itemListElement\":[{\"@type\":\"ListItem\",\"position\":1,\"name\":\"Home\",\"item\":\"https:\/\/www.wash-megroup.com\/de-at\/\"},{\"@type\":\"ListItem\",\"position\":2,\"name\":\"Wash.ME App\"}]},{\"@type\":\"WebSite\",\"@id\":\"https:\/\/www.wash-megroup.com\/de-at\/#website\",\"url\":\"https:\/\/www.wash-megroup.com\/de-at\/\",\"name\":\"Wash-ME\",\"description\":\"Acc\u00e9dez \u00e0 l&#039;espace particulier\",\"publisher\":{\"@id\":\"https:\/\/www.wash-megroup.com\/de-at\/#organization\"},\"potentialAction\":[{\"@type\":\"SearchAction\",\"target\":{\"@type\":\"EntryPoint\",\"urlTemplate\":\"https:\/\/www.wash-megroup.com\/de-at\/?s={search_term_string}\"},\"query-input\":{\"@type\":\"PropertyValueSpecification\",\"valueRequired\":true,\"valueName\":\"search_term_string\"}}],\"inLanguage\":\"de-AT\"},{\"@type\":\"Organization\",\"@id\":\"https:\/\/www.wash-megroup.com\/de-at\/#organization\",\"name\":\"Wash-ME\",\"url\":\"https:\/\/www.wash-megroup.com\/de-at\/\",\"logo\":{\"@type\":\"ImageObject\",\"inLanguage\":\"de-AT\",\"@id\":\"https:\/\/www.wash-megroup.com\/de-at\/#\/schema\/logo\/image\/\",\"url\":\"https:\/\/www.wash-megroup.com\/wp-content\/uploads\/2021\/07\/logo_revolaundry_white@2x.png\",\"contentUrl\":\"https:\/\/www.wash-megroup.com\/wp-content\/uploads\/2021\/07\/logo_revolaundry_white@2x.png\",\"width\":538,\"height\":146,\"caption\":\"Wash-ME\"},\"image\":{\"@id\":\"https:\/\/www.wash-megroup.com\/de-at\/#\/schema\/logo\/image\/\"}}]}<\/script>","yoast_head_json":{"title":"Wash.ME-App: Waschmittel zum kleinen Preis das ganze Jahr \u00fcber","description":"Laden Sie die Wash.ME-App herunter und profitieren Sie von Sonderangeboten f\u00fcr saubere W\u00e4sche zum kleinen Preis in Wash.ME-W\u00e4schereien!","robots":{"index":"index","follow":"follow","max-snippet":"max-snippet:-1","max-image-preview":"max-image-preview:large","max-video-preview":"max-video-preview:-1"},"canonical":"https:\/\/www.wash-megroup.com\/de-at\/wash-me-app\/","og_locale":"de_DE","og_type":"article","og_title":"Wash.ME-App: Waschmittel zum kleinen Preis das ganze Jahr \u00fcber","og_description":"Laden Sie die Wash.ME-App herunter und profitieren Sie von Sonderangeboten f\u00fcr saubere W\u00e4sche zum kleinen Preis in Wash.ME-W\u00e4schereien!","og_url":"https:\/\/www.wash-megroup.com\/de-at\/wash-me-app\/","og_site_name":"Wash-ME","article_modified_time":"2024-04-04T09:24:47+00:00","og_image":[{"url":"https:\/\/www.wash-megroup.com\/wp-content\/uploads\/2024\/01\/Design-sans-titre.jpg","type":"","width":"","height":""}],"twitter_card":"summary_large_image","twitter_misc":{"Gesch\u00e4tzte Lesezeit":"3 Minuten"},"schema":{"@context":"https:\/\/schema.org","@graph":[{"@type":"WebPage","@id":"https:\/\/www.wash-megroup.com\/de-at\/wash-me-app\/","url":"https:\/\/www.wash-megroup.com\/de-at\/wash-me-app\/","name":"Wash.ME-App: Waschmittel zum kleinen Preis das ganze Jahr \u00fcber","isPartOf":{"@id":"https:\/\/www.wash-megroup.com\/de-at\/#website"},"primaryImageOfPage":{"@id":"https:\/\/www.wash-megroup.com\/de-at\/wash-me-app\/#primaryimage"},"image":{"@id":"https:\/\/www.wash-megroup.com\/de-at\/wash-me-app\/#primaryimage"},"thumbnailUrl":"https:\/\/www.wash-megroup.com\/wp-content\/uploads\/2024\/11\/Home-page.png","datePublished":"2024-02-15T13:41:39+00:00","dateModified":"2024-04-04T09:24:47+00:00","description":"Laden Sie die Wash.ME-App herunter und profitieren Sie von Sonderangeboten f\u00fcr saubere W\u00e4sche zum kleinen Preis in Wash.ME-W\u00e4schereien!","breadcrumb":{"@id":"https:\/\/www.wash-megroup.com\/de-at\/wash-me-app\/#breadcrumb"},"inLanguage":"de-AT","potentialAction":[{"@type":"ReadAction","target":["https:\/\/www.wash-megroup.com\/de-at\/wash-me-app\/"]}]},{"@type":"ImageObject","inLanguage":"de-AT","@id":"https:\/\/www.wash-megroup.com\/de-at\/wash-me-app\/#primaryimage","url":"https:\/\/www.wash-megroup.com\/wp-content\/uploads\/2024\/11\/Home-page.png","contentUrl":"https:\/\/www.wash-megroup.com\/wp-content\/uploads\/2024\/11\/Home-page.png","width":1280,"height":686,"caption":"D\u00e9couvrez le site Wash.ME France"},{"@type":"BreadcrumbList","@id":"https:\/\/www.wash-megroup.com\/de-at\/wash-me-app\/#breadcrumb","itemListElement":[{"@type":"ListItem","position":1,"name":"Home","item":"https:\/\/www.wash-megroup.com\/de-at\/"},{"@type":"ListItem","position":2,"name":"Wash.ME App"}]},{"@type":"WebSite","@id":"https:\/\/www.wash-megroup.com\/de-at\/#website","url":"https:\/\/www.wash-megroup.com\/de-at\/","name":"Wash-ME","description":"Acc\u00e9dez \u00e0 l&#039;espace particulier","publisher":{"@id":"https:\/\/www.wash-megroup.com\/de-at\/#organization"},"potentialAction":[{"@type":"SearchAction","target":{"@type":"EntryPoint","urlTemplate":"https:\/\/www.wash-megroup.com\/de-at\/?s={search_term_string}"},"query-input":{"@type":"PropertyValueSpecification","valueRequired":true,"valueName":"search_term_string"}}],"inLanguage":"de-AT"},{"@type":"Organization","@id":"https:\/\/www.wash-megroup.com\/de-at\/#organization","name":"Wash-ME","url":"https:\/\/www.wash-megroup.com\/de-at\/","logo":{"@type":"ImageObject","inLanguage":"de-AT","@id":"https:\/\/www.wash-megroup.com\/de-at\/#\/schema\/logo\/image\/","url":"https:\/\/www.wash-megroup.com\/wp-content\/uploads\/2021\/07\/logo_revolaundry_white@2x.png","contentUrl":"https:\/\/www.wash-megroup.com\/wp-content\/uploads\/2021\/07\/logo_revolaundry_white@2x.png","width":538,"height":146,"caption":"Wash-ME"},"image":{"@id":"https:\/\/www.wash-megroup.com\/de-at\/#\/schema\/logo\/image\/"}}]}},"_links":{"self":[{"href":"https:\/\/www.wash-megroup.com\/de-at\/wp-json\/wp\/v2\/pages\/188211","targetHints":{"allow":["GET"]}}],"collection":[{"href":"https:\/\/www.wash-megroup.com\/de-at\/wp-json\/wp\/v2\/pages"}],"about":[{"href":"https:\/\/www.wash-megroup.com\/de-at\/wp-json\/wp\/v2\/types\/page"}],"author":[{"embeddable":true,"href":"https:\/\/www.wash-megroup.com\/de-at\/wp-json\/wp\/v2\/users\/29"}],"replies":[{"embeddable":true,"href":"https:\/\/www.wash-megroup.com\/de-at\/wp-json\/wp\/v2\/comments?post=188211"}],"version-history":[{"count":11,"href":"https:\/\/www.wash-megroup.com\/de-at\/wp-json\/wp\/v2\/pages\/188211\/revisions"}],"predecessor-version":[{"id":193663,"href":"https:\/\/www.wash-megroup.com\/de-at\/wp-json\/wp\/v2\/pages\/188211\/revisions\/193663"}],"wp:featuredmedia":[{"embeddable":true,"href":"https:\/\/www.wash-megroup.com\/de-at\/wp-json\/wp\/v2\/media\/240958"}],"wp:attachment":[{"href":"https:\/\/www.wash-megroup.com\/de-at\/wp-json\/wp\/v2\/media?parent=188211"}],"curies":[{"name":"wp","href":"https:\/\/api.w.org\/{rel}","templated":true}]}}