{"id":134255,"date":"2022-09-22T16:08:06","date_gmt":"2022-09-22T14:08:06","guid":{"rendered":"https:\/\/www.wash-megroup.com\/bedienungsanleitung\/"},"modified":"2023-10-27T15:59:24","modified_gmt":"2023-10-27T13:59:24","slug":"bedienungsanleitung","status":"publish","type":"page","link":"https:\/\/www.wash-megroup.com\/de-de\/bedienungsanleitung\/","title":{"rendered":"Bedienungsanleitung"},"content":{"rendered":"<div class=\"block-blue\">\n    <div class=\"block-blue__container\">\n        <div class=\"block-blue__title-wrapper\">\n            <h1 class=\"title block-blue__title title--size-m title--white\">\n    WIE NUTZT MAN EINE Wash ME WASCHSTATION?<\/h1>\n        <\/div>\n        <div class=\"block-blue__text\">\n            <div class=\"text \">\n    <p>Sie m\u00f6chten erfahren, wie eine Wash ME-Waschstation funktioniert? Die Benutzung eines Wash ME-Waschstation ist einfach und schnell, selbst bei der ersten Benutzung.<\/p>\n<\/div>\n        <\/div>\n            <\/div>\n<\/div>\n\n\n<div class=\"block-icon-text-grid block-icon-text-grid--steps\">\n    <div class=\"block-icon-text-grid__container\">\n        <div class=\"block-icon-text-grid__title\">\n            <h2 class=\"title \">\n    6 einfache Schritte zum Waschen Ihrer W\u00e4sche<\/h2>\n        <\/div>\n                            <div class=\"block-icon-text-grid__block-list\">\n                                    \n<div class=\"title-text-icon block-icon-text-grid__block title-text-icon--wysiwyg title-text-icon--centered\">\n    <div class=\"title-text-icon__image\">\n        <img decoding=\"async\" class=\"image \" src=\"https:\/\/www.wash-megroup.com\/wp-content\/uploads\/2021\/06\/Step_1.png\" alt=\"Step_1.png\"\/>\n    <\/div>\n    <div class=\"title-text-icon__title\">\n        <h3 class=\"title \">\n    Leeren Sie die Taschen Ihrer Kleidung.<\/h3>\n    <\/div>\n            <div class=\"title-text-icon__wysiwyg\">\n                    <\/div>\n        <\/div>\n                                \n<div class=\"title-text-icon block-icon-text-grid__block title-text-icon--wysiwyg title-text-icon--centered\">\n    <div class=\"title-text-icon__image\">\n        <img decoding=\"async\" class=\"image \" src=\"https:\/\/www.wash-megroup.com\/wp-content\/uploads\/2021\/07\/Step_2.png\" alt=\"Step_2.png\"\/>\n    <\/div>\n    <div class=\"title-text-icon__title\">\n        <h3 class=\"title \">\n    Geben Sie Ihre W\u00e4sche in die gew\u00e4hlte Maschine.<\/h3>\n    <\/div>\n            <div class=\"title-text-icon__wysiwyg\">\n                    <\/div>\n        <\/div>\n                                \n<div class=\"title-text-icon block-icon-text-grid__block title-text-icon--wysiwyg title-text-icon--centered\">\n    <div class=\"title-text-icon__image\">\n        <img decoding=\"async\" class=\"image \" src=\"https:\/\/www.wash-megroup.com\/wp-content\/uploads\/2021\/07\/Step_3.png\" alt=\"Step_3.png\"\/>\n    <\/div>\n    <div class=\"title-text-icon__title\">\n        <h3 class=\"title \">\n    Das Waschmittel ist im Preis inbegriffen, Sie m\u00fcssen nichts hinzuf\u00fcgen!<\/h3>\n    <\/div>\n            <div class=\"title-text-icon__wysiwyg\">\n                    <\/div>\n        <\/div>\n                                \n<div class=\"title-text-icon block-icon-text-grid__block title-text-icon--wysiwyg title-text-icon--centered\">\n    <div class=\"title-text-icon__image\">\n        <img decoding=\"async\" class=\"image \" src=\"https:\/\/www.wash-megroup.com\/wp-content\/uploads\/2021\/07\/Step_4.png\" alt=\"Step_4.png\"\/>\n    <\/div>\n    <div class=\"title-text-icon__title\">\n        <h3 class=\"title \">\n    Schlie\u00dfen Sie die T\u00fcr.<\/h3>\n    <\/div>\n            <div class=\"title-text-icon__wysiwyg\">\n                    <\/div>\n        <\/div>\n                                \n<div class=\"title-text-icon block-icon-text-grid__block title-text-icon--wysiwyg title-text-icon--centered\">\n    <div class=\"title-text-icon__image\">\n        <img decoding=\"async\" class=\"image \" src=\"https:\/\/www.wash-megroup.com\/wp-content\/uploads\/2021\/07\/Step_5.png\" alt=\"Step_5.png\"\/>\n    <\/div>\n    <div class=\"title-text-icon__title\">\n        <h3 class=\"title \">\n    Programmieren Sie Ihren Waschgang auf dem Touchscreen \u201eWaschen\u201c oder \u201eTrocknen\u201c und die entsprechenden Optionen.<\/h3>\n    <\/div>\n            <div class=\"title-text-icon__wysiwyg\">\n                    <\/div>\n        <\/div>\n                                \n<div class=\"title-text-icon block-icon-text-grid__block title-text-icon--wysiwyg title-text-icon--centered\">\n    <div class=\"title-text-icon__image\">\n        <img decoding=\"async\" class=\"image \" src=\"https:\/\/www.wash-megroup.com\/wp-content\/uploads\/2021\/07\/Step_6.png\" alt=\"Step_6.png\"\/>\n    <\/div>\n    <div class=\"title-text-icon__title\">\n        <h3 class=\"title \">\n    F\u00fchren Sie die Zahlung durch: Bargeld, Bankkarte, Kreditkarte, kontaktlos, Google Pay, Apple Pay, \u00fcber die daf\u00fcr vorgesehene App (in K\u00fcrze).<\/h3>\n    <\/div>\n            <div class=\"title-text-icon__wysiwyg\">\n                    <\/div>\n        <\/div>\n                                \n<div class=\"title-text-icon block-icon-text-grid__block title-text-icon--wysiwyg title-text-icon--centered\">\n    <div class=\"title-text-icon__image\">\n        <img decoding=\"async\" class=\"image \" src=\"https:\/\/www.wash-megroup.com\/wp-content\/uploads\/2021\/07\/Step_7.png\" alt=\"Step_7.png\"\/>\n    <\/div>\n    <div class=\"title-text-icon__title\">\n        <h3 class=\"title \">\n    Bitte dr\u00fccken Sie die START-Taste des gew\u00e4hlten Ger\u00e4ts und pr\u00fcfen Sie, ob die T\u00fcr richtig geschlossen ist.<\/h3>\n    <\/div>\n            <div class=\"title-text-icon__wysiwyg\">\n                    <\/div>\n        <\/div>\n                        <\/div>\n            <\/div>\n<\/div>\n\n\n<div class=\"block-icon-text-grid block-icon-text-grid--column-left-v2\">\n    <div class=\"block-icon-text-grid__container\">\n        <div class=\"block-icon-text-grid__title\">\n            <h2 class=\"title \">\n    eine stets einwandfreie W\u00e4sche!<\/h2>\n        <\/div>\n                    <div class=\"block-icon-text-grid__wysiwyg\">\n                <div class=\"wysiwyg \">\n    <p>Wash ME Waschstationen bieten zahlreiche Waschprogramme und -optionen f\u00fcr alle Arten von W\u00e4sche an. Wenn Sie sich nicht sicher sind, welches Wasch- oder Trockenprogramm Sie verwenden sollen, beachten Sie bitte das Etikett auf dem Kleidungsst\u00fcck.<\/p>\n<\/div>\n            <\/div>\n                            <div class=\"block-icon-text-grid__block-list\">\n                                    \n<div class=\"title-text-icon block-icon-text-grid__block title-text-icon--wysiwyg title-text-icon--centered\">\n    <div class=\"title-text-icon__image\">\n        <img decoding=\"async\" class=\"image \" src=\"https:\/\/www.wash-megroup.com\/wp-content\/uploads\/2021\/07\/icon_water_40@2x.png\" alt=\"icon_water_40@2x.png\"\/>\n    <\/div>\n    <div class=\"title-text-icon__title\">\n        <h3 class=\"title \">\n    3 Waschtemperaturen<\/h3>\n    <\/div>\n            <div class=\"title-text-icon__wysiwyg\">\n            <div class=\"wysiwyg \">\n    <p>Nicht alle Textilien lassen sich bei denselben Temperaturen waschen. Unsere Maschinen bieten Ihnen eine Feinw\u00e4sche bei kalten Temperaturen, 40\u00b0 oder 60\u00b0, um Ihnen eine professionelle W\u00e4sche zu erm\u00f6glichen.<\/p>\n<\/div>\n        <\/div>\n        <\/div>\n                                \n<div class=\"title-text-icon block-icon-text-grid__block title-text-icon--wysiwyg title-text-icon--centered\">\n    <div class=\"title-text-icon__image\">\n        <img decoding=\"async\" class=\"image \" src=\"https:\/\/www.wash-megroup.com\/wp-content\/uploads\/2021\/07\/icon_laundry_clean@2x.png\" alt=\"icon_laundry_clean@2x.png\"\/>\n    <\/div>\n    <div class=\"title-text-icon__title\">\n        <h3 class=\"title \">\n    Waschoptionen<\/h3>\n    <\/div>\n            <div class=\"title-text-icon__wysiwyg\">\n            <div class=\"wysiwyg \">\n    <p>Egal, ob Ihre W\u00e4sche stark verschmutzt ist, ob Sie geschmeidig weiche W\u00e4sche m\u00f6chten oder W\u00e4sche, die frei von Bakterien und Mikroben ist &#8211; es ist m\u00f6glich. W\u00e4hlen Sie zwischen den Optionen: Vorw\u00e4sche, Weichsp\u00fcler und Desinfektionsweichsp\u00fcler.<\/p>\n<\/div>\n        <\/div>\n        <\/div>\n                        <\/div>\n            <\/div>\n<\/div>\n\n\n<div class=\"block-icon-text-grid block-icon-text-grid--column-center\">\n    <div class=\"block-icon-text-grid__container\">\n        <div class=\"block-icon-text-grid__title\">\n            <h2 class=\"title \">\n    Unsere Tipps zum Trocknen<\/h2>\n        <\/div>\n                    <div class=\"block-icon-text-grid__wysiwyg\">\n                <div class=\"wysiwyg \">\n    <p>F\u00fcr ein professionelles Ergebnis passen sich unsere Trockenprogramme Ihren Bed\u00fcrfnissen an: Schonend, normal oder hoch dank der 20-Minuten-Zyklen.<\/p>\n<\/div>\n            <\/div>\n                            <div class=\"block-icon-text-grid__block-list\">\n                                    \n<div class=\"title-text-icon block-icon-text-grid__block title-text-icon--wysiwyg title-text-icon--centered\">\n    <div class=\"title-text-icon__image\">\n        <img decoding=\"async\" class=\"image \" src=\"https:\/\/www.wash-megroup.com\/wp-content\/uploads\/2021\/07\/icon_dry_low.png\" alt=\"icon_dry_low.png\"\/>\n    <\/div>\n    <div class=\"title-text-icon__title\">\n        <h3 class=\"title \">\n    Feinw\u00e4sche<\/h3>\n    <\/div>\n            <div class=\"title-text-icon__wysiwyg\">\n            <div class=\"wysiwyg \">\n    <p>&nbsp;<\/p>\n<p>Moderne Textilien\/Synthetik<\/p>\n<p><strong>Volumen:<\/strong><\/p>\n<p>1 bis 5 kg<\/p>\n<p><strong>Trocknen:<\/strong><\/p>\n<p>Zwischen 20 und 30 Minuten<\/p>\n<\/div>\n        <\/div>\n        <\/div>\n                                \n<div class=\"title-text-icon block-icon-text-grid__block title-text-icon--wysiwyg title-text-icon--centered\">\n    <div class=\"title-text-icon__image\">\n        <img decoding=\"async\" class=\"image \" src=\"https:\/\/www.wash-megroup.com\/wp-content\/uploads\/2021\/07\/icon-dry-regular.png\" alt=\"icon-dry-regular.png\"\/>\n    <\/div>\n    <div class=\"title-text-icon__title\">\n        <h3 class=\"title \">\n    Normalw\u00e4sche<\/h3>\n    <\/div>\n            <div class=\"title-text-icon__wysiwyg\">\n            <div class=\"wysiwyg \">\n    <p>&nbsp;<\/p>\n<p>Baumwoll-Mischgewebe\/Synthetik<\/p>\n<p><strong>Volumen:<\/strong><\/p>\n<p>5 bis 10 kg<\/p>\n<p><strong>Trocknen:<\/strong><\/p>\n<p>Zwischen 30 und 45 Minuten<\/p>\n<\/div>\n        <\/div>\n        <\/div>\n                                \n<div class=\"title-text-icon block-icon-text-grid__block title-text-icon--wysiwyg title-text-icon--centered\">\n    <div class=\"title-text-icon__image\">\n        <img decoding=\"async\" class=\"image \" src=\"https:\/\/www.wash-megroup.com\/wp-content\/uploads\/2021\/07\/icon_dry_high.png\" alt=\"icon_dry_high.png\"\/>\n    <\/div>\n    <div class=\"title-text-icon__title\">\n        <h3 class=\"title \">\n    Gro\u00dfvolumige W\u00e4sche<\/h3>\n    <\/div>\n            <div class=\"title-text-icon__wysiwyg\">\n            <div class=\"wysiwyg \">\n    <p>&nbsp;<\/p>\n<p>Bettdecken, Kopfkissen, Handt\u00fccher, Bettw\u00e4sche, Vorh\u00e4nge &#8230;<\/p>\n<p><strong>Volumen:<\/strong><\/p>\n<p>10 bis 20 kg<\/p>\n<p><strong>Trocknen:<\/strong><\/p>\n<p>Zwischen 45 Minuten und 1 Stunde<\/p>\n<\/div>\n        <\/div>\n        <\/div>\n                        <\/div>\n            <\/div>\n<\/div>\n\n\n<div class=\"block-video block-video--text-before block-video--bg-top\">\n    <div class=\"block-video__wrapper\">\n        <div class=\"block-video__container\">\n\t        \t\t        <div class=\"block-video__title-wrapper\">\n\t\t\t        <h2 class=\"title block-video__title title--size-m\">\n    TAUCHEN SIE EIN in die Wash ME<\/h2>\n\t\t        <\/div>\n\t                                    <div class=\"block-video__text\">\n                    <div class=\"text \">\n    Sehen Sie sich die Bedienungsanleitung in einem Video an :<\/div>\n                <\/div>\n                        <div class=\"block-video__video\">\n                <iframe class=\"video \" src=\"https:\/\/player.vimeo.com\/video\/875119973\"\n        allow=\"autoplay; fullscreen; picture-in-picture\" allowfullscreen><\/iframe>\n            <\/div>\n                                <\/div>\n    <\/div>\n<\/div>\n\n\n<div class=\"block-blue\">\n    <div class=\"block-blue__container\">\n        <div class=\"block-blue__title-wrapper\">\n            <h2 class=\"title block-blue__title title--size-m title--white\">\n    MEHR ALS 7.000 WASCHSTATIONEN IN EUROPA<\/h2>\n        <\/div>\n        <div class=\"block-blue__text\">\n            <div class=\"text \">\n    <p>Finden Sie die n\u00e4chstgelegene WASCHSTATION<\/p>\n<\/div>\n        <\/div>\n        <a class=\"link block-blue__cta-link button button--bordered-white button--with-icon icon-arrow-right\" href=\"https:\/\/stores.revolution-laundry.com\/de-de\/\" target=\"_blank\">\n    <span>Meine WASCHSTATION finden<\/span>\n<\/a>\n    <\/div>\n<\/div>\n","protected":false},"excerpt":{"rendered":"","protected":false},"author":1,"featured_media":240976,"parent":0,"menu_order":0,"comment_status":"closed","ping_status":"closed","template":"","meta":{"_acf_changed":false,"footnotes":""},"class_list":["post-134255","page","type-page","status-publish","has-post-thumbnail","hentry"],"acf":[],"yoast_head":"<title>Bedienungsanleitung | Wash ME (Ex Revolution Laundry)<\/title>\n<meta name=\"description\" content=\"Sie m\u00f6chten erfahren, wie eine Revolution-Waschstation funktioniert? Die Benutzung eines Waschstation ist einfach und schnell.\" \/>\n<meta name=\"robots\" content=\"index, follow, max-snippet:-1, max-image-preview:large, max-video-preview:-1\" \/>\n<link rel=\"canonical\" href=\"https:\/\/www.wash-megroup.com\/de-de\/bedienungsanleitung\/\" \/>\n<meta property=\"og:locale\" content=\"de_DE\" \/>\n<meta property=\"og:type\" content=\"article\" \/>\n<meta property=\"og:title\" content=\"Bedienungsanleitung | Wash ME (Ex Revolution Laundry)\" \/>\n<meta property=\"og:description\" content=\"Sie m\u00f6chten erfahren, wie eine Revolution-Waschstation funktioniert? Die Benutzung eines Waschstation ist einfach und schnell.\" \/>\n<meta property=\"og:url\" content=\"https:\/\/www.wash-megroup.com\/de-de\/bedienungsanleitung\/\" \/>\n<meta property=\"og:site_name\" content=\"Wash-ME\" \/>\n<meta property=\"article:modified_time\" content=\"2023-10-27T13:59:24+00:00\" \/>\n<meta name=\"twitter:card\" content=\"summary_large_image\" \/>\n<script type=\"application\/ld+json\" class=\"yoast-schema-graph\">{\"@context\":\"https:\/\/schema.org\",\"@graph\":[{\"@type\":\"WebPage\",\"@id\":\"https:\/\/www.wash-megroup.com\/de-de\/bedienungsanleitung\/\",\"url\":\"https:\/\/www.wash-megroup.com\/de-de\/bedienungsanleitung\/\",\"name\":\"Bedienungsanleitung | Wash ME (Ex Revolution Laundry)\",\"isPartOf\":{\"@id\":\"https:\/\/www.wash-megroup.com\/de-de\/#website\"},\"primaryImageOfPage\":{\"@id\":\"https:\/\/www.wash-megroup.com\/de-de\/bedienungsanleitung\/#primaryimage\"},\"image\":{\"@id\":\"https:\/\/www.wash-megroup.com\/de-de\/bedienungsanleitung\/#primaryimage\"},\"thumbnailUrl\":\"https:\/\/www.wash-megroup.com\/wp-content\/uploads\/2024\/11\/Wash.ME-Mode-demploi.png\",\"datePublished\":\"2022-09-22T14:08:06+00:00\",\"dateModified\":\"2023-10-27T13:59:24+00:00\",\"description\":\"Sie m\u00f6chten erfahren, wie eine Revolution-Waschstation funktioniert? Die Benutzung eines Waschstation ist einfach und schnell.\",\"breadcrumb\":{\"@id\":\"https:\/\/www.wash-megroup.com\/de-de\/bedienungsanleitung\/#breadcrumb\"},\"inLanguage\":\"de\",\"potentialAction\":[{\"@type\":\"ReadAction\",\"target\":[\"https:\/\/www.wash-megroup.com\/de-de\/bedienungsanleitung\/\"]}]},{\"@type\":\"ImageObject\",\"inLanguage\":\"de\",\"@id\":\"https:\/\/www.wash-megroup.com\/de-de\/bedienungsanleitung\/#primaryimage\",\"url\":\"https:\/\/www.wash-megroup.com\/wp-content\/uploads\/2024\/11\/Wash.ME-Mode-demploi.png\",\"contentUrl\":\"https:\/\/www.wash-megroup.com\/wp-content\/uploads\/2024\/11\/Wash.ME-Mode-demploi.png\",\"width\":1240,\"height\":720,\"caption\":\"Comment laver son linge dans une laverie Wash.ME ?\"},{\"@type\":\"BreadcrumbList\",\"@id\":\"https:\/\/www.wash-megroup.com\/de-de\/bedienungsanleitung\/#breadcrumb\",\"itemListElement\":[{\"@type\":\"ListItem\",\"position\":1,\"name\":\"Home\",\"item\":\"https:\/\/www.wash-megroup.com\/de-de\/\"},{\"@type\":\"ListItem\",\"position\":2,\"name\":\"Bedienungsanleitung\"}]},{\"@type\":\"WebSite\",\"@id\":\"https:\/\/www.wash-megroup.com\/de-de\/#website\",\"url\":\"https:\/\/www.wash-megroup.com\/de-de\/\",\"name\":\"Wash-ME\",\"description\":\"Acc\u00e9dez \u00e0 l&#039;espace particulier\",\"publisher\":{\"@id\":\"https:\/\/www.wash-megroup.com\/de-de\/#organization\"},\"potentialAction\":[{\"@type\":\"SearchAction\",\"target\":{\"@type\":\"EntryPoint\",\"urlTemplate\":\"https:\/\/www.wash-megroup.com\/de-de\/?s={search_term_string}\"},\"query-input\":{\"@type\":\"PropertyValueSpecification\",\"valueRequired\":true,\"valueName\":\"search_term_string\"}}],\"inLanguage\":\"de\"},{\"@type\":\"Organization\",\"@id\":\"https:\/\/www.wash-megroup.com\/de-de\/#organization\",\"name\":\"Wash-ME\",\"url\":\"https:\/\/www.wash-megroup.com\/de-de\/\",\"logo\":{\"@type\":\"ImageObject\",\"inLanguage\":\"de\",\"@id\":\"https:\/\/www.wash-megroup.com\/de-de\/#\/schema\/logo\/image\/\",\"url\":\"https:\/\/www.wash-megroup.com\/wp-content\/uploads\/2021\/07\/logo_revolaundry_white@2x.png\",\"contentUrl\":\"https:\/\/www.wash-megroup.com\/wp-content\/uploads\/2021\/07\/logo_revolaundry_white@2x.png\",\"width\":538,\"height\":146,\"caption\":\"Wash-ME\"},\"image\":{\"@id\":\"https:\/\/www.wash-megroup.com\/de-de\/#\/schema\/logo\/image\/\"}}]}<\/script>","yoast_head_json":{"title":"Bedienungsanleitung | Wash ME (Ex Revolution Laundry)","description":"Sie m\u00f6chten erfahren, wie eine Revolution-Waschstation funktioniert? Die Benutzung eines Waschstation ist einfach und schnell.","robots":{"index":"index","follow":"follow","max-snippet":"max-snippet:-1","max-image-preview":"max-image-preview:large","max-video-preview":"max-video-preview:-1"},"canonical":"https:\/\/www.wash-megroup.com\/de-de\/bedienungsanleitung\/","og_locale":"de_DE","og_type":"article","og_title":"Bedienungsanleitung | Wash ME (Ex Revolution Laundry)","og_description":"Sie m\u00f6chten erfahren, wie eine Revolution-Waschstation funktioniert? Die Benutzung eines Waschstation ist einfach und schnell.","og_url":"https:\/\/www.wash-megroup.com\/de-de\/bedienungsanleitung\/","og_site_name":"Wash-ME","article_modified_time":"2023-10-27T13:59:24+00:00","twitter_card":"summary_large_image","schema":{"@context":"https:\/\/schema.org","@graph":[{"@type":"WebPage","@id":"https:\/\/www.wash-megroup.com\/de-de\/bedienungsanleitung\/","url":"https:\/\/www.wash-megroup.com\/de-de\/bedienungsanleitung\/","name":"Bedienungsanleitung | Wash ME (Ex Revolution Laundry)","isPartOf":{"@id":"https:\/\/www.wash-megroup.com\/de-de\/#website"},"primaryImageOfPage":{"@id":"https:\/\/www.wash-megroup.com\/de-de\/bedienungsanleitung\/#primaryimage"},"image":{"@id":"https:\/\/www.wash-megroup.com\/de-de\/bedienungsanleitung\/#primaryimage"},"thumbnailUrl":"https:\/\/www.wash-megroup.com\/wp-content\/uploads\/2024\/11\/Wash.ME-Mode-demploi.png","datePublished":"2022-09-22T14:08:06+00:00","dateModified":"2023-10-27T13:59:24+00:00","description":"Sie m\u00f6chten erfahren, wie eine Revolution-Waschstation funktioniert? Die Benutzung eines Waschstation ist einfach und schnell.","breadcrumb":{"@id":"https:\/\/www.wash-megroup.com\/de-de\/bedienungsanleitung\/#breadcrumb"},"inLanguage":"de","potentialAction":[{"@type":"ReadAction","target":["https:\/\/www.wash-megroup.com\/de-de\/bedienungsanleitung\/"]}]},{"@type":"ImageObject","inLanguage":"de","@id":"https:\/\/www.wash-megroup.com\/de-de\/bedienungsanleitung\/#primaryimage","url":"https:\/\/www.wash-megroup.com\/wp-content\/uploads\/2024\/11\/Wash.ME-Mode-demploi.png","contentUrl":"https:\/\/www.wash-megroup.com\/wp-content\/uploads\/2024\/11\/Wash.ME-Mode-demploi.png","width":1240,"height":720,"caption":"Comment laver son linge dans une laverie Wash.ME ?"},{"@type":"BreadcrumbList","@id":"https:\/\/www.wash-megroup.com\/de-de\/bedienungsanleitung\/#breadcrumb","itemListElement":[{"@type":"ListItem","position":1,"name":"Home","item":"https:\/\/www.wash-megroup.com\/de-de\/"},{"@type":"ListItem","position":2,"name":"Bedienungsanleitung"}]},{"@type":"WebSite","@id":"https:\/\/www.wash-megroup.com\/de-de\/#website","url":"https:\/\/www.wash-megroup.com\/de-de\/","name":"Wash-ME","description":"Acc\u00e9dez \u00e0 l&#039;espace particulier","publisher":{"@id":"https:\/\/www.wash-megroup.com\/de-de\/#organization"},"potentialAction":[{"@type":"SearchAction","target":{"@type":"EntryPoint","urlTemplate":"https:\/\/www.wash-megroup.com\/de-de\/?s={search_term_string}"},"query-input":{"@type":"PropertyValueSpecification","valueRequired":true,"valueName":"search_term_string"}}],"inLanguage":"de"},{"@type":"Organization","@id":"https:\/\/www.wash-megroup.com\/de-de\/#organization","name":"Wash-ME","url":"https:\/\/www.wash-megroup.com\/de-de\/","logo":{"@type":"ImageObject","inLanguage":"de","@id":"https:\/\/www.wash-megroup.com\/de-de\/#\/schema\/logo\/image\/","url":"https:\/\/www.wash-megroup.com\/wp-content\/uploads\/2021\/07\/logo_revolaundry_white@2x.png","contentUrl":"https:\/\/www.wash-megroup.com\/wp-content\/uploads\/2021\/07\/logo_revolaundry_white@2x.png","width":538,"height":146,"caption":"Wash-ME"},"image":{"@id":"https:\/\/www.wash-megroup.com\/de-de\/#\/schema\/logo\/image\/"}}]}},"_links":{"self":[{"href":"https:\/\/www.wash-megroup.com\/de-de\/wp-json\/wp\/v2\/pages\/134255","targetHints":{"allow":["GET"]}}],"collection":[{"href":"https:\/\/www.wash-megroup.com\/de-de\/wp-json\/wp\/v2\/pages"}],"about":[{"href":"https:\/\/www.wash-megroup.com\/de-de\/wp-json\/wp\/v2\/types\/page"}],"author":[{"embeddable":true,"href":"https:\/\/www.wash-megroup.com\/de-de\/wp-json\/wp\/v2\/users\/1"}],"replies":[{"embeddable":true,"href":"https:\/\/www.wash-megroup.com\/de-de\/wp-json\/wp\/v2\/comments?post=134255"}],"version-history":[{"count":13,"href":"https:\/\/www.wash-megroup.com\/de-de\/wp-json\/wp\/v2\/pages\/134255\/revisions"}],"predecessor-version":[{"id":172908,"href":"https:\/\/www.wash-megroup.com\/de-de\/wp-json\/wp\/v2\/pages\/134255\/revisions\/172908"}],"wp:featuredmedia":[{"embeddable":true,"href":"https:\/\/www.wash-megroup.com\/de-de\/wp-json\/wp\/v2\/media\/240976"}],"wp:attachment":[{"href":"https:\/\/www.wash-megroup.com\/de-de\/wp-json\/wp\/v2\/media?parent=134255"}],"curies":[{"name":"wp","href":"https:\/\/api.w.org\/{rel}","templated":true}]}}