{"id":185618,"date":"2024-02-12T10:29:31","date_gmt":"2024-02-12T09:29:31","guid":{"rendered":"https:\/\/www.wash-megroup.com\/me-group-app\/"},"modified":"2024-08-12T14:43:14","modified_gmt":"2024-08-12T12:43:14","slug":"wash-me-app","status":"publish","type":"page","link":"https:\/\/www.wash-megroup.com\/en-uk\/wash-me-app\/","title":{"rendered":"Wash.ME App"},"content":{"rendered":"<div class=\"block-blue\">\n    <div class=\"block-blue__container\">\n        <div class=\"block-blue__title-wrapper\">\n            <h2 class=\"title block-blue__title title--size-m title--white\">\n    DOWNLOAD OUR NEW MOBILE APP<\/h2>\n        <\/div>\n        <div class=\"block-blue__text\">\n            <div class=\"text \">\n    <p><span style=\"font-weight: 400\">Install our Wash.ME app to help you find a Wash.ME self-service launderette near you. Plus, you\u2019ll have access to exclusive offers and promotions.<\/span><\/p>\n<\/div>\n        <\/div>\n            <\/div>\n<\/div>\n\n\n\n<div style=\"height:52px\" aria-hidden=\"true\" class=\"wp-block-spacer\"><\/div>\n\n\n\n<div class=\"wp-block-columns is-layout-flex wp-container-core-columns-is-layout-28f84493 wp-block-columns-is-layout-flex\">\n<div class=\"wp-block-column is-layout-flow wp-block-column-is-layout-flow\">\n<figure data-wp-context=\"{&quot;imageId&quot;:&quot;69fe0b9bd3bfd&quot;}\" data-wp-interactive=\"core\/image\" class=\"wp-block-image size-full is-resized wp-lightbox-container\"><img decoding=\"async\" width=\"2518\" height=\"1961\" data-wp-class--hide=\"state.isContentHidden\" data-wp-class--show=\"state.isContentVisible\" data-wp-init=\"callbacks.setButtonStyles\" data-wp-on-async--click=\"actions.showLightbox\" data-wp-on-async--load=\"callbacks.setButtonStyles\" data-wp-on-async-window--resize=\"callbacks.setButtonStyles\" src=\"https:\/\/www.wash-megroup.com\/wp-content\/uploads\/2024\/01\/Design-sans-titre.jpg\" alt=\"Nouvelle appli mobile ME Group, t\u00e9l\u00e9chargez-l\u00e0 !\" class=\"wp-image-183729\" style=\"width:700px\" srcset=\"https:\/\/www.wash-megroup.com\/wp-content\/uploads\/2024\/01\/Design-sans-titre.jpg 2518w, https:\/\/www.wash-megroup.com\/wp-content\/uploads\/2024\/01\/Design-sans-titre-300x234.jpg 300w, https:\/\/www.wash-megroup.com\/wp-content\/uploads\/2024\/01\/Design-sans-titre-1024x797.jpg 1024w, https:\/\/www.wash-megroup.com\/wp-content\/uploads\/2024\/01\/Design-sans-titre-768x598.jpg 768w, https:\/\/www.wash-megroup.com\/wp-content\/uploads\/2024\/01\/Design-sans-titre-1536x1196.jpg 1536w, https:\/\/www.wash-megroup.com\/wp-content\/uploads\/2024\/01\/Design-sans-titre-2048x1595.jpg 2048w\" sizes=\"(max-width: 2518px) 100vw, 2518px\" \/><button\n\t\t\tclass=\"lightbox-trigger\"\n\t\t\ttype=\"button\"\n\t\t\taria-haspopup=\"dialog\"\n\t\t\taria-label=\"Enlarge\"\n\t\t\tdata-wp-init=\"callbacks.initTriggerButton\"\n\t\t\tdata-wp-on-async--click=\"actions.showLightbox\"\n\t\t\tdata-wp-style--right=\"state.imageButtonRight\"\n\t\t\tdata-wp-style--top=\"state.imageButtonTop\"\n\t\t>\n\t\t\t<svg xmlns=\"http:\/\/www.w3.org\/2000\/svg\" width=\"12\" height=\"12\" fill=\"none\" viewBox=\"0 0 12 12\">\n\t\t\t\t<path fill=\"#fff\" d=\"M2 0a2 2 0 0 0-2 2v2h1.5V2a.5.5 0 0 1 .5-.5h2V0H2Zm2 10.5H2a.5.5 0 0 1-.5-.5V8H0v2a2 2 0 0 0 2 2h2v-1.5ZM8 12v-1.5h2a.5.5 0 0 0 .5-.5V8H12v2a2 2 0 0 1-2 2H8Zm2-12a2 2 0 0 1 2 2v2h-1.5V2a.5.5 0 0 0-.5-.5H8V0h2Z\" \/>\n\t\t\t<\/svg>\n\t\t<\/button><\/figure>\n<\/div>\n\n\n\n<div class=\"wp-block-column is-layout-flow wp-block-column-is-layout-flow\">\n<h2 class=\"wp-block-heading\"><strong>Save time and access discounts<\/strong><\/h2>\n\n\n\n<p class=\"has-text-align-left\" style=\"padding-right:0;padding-left:0\">Find all your laundry services in one place. Through our app, you can locate your closest machine, save your favourite locations and view the type of services available at each location.<\/p>\n\n\n\n<div class=\"wp-block-buttons is-content-justification-space-between is-layout-flex wp-container-core-buttons-is-layout-b2891da8 wp-block-buttons-is-layout-flex\"><div class=\"wp-block-button\">\n<a href=\"#download-app\" class=\"button wp-block-button__link \">\n<span>\nDownload the Wash.ME app\n<\/span><\/a><!--\/ .container -->\n<\/div><!--\/ .group -->\n<\/div>\n\n\n\n<figure class=\"wp-block-image alignleft size-full is-resized\"><img decoding=\"async\" width=\"2080\" height=\"2080\" src=\"https:\/\/www.wash-megroup.com\/wp-content\/uploads\/2024\/03\/Icone-App-Wash-ME-HD.png\" alt=\"Wash.ME app\" class=\"wp-image-192281\" style=\"width:94px;height:auto\" srcset=\"https:\/\/www.wash-megroup.com\/wp-content\/uploads\/2024\/03\/Icone-App-Wash-ME-HD.png 2080w, https:\/\/www.wash-megroup.com\/wp-content\/uploads\/2024\/03\/Icone-App-Wash-ME-HD-300x300.png 300w, https:\/\/www.wash-megroup.com\/wp-content\/uploads\/2024\/03\/Icone-App-Wash-ME-HD-1024x1024.png 1024w, https:\/\/www.wash-megroup.com\/wp-content\/uploads\/2024\/03\/Icone-App-Wash-ME-HD-150x150.png 150w, https:\/\/www.wash-megroup.com\/wp-content\/uploads\/2024\/03\/Icone-App-Wash-ME-HD-768x768.png 768w, https:\/\/www.wash-megroup.com\/wp-content\/uploads\/2024\/03\/Icone-App-Wash-ME-HD-1536x1536.png 1536w, https:\/\/www.wash-megroup.com\/wp-content\/uploads\/2024\/03\/Icone-App-Wash-ME-HD-2048x2048.png 2048w\" sizes=\"(max-width: 2080px) 100vw, 2080px\" \/><\/figure>\n<\/div>\n<\/div>\n\n\n\n<h2 class=\"wp-block-heading has-text-align-center\">Keeping your washing routine simple with our App<\/h2>\n\n\n\n<div class=\"wp-block-columns is-layout-flex wp-container-core-columns-is-layout-28f84493 wp-block-columns-is-layout-flex\">\n<div class=\"wp-block-column is-layout-flow wp-block-column-is-layout-flow\">\n<p class=\"has-text-align-right\"><mark style=\"background-color:#FFFFFF\" class=\"has-inline-color has-blue-viking-color\"><strong>LOCAL |<\/strong><\/mark> Find your closest machine in a few clicks<\/p>\n\n\n\n<p class=\"has-text-align-right\"><strong><mark style=\"background-color:#FFFFFF\" class=\"has-inline-color has-blue-viking-color\">QUICK |<\/mark><\/strong> Save your favourite launderettes and find them automatically when you sign in<\/p>\n\n\n\n<p class=\"has-text-align-right\"><strong><mark style=\"background-color:#FFFFFF\" class=\"has-inline-color has-blue-viking-color\">CONVENIENT |<\/mark><\/strong> Find over 3,000 Wash ME locations across the UK and Europe<\/p>\n\n\n\n<p class=\"has-text-align-right\"><strong><mark style=\"background-color:#FFFFFF\" class=\"has-inline-color has-blue-viking-color\">SAVINGS |<\/mark><\/strong> Access unique codes and discounts only through the app<\/p>\n<\/div>\n\n\n\n<div class=\"wp-block-column is-layout-flow wp-block-column-is-layout-flow\">\n<figure class=\"wp-block-image size-full is-resized\"><img decoding=\"async\" width=\"800\" height=\"800\" src=\"https:\/\/www.wash-megroup.com\/wp-content\/uploads\/2024\/02\/RAPIDE-UK-400x400-1.png\" alt=\"\" class=\"wp-image-187338\" style=\"width:400px\" srcset=\"https:\/\/www.wash-megroup.com\/wp-content\/uploads\/2024\/02\/RAPIDE-UK-400x400-1.png 800w, https:\/\/www.wash-megroup.com\/wp-content\/uploads\/2024\/02\/RAPIDE-UK-400x400-1-300x300.png 300w, https:\/\/www.wash-megroup.com\/wp-content\/uploads\/2024\/02\/RAPIDE-UK-400x400-1-150x150.png 150w, https:\/\/www.wash-megroup.com\/wp-content\/uploads\/2024\/02\/RAPIDE-UK-400x400-1-768x768.png 768w\" sizes=\"(max-width: 800px) 100vw, 800px\" \/><\/figure>\n<\/div>\n<\/div>\n\n\n\n<div class=\"wp-block-columns is-layout-flex wp-container-core-columns-is-layout-28f84493 wp-block-columns-is-layout-flex\">\n<div class=\"wp-block-column is-layout-flow wp-block-column-is-layout-flow\">\n<figure class=\"wp-block-image size-large is-resized\"><img decoding=\"async\" width=\"1024\" height=\"1024\" src=\"https:\/\/www.wash-megroup.com\/wp-content\/uploads\/2024\/02\/EFFICACE-UK-1024x1024.jpg\" alt=\"\" class=\"wp-image-187287\" style=\"width:400px\" srcset=\"https:\/\/www.wash-megroup.com\/wp-content\/uploads\/2024\/02\/EFFICACE-UK-1024x1024.jpg 1024w, https:\/\/www.wash-megroup.com\/wp-content\/uploads\/2024\/02\/EFFICACE-UK-300x300.jpg 300w, https:\/\/www.wash-megroup.com\/wp-content\/uploads\/2024\/02\/EFFICACE-UK-150x150.jpg 150w, https:\/\/www.wash-megroup.com\/wp-content\/uploads\/2024\/02\/EFFICACE-UK-768x768.jpg 768w, https:\/\/www.wash-megroup.com\/wp-content\/uploads\/2024\/02\/EFFICACE-UK-1536x1536.jpg 1536w, https:\/\/www.wash-megroup.com\/wp-content\/uploads\/2024\/02\/EFFICACE-UK-2048x2048.jpg 2048w\" sizes=\"(max-width: 1024px) 100vw, 1024px\" \/><\/figure>\n<\/div>\n\n\n\n<div class=\"wp-block-column is-layout-flow wp-block-column-is-layout-flow\">\n<p><mark style=\"background-color:#FFFFFF\" class=\"has-inline-color has-blue-viking-color\"><strong>USAGE |<\/strong><\/mark> Start your journey to your launderette directly from the app.<\/p>\n\n\n\n<p class=\"has-text-align-left\"><mark style=\"background-color:#FFFFFF\" class=\"has-inline-color has-blue-viking-color\"><strong>EFFICIENT |<\/strong><\/mark> View all the services offered in each of our Wash.ME launderettes.<\/p>\n\n\n\n<p><mark style=\"background-color:#FFFFFF\" class=\"has-inline-color has-blue-viking-color\"><strong>ECONOMICAL |<\/strong><\/mark> Find all the benefits and promotions to save money all year round!<\/p>\n<\/div>\n<\/div>\n\n\n\n<div style=\"height:34px\" aria-hidden=\"true\" class=\"wp-block-spacer\"><\/div>\n\n\n\n<div class=\"wp-block-group alignfull has-background is-layout-constrained wp-block-group-is-layout-constrained\" style=\"background-color:#eeeeee;padding-top:var(--wp--preset--spacing--60);padding-bottom:var(--wp--preset--spacing--60)\">\n<h2 class=\"wp-block-heading has-text-align-center\">WASH.ME WILL GO WITH YOU WHEREVER YOU ARE!<\/h2>\n\n\n\n<p class=\"has-text-align-center\" style=\"font-size:20px\">In the UK and Europe, enjoy all the benefits of our network of Wash.ME launderettes and keep your laundry fresh and clean at low prices with the Wash.ME app.<\/p>\n\n\n\n<div class=\"wp-block-columns alignwide is-layout-flex wp-container-core-columns-is-layout-28f84493 wp-block-columns-is-layout-flex\">\n<div class=\"wp-block-column is-layout-flow wp-block-column-is-layout-flow\">\n<figure class=\"wp-block-image aligncenter size-full\"><img decoding=\"async\" width=\"150\" height=\"150\" src=\"https:\/\/www.wash-megroup.com\/wp-content\/uploads\/2024\/01\/150x150_GEOLOCALISATION_1.png\" alt=\"Locate your Wash ME launderette\" class=\"wp-image-181784\" \/><\/figure>\n\n\n\n<p class=\"has-text-align-center\" style=\"font-size:18px\"><strong>Wash.ME<\/strong> <strong>Geolocation<\/strong><\/p>\n<\/div>\n\n\n\n<div class=\"wp-block-column is-layout-flow wp-block-column-is-layout-flow\">\n<figure class=\"wp-block-image aligncenter size-full\"><img decoding=\"async\" width=\"150\" height=\"150\" src=\"https:\/\/www.wash-megroup.com\/wp-content\/uploads\/2024\/01\/150x150_INFOS.png\" alt=\"Information and services available\" class=\"wp-image-181814\" \/><\/figure>\n\n\n\n<p class=\"has-text-align-center\" id=\"telechargez-app\" style=\"font-size:18px\"><strong>Information and services available<\/strong><\/p>\n<\/div>\n\n\n\n<div class=\"wp-block-column is-layout-flow wp-block-column-is-layout-flow\">\n<figure class=\"wp-block-image aligncenter size-full\"><img decoding=\"async\" width=\"150\" height=\"150\" src=\"https:\/\/www.wash-megroup.com\/wp-content\/uploads\/2024\/01\/150x150_PROMO-1.png\" alt=\"\" class=\"wp-image-183695\" \/><\/figure>\n\n\n\n<p class=\"has-text-align-center\" style=\"font-size:18px\"><strong>Promos and special offers<\/strong><\/p>\n<\/div>\n<\/div>\n<\/div>\n\n\n\n<h2 class=\"wp-block-heading has-text-align-center\" id=\"download-app\">New products and benefits all year round<\/h2>\n\n\n\n<div class=\"wp-block-columns is-layout-flex wp-container-core-columns-is-layout-28f84493 wp-block-columns-is-layout-flex\">\n<div class=\"wp-block-column is-layout-flow wp-block-column-is-layout-flow\" style=\"flex-basis:66.66%\">\n<p>Wash.ME is evolving to bring you even more services. Our teams are working every day to improve your experience and make your life easier. So don&#8217;t miss out! Install the application now!<\/p>\n\n\n\n<p>Welcome, and take advantage of an immediate <strong><mark style=\"background-color:#56c2df\" class=\"has-inline-color has-white-color\">\u00a32 discount on your first wash\/dry*.<\/mark><\/strong><\/p>\n\n\n\n<p>Go to the app to find out your personalised code!<\/p>\n<\/div>\n\n\n\n<div class=\"wp-block-column is-layout-flow wp-block-column-is-layout-flow\" style=\"flex-basis:33.33%\">\n<figure class=\"wp-block-image size-full is-resized\"><a href=\"https:\/\/apps.apple.com\/gb\/app\/wash-me\/id6449978633\" target=\"_blank\" rel=\"noreferrer noopener\"><img decoding=\"async\" width=\"828\" height=\"269\" src=\"https:\/\/www.wash-megroup.com\/wp-content\/uploads\/2024\/02\/Bouton-App-Store-EN.png\" alt=\"\" class=\"wp-image-187355\" style=\"width:240px\" srcset=\"https:\/\/www.wash-megroup.com\/wp-content\/uploads\/2024\/02\/Bouton-App-Store-EN.png 828w, https:\/\/www.wash-megroup.com\/wp-content\/uploads\/2024\/02\/Bouton-App-Store-EN-300x97.png 300w, https:\/\/www.wash-megroup.com\/wp-content\/uploads\/2024\/02\/Bouton-App-Store-EN-768x250.png 768w\" sizes=\"(max-width: 828px) 100vw, 828px\" \/><\/a><\/figure>\n\n\n\n<figure class=\"wp-block-image size-full is-resized\"><a href=\"https:\/\/play.google.com\/store\/search?q=wash.me&amp;c=apps&amp;hl=en\" target=\"_blank\" rel=\"noreferrer noopener\"><img decoding=\"async\" width=\"828\" height=\"269\" src=\"https:\/\/www.wash-megroup.com\/wp-content\/uploads\/2024\/02\/Bouton-Google-Play-EN.png\" alt=\"\" class=\"wp-image-187370\" style=\"width:240px\" srcset=\"https:\/\/www.wash-megroup.com\/wp-content\/uploads\/2024\/02\/Bouton-Google-Play-EN.png 828w, https:\/\/www.wash-megroup.com\/wp-content\/uploads\/2024\/02\/Bouton-Google-Play-EN-300x97.png 300w, https:\/\/www.wash-megroup.com\/wp-content\/uploads\/2024\/02\/Bouton-Google-Play-EN-768x250.png 768w\" sizes=\"(max-width: 828px) 100vw, 828px\" \/><\/a><\/figure>\n<\/div>\n<\/div>\n\n\n\n<p class=\"has-small-font-size\">*Offer reserved for new users of the Wash.ME mobile application. If you have already installed the Wash.ME mobile application, you will not be able to access this promotional code. However, you will have access to all future promotional offers throughout the year. Stay connected!<\/p>\n\n\n\n<div style=\"height:24px\" aria-hidden=\"true\" class=\"wp-block-spacer\"><\/div>\n\n\n<div class=\"block-blue\">\n    <div class=\"block-blue__container\">\n        <div class=\"block-blue__title-wrapper\">\n            <h2 class=\"title block-blue__title title--size-m title--white\">\n    Wash.ME, your everyday partner.<\/h2>\n        <\/div>\n        <div class=\"block-blue__text\">\n                    <\/div>\n        <a class=\"link block-blue__cta-link button button--bordered-white button--with-icon icon-arrow-right\" href=\"https:\/\/stores.revolution-laundry.com\/en-uk\" target=\"_blank\">\n    <span>Find your launderette<\/span>\n<\/a>\n    <\/div>\n<\/div>\n","protected":false},"excerpt":{"rendered":"<p>Save time and access discounts Find all your laundry services in one&#8230;<\/p>\n","protected":false},"author":29,"featured_media":240957,"parent":0,"menu_order":0,"comment_status":"closed","ping_status":"closed","template":"","meta":{"_acf_changed":false,"footnotes":""},"class_list":["post-185618","page","type-page","status-publish","has-post-thumbnail","hentry"],"acf":[],"yoast_head":"<title>Wash.ME App - Wash-ME<\/title>\n<meta name=\"description\" content=\"Download the Wash.ME app and take advantage of great deals all year round for clean laundry at low prices in Wash.ME launderettes!\" \/>\n<meta name=\"robots\" content=\"index, follow, max-snippet:-1, max-image-preview:large, max-video-preview:-1\" \/>\n<link rel=\"canonical\" href=\"https:\/\/www.wash-megroup.com\/en-uk\/wash-me-app\/\" \/>\n<meta property=\"og:locale\" content=\"en_US\" \/>\n<meta property=\"og:type\" content=\"article\" \/>\n<meta property=\"og:title\" content=\"Wash.ME App - Wash-ME\" \/>\n<meta property=\"og:description\" content=\"Download the Wash.ME app and take advantage of great deals all year round for clean laundry at low prices in Wash.ME launderettes!\" \/>\n<meta property=\"og:url\" content=\"https:\/\/www.wash-megroup.com\/en-uk\/wash-me-app\/\" \/>\n<meta property=\"og:site_name\" content=\"Wash-ME\" \/>\n<meta property=\"article:modified_time\" content=\"2024-08-12T12:43:14+00:00\" \/>\n<meta property=\"og:image\" content=\"https:\/\/www.wash-megroup.com\/wp-content\/uploads\/2024\/01\/Design-sans-titre.jpg\" \/>\n<meta name=\"twitter:card\" content=\"summary_large_image\" \/>\n<meta name=\"twitter:label1\" content=\"Est. reading time\" \/>\n\t<meta name=\"twitter:data1\" content=\"4 minutes\" \/>\n<script type=\"application\/ld+json\" class=\"yoast-schema-graph\">{\"@context\":\"https:\/\/schema.org\",\"@graph\":[{\"@type\":\"WebPage\",\"@id\":\"https:\/\/www.wash-megroup.com\/en-uk\/wash-me-app\/\",\"url\":\"https:\/\/www.wash-megroup.com\/en-uk\/wash-me-app\/\",\"name\":\"Wash.ME App - Wash-ME\",\"isPartOf\":{\"@id\":\"https:\/\/www.wash-megroup.com\/en-uk\/#website\"},\"primaryImageOfPage\":{\"@id\":\"https:\/\/www.wash-megroup.com\/en-uk\/wash-me-app\/#primaryimage\"},\"image\":{\"@id\":\"https:\/\/www.wash-megroup.com\/en-uk\/wash-me-app\/#primaryimage\"},\"thumbnailUrl\":\"https:\/\/www.wash-megroup.com\/wp-content\/uploads\/2024\/11\/Home-page.png\",\"datePublished\":\"2024-02-12T09:29:31+00:00\",\"dateModified\":\"2024-08-12T12:43:14+00:00\",\"description\":\"Download the Wash.ME app and take advantage of great deals all year round for clean laundry at low prices in Wash.ME launderettes!\",\"breadcrumb\":{\"@id\":\"https:\/\/www.wash-megroup.com\/en-uk\/wash-me-app\/#breadcrumb\"},\"inLanguage\":\"en-UK\",\"potentialAction\":[{\"@type\":\"ReadAction\",\"target\":[\"https:\/\/www.wash-megroup.com\/en-uk\/wash-me-app\/\"]}]},{\"@type\":\"ImageObject\",\"inLanguage\":\"en-UK\",\"@id\":\"https:\/\/www.wash-megroup.com\/en-uk\/wash-me-app\/#primaryimage\",\"url\":\"https:\/\/www.wash-megroup.com\/wp-content\/uploads\/2024\/11\/Home-page.png\",\"contentUrl\":\"https:\/\/www.wash-megroup.com\/wp-content\/uploads\/2024\/11\/Home-page.png\",\"width\":1280,\"height\":686,\"caption\":\"D\u00e9couvrez le site Wash.ME France\"},{\"@type\":\"BreadcrumbList\",\"@id\":\"https:\/\/www.wash-megroup.com\/en-uk\/wash-me-app\/#breadcrumb\",\"itemListElement\":[{\"@type\":\"ListItem\",\"position\":1,\"name\":\"Home\",\"item\":\"https:\/\/www.wash-megroup.com\/en-uk\/\"},{\"@type\":\"ListItem\",\"position\":2,\"name\":\"Wash.ME App\"}]},{\"@type\":\"WebSite\",\"@id\":\"https:\/\/www.wash-megroup.com\/en-uk\/#website\",\"url\":\"https:\/\/www.wash-megroup.com\/en-uk\/\",\"name\":\"Wash-ME\",\"description\":\"Access customer space\",\"publisher\":{\"@id\":\"https:\/\/www.wash-megroup.com\/en-uk\/#organization\"},\"potentialAction\":[{\"@type\":\"SearchAction\",\"target\":{\"@type\":\"EntryPoint\",\"urlTemplate\":\"https:\/\/www.wash-megroup.com\/en-uk\/?s={search_term_string}\"},\"query-input\":{\"@type\":\"PropertyValueSpecification\",\"valueRequired\":true,\"valueName\":\"search_term_string\"}}],\"inLanguage\":\"en-UK\"},{\"@type\":\"Organization\",\"@id\":\"https:\/\/www.wash-megroup.com\/en-uk\/#organization\",\"name\":\"Wash-ME\",\"url\":\"https:\/\/www.wash-megroup.com\/en-uk\/\",\"logo\":{\"@type\":\"ImageObject\",\"inLanguage\":\"en-UK\",\"@id\":\"https:\/\/www.wash-megroup.com\/en-uk\/#\/schema\/logo\/image\/\",\"url\":\"https:\/\/www.wash-megroup.com\/wp-content\/uploads\/2021\/07\/logo_revolaundry_white@2x.png\",\"contentUrl\":\"https:\/\/www.wash-megroup.com\/wp-content\/uploads\/2021\/07\/logo_revolaundry_white@2x.png\",\"width\":538,\"height\":146,\"caption\":\"Wash-ME\"},\"image\":{\"@id\":\"https:\/\/www.wash-megroup.com\/en-uk\/#\/schema\/logo\/image\/\"}}]}<\/script>","yoast_head_json":{"title":"Wash.ME App - Wash-ME","description":"Download the Wash.ME app and take advantage of great deals all year round for clean laundry at low prices in Wash.ME launderettes!","robots":{"index":"index","follow":"follow","max-snippet":"max-snippet:-1","max-image-preview":"max-image-preview:large","max-video-preview":"max-video-preview:-1"},"canonical":"https:\/\/www.wash-megroup.com\/en-uk\/wash-me-app\/","og_locale":"en_US","og_type":"article","og_title":"Wash.ME App - Wash-ME","og_description":"Download the Wash.ME app and take advantage of great deals all year round for clean laundry at low prices in Wash.ME launderettes!","og_url":"https:\/\/www.wash-megroup.com\/en-uk\/wash-me-app\/","og_site_name":"Wash-ME","article_modified_time":"2024-08-12T12:43:14+00:00","og_image":[{"url":"https:\/\/www.wash-megroup.com\/wp-content\/uploads\/2024\/01\/Design-sans-titre.jpg","type":"","width":"","height":""}],"twitter_card":"summary_large_image","twitter_misc":{"Est. reading time":"4 minutes"},"schema":{"@context":"https:\/\/schema.org","@graph":[{"@type":"WebPage","@id":"https:\/\/www.wash-megroup.com\/en-uk\/wash-me-app\/","url":"https:\/\/www.wash-megroup.com\/en-uk\/wash-me-app\/","name":"Wash.ME App - Wash-ME","isPartOf":{"@id":"https:\/\/www.wash-megroup.com\/en-uk\/#website"},"primaryImageOfPage":{"@id":"https:\/\/www.wash-megroup.com\/en-uk\/wash-me-app\/#primaryimage"},"image":{"@id":"https:\/\/www.wash-megroup.com\/en-uk\/wash-me-app\/#primaryimage"},"thumbnailUrl":"https:\/\/www.wash-megroup.com\/wp-content\/uploads\/2024\/11\/Home-page.png","datePublished":"2024-02-12T09:29:31+00:00","dateModified":"2024-08-12T12:43:14+00:00","description":"Download the Wash.ME app and take advantage of great deals all year round for clean laundry at low prices in Wash.ME launderettes!","breadcrumb":{"@id":"https:\/\/www.wash-megroup.com\/en-uk\/wash-me-app\/#breadcrumb"},"inLanguage":"en-UK","potentialAction":[{"@type":"ReadAction","target":["https:\/\/www.wash-megroup.com\/en-uk\/wash-me-app\/"]}]},{"@type":"ImageObject","inLanguage":"en-UK","@id":"https:\/\/www.wash-megroup.com\/en-uk\/wash-me-app\/#primaryimage","url":"https:\/\/www.wash-megroup.com\/wp-content\/uploads\/2024\/11\/Home-page.png","contentUrl":"https:\/\/www.wash-megroup.com\/wp-content\/uploads\/2024\/11\/Home-page.png","width":1280,"height":686,"caption":"D\u00e9couvrez le site Wash.ME France"},{"@type":"BreadcrumbList","@id":"https:\/\/www.wash-megroup.com\/en-uk\/wash-me-app\/#breadcrumb","itemListElement":[{"@type":"ListItem","position":1,"name":"Home","item":"https:\/\/www.wash-megroup.com\/en-uk\/"},{"@type":"ListItem","position":2,"name":"Wash.ME App"}]},{"@type":"WebSite","@id":"https:\/\/www.wash-megroup.com\/en-uk\/#website","url":"https:\/\/www.wash-megroup.com\/en-uk\/","name":"Wash-ME","description":"Access customer space","publisher":{"@id":"https:\/\/www.wash-megroup.com\/en-uk\/#organization"},"potentialAction":[{"@type":"SearchAction","target":{"@type":"EntryPoint","urlTemplate":"https:\/\/www.wash-megroup.com\/en-uk\/?s={search_term_string}"},"query-input":{"@type":"PropertyValueSpecification","valueRequired":true,"valueName":"search_term_string"}}],"inLanguage":"en-UK"},{"@type":"Organization","@id":"https:\/\/www.wash-megroup.com\/en-uk\/#organization","name":"Wash-ME","url":"https:\/\/www.wash-megroup.com\/en-uk\/","logo":{"@type":"ImageObject","inLanguage":"en-UK","@id":"https:\/\/www.wash-megroup.com\/en-uk\/#\/schema\/logo\/image\/","url":"https:\/\/www.wash-megroup.com\/wp-content\/uploads\/2021\/07\/logo_revolaundry_white@2x.png","contentUrl":"https:\/\/www.wash-megroup.com\/wp-content\/uploads\/2021\/07\/logo_revolaundry_white@2x.png","width":538,"height":146,"caption":"Wash-ME"},"image":{"@id":"https:\/\/www.wash-megroup.com\/en-uk\/#\/schema\/logo\/image\/"}}]}},"_links":{"self":[{"href":"https:\/\/www.wash-megroup.com\/en-uk\/wp-json\/wp\/v2\/pages\/185618","targetHints":{"allow":["GET"]}}],"collection":[{"href":"https:\/\/www.wash-megroup.com\/en-uk\/wp-json\/wp\/v2\/pages"}],"about":[{"href":"https:\/\/www.wash-megroup.com\/en-uk\/wp-json\/wp\/v2\/types\/page"}],"author":[{"embeddable":true,"href":"https:\/\/www.wash-megroup.com\/en-uk\/wp-json\/wp\/v2\/users\/29"}],"replies":[{"embeddable":true,"href":"https:\/\/www.wash-megroup.com\/en-uk\/wp-json\/wp\/v2\/comments?post=185618"}],"version-history":[{"count":23,"href":"https:\/\/www.wash-megroup.com\/en-uk\/wp-json\/wp\/v2\/pages\/185618\/revisions"}],"predecessor-version":[{"id":215798,"href":"https:\/\/www.wash-megroup.com\/en-uk\/wp-json\/wp\/v2\/pages\/185618\/revisions\/215798"}],"wp:featuredmedia":[{"embeddable":true,"href":"https:\/\/www.wash-megroup.com\/en-uk\/wp-json\/wp\/v2\/media\/240957"}],"wp:attachment":[{"href":"https:\/\/www.wash-megroup.com\/en-uk\/wp-json\/wp\/v2\/media?parent=185618"}],"curies":[{"name":"wp","href":"https:\/\/api.w.org\/{rel}","templated":true}]}}