{"id":137485,"date":"2022-10-18T14:40:30","date_gmt":"2022-10-18T12:40:30","guid":{"rendered":"https:\/\/www.wash-megroup.com\/preguntas-frecuentes\/"},"modified":"2023-10-16T14:02:53","modified_gmt":"2023-10-16T12:02:53","slug":"preguntas-frecuentes","status":"publish","type":"page","link":"https:\/\/www.wash-megroup.com\/es-es\/ayuda-en-linea\/preguntas-frecuentes\/","title":{"rendered":"PREGUNTAS FRECUENTES"},"content":{"rendered":"<div class=\"block-faq-search\">\n    <div class=\"block-faq-search__title\">\n        <h1 class=\"title title--size-m\">\n    PREGUNTAS FRECUENTES<\/h1>\n    <\/div>\n    <div class=\"block-faq-search__text\">\n            <\/div>\n    \n<div class=\"faq-search-bar\">\n    <div class=\"faq-search-bar__search-bar\">\n        <input class=\"input input--text faq-search-input faq-search-bar__input\"\n       type=\"text\"\n       name=\"faq-search-key\"\n       placeholder=\"Tu b\u00fasqueda: lavadora, secadora, forma de pago...\"              \/>\n        <input class=\"input button faq-search-submit faq-search-trigger faq-search-bar__submit\"\n       type=\"submit\"\n       name=\"faq-submit\"\n              value=\"Buscar\"       \/>\n    <\/div>\n<\/div>\n    <div class=\"block-faq-search__subjects-wrapper\">\n        <div class=\"block-faq-search__subjects\">\n                                <a href=\"https:\/\/www.wash-megroup.com\/fr-fr\/aide-en-ligne\/assistance\/\" id=\"faq-filter-1\" data-target=\".faq-group-1\" class=\"card-contact faq-group-filter active block-faq-search__faq-group-filter linked\">\n    <div class=\"card-contact__image\">\n        <img decoding=\"async\" class=\"image \" src=\"https:\/\/www.wash-megroup.com\/wp-content\/uploads\/2021\/07\/ILLUSTRATION_SITE_2.jpg\" alt=\"ILLUSTRATION_SITE_2.jpg\"\/>\n    <\/div>\n    <div class=\"card-contact__texts\">\n        <div class=\"card-contact__title\">\n            <div class=\"text \">\n    Preguntas sobre el uso<\/div>\n        <\/div>\n        <div class=\"card-contact__subtitle\">\n            <div class=\"text \">\n    Tengo una pregunta sobre los servicios de Wash ME<\/div>\n        <\/div>\n    <\/div>\n<\/a>\n                        <\/div>\n    <\/div>\n<\/div>\n\n\n\n<h2 class=\"wp-block-heading\" id=\"les-questions-les-plus-frequentes\">Las preguntas m\u00e1s frecuentes<\/h2>\n\n\n<div class=\"blue-title faq-group-1\">\n    <h3 class=\"title blue-title__title title--size-xs title--primary\">\n    Las lavander\u00edas autom\u00e1ticas Wash ME<\/h3>\n<\/div>\n\n\n<div class=\"block-list-faq\">\n    <div class=\"block-list-faq__container\">\n\t    \t\t    <div class=\"schema-faq\">\n\t\t\t    \t\t\t\t    <div class=\"schema-faq-section\" id=\"faq-question-998144\">\n\t\t\t\t\t    <strong class=\"schema-faq-question\"><a href=\"https:\/\/www.wash-megroup.com\/es-es\/aide-en-ligne\/preguntas-frecuentes\/que-es-una-lavanderia-Wash-ME-laundry\/\" data-page=\"137540\">\u00bfQu\u00e9 es una lavander\u00eda Wash ME?<\/a><\/strong>\n\t\t\t\t\t    <div class=\"schema-faq-answer\">\nWash ME es una marca del ME Group, una empresa fundada en 1958 y que ahora tiene su sede cerca de Londres. Es conocida por su experiencia en el sector de la distribuci\u00f3n autom\u00e1tica. Wash ME se lanz\u00f3 en 2012, es un servicio de lavander\u00eda autom\u00e1tica exterior que proporciona a los usuarios acceso a m\u00e1quinas de gran capacidad (hasta 20\u00a0kg), de calidad profesional y a precios atractivos. Wash ME consta de una serie de quioscos exteriores accesibles las 24 horas del d\u00eda, los 7 d\u00edas de la semana, que ofrecen servicios de lavado y secado de 8 a 20\u00a0kg.\n<\/div>\n\t\t\t\t    <\/div>\n\t\t\t    \t\t\t\t    <div class=\"schema-faq-section\" id=\"faq-question-876704\">\n\t\t\t\t\t    <strong class=\"schema-faq-question\"><a href=\"https:\/\/www.wash-megroup.com\/es-es\/aide-en-ligne\/preguntas-frecuentes\/como-puedo-asegurarme-de-que-mi-ropa-se-lava-correctamente-en-una-lavanderia-Wash-ME\/\" data-page=\"137541\">\u00bfC\u00f3mo puedo asegurarme de que mi ropa se lava correctamente en una lavander\u00eda Wash ME?<\/a><\/strong>\n\t\t\t\t\t    <div class=\"schema-faq-answer\">\nLas m\u00e1quinas (lavadoras, secadoras) disponibles en nuestros quioscos se seleccionan de socios profesionales y l\u00edderes en el sector. Cumplen con estrictas especificaciones para garantizar un lavado y un secado de alta calidad para sus usuarios.\n<\/div>\n\t\t\t\t    <\/div>\n\t\t\t    \t\t\t\t    <div class=\"schema-faq-section\" id=\"faq-question-575697\">\n\t\t\t\t\t    <strong class=\"schema-faq-question\"><a href=\"https:\/\/www.wash-megroup.com\/es-es\/aide-en-ligne\/preguntas-frecuentes\/donde-se-disenan-las-lavanderias-automaticas-Wash-ME\/\" data-page=\"137542\">\u00bfD\u00f3nde se dise\u00f1an las lavander\u00edas autom\u00e1ticas Wash ME?<\/a><\/strong>\n\t\t\t\t\t    <div class=\"schema-faq-answer\">\nLos quioscos de lavander\u00eda Wash ME se dise\u00f1an y construyen en Francia. Su tecnolog\u00eda est\u00e1 concebida y dise\u00f1ada en KIS, la rama de I+D dedicada a la innovaci\u00f3n del grupo Photo-Me, con sede cerca de Grenoble (38), en los Alpes franceses. M\u00e1s de 100 personas piensan y aplican nuestras innovadoras soluciones de lavander\u00edas de autoservicio para satisfacer sus necesidades.\n<\/div>\n\t\t\t\t    <\/div>\n\t\t\t    \t\t\t\t    <div class=\"schema-faq-section\" id=\"faq-question-744687\">\n\t\t\t\t\t    <strong class=\"schema-faq-question\"><a href=\"https:\/\/www.wash-megroup.com\/es-es\/aide-en-ligne\/preguntas-frecuentes\/el-uso-de-las-lavanderias-Wash-ME-laundry-es-autonomo\/\" data-page=\"137543\">\u00bfEl uso de las lavander\u00edas Wash ME es aut\u00f3nomo?<\/a><\/strong>\n\t\t\t\t\t    <div class=\"schema-faq-answer\">\nNuestros quioscos est\u00e1n dise\u00f1ados para utilizarse de forma independiente. Son accesibles en r\u00e9gimen de autoservicio (24 horas al d\u00eda, 7 d\u00edas a la semana), y un t\u00e9cnico comprueba regularmente el estado de nuestras m\u00e1quinas para garantizar un servicio \u00f3ptimo a nuestros usuarios.\n<\/div>\n\t\t\t\t    <\/div>\n\t\t\t    \t\t\t\t    <div class=\"schema-faq-section\" id=\"faq-question-183785\">\n\t\t\t\t\t    <strong class=\"schema-faq-question\"><a href=\"https:\/\/www.wash-megroup.com\/es-es\/aide-en-ligne\/preguntas-frecuentes\/cual-es-el-horario-de-apertura-de-las-lavanderias-Wash-ME-laundry\/\" data-page=\"137544\">\u00bfCu\u00e1l es el horario de apertura de las lavander\u00edas Wash ME?<\/a><\/strong>\n\t\t\t\t\t    <div class=\"schema-faq-answer\">\nNuestras m\u00e1quinas son accesibles los 7 d\u00edas de la semana y las 24 horas del d\u00eda, excepto las que pueden estar sujetas a franjas horarias limitadas al acceso del aparcamiento\/supermercado en el que est\u00e9n instaladas. Te invitamos a que compruebes los horarios de apertura del espacio comercial asociado a la lavander\u00eda Wash ME de tu elecci\u00f3n.\n<\/div>\n\t\t\t\t    <\/div>\n\t\t\t    \t\t\t\t    <div class=\"schema-faq-section\" id=\"faq-question-357468\">\n\t\t\t\t\t    <strong class=\"schema-faq-question\"><a href=\"https:\/\/www.wash-megroup.com\/es-es\/aide-en-ligne\/preguntas-frecuentes\/las-lavanderias-automaticas-Wash-ME-estan-adaptadas-a-personas-con-movilidad-reducida-pmr\/\" data-page=\"137545\">\u00bfLas lavander\u00edas autom\u00e1ticas Wash ME est\u00e1n adaptadas a personas con movilidad reducida (PMR)?<\/a><\/strong>\n\t\t\t\t\t    <div class=\"schema-faq-answer\">\nNuestros quioscos de lavander\u00eda est\u00e1n adaptados a personas con movilidad reducida para que todos puedan utilizarlos.\n<\/div>\n\t\t\t\t    <\/div>\n\t\t\t    \t\t\t\t    <div class=\"schema-faq-section\" id=\"faq-question-978632\">\n\t\t\t\t\t    <strong class=\"schema-faq-question\"><a href=\"https:\/\/www.wash-megroup.com\/es-es\/aide-en-ligne\/preguntas-frecuentes\/donde-puedo-encontrar-una-lavanderia-automatica-Wash-ME\/\" data-page=\"137546\">\u00bfD\u00f3nde puedo encontrar una lavander\u00eda autom\u00e1tica Wash ME?<\/a><\/strong>\n\t\t\t\t\t    <div class=\"schema-faq-answer\">\nNuestra red de lavander\u00edas Wash ME cuenta con 2000 quioscos en Francia y 5000 en Europa. Las lavander\u00edas Wash ME se encuentran principalmente en las afueras de las grandes ciudades, cerca de los centros comerciales y de las grandes superficies (Lidl, Carrefour, Super U, etc.). Las lavander\u00edas Wash ME suelen estar situadas en el exterior, en aparcamientos para facilitar el acceso. Encuentra la lavander\u00eda Wash ME m\u00e1s cercana.\n<\/div>\n\t\t\t\t    <\/div>\n\t\t\t    \t\t    <\/div>\n\t        <\/div>\n<\/div>\n\n\t\t<script type=\"application\/ld+json\">\n\t\t{\n\t\t\t\"@context\": \"https:\/\/schema.org\",\n\t\t\t\"@type\": \"FAQPage\",\n\t\t\t\"mainEntity\": [{\n    \"@type\": \"Question\",\n    \"name\": \"\\u00bfQu\\u00e9 es una lavander\\u00eda Wash ME?\",\n    \"acceptedAnswer\": {\n        \"@type\": \"Answer\",\n        \"text\": \"\\nWash ME es una marca del ME Group, una empresa fundada en 1958 y que ahora tiene su sede cerca de Londres. Es conocida por su experiencia en el sector de la distribuci\\u00f3n autom\\u00e1tica. Wash ME se lanz\\u00f3 en 2012, es un servicio de lavander\\u00eda autom\\u00e1tica exterior que proporciona a los usuarios acceso a m\\u00e1quinas de gran capacidad (hasta 20\\u00a0kg), de calidad profesional y a precios atractivos. Wash ME consta de una serie de quioscos exteriores accesibles las 24 horas del d\\u00eda, los 7 d\\u00edas de la semana, que ofrecen servicios de lavado y secado de 8 a 20\\u00a0kg.\\n\"\n    }\n},{\n    \"@type\": \"Question\",\n    \"name\": \"\\u00bfC\\u00f3mo puedo asegurarme de que mi ropa se lava correctamente en una lavander\\u00eda Wash ME?\",\n    \"acceptedAnswer\": {\n        \"@type\": \"Answer\",\n        \"text\": \"\\nLas m\\u00e1quinas (lavadoras, secadoras) disponibles en nuestros quioscos se seleccionan de socios profesionales y l\\u00edderes en el sector. Cumplen con estrictas especificaciones para garantizar un lavado y un secado de alta calidad para sus usuarios.\\n\"\n    }\n},{\n    \"@type\": \"Question\",\n    \"name\": \"\\u00bfD\\u00f3nde se dise\\u00f1an las lavander\\u00edas autom\\u00e1ticas Wash ME?\",\n    \"acceptedAnswer\": {\n        \"@type\": \"Answer\",\n        \"text\": \"\\nLos quioscos de lavander\\u00eda Wash ME se dise\\u00f1an y construyen en Francia. Su tecnolog\\u00eda est\\u00e1 concebida y dise\\u00f1ada en KIS, la rama de I+D dedicada a la innovaci\\u00f3n del grupo Photo-Me, con sede cerca de Grenoble (38), en los Alpes franceses. M\\u00e1s de 100 personas piensan y aplican nuestras innovadoras soluciones de lavander\\u00edas de autoservicio para satisfacer sus necesidades.\\n\"\n    }\n},{\n    \"@type\": \"Question\",\n    \"name\": \"\\u00bfEl uso de las lavander\\u00edas Wash ME es aut\\u00f3nomo?\",\n    \"acceptedAnswer\": {\n        \"@type\": \"Answer\",\n        \"text\": \"\\nNuestros quioscos est\\u00e1n dise\\u00f1ados para utilizarse de forma independiente. Son accesibles en r\\u00e9gimen de autoservicio (24 horas al d\\u00eda, 7 d\\u00edas a la semana), y un t\\u00e9cnico comprueba regularmente el estado de nuestras m\\u00e1quinas para garantizar un servicio \\u00f3ptimo a nuestros usuarios.\\n\"\n    }\n},{\n    \"@type\": \"Question\",\n    \"name\": \"\\u00bfCu\\u00e1l es el horario de apertura de las lavander\\u00edas Wash ME?\",\n    \"acceptedAnswer\": {\n        \"@type\": \"Answer\",\n        \"text\": \"\\nNuestras m\\u00e1quinas son accesibles los 7 d\\u00edas de la semana y las 24 horas del d\\u00eda, excepto las que pueden estar sujetas a franjas horarias limitadas al acceso del aparcamiento\\\/supermercado en el que est\\u00e9n instaladas. Te invitamos a que compruebes los horarios de apertura del espacio comercial asociado a la lavander\\u00eda Wash ME de tu elecci\\u00f3n.\\n\"\n    }\n},{\n    \"@type\": \"Question\",\n    \"name\": \"\\u00bfLas lavander\\u00edas autom\\u00e1ticas Wash ME est\\u00e1n adaptadas a personas con movilidad reducida (PMR)?\",\n    \"acceptedAnswer\": {\n        \"@type\": \"Answer\",\n        \"text\": \"\\nNuestros quioscos de lavander\\u00eda est\\u00e1n adaptados a personas con movilidad reducida para que todos puedan utilizarlos.\\n\"\n    }\n},{\n    \"@type\": \"Question\",\n    \"name\": \"\\u00bfD\\u00f3nde puedo encontrar una lavander\\u00eda autom\\u00e1tica Wash ME?\",\n    \"acceptedAnswer\": {\n        \"@type\": \"Answer\",\n        \"text\": \"\\nNuestra red de lavander\\u00edas Wash ME cuenta con 2000 quioscos en Francia y 5000 en Europa. Las lavander\\u00edas Wash ME se encuentran principalmente en las afueras de las grandes ciudades, cerca de los centros comerciales y de las grandes superficies (Lidl, Carrefour, Super U, etc.). Las lavander\\u00edas Wash ME suelen estar situadas en el exterior, en aparcamientos para facilitar el acceso. Encuentra la lavander\\u00eda Wash ME m\\u00e1s cercana.\\n\"\n    }\n}]\n\t\t}\n\t<\/script>\n\t\n\n\n<div id=\"faq-group-1\" class=\"wp-block-group faq-group-1 faq-group-target block-faq-group is-layout-flow wp-block-group-is-layout-flow\"><\/div>\n\n\n\n<div id=\"faq-group-2\" class=\"wp-block-group faq-group-2 faq-group-target block-faq-group is-layout-flow wp-block-group-is-layout-flow\">\n<p><\/p>\n<\/div>\n\n\n\n<p><\/p>\n","protected":false},"excerpt":{"rendered":"<p>Las preguntas m\u00e1s frecuentes<\/p>\n","protected":false},"author":1,"featured_media":240994,"parent":137600,"menu_order":0,"comment_status":"closed","ping_status":"closed","template":"","meta":{"_acf_changed":false,"footnotes":""},"class_list":["post-137485","page","type-page","status-publish","has-post-thumbnail","hentry"],"acf":[],"yoast_head":"<title>Preguntas y respuestas | Wash ME (Ex Revolution Laundry)<\/title>\n<meta name=\"description\" content=\"Todo lo que siempre quisiste saber sobre Wash ME. Consulta nuestras preguntas frecuentes. \u00bfQui\u00e9nes somos, d\u00f3nde estamos, etc.?\" \/>\n<meta name=\"robots\" content=\"index, follow, max-snippet:-1, max-image-preview:large, max-video-preview:-1\" \/>\n<link rel=\"canonical\" href=\"https:\/\/www.wash-megroup.com\/es-es\/ayuda-en-linea\/preguntas-frecuentes\/\" \/>\n<meta property=\"og:locale\" content=\"es_ES\" \/>\n<meta property=\"og:type\" content=\"article\" \/>\n<meta property=\"og:title\" content=\"Preguntas y respuestas | Wash ME (Ex Revolution Laundry)\" \/>\n<meta property=\"og:description\" content=\"Todo lo que siempre quisiste saber sobre Wash ME. Consulta nuestras preguntas frecuentes. \u00bfQui\u00e9nes somos, d\u00f3nde estamos, etc.?\" \/>\n<meta property=\"og:url\" content=\"https:\/\/www.wash-megroup.com\/es-es\/ayuda-en-linea\/preguntas-frecuentes\/\" \/>\n<meta property=\"og:site_name\" content=\"Wash-ME\" \/>\n<meta property=\"article:modified_time\" content=\"2023-10-16T12:02:53+00:00\" \/>\n<meta name=\"twitter:card\" content=\"summary_large_image\" \/>\n<meta name=\"twitter:label1\" content=\"Tiempo de lectura\" \/>\n\t<meta name=\"twitter:data1\" content=\"1 minuto\" \/>\n<script type=\"application\/ld+json\" class=\"yoast-schema-graph\">{\"@context\":\"https:\/\/schema.org\",\"@graph\":[{\"@type\":\"WebPage\",\"@id\":\"https:\/\/www.wash-megroup.com\/es-es\/ayuda-en-linea\/preguntas-frecuentes\/\",\"url\":\"https:\/\/www.wash-megroup.com\/es-es\/ayuda-en-linea\/preguntas-frecuentes\/\",\"name\":\"Preguntas y respuestas | Wash ME (Ex Revolution Laundry)\",\"isPartOf\":{\"@id\":\"https:\/\/www.wash-megroup.com\/es-es\/#website\"},\"primaryImageOfPage\":{\"@id\":\"https:\/\/www.wash-megroup.com\/es-es\/ayuda-en-linea\/preguntas-frecuentes\/#primaryimage\"},\"image\":{\"@id\":\"https:\/\/www.wash-megroup.com\/es-es\/ayuda-en-linea\/preguntas-frecuentes\/#primaryimage\"},\"thumbnailUrl\":\"https:\/\/www.wash-megroup.com\/wp-content\/uploads\/2024\/11\/Wash.ME-FAQ.png\",\"datePublished\":\"2022-10-18T12:40:30+00:00\",\"dateModified\":\"2023-10-16T12:02:53+00:00\",\"description\":\"Todo lo que siempre quisiste saber sobre Wash ME. Consulta nuestras preguntas frecuentes. \u00bfQui\u00e9nes somos, d\u00f3nde estamos, etc.?\",\"breadcrumb\":{\"@id\":\"https:\/\/www.wash-megroup.com\/es-es\/ayuda-en-linea\/preguntas-frecuentes\/#breadcrumb\"},\"inLanguage\":\"es\",\"potentialAction\":[{\"@type\":\"ReadAction\",\"target\":[\"https:\/\/www.wash-megroup.com\/es-es\/ayuda-en-linea\/preguntas-frecuentes\/\"]}]},{\"@type\":\"ImageObject\",\"inLanguage\":\"es\",\"@id\":\"https:\/\/www.wash-megroup.com\/es-es\/ayuda-en-linea\/preguntas-frecuentes\/#primaryimage\",\"url\":\"https:\/\/www.wash-megroup.com\/wp-content\/uploads\/2024\/11\/Wash.ME-FAQ.png\",\"contentUrl\":\"https:\/\/www.wash-megroup.com\/wp-content\/uploads\/2024\/11\/Wash.ME-FAQ.png\",\"width\":1246,\"height\":720,\"caption\":\"Acc\u00e9dez \u00e0 l'assistance Wash.ME France\"},{\"@type\":\"BreadcrumbList\",\"@id\":\"https:\/\/www.wash-megroup.com\/es-es\/ayuda-en-linea\/preguntas-frecuentes\/#breadcrumb\",\"itemListElement\":[{\"@type\":\"ListItem\",\"position\":1,\"name\":\"Home\",\"item\":\"https:\/\/www.wash-megroup.com\/es-es\/\"},{\"@type\":\"ListItem\",\"position\":2,\"name\":\"Ayuda en l\u00ednea\",\"item\":\"https:\/\/www.wash-megroup.com\/es-es\/ayuda-en-linea\/\"},{\"@type\":\"ListItem\",\"position\":3,\"name\":\"PREGUNTAS FRECUENTES\"}]},{\"@type\":\"WebSite\",\"@id\":\"https:\/\/www.wash-megroup.com\/es-es\/#website\",\"url\":\"https:\/\/www.wash-megroup.com\/es-es\/\",\"name\":\"Wash-ME\",\"description\":\"Accede al espacio privado\",\"publisher\":{\"@id\":\"https:\/\/www.wash-megroup.com\/es-es\/#organization\"},\"potentialAction\":[{\"@type\":\"SearchAction\",\"target\":{\"@type\":\"EntryPoint\",\"urlTemplate\":\"https:\/\/www.wash-megroup.com\/es-es\/?s={search_term_string}\"},\"query-input\":{\"@type\":\"PropertyValueSpecification\",\"valueRequired\":true,\"valueName\":\"search_term_string\"}}],\"inLanguage\":\"es\"},{\"@type\":\"Organization\",\"@id\":\"https:\/\/www.wash-megroup.com\/es-es\/#organization\",\"name\":\"Wash-ME\",\"url\":\"https:\/\/www.wash-megroup.com\/es-es\/\",\"logo\":{\"@type\":\"ImageObject\",\"inLanguage\":\"es\",\"@id\":\"https:\/\/www.wash-megroup.com\/es-es\/#\/schema\/logo\/image\/\",\"url\":\"https:\/\/www.wash-megroup.com\/wp-content\/uploads\/2021\/07\/logo_revolaundry_white@2x.png\",\"contentUrl\":\"https:\/\/www.wash-megroup.com\/wp-content\/uploads\/2021\/07\/logo_revolaundry_white@2x.png\",\"width\":538,\"height\":146,\"caption\":\"Wash-ME\"},\"image\":{\"@id\":\"https:\/\/www.wash-megroup.com\/es-es\/#\/schema\/logo\/image\/\"}}]}<\/script>","yoast_head_json":{"title":"Preguntas y respuestas | Wash ME (Ex Revolution Laundry)","description":"Todo lo que siempre quisiste saber sobre Wash ME. Consulta nuestras preguntas frecuentes. \u00bfQui\u00e9nes somos, d\u00f3nde estamos, etc.?","robots":{"index":"index","follow":"follow","max-snippet":"max-snippet:-1","max-image-preview":"max-image-preview:large","max-video-preview":"max-video-preview:-1"},"canonical":"https:\/\/www.wash-megroup.com\/es-es\/ayuda-en-linea\/preguntas-frecuentes\/","og_locale":"es_ES","og_type":"article","og_title":"Preguntas y respuestas | Wash ME (Ex Revolution Laundry)","og_description":"Todo lo que siempre quisiste saber sobre Wash ME. Consulta nuestras preguntas frecuentes. \u00bfQui\u00e9nes somos, d\u00f3nde estamos, etc.?","og_url":"https:\/\/www.wash-megroup.com\/es-es\/ayuda-en-linea\/preguntas-frecuentes\/","og_site_name":"Wash-ME","article_modified_time":"2023-10-16T12:02:53+00:00","twitter_card":"summary_large_image","twitter_misc":{"Tiempo de lectura":"1 minuto"},"schema":{"@context":"https:\/\/schema.org","@graph":[{"@type":"WebPage","@id":"https:\/\/www.wash-megroup.com\/es-es\/ayuda-en-linea\/preguntas-frecuentes\/","url":"https:\/\/www.wash-megroup.com\/es-es\/ayuda-en-linea\/preguntas-frecuentes\/","name":"Preguntas y respuestas | Wash ME (Ex Revolution Laundry)","isPartOf":{"@id":"https:\/\/www.wash-megroup.com\/es-es\/#website"},"primaryImageOfPage":{"@id":"https:\/\/www.wash-megroup.com\/es-es\/ayuda-en-linea\/preguntas-frecuentes\/#primaryimage"},"image":{"@id":"https:\/\/www.wash-megroup.com\/es-es\/ayuda-en-linea\/preguntas-frecuentes\/#primaryimage"},"thumbnailUrl":"https:\/\/www.wash-megroup.com\/wp-content\/uploads\/2024\/11\/Wash.ME-FAQ.png","datePublished":"2022-10-18T12:40:30+00:00","dateModified":"2023-10-16T12:02:53+00:00","description":"Todo lo que siempre quisiste saber sobre Wash ME. Consulta nuestras preguntas frecuentes. \u00bfQui\u00e9nes somos, d\u00f3nde estamos, etc.?","breadcrumb":{"@id":"https:\/\/www.wash-megroup.com\/es-es\/ayuda-en-linea\/preguntas-frecuentes\/#breadcrumb"},"inLanguage":"es","potentialAction":[{"@type":"ReadAction","target":["https:\/\/www.wash-megroup.com\/es-es\/ayuda-en-linea\/preguntas-frecuentes\/"]}]},{"@type":"ImageObject","inLanguage":"es","@id":"https:\/\/www.wash-megroup.com\/es-es\/ayuda-en-linea\/preguntas-frecuentes\/#primaryimage","url":"https:\/\/www.wash-megroup.com\/wp-content\/uploads\/2024\/11\/Wash.ME-FAQ.png","contentUrl":"https:\/\/www.wash-megroup.com\/wp-content\/uploads\/2024\/11\/Wash.ME-FAQ.png","width":1246,"height":720,"caption":"Acc\u00e9dez \u00e0 l'assistance Wash.ME France"},{"@type":"BreadcrumbList","@id":"https:\/\/www.wash-megroup.com\/es-es\/ayuda-en-linea\/preguntas-frecuentes\/#breadcrumb","itemListElement":[{"@type":"ListItem","position":1,"name":"Home","item":"https:\/\/www.wash-megroup.com\/es-es\/"},{"@type":"ListItem","position":2,"name":"Ayuda en l\u00ednea","item":"https:\/\/www.wash-megroup.com\/es-es\/ayuda-en-linea\/"},{"@type":"ListItem","position":3,"name":"PREGUNTAS FRECUENTES"}]},{"@type":"WebSite","@id":"https:\/\/www.wash-megroup.com\/es-es\/#website","url":"https:\/\/www.wash-megroup.com\/es-es\/","name":"Wash-ME","description":"Accede al espacio privado","publisher":{"@id":"https:\/\/www.wash-megroup.com\/es-es\/#organization"},"potentialAction":[{"@type":"SearchAction","target":{"@type":"EntryPoint","urlTemplate":"https:\/\/www.wash-megroup.com\/es-es\/?s={search_term_string}"},"query-input":{"@type":"PropertyValueSpecification","valueRequired":true,"valueName":"search_term_string"}}],"inLanguage":"es"},{"@type":"Organization","@id":"https:\/\/www.wash-megroup.com\/es-es\/#organization","name":"Wash-ME","url":"https:\/\/www.wash-megroup.com\/es-es\/","logo":{"@type":"ImageObject","inLanguage":"es","@id":"https:\/\/www.wash-megroup.com\/es-es\/#\/schema\/logo\/image\/","url":"https:\/\/www.wash-megroup.com\/wp-content\/uploads\/2021\/07\/logo_revolaundry_white@2x.png","contentUrl":"https:\/\/www.wash-megroup.com\/wp-content\/uploads\/2021\/07\/logo_revolaundry_white@2x.png","width":538,"height":146,"caption":"Wash-ME"},"image":{"@id":"https:\/\/www.wash-megroup.com\/es-es\/#\/schema\/logo\/image\/"}}]}},"_links":{"self":[{"href":"https:\/\/www.wash-megroup.com\/es-es\/wp-json\/wp\/v2\/pages\/137485","targetHints":{"allow":["GET"]}}],"collection":[{"href":"https:\/\/www.wash-megroup.com\/es-es\/wp-json\/wp\/v2\/pages"}],"about":[{"href":"https:\/\/www.wash-megroup.com\/es-es\/wp-json\/wp\/v2\/types\/page"}],"author":[{"embeddable":true,"href":"https:\/\/www.wash-megroup.com\/es-es\/wp-json\/wp\/v2\/users\/1"}],"replies":[{"embeddable":true,"href":"https:\/\/www.wash-megroup.com\/es-es\/wp-json\/wp\/v2\/comments?post=137485"}],"version-history":[{"count":2,"href":"https:\/\/www.wash-megroup.com\/es-es\/wp-json\/wp\/v2\/pages\/137485\/revisions"}],"predecessor-version":[{"id":171915,"href":"https:\/\/www.wash-megroup.com\/es-es\/wp-json\/wp\/v2\/pages\/137485\/revisions\/171915"}],"up":[{"embeddable":true,"href":"https:\/\/www.wash-megroup.com\/es-es\/wp-json\/wp\/v2\/pages\/137600"}],"wp:featuredmedia":[{"embeddable":true,"href":"https:\/\/www.wash-megroup.com\/es-es\/wp-json\/wp\/v2\/media\/240994"}],"wp:attachment":[{"href":"https:\/\/www.wash-megroup.com\/es-es\/wp-json\/wp\/v2\/media?parent=137485"}],"curies":[{"name":"wp","href":"https:\/\/api.w.org\/{rel}","templated":true}]}}