{"id":137600,"date":"2022-10-18T14:54:24","date_gmt":"2022-10-18T12:54:24","guid":{"rendered":"https:\/\/www.wash-megroup.com\/ayuda-en-linea\/"},"modified":"2023-04-20T18:36:08","modified_gmt":"2023-04-20T16:36:08","slug":"ayuda-en-linea","status":"publish","type":"page","link":"https:\/\/www.wash-megroup.com\/es-es\/ayuda-en-linea\/","title":{"rendered":"Ayuda en l\u00ednea"},"content":{"rendered":"<div class=\"block-faq-search\">\n    <div class=\"block-faq-search__title\">\n        <h1 class=\"title title--size-m\">\n    Ayuda en l\u00ednea <\/h1>\n    <\/div>\n    <div class=\"block-faq-search__text\">\n        <div class=\"text \">\n    \u00bfTienes alguna pregunta sobre el funcionamiento general y el uso de nuestras lavander\u00edas Wash ME? \u00a1Encuentra aqu\u00ed las respuestas que te ayudar\u00e1n a sacar el m\u00e1ximo partido a nuestros servicios!<br><br><\/div>\n    <\/div>\n        <div class=\"block-faq-search__subjects-wrapper block-faq-search__subjects-wrapper--margin\">\n        <div class=\"block-faq-search__subjects\">\n                                <a href=\"https:\/\/www.wash-megroup.com\/es-es\/ayuda-en-linea\/preguntas-frecuentes\/\" id=\"faq-filter-1\"  class=\"card-contact faq-group-filter active block-faq-search__faq-group-filter linked\">\n    <div class=\"card-contact__image\">\n        <img decoding=\"async\" class=\"image \" src=\"https:\/\/www.wash-megroup.com\/wp-content\/uploads\/2021\/07\/ILLUSTRATION_SITE_.jpg\" alt=\"ILLUSTRATION_SITE_.jpg\"\/>\n    <\/div>\n    <div class=\"card-contact__texts\">\n        <div class=\"card-contact__title\">\n            <div class=\"text \">\n    Preguntas frecuentes &#8211; Preguntas generales<\/div>\n        <\/div>\n        <div class=\"card-contact__subtitle\">\n            <div class=\"text \">\n    Tengo una pregunta sobre el servicio Wash ME<\/div>\n        <\/div>\n    <\/div>\n<\/a>\n                                    <a href=\"https:\/\/www.wash-megroup.com\/es-es\/ayuda-en-linea\/asistencia\/\" id=\"faq-filter-2\"  class=\"card-contact faq-group-filter active block-faq-search__faq-group-filter linked\">\n    <div class=\"card-contact__image\">\n        <img decoding=\"async\" class=\"image \" src=\"https:\/\/www.wash-megroup.com\/wp-content\/uploads\/2021\/07\/ILLUSTRATION_SITE_2.jpg\" alt=\"ILLUSTRATION_SITE_2.jpg\"\/>\n    <\/div>\n    <div class=\"card-contact__texts\">\n        <div class=\"card-contact__title\">\n            <div class=\"text \">\n    Asistencia &#8211; Preguntas sobre el uso<\/div>\n        <\/div>\n        <div class=\"card-contact__subtitle\">\n            <div class=\"text \">\n    Tengo una pregunta sobre el funcionamiento de las lavander\u00edas Wash ME<\/div>\n        <\/div>\n    <\/div>\n<\/a>\n                        <\/div>\n    <\/div>\n<\/div>\n\n\n\n<div style=\"height:100px\" aria-hidden=\"true\" class=\"wp-block-spacer\"><\/div>\n","protected":false},"excerpt":{"rendered":"","protected":false},"author":1,"featured_media":241045,"parent":0,"menu_order":0,"comment_status":"closed","ping_status":"closed","template":"","meta":{"_acf_changed":false,"footnotes":""},"class_list":["post-137600","page","type-page","status-publish","has-post-thumbnail","hentry"],"acf":[],"yoast_head":"<title>Ayuda en l\u00ednea - Wash-ME<\/title>\n<meta name=\"robots\" content=\"index, follow, max-snippet:-1, max-image-preview:large, max-video-preview:-1\" \/>\n<link rel=\"canonical\" href=\"https:\/\/www.wash-megroup.com\/es-es\/ayuda-en-linea\/\" \/>\n<meta property=\"og:locale\" content=\"es_ES\" \/>\n<meta property=\"og:type\" content=\"article\" \/>\n<meta property=\"og:title\" content=\"Ayuda en l\u00ednea - Wash-ME\" \/>\n<meta property=\"og:url\" content=\"https:\/\/www.wash-megroup.com\/es-es\/ayuda-en-linea\/\" \/>\n<meta property=\"og:site_name\" content=\"Wash-ME\" \/>\n<meta property=\"article:modified_time\" content=\"2023-04-20T16:36:08+00:00\" \/>\n<meta name=\"twitter:card\" content=\"summary_large_image\" \/>\n<script type=\"application\/ld+json\" class=\"yoast-schema-graph\">{\"@context\":\"https:\/\/schema.org\",\"@graph\":[{\"@type\":\"WebPage\",\"@id\":\"https:\/\/www.wash-megroup.com\/es-es\/ayuda-en-linea\/\",\"url\":\"https:\/\/www.wash-megroup.com\/es-es\/ayuda-en-linea\/\",\"name\":\"Ayuda en l\u00ednea - Wash-ME\",\"isPartOf\":{\"@id\":\"https:\/\/www.wash-megroup.com\/es-es\/#website\"},\"primaryImageOfPage\":{\"@id\":\"https:\/\/www.wash-megroup.com\/es-es\/ayuda-en-linea\/#primaryimage\"},\"image\":{\"@id\":\"https:\/\/www.wash-megroup.com\/es-es\/ayuda-en-linea\/#primaryimage\"},\"thumbnailUrl\":\"https:\/\/www.wash-megroup.com\/wp-content\/uploads\/2024\/11\/Aide-en-ligne-Wash.ME_.png\",\"datePublished\":\"2022-10-18T12:54:24+00:00\",\"dateModified\":\"2023-04-20T16:36:08+00:00\",\"breadcrumb\":{\"@id\":\"https:\/\/www.wash-megroup.com\/es-es\/ayuda-en-linea\/#breadcrumb\"},\"inLanguage\":\"es\",\"potentialAction\":[{\"@type\":\"ReadAction\",\"target\":[\"https:\/\/www.wash-megroup.com\/es-es\/ayuda-en-linea\/\"]}]},{\"@type\":\"ImageObject\",\"inLanguage\":\"es\",\"@id\":\"https:\/\/www.wash-megroup.com\/es-es\/ayuda-en-linea\/#primaryimage\",\"url\":\"https:\/\/www.wash-megroup.com\/wp-content\/uploads\/2024\/11\/Aide-en-ligne-Wash.ME_.png\",\"contentUrl\":\"https:\/\/www.wash-megroup.com\/wp-content\/uploads\/2024\/11\/Aide-en-ligne-Wash.ME_.png\",\"width\":1228,\"height\":720,\"caption\":\"Acc\u00e9dez \u00e0 l'aide en ligne Wash.ME\"},{\"@type\":\"BreadcrumbList\",\"@id\":\"https:\/\/www.wash-megroup.com\/es-es\/ayuda-en-linea\/#breadcrumb\",\"itemListElement\":[{\"@type\":\"ListItem\",\"position\":1,\"name\":\"Home\",\"item\":\"https:\/\/www.wash-megroup.com\/es-es\/\"},{\"@type\":\"ListItem\",\"position\":2,\"name\":\"Ayuda en l\u00ednea\"}]},{\"@type\":\"WebSite\",\"@id\":\"https:\/\/www.wash-megroup.com\/es-es\/#website\",\"url\":\"https:\/\/www.wash-megroup.com\/es-es\/\",\"name\":\"Wash-ME\",\"description\":\"Accede al espacio privado\",\"publisher\":{\"@id\":\"https:\/\/www.wash-megroup.com\/es-es\/#organization\"},\"potentialAction\":[{\"@type\":\"SearchAction\",\"target\":{\"@type\":\"EntryPoint\",\"urlTemplate\":\"https:\/\/www.wash-megroup.com\/es-es\/?s={search_term_string}\"},\"query-input\":{\"@type\":\"PropertyValueSpecification\",\"valueRequired\":true,\"valueName\":\"search_term_string\"}}],\"inLanguage\":\"es\"},{\"@type\":\"Organization\",\"@id\":\"https:\/\/www.wash-megroup.com\/es-es\/#organization\",\"name\":\"Wash-ME\",\"url\":\"https:\/\/www.wash-megroup.com\/es-es\/\",\"logo\":{\"@type\":\"ImageObject\",\"inLanguage\":\"es\",\"@id\":\"https:\/\/www.wash-megroup.com\/es-es\/#\/schema\/logo\/image\/\",\"url\":\"https:\/\/www.wash-megroup.com\/wp-content\/uploads\/2021\/07\/logo_revolaundry_white@2x.png\",\"contentUrl\":\"https:\/\/www.wash-megroup.com\/wp-content\/uploads\/2021\/07\/logo_revolaundry_white@2x.png\",\"width\":538,\"height\":146,\"caption\":\"Wash-ME\"},\"image\":{\"@id\":\"https:\/\/www.wash-megroup.com\/es-es\/#\/schema\/logo\/image\/\"}}]}<\/script>","yoast_head_json":{"title":"Ayuda en l\u00ednea - Wash-ME","robots":{"index":"index","follow":"follow","max-snippet":"max-snippet:-1","max-image-preview":"max-image-preview:large","max-video-preview":"max-video-preview:-1"},"canonical":"https:\/\/www.wash-megroup.com\/es-es\/ayuda-en-linea\/","og_locale":"es_ES","og_type":"article","og_title":"Ayuda en l\u00ednea - Wash-ME","og_url":"https:\/\/www.wash-megroup.com\/es-es\/ayuda-en-linea\/","og_site_name":"Wash-ME","article_modified_time":"2023-04-20T16:36:08+00:00","twitter_card":"summary_large_image","schema":{"@context":"https:\/\/schema.org","@graph":[{"@type":"WebPage","@id":"https:\/\/www.wash-megroup.com\/es-es\/ayuda-en-linea\/","url":"https:\/\/www.wash-megroup.com\/es-es\/ayuda-en-linea\/","name":"Ayuda en l\u00ednea - Wash-ME","isPartOf":{"@id":"https:\/\/www.wash-megroup.com\/es-es\/#website"},"primaryImageOfPage":{"@id":"https:\/\/www.wash-megroup.com\/es-es\/ayuda-en-linea\/#primaryimage"},"image":{"@id":"https:\/\/www.wash-megroup.com\/es-es\/ayuda-en-linea\/#primaryimage"},"thumbnailUrl":"https:\/\/www.wash-megroup.com\/wp-content\/uploads\/2024\/11\/Aide-en-ligne-Wash.ME_.png","datePublished":"2022-10-18T12:54:24+00:00","dateModified":"2023-04-20T16:36:08+00:00","breadcrumb":{"@id":"https:\/\/www.wash-megroup.com\/es-es\/ayuda-en-linea\/#breadcrumb"},"inLanguage":"es","potentialAction":[{"@type":"ReadAction","target":["https:\/\/www.wash-megroup.com\/es-es\/ayuda-en-linea\/"]}]},{"@type":"ImageObject","inLanguage":"es","@id":"https:\/\/www.wash-megroup.com\/es-es\/ayuda-en-linea\/#primaryimage","url":"https:\/\/www.wash-megroup.com\/wp-content\/uploads\/2024\/11\/Aide-en-ligne-Wash.ME_.png","contentUrl":"https:\/\/www.wash-megroup.com\/wp-content\/uploads\/2024\/11\/Aide-en-ligne-Wash.ME_.png","width":1228,"height":720,"caption":"Acc\u00e9dez \u00e0 l'aide en ligne Wash.ME"},{"@type":"BreadcrumbList","@id":"https:\/\/www.wash-megroup.com\/es-es\/ayuda-en-linea\/#breadcrumb","itemListElement":[{"@type":"ListItem","position":1,"name":"Home","item":"https:\/\/www.wash-megroup.com\/es-es\/"},{"@type":"ListItem","position":2,"name":"Ayuda en l\u00ednea"}]},{"@type":"WebSite","@id":"https:\/\/www.wash-megroup.com\/es-es\/#website","url":"https:\/\/www.wash-megroup.com\/es-es\/","name":"Wash-ME","description":"Accede al espacio privado","publisher":{"@id":"https:\/\/www.wash-megroup.com\/es-es\/#organization"},"potentialAction":[{"@type":"SearchAction","target":{"@type":"EntryPoint","urlTemplate":"https:\/\/www.wash-megroup.com\/es-es\/?s={search_term_string}"},"query-input":{"@type":"PropertyValueSpecification","valueRequired":true,"valueName":"search_term_string"}}],"inLanguage":"es"},{"@type":"Organization","@id":"https:\/\/www.wash-megroup.com\/es-es\/#organization","name":"Wash-ME","url":"https:\/\/www.wash-megroup.com\/es-es\/","logo":{"@type":"ImageObject","inLanguage":"es","@id":"https:\/\/www.wash-megroup.com\/es-es\/#\/schema\/logo\/image\/","url":"https:\/\/www.wash-megroup.com\/wp-content\/uploads\/2021\/07\/logo_revolaundry_white@2x.png","contentUrl":"https:\/\/www.wash-megroup.com\/wp-content\/uploads\/2021\/07\/logo_revolaundry_white@2x.png","width":538,"height":146,"caption":"Wash-ME"},"image":{"@id":"https:\/\/www.wash-megroup.com\/es-es\/#\/schema\/logo\/image\/"}}]}},"_links":{"self":[{"href":"https:\/\/www.wash-megroup.com\/es-es\/wp-json\/wp\/v2\/pages\/137600","targetHints":{"allow":["GET"]}}],"collection":[{"href":"https:\/\/www.wash-megroup.com\/es-es\/wp-json\/wp\/v2\/pages"}],"about":[{"href":"https:\/\/www.wash-megroup.com\/es-es\/wp-json\/wp\/v2\/types\/page"}],"author":[{"embeddable":true,"href":"https:\/\/www.wash-megroup.com\/es-es\/wp-json\/wp\/v2\/users\/1"}],"replies":[{"embeddable":true,"href":"https:\/\/www.wash-megroup.com\/es-es\/wp-json\/wp\/v2\/comments?post=137600"}],"version-history":[{"count":3,"href":"https:\/\/www.wash-megroup.com\/es-es\/wp-json\/wp\/v2\/pages\/137600\/revisions"}],"predecessor-version":[{"id":156498,"href":"https:\/\/www.wash-megroup.com\/es-es\/wp-json\/wp\/v2\/pages\/137600\/revisions\/156498"}],"wp:featuredmedia":[{"embeddable":true,"href":"https:\/\/www.wash-megroup.com\/es-es\/wp-json\/wp\/v2\/media\/241045"}],"wp:attachment":[{"href":"https:\/\/www.wash-megroup.com\/es-es\/wp-json\/wp\/v2\/media?parent=137600"}],"curies":[{"name":"wp","href":"https:\/\/api.w.org\/{rel}","templated":true}]}}