{"id":185737,"date":"2024-02-12T15:47:43","date_gmt":"2024-02-12T14:47:43","guid":{"rendered":"https:\/\/www.wash-megroup.com\/me-group-app\/"},"modified":"2024-04-04T11:30:04","modified_gmt":"2024-04-04T09:30:04","slug":"wash-me-app","status":"publish","type":"page","link":"https:\/\/www.wash-megroup.com\/es-es\/wash-me-app\/","title":{"rendered":"Wash.ME App"},"content":{"rendered":"<div class=\"block-blue\">\n    <div class=\"block-blue__container\">\n        <div class=\"block-blue__title-wrapper\">\n            <h2 class=\"title block-blue__title title--size-m title--white\">\n    \u00a1Nuevo! \u00a1Descubra nuestra nueva aplicaci\u00f3n m\u00f3vil!<\/h2>\n        <\/div>\n        <div class=\"block-blue__text\">\n            <div class=\"text \">\n    <p>Instala la nueva aplicaci\u00f3n m\u00f3vil de Wash.ME y encuentra tu lavander\u00eda favorita con s\u00f3lo unos pocos clics. \u00bfA\u00fan m\u00e1s beneficios? Aprovecha ofertas especiales durante todo el a\u00f1o en tu aplicaci\u00f3n.<\/p>\n<\/div>\n        <\/div>\n            <\/div>\n<\/div>\n\n\n\n<div style=\"height:52px\" aria-hidden=\"true\" class=\"wp-block-spacer\"><\/div>\n\n\n\n<div class=\"wp-block-columns is-layout-flex wp-container-core-columns-is-layout-28f84493 wp-block-columns-is-layout-flex\">\n<div class=\"wp-block-column is-layout-flow wp-block-column-is-layout-flow\">\n<figure data-wp-context=\"{&quot;imageId&quot;:&quot;6a05ef746d976&quot;}\" data-wp-interactive=\"core\/image\" class=\"wp-block-image size-full is-resized wp-lightbox-container\"><img decoding=\"async\" width=\"2518\" height=\"1961\" data-wp-class--hide=\"state.isContentHidden\" data-wp-class--show=\"state.isContentVisible\" data-wp-init=\"callbacks.setButtonStyles\" data-wp-on-async--click=\"actions.showLightbox\" data-wp-on-async--load=\"callbacks.setButtonStyles\" data-wp-on-async-window--resize=\"callbacks.setButtonStyles\" src=\"https:\/\/www.wash-megroup.com\/wp-content\/uploads\/2024\/01\/Design-sans-titre.jpg\" alt=\"Nouvelle appli mobile ME Group, t\u00e9l\u00e9chargez-l\u00e0 !\" class=\"wp-image-183730\" style=\"width:700px\" srcset=\"https:\/\/www.wash-megroup.com\/wp-content\/uploads\/2024\/01\/Design-sans-titre.jpg 2518w, https:\/\/www.wash-megroup.com\/wp-content\/uploads\/2024\/01\/Design-sans-titre-300x234.jpg 300w, https:\/\/www.wash-megroup.com\/wp-content\/uploads\/2024\/01\/Design-sans-titre-1024x797.jpg 1024w, https:\/\/www.wash-megroup.com\/wp-content\/uploads\/2024\/01\/Design-sans-titre-768x598.jpg 768w, https:\/\/www.wash-megroup.com\/wp-content\/uploads\/2024\/01\/Design-sans-titre-1536x1196.jpg 1536w, https:\/\/www.wash-megroup.com\/wp-content\/uploads\/2024\/01\/Design-sans-titre-2048x1595.jpg 2048w\" sizes=\"(max-width: 2518px) 100vw, 2518px\" \/><button\n\t\t\tclass=\"lightbox-trigger\"\n\t\t\ttype=\"button\"\n\t\t\taria-haspopup=\"dialog\"\n\t\t\taria-label=\"Agrandar\"\n\t\t\tdata-wp-init=\"callbacks.initTriggerButton\"\n\t\t\tdata-wp-on-async--click=\"actions.showLightbox\"\n\t\t\tdata-wp-style--right=\"state.imageButtonRight\"\n\t\t\tdata-wp-style--top=\"state.imageButtonTop\"\n\t\t>\n\t\t\t<svg xmlns=\"http:\/\/www.w3.org\/2000\/svg\" width=\"12\" height=\"12\" fill=\"none\" viewBox=\"0 0 12 12\">\n\t\t\t\t<path fill=\"#fff\" d=\"M2 0a2 2 0 0 0-2 2v2h1.5V2a.5.5 0 0 1 .5-.5h2V0H2Zm2 10.5H2a.5.5 0 0 1-.5-.5V8H0v2a2 2 0 0 0 2 2h2v-1.5ZM8 12v-1.5h2a.5.5 0 0 0 .5-.5V8H12v2a2 2 0 0 1-2 2H8Zm2-12a2 2 0 0 1 2 2v2h-1.5V2a.5.5 0 0 0-.5-.5H8V0h2Z\" \/>\n\t\t\t<\/svg>\n\t\t<\/button><\/figure>\n<\/div>\n\n\n\n<div class=\"wp-block-column is-layout-flow wp-block-column-is-layout-flow\">\n<h2 class=\"wp-block-heading\"><strong>\u00a1Wash.ME llega a tu tel\u00e9fono para ahorrarte tiempo y dinero!<\/strong><\/h2>\n\n\n\n<p class=\"has-text-align-left\" style=\"padding-right:0;padding-left:0\">Encuentra todos tus servicios de lavander\u00eda en tan s\u00f3lo unos clics: localiza las lavander\u00edas m\u00e1s cercanas, inicia tu itinerario, selecciona tus lavander\u00edas favoritas y aprovecha grandes ofertas para cuidar tu ropa.<\/p>\n\n\n\n<div class=\"wp-block-buttons is-content-justification-space-between is-layout-flex wp-container-core-buttons-is-layout-b2891da8 wp-block-buttons-is-layout-flex\"><div class=\"wp-block-button\">\n<a href=\"#descargar-app\" class=\"button wp-block-button__link \">\n<span>\nDescarga la aplicaci\u00f3n Wash.ME\n<\/span><\/a><!--\/ .container -->\n<\/div><!--\/ .group -->\n<\/div>\n\n\n\n<figure class=\"wp-block-image alignleft size-full is-resized\"><img decoding=\"async\" width=\"2080\" height=\"2080\" src=\"https:\/\/www.wash-megroup.com\/wp-content\/uploads\/2024\/03\/Icone-App-Wash-ME-HD.png\" alt=\"Wash.ME app\" class=\"wp-image-192282\" style=\"width:103px;height:auto\" srcset=\"https:\/\/www.wash-megroup.com\/wp-content\/uploads\/2024\/03\/Icone-App-Wash-ME-HD.png 2080w, https:\/\/www.wash-megroup.com\/wp-content\/uploads\/2024\/03\/Icone-App-Wash-ME-HD-300x300.png 300w, https:\/\/www.wash-megroup.com\/wp-content\/uploads\/2024\/03\/Icone-App-Wash-ME-HD-1024x1024.png 1024w, https:\/\/www.wash-megroup.com\/wp-content\/uploads\/2024\/03\/Icone-App-Wash-ME-HD-150x150.png 150w, https:\/\/www.wash-megroup.com\/wp-content\/uploads\/2024\/03\/Icone-App-Wash-ME-HD-768x768.png 768w, https:\/\/www.wash-megroup.com\/wp-content\/uploads\/2024\/03\/Icone-App-Wash-ME-HD-1536x1536.png 1536w, https:\/\/www.wash-megroup.com\/wp-content\/uploads\/2024\/03\/Icone-App-Wash-ME-HD-2048x2048.png 2048w\" sizes=\"(max-width: 2080px) 100vw, 2080px\" \/><\/figure>\n<\/div>\n<\/div>\n\n\n\n<h2 class=\"wp-block-heading has-text-align-center\">Una aplicaci\u00f3n m\u00f3vil para simplificar tu vida diaria<\/h2>\n\n\n\n<div class=\"wp-block-columns is-layout-flex wp-container-core-columns-is-layout-28f84493 wp-block-columns-is-layout-flex\">\n<div class=\"wp-block-column is-layout-flow wp-block-column-is-layout-flow\">\n<p class=\"has-text-align-right\"><mark style=\"background-color:#FFFFFF\" class=\"has-inline-color has-blue-viking-color\"><strong>\u00daTIL |<\/strong><\/mark> Encuentra tu lavander\u00eda m\u00e1s cercana en tan s\u00f3lo unos clics.<\/p>\n\n\n\n<p class=\"has-text-align-right\"><strong><mark style=\"background-color:#FFFFFF\" class=\"has-inline-color has-blue-viking-color\">R\u00c1PIDO |<\/mark><\/strong> Guarda tus lavander\u00edas favoritas y encu\u00e9ntralas autom\u00e1ticamente.<\/p>\n\n\n\n<p class=\"has-text-align-right\"><strong><mark style=\"background-color:#FFFFFF\" class=\"has-inline-color has-blue-viking-color\">ACCESIBLE |<\/mark><\/strong> Encuentra la red de lavander\u00edas Wash.ME en Espa\u00f1a y Europa<\/p>\n<\/div>\n\n\n\n<div class=\"wp-block-column is-layout-flow wp-block-column-is-layout-flow\">\n<figure class=\"wp-block-image size-full is-resized\"><img decoding=\"async\" width=\"800\" height=\"800\" src=\"https:\/\/www.wash-megroup.com\/wp-content\/uploads\/2024\/02\/RAPIDE-ES-400x400-1.png\" alt=\"Encuentra tu lavander\u00eda Wash ME m\u00e1s cercana \" class=\"wp-image-187732\" style=\"width:400px\" srcset=\"https:\/\/www.wash-megroup.com\/wp-content\/uploads\/2024\/02\/RAPIDE-ES-400x400-1.png 800w, https:\/\/www.wash-megroup.com\/wp-content\/uploads\/2024\/02\/RAPIDE-ES-400x400-1-300x300.png 300w, https:\/\/www.wash-megroup.com\/wp-content\/uploads\/2024\/02\/RAPIDE-ES-400x400-1-150x150.png 150w, https:\/\/www.wash-megroup.com\/wp-content\/uploads\/2024\/02\/RAPIDE-ES-400x400-1-768x768.png 768w\" sizes=\"(max-width: 800px) 100vw, 800px\" \/><\/figure>\n<\/div>\n<\/div>\n\n\n\n<div class=\"wp-block-columns is-layout-flex wp-container-core-columns-is-layout-28f84493 wp-block-columns-is-layout-flex\">\n<div class=\"wp-block-column is-layout-flow wp-block-column-is-layout-flow\">\n<figure class=\"wp-block-image size-full is-resized\"><img decoding=\"async\" width=\"800\" height=\"800\" src=\"https:\/\/www.wash-megroup.com\/wp-content\/uploads\/2024\/02\/EFFICACE-ES-400x400-1.jpg\" alt=\"Consulta todos los servicios que se ofrecen en tu lavander\u00eda Wash ME\" class=\"wp-image-187747\" style=\"width:400px\" srcset=\"https:\/\/www.wash-megroup.com\/wp-content\/uploads\/2024\/02\/EFFICACE-ES-400x400-1.jpg 800w, https:\/\/www.wash-megroup.com\/wp-content\/uploads\/2024\/02\/EFFICACE-ES-400x400-1-300x300.jpg 300w, https:\/\/www.wash-megroup.com\/wp-content\/uploads\/2024\/02\/EFFICACE-ES-400x400-1-150x150.jpg 150w, https:\/\/www.wash-megroup.com\/wp-content\/uploads\/2024\/02\/EFFICACE-ES-400x400-1-768x768.jpg 768w\" sizes=\"(max-width: 800px) 100vw, 800px\" \/><\/figure>\n<\/div>\n\n\n\n<div class=\"wp-block-column is-layout-flow wp-block-column-is-layout-flow\">\n<p><mark style=\"background-color:#FFFFFF\" class=\"has-inline-color has-blue-viking-color\"><strong>PR\u00c1CTICO |<\/strong><\/mark> Comienza el viaje hacia tu lavander\u00eda directamente desde la app.<\/p>\n\n\n\n<p class=\"has-text-align-left\"><mark style=\"background-color:#FFFFFF\" class=\"has-inline-color has-blue-viking-color\"><strong>EFICIENTE |<\/strong><\/mark> Consulta todos los servicios que se ofrecen en cada una de nuestras lavander\u00edas Wash.ME.<\/p>\n\n\n\n<p><mark style=\"background-color:#FFFFFF\" class=\"has-inline-color has-blue-viking-color\"><strong>ECON\u00d3MICO |<\/strong><\/mark> \u00a1Encuentra todas tus ventajas y promociones para ahorrar dinero todo el a\u00f1o!<\/p>\n<\/div>\n<\/div>\n\n\n\n<div style=\"height:34px\" aria-hidden=\"true\" class=\"wp-block-spacer\"><\/div>\n\n\n\n<div class=\"wp-block-group alignfull has-background is-layout-constrained wp-block-group-is-layout-constrained\" style=\"background-color:#eeeeee;padding-top:var(--wp--preset--spacing--60);padding-bottom:var(--wp--preset--spacing--60)\">\n<h2 class=\"wp-block-heading has-text-align-center\">\u00a1WASH ME IR\u00c1 CONTIGO DONDEQUIERA QUE EST\u00c9S!<\/h2>\n\n\n\n<p class=\"has-text-align-center\" style=\"font-size:20px\">En Espa\u00f1a y Europa, aproveche todas las ventajas de nuestra red de lavander\u00edas Wash.ME y mantenga su colada fresca y limpia a precios bajos gracias a la aplicaci\u00f3n Wash.ME.<\/p>\n\n\n\n<div class=\"wp-block-columns alignwide is-layout-flex wp-container-core-columns-is-layout-28f84493 wp-block-columns-is-layout-flex\">\n<div class=\"wp-block-column is-layout-flow wp-block-column-is-layout-flow\">\n<figure class=\"wp-block-image aligncenter size-full\"><img decoding=\"async\" width=\"150\" height=\"150\" src=\"https:\/\/www.wash-megroup.com\/wp-content\/uploads\/2024\/01\/150x150_GEOLOCALISATION_1.png\" alt=\"Encuentra tu lavander\u00eda Wash ME\" class=\"wp-image-181784\" \/><\/figure>\n\n\n\n<p class=\"has-text-align-center\" style=\"font-size:18px\"><strong>Geolocalizaci\u00f3n<\/strong> <strong>Wash.ME<\/strong><\/p>\n<\/div>\n\n\n\n<div class=\"wp-block-column is-layout-flow wp-block-column-is-layout-flow\">\n<figure class=\"wp-block-image aligncenter size-full\"><img decoding=\"async\" width=\"150\" height=\"150\" src=\"https:\/\/www.wash-megroup.com\/wp-content\/uploads\/2024\/01\/150x150_INFOS.png\" alt=\"Informaci\u00f3n y servicios disponibles\" class=\"wp-image-181814\" \/><\/figure>\n\n\n\n<p class=\"has-text-align-center\" id=\"telechargez-app\" style=\"font-size:18px\"><strong>Informaci\u00f3n y servicios disponibles<\/strong><\/p>\n<\/div>\n\n\n\n<div class=\"wp-block-column is-layout-flow wp-block-column-is-layout-flow\">\n<figure class=\"wp-block-image aligncenter size-full\"><img decoding=\"async\" width=\"150\" height=\"150\" src=\"https:\/\/www.wash-megroup.com\/wp-content\/uploads\/2024\/01\/150x150_PROMO-1.png\" alt=\"\" class=\"wp-image-183695\" \/><\/figure>\n\n\n\n<p class=\"has-text-align-center\" style=\"font-size:18px\"><strong>Promociones y ofertas especiales<\/strong><\/p>\n<\/div>\n<\/div>\n<\/div>\n\n\n\n<h2 class=\"wp-block-heading has-text-align-center\" id=\"descargar-app\">Novedades y ventajas durante todo el a\u00f1o<\/h2>\n\n\n\n<div class=\"wp-block-columns is-layout-flex wp-container-core-columns-is-layout-28f84493 wp-block-columns-is-layout-flex\">\n<div class=\"wp-block-column is-layout-flow wp-block-column-is-layout-flow\" style=\"flex-basis:66.66%\">\n<p>Wash.ME est\u00e1 evolucionando para brindarle a\u00fan m\u00e1s servicios. Nuestros equipos trabajan cada d\u00eda para mejorar tu experiencia y hacerte la vida m\u00e1s f\u00e1cil. \u00a1As\u00ed que no te lo pierdas! \u00a1Instala la app ahora!\u00bb<\/p>\n\n\n\n<p>Y para darte la bienvenida, aprovecha un descuento inmediato de <strong><mark style=\"background-color:#56c2df\" class=\"has-inline-color has-white-color\">2\u20ac en tu primer lavado\/secado*.<\/mark><\/strong><\/p>\n\n\n\n<p>\u00a1Ve a la app para descubrir tu c\u00f3digo personalizado!<\/p>\n<\/div>\n\n\n\n<div class=\"wp-block-column is-layout-flow wp-block-column-is-layout-flow\" style=\"flex-basis:33.33%\">\n<figure class=\"wp-block-image size-full is-resized\"><a href=\"https:\/\/apps.apple.com\/es\/app\/wash-me\/id6449978633\" target=\"_blank\" rel=\"noreferrer noopener\"><img decoding=\"async\" width=\"460\" height=\"153\" src=\"https:\/\/www.wash-megroup.com\/wp-content\/uploads\/2024\/02\/Bouton-App-Store-ES.png\" alt=\"Descargar en el App Store\" class=\"wp-image-187766\" style=\"width:240px\" srcset=\"https:\/\/www.wash-megroup.com\/wp-content\/uploads\/2024\/02\/Bouton-App-Store-ES.png 460w, https:\/\/www.wash-megroup.com\/wp-content\/uploads\/2024\/02\/Bouton-App-Store-ES-300x100.png 300w\" sizes=\"(max-width: 460px) 100vw, 460px\" \/><\/a><\/figure>\n\n\n\n<figure class=\"wp-block-image size-full is-resized\"><a href=\"https:\/\/play.google.com\/store\/search?q=wash.me&amp;c=apps&amp;hl=es\" target=\"_blank\" rel=\"noreferrer noopener\"><img decoding=\"async\" width=\"345\" height=\"103\" src=\"https:\/\/www.wash-megroup.com\/wp-content\/uploads\/2024\/02\/Bouton-Google-Play-ES.png\" alt=\"Descargar en Google Play\" class=\"wp-image-187783\" style=\"width:240px\" srcset=\"https:\/\/www.wash-megroup.com\/wp-content\/uploads\/2024\/02\/Bouton-Google-Play-ES.png 345w, https:\/\/www.wash-megroup.com\/wp-content\/uploads\/2024\/02\/Bouton-Google-Play-ES-300x90.png 300w\" sizes=\"(max-width: 345px) 100vw, 345px\" \/><\/a><\/figure>\n<\/div>\n<\/div>\n\n\n\n<p class=\"has-small-font-size\">*Oferta reservada para nuevos usuarios de la aplicaci\u00f3n m\u00f3vil de Wash.ME. Si ya has instalado la aplicaci\u00f3n m\u00f3vil de Wash.ME, no podr\u00e1s acceder a este c\u00f3digo promocional. Sin embargo, tendr\u00e1s acceso a todas las futuras ofertas promocionales durante todo el a\u00f1o. \u00a1Mantente conectado!<\/p>\n\n\n\n<div style=\"height:24px\" aria-hidden=\"true\" class=\"wp-block-spacer\"><\/div>\n\n\n<div class=\"block-blue\">\n    <div class=\"block-blue__container\">\n        <div class=\"block-blue__title-wrapper\">\n            <h2 class=\"title block-blue__title title--size-m title--white\">\n    Wash.ME, tu compa\u00f1ero de todos los d\u00edas.<\/h2>\n        <\/div>\n        <div class=\"block-blue__text\">\n                    <\/div>\n        <a class=\"link block-blue__cta-link button button--bordered-white button--with-icon icon-arrow-right\" href=\"https:\/\/stores.revolution-laundry.com\/es-es\" target=\"_blank\">\n    <span>Encuentra tu lavander\u00eda<\/span>\n<\/a>\n    <\/div>\n<\/div>\n","protected":false},"excerpt":{"rendered":"<p>\u00a1Wash.ME llega a tu tel\u00e9fono para ahorrarte tiempo y dinero! Encuentra todos&#8230;<\/p>\n","protected":false},"author":29,"featured_media":240962,"parent":0,"menu_order":0,"comment_status":"closed","ping_status":"closed","template":"","meta":{"_acf_changed":false,"footnotes":""},"class_list":["post-185737","page","type-page","status-publish","has-post-thumbnail","hentry"],"acf":[],"yoast_head":"<title>Wash.ME app : toda su colada limpia a precios bajos todo el a\u00f1o<\/title>\n<meta name=\"description\" content=\"Desc\u00e1rgate la app Wash.ME y aprov\u00e9chate durante todo el a\u00f1o de grandes ofertas de ropa limpia a precios bajos en las lavander\u00edas Wash.ME.\" \/>\n<meta name=\"robots\" content=\"index, follow, max-snippet:-1, max-image-preview:large, max-video-preview:-1\" \/>\n<link rel=\"canonical\" href=\"https:\/\/www.wash-megroup.com\/es-es\/wash-me-app\/\" \/>\n<meta property=\"og:locale\" content=\"es_ES\" \/>\n<meta property=\"og:type\" content=\"article\" \/>\n<meta property=\"og:title\" content=\"Wash.ME app : toda su colada limpia a precios bajos todo el a\u00f1o\" \/>\n<meta property=\"og:description\" content=\"Desc\u00e1rgate la app Wash.ME y aprov\u00e9chate durante todo el a\u00f1o de grandes ofertas de ropa limpia a precios bajos en las lavander\u00edas Wash.ME.\" \/>\n<meta property=\"og:url\" content=\"https:\/\/www.wash-megroup.com\/es-es\/wash-me-app\/\" \/>\n<meta property=\"og:site_name\" content=\"Wash-ME\" \/>\n<meta property=\"article:modified_time\" content=\"2024-04-04T09:30:04+00:00\" \/>\n<meta property=\"og:image\" content=\"https:\/\/www.wash-megroup.com\/wp-content\/uploads\/2024\/01\/Design-sans-titre.jpg\" \/>\n<meta name=\"twitter:card\" content=\"summary_large_image\" \/>\n<meta name=\"twitter:label1\" content=\"Tiempo de lectura\" \/>\n\t<meta name=\"twitter:data1\" content=\"4 minutos\" \/>\n<script type=\"application\/ld+json\" class=\"yoast-schema-graph\">{\"@context\":\"https:\/\/schema.org\",\"@graph\":[{\"@type\":\"WebPage\",\"@id\":\"https:\/\/www.wash-megroup.com\/es-es\/wash-me-app\/\",\"url\":\"https:\/\/www.wash-megroup.com\/es-es\/wash-me-app\/\",\"name\":\"Wash.ME app : toda su colada limpia a precios bajos todo el a\u00f1o\",\"isPartOf\":{\"@id\":\"https:\/\/www.wash-megroup.com\/es-es\/#website\"},\"primaryImageOfPage\":{\"@id\":\"https:\/\/www.wash-megroup.com\/es-es\/wash-me-app\/#primaryimage\"},\"image\":{\"@id\":\"https:\/\/www.wash-megroup.com\/es-es\/wash-me-app\/#primaryimage\"},\"thumbnailUrl\":\"https:\/\/www.wash-megroup.com\/wp-content\/uploads\/2024\/11\/Home-page.png\",\"datePublished\":\"2024-02-12T14:47:43+00:00\",\"dateModified\":\"2024-04-04T09:30:04+00:00\",\"description\":\"Desc\u00e1rgate la app Wash.ME y aprov\u00e9chate durante todo el a\u00f1o de grandes ofertas de ropa limpia a precios bajos en las lavander\u00edas Wash.ME.\",\"breadcrumb\":{\"@id\":\"https:\/\/www.wash-megroup.com\/es-es\/wash-me-app\/#breadcrumb\"},\"inLanguage\":\"es\",\"potentialAction\":[{\"@type\":\"ReadAction\",\"target\":[\"https:\/\/www.wash-megroup.com\/es-es\/wash-me-app\/\"]}]},{\"@type\":\"ImageObject\",\"inLanguage\":\"es\",\"@id\":\"https:\/\/www.wash-megroup.com\/es-es\/wash-me-app\/#primaryimage\",\"url\":\"https:\/\/www.wash-megroup.com\/wp-content\/uploads\/2024\/11\/Home-page.png\",\"contentUrl\":\"https:\/\/www.wash-megroup.com\/wp-content\/uploads\/2024\/11\/Home-page.png\",\"width\":1280,\"height\":686,\"caption\":\"D\u00e9couvrez le site Wash.ME France\"},{\"@type\":\"BreadcrumbList\",\"@id\":\"https:\/\/www.wash-megroup.com\/es-es\/wash-me-app\/#breadcrumb\",\"itemListElement\":[{\"@type\":\"ListItem\",\"position\":1,\"name\":\"Home\",\"item\":\"https:\/\/www.wash-megroup.com\/es-es\/\"},{\"@type\":\"ListItem\",\"position\":2,\"name\":\"Wash.ME App\"}]},{\"@type\":\"WebSite\",\"@id\":\"https:\/\/www.wash-megroup.com\/es-es\/#website\",\"url\":\"https:\/\/www.wash-megroup.com\/es-es\/\",\"name\":\"Wash-ME\",\"description\":\"Accede al espacio privado\",\"publisher\":{\"@id\":\"https:\/\/www.wash-megroup.com\/es-es\/#organization\"},\"potentialAction\":[{\"@type\":\"SearchAction\",\"target\":{\"@type\":\"EntryPoint\",\"urlTemplate\":\"https:\/\/www.wash-megroup.com\/es-es\/?s={search_term_string}\"},\"query-input\":{\"@type\":\"PropertyValueSpecification\",\"valueRequired\":true,\"valueName\":\"search_term_string\"}}],\"inLanguage\":\"es\"},{\"@type\":\"Organization\",\"@id\":\"https:\/\/www.wash-megroup.com\/es-es\/#organization\",\"name\":\"Wash-ME\",\"url\":\"https:\/\/www.wash-megroup.com\/es-es\/\",\"logo\":{\"@type\":\"ImageObject\",\"inLanguage\":\"es\",\"@id\":\"https:\/\/www.wash-megroup.com\/es-es\/#\/schema\/logo\/image\/\",\"url\":\"https:\/\/www.wash-megroup.com\/wp-content\/uploads\/2021\/07\/logo_revolaundry_white@2x.png\",\"contentUrl\":\"https:\/\/www.wash-megroup.com\/wp-content\/uploads\/2021\/07\/logo_revolaundry_white@2x.png\",\"width\":538,\"height\":146,\"caption\":\"Wash-ME\"},\"image\":{\"@id\":\"https:\/\/www.wash-megroup.com\/es-es\/#\/schema\/logo\/image\/\"}}]}<\/script>","yoast_head_json":{"title":"Wash.ME app : toda su colada limpia a precios bajos todo el a\u00f1o","description":"Desc\u00e1rgate la app Wash.ME y aprov\u00e9chate durante todo el a\u00f1o de grandes ofertas de ropa limpia a precios bajos en las lavander\u00edas Wash.ME.","robots":{"index":"index","follow":"follow","max-snippet":"max-snippet:-1","max-image-preview":"max-image-preview:large","max-video-preview":"max-video-preview:-1"},"canonical":"https:\/\/www.wash-megroup.com\/es-es\/wash-me-app\/","og_locale":"es_ES","og_type":"article","og_title":"Wash.ME app : toda su colada limpia a precios bajos todo el a\u00f1o","og_description":"Desc\u00e1rgate la app Wash.ME y aprov\u00e9chate durante todo el a\u00f1o de grandes ofertas de ropa limpia a precios bajos en las lavander\u00edas Wash.ME.","og_url":"https:\/\/www.wash-megroup.com\/es-es\/wash-me-app\/","og_site_name":"Wash-ME","article_modified_time":"2024-04-04T09:30:04+00:00","og_image":[{"url":"https:\/\/www.wash-megroup.com\/wp-content\/uploads\/2024\/01\/Design-sans-titre.jpg","type":"","width":"","height":""}],"twitter_card":"summary_large_image","twitter_misc":{"Tiempo de lectura":"4 minutos"},"schema":{"@context":"https:\/\/schema.org","@graph":[{"@type":"WebPage","@id":"https:\/\/www.wash-megroup.com\/es-es\/wash-me-app\/","url":"https:\/\/www.wash-megroup.com\/es-es\/wash-me-app\/","name":"Wash.ME app : toda su colada limpia a precios bajos todo el a\u00f1o","isPartOf":{"@id":"https:\/\/www.wash-megroup.com\/es-es\/#website"},"primaryImageOfPage":{"@id":"https:\/\/www.wash-megroup.com\/es-es\/wash-me-app\/#primaryimage"},"image":{"@id":"https:\/\/www.wash-megroup.com\/es-es\/wash-me-app\/#primaryimage"},"thumbnailUrl":"https:\/\/www.wash-megroup.com\/wp-content\/uploads\/2024\/11\/Home-page.png","datePublished":"2024-02-12T14:47:43+00:00","dateModified":"2024-04-04T09:30:04+00:00","description":"Desc\u00e1rgate la app Wash.ME y aprov\u00e9chate durante todo el a\u00f1o de grandes ofertas de ropa limpia a precios bajos en las lavander\u00edas Wash.ME.","breadcrumb":{"@id":"https:\/\/www.wash-megroup.com\/es-es\/wash-me-app\/#breadcrumb"},"inLanguage":"es","potentialAction":[{"@type":"ReadAction","target":["https:\/\/www.wash-megroup.com\/es-es\/wash-me-app\/"]}]},{"@type":"ImageObject","inLanguage":"es","@id":"https:\/\/www.wash-megroup.com\/es-es\/wash-me-app\/#primaryimage","url":"https:\/\/www.wash-megroup.com\/wp-content\/uploads\/2024\/11\/Home-page.png","contentUrl":"https:\/\/www.wash-megroup.com\/wp-content\/uploads\/2024\/11\/Home-page.png","width":1280,"height":686,"caption":"D\u00e9couvrez le site Wash.ME France"},{"@type":"BreadcrumbList","@id":"https:\/\/www.wash-megroup.com\/es-es\/wash-me-app\/#breadcrumb","itemListElement":[{"@type":"ListItem","position":1,"name":"Home","item":"https:\/\/www.wash-megroup.com\/es-es\/"},{"@type":"ListItem","position":2,"name":"Wash.ME App"}]},{"@type":"WebSite","@id":"https:\/\/www.wash-megroup.com\/es-es\/#website","url":"https:\/\/www.wash-megroup.com\/es-es\/","name":"Wash-ME","description":"Accede al espacio privado","publisher":{"@id":"https:\/\/www.wash-megroup.com\/es-es\/#organization"},"potentialAction":[{"@type":"SearchAction","target":{"@type":"EntryPoint","urlTemplate":"https:\/\/www.wash-megroup.com\/es-es\/?s={search_term_string}"},"query-input":{"@type":"PropertyValueSpecification","valueRequired":true,"valueName":"search_term_string"}}],"inLanguage":"es"},{"@type":"Organization","@id":"https:\/\/www.wash-megroup.com\/es-es\/#organization","name":"Wash-ME","url":"https:\/\/www.wash-megroup.com\/es-es\/","logo":{"@type":"ImageObject","inLanguage":"es","@id":"https:\/\/www.wash-megroup.com\/es-es\/#\/schema\/logo\/image\/","url":"https:\/\/www.wash-megroup.com\/wp-content\/uploads\/2021\/07\/logo_revolaundry_white@2x.png","contentUrl":"https:\/\/www.wash-megroup.com\/wp-content\/uploads\/2021\/07\/logo_revolaundry_white@2x.png","width":538,"height":146,"caption":"Wash-ME"},"image":{"@id":"https:\/\/www.wash-megroup.com\/es-es\/#\/schema\/logo\/image\/"}}]}},"_links":{"self":[{"href":"https:\/\/www.wash-megroup.com\/es-es\/wp-json\/wp\/v2\/pages\/185737","targetHints":{"allow":["GET"]}}],"collection":[{"href":"https:\/\/www.wash-megroup.com\/es-es\/wp-json\/wp\/v2\/pages"}],"about":[{"href":"https:\/\/www.wash-megroup.com\/es-es\/wp-json\/wp\/v2\/types\/page"}],"author":[{"embeddable":true,"href":"https:\/\/www.wash-megroup.com\/es-es\/wp-json\/wp\/v2\/users\/29"}],"replies":[{"embeddable":true,"href":"https:\/\/www.wash-megroup.com\/es-es\/wp-json\/wp\/v2\/comments?post=185737"}],"version-history":[{"count":14,"href":"https:\/\/www.wash-megroup.com\/es-es\/wp-json\/wp\/v2\/pages\/185737\/revisions"}],"predecessor-version":[{"id":193666,"href":"https:\/\/www.wash-megroup.com\/es-es\/wp-json\/wp\/v2\/pages\/185737\/revisions\/193666"}],"wp:featuredmedia":[{"embeddable":true,"href":"https:\/\/www.wash-megroup.com\/es-es\/wp-json\/wp\/v2\/media\/240962"}],"wp:attachment":[{"href":"https:\/\/www.wash-megroup.com\/es-es\/wp-json\/wp\/v2\/media?parent=185737"}],"curies":[{"name":"wp","href":"https:\/\/api.w.org\/{rel}","templated":true}]}}