{"id":162269,"date":"2021-06-22T16:10:19","date_gmt":"2021-06-22T14:10:19","guid":{"rendered":"https:\/\/www.wash-megroup.com\/mode-d-emploi\/"},"modified":"2023-08-04T17:05:08","modified_gmt":"2023-08-04T15:05:08","slug":"mode-d-emploi","status":"publish","type":"page","link":"https:\/\/www.wash-megroup.com\/fr-be\/mode-d-emploi\/","title":{"rendered":"Mode d&#8217;emploi"},"content":{"rendered":"<div class=\"block-blue\">\n    <div class=\"block-blue__container\">\n        <div class=\"block-blue__title-wrapper\">\n            <h1 class=\"title block-blue__title title--size-m title--white\">\n    COMMENT UTLISER UNE LAVERIE Wash ME&nbsp;?<\/h1>\n        <\/div>\n        <div class=\"block-blue__text\">\n            <div class=\"text \">\n    <p>Vous voulez savoir comment fonctionne une laverie automatique Wash ME ? L\u2019utilisation d\u2019une laverie Wash ME est simple et rapide, m\u00eame pour une premi\u00e8re utilisation.<\/p>\n<\/div>\n        <\/div>\n            <\/div>\n<\/div>\n\n\n<div class=\"block-icon-text-grid block-icon-text-grid--steps\">\n    <div class=\"block-icon-text-grid__container\">\n        <div class=\"block-icon-text-grid__title\">\n            <h2 class=\"title \">\n    6 \u00e9tapes faciles pour laver votre linge<\/h2>\n        <\/div>\n                            <div class=\"block-icon-text-grid__block-list\">\n                                    \n<div class=\"title-text-icon block-icon-text-grid__block title-text-icon--wysiwyg title-text-icon--centered\">\n    <div class=\"title-text-icon__image\">\n        <img decoding=\"async\" class=\"image \" src=\"https:\/\/www.wash-megroup.com\/wp-content\/uploads\/2021\/06\/Step_1.png\" alt=\"Step_1.png\"\/>\n    <\/div>\n    <div class=\"title-text-icon__title\">\n        <h3 class=\"title \">\n    Videz les poches de vos v\u00eatements.<\/h3>\n    <\/div>\n            <div class=\"title-text-icon__wysiwyg\">\n                    <\/div>\n        <\/div>\n                                \n<div class=\"title-text-icon block-icon-text-grid__block title-text-icon--wysiwyg title-text-icon--centered\">\n    <div class=\"title-text-icon__image\">\n        <img decoding=\"async\" class=\"image \" src=\"https:\/\/www.wash-megroup.com\/wp-content\/uploads\/2021\/07\/Step_2.png\" alt=\"Step_2.png\"\/>\n    <\/div>\n    <div class=\"title-text-icon__title\">\n        <h3 class=\"title \">\n    Mettez votre linge dans la machine choisie.<\/h3>\n    <\/div>\n            <div class=\"title-text-icon__wysiwyg\">\n                    <\/div>\n        <\/div>\n                                \n<div class=\"title-text-icon block-icon-text-grid__block title-text-icon--wysiwyg title-text-icon--centered\">\n    <div class=\"title-text-icon__image\">\n        <img decoding=\"async\" class=\"image \" src=\"https:\/\/www.wash-megroup.com\/wp-content\/uploads\/2021\/07\/Step_3.png\" alt=\"Step_3.png\"\/>\n    <\/div>\n    <div class=\"title-text-icon__title\">\n        <h3 class=\"title \">\n    La lessive est incluse, pas besoin d\u2019en ajouter&nbsp;!<\/h3>\n    <\/div>\n            <div class=\"title-text-icon__wysiwyg\">\n                    <\/div>\n        <\/div>\n                                \n<div class=\"title-text-icon block-icon-text-grid__block title-text-icon--wysiwyg title-text-icon--centered\">\n    <div class=\"title-text-icon__image\">\n        <img decoding=\"async\" class=\"image \" src=\"https:\/\/www.wash-megroup.com\/wp-content\/uploads\/2021\/07\/Step_4.png\" alt=\"Step_4.png\"\/>\n    <\/div>\n    <div class=\"title-text-icon__title\">\n        <h3 class=\"title \">\n    Fermez la porte.<\/h3>\n    <\/div>\n            <div class=\"title-text-icon__wysiwyg\">\n                    <\/div>\n        <\/div>\n                                \n<div class=\"title-text-icon block-icon-text-grid__block title-text-icon--wysiwyg title-text-icon--centered\">\n    <div class=\"title-text-icon__image\">\n        <img decoding=\"async\" class=\"image \" src=\"https:\/\/www.wash-megroup.com\/wp-content\/uploads\/2021\/07\/Step_5.png\" alt=\"Step_5.png\"\/>\n    <\/div>\n    <div class=\"title-text-icon__title\">\n        <h3 class=\"title \">\n    Programmez votre cycle sur l\u2019\u00e9cran tactile \u00ab\u00a0Lavage\u00a0\u00bb ou \u00ab\u00a0S\u00e9chage\u00a0\u00bb et les options correspondantes.<\/h3>\n    <\/div>\n            <div class=\"title-text-icon__wysiwyg\">\n                    <\/div>\n        <\/div>\n                                \n<div class=\"title-text-icon block-icon-text-grid__block title-text-icon--wysiwyg title-text-icon--centered\">\n    <div class=\"title-text-icon__image\">\n        <img decoding=\"async\" class=\"image \" src=\"https:\/\/www.wash-megroup.com\/wp-content\/uploads\/2021\/07\/Step_6.png\" alt=\"Step_6.png\"\/>\n    <\/div>\n    <div class=\"title-text-icon__title\">\n        <h3 class=\"title \">\n    Proc\u00e9dez au paiement : esp\u00e8ce, CB, CB sans contact, Google Pay, Apple Pay, via l\u2019application d\u00e9di\u00e9e (prochainement).<\/h3>\n    <\/div>\n            <div class=\"title-text-icon__wysiwyg\">\n                    <\/div>\n        <\/div>\n                                \n<div class=\"title-text-icon block-icon-text-grid__block title-text-icon--wysiwyg title-text-icon--centered\">\n    <div class=\"title-text-icon__image\">\n        <img decoding=\"async\" class=\"image \" src=\"https:\/\/www.wash-megroup.com\/wp-content\/uploads\/2021\/07\/Step_7.png\" alt=\"Step_7.png\"\/>\n    <\/div>\n    <div class=\"title-text-icon__title\">\n        <h3 class=\"title \">\n    Appuyez sur le bouton \u00ab\u00a0START\u00a0\u00bb de la machine choisie.<\/h3>\n    <\/div>\n            <div class=\"title-text-icon__wysiwyg\">\n                    <\/div>\n        <\/div>\n                        <\/div>\n            <\/div>\n<\/div>\n\n\n<div class=\"block-icon-text-grid block-icon-text-grid--column-left-v2\">\n    <div class=\"block-icon-text-grid__container\">\n        <div class=\"block-icon-text-grid__title\">\n            <h2 class=\"title \">\n    un lavage toujours impeccable&nbsp;!<\/h2>\n        <\/div>\n                    <div class=\"block-icon-text-grid__wysiwyg\">\n                <div class=\"wysiwyg \">\n    <p>Les laveries Wash ME proposent de nombreux programmes et options de lavage pour tout type de linge. En cas d\u2019h\u00e9sitation sur le type de programme de lavage ou de s\u00e9chage, veuillez vous r\u00e9f\u00e9rer \u00e0 l\u2019\u00e9tiquette sur le v\u00eatement.<\/p>\n<\/div>\n            <\/div>\n                            <div class=\"block-icon-text-grid__block-list\">\n                                    \n<div class=\"title-text-icon block-icon-text-grid__block title-text-icon--wysiwyg title-text-icon--centered\">\n    <div class=\"title-text-icon__image\">\n        <img decoding=\"async\" class=\"image \" src=\"https:\/\/www.wash-megroup.com\/wp-content\/uploads\/2021\/07\/icon_water_40@2x.png\" alt=\"icon_water_40@2x.png\"\/>\n    <\/div>\n    <div class=\"title-text-icon__title\">\n        <h3 class=\"title \">\n    3 temp\u00e9ratures de lavage<\/h3>\n    <\/div>\n            <div class=\"title-text-icon__wysiwyg\">\n            <div class=\"wysiwyg \">\n    <p>Tous les textiles ne se lavent pas aux m\u00eames temp\u00e9ratures, nos machines vous proposent un lavage d\u00e9licat \u00e0 froid, \u00e0 40\u00b0 ou \u00e0 60\u00b0 pour vous offrir un lavage professionnel.<\/p>\n<\/div>\n        <\/div>\n        <\/div>\n                                \n<div class=\"title-text-icon block-icon-text-grid__block title-text-icon--wysiwyg title-text-icon--centered\">\n    <div class=\"title-text-icon__image\">\n        <img decoding=\"async\" class=\"image \" src=\"https:\/\/www.wash-megroup.com\/wp-content\/uploads\/2021\/07\/icon_laundry_clean@2x.png\" alt=\"icon_laundry_clean@2x.png\"\/>\n    <\/div>\n    <div class=\"title-text-icon__title\">\n        <h3 class=\"title \">\n    Des options de lavage<\/h3>\n    <\/div>\n            <div class=\"title-text-icon__wysiwyg\">\n            <div class=\"wysiwyg \">\n    <p>Que votre linge soit tr\u00e8s sale, que vous ayez envie de douceur et de souplesse ou d\u2019un linge sans bact\u00e9rie ni microbe, c\u2019est possible. Choisissez parmi les options : pr\u00e9lavage, assouplissant et assouplissant d\u00e9sinfectant.<\/p>\n<\/div>\n        <\/div>\n        <\/div>\n                        <\/div>\n            <\/div>\n<\/div>\n\n\n<div class=\"block-icon-text-grid block-icon-text-grid--column-center\">\n    <div class=\"block-icon-text-grid__container\">\n        <div class=\"block-icon-text-grid__title\">\n            <h2 class=\"title \">\n    Nos conseils de s\u00e9chage<\/h2>\n        <\/div>\n                    <div class=\"block-icon-text-grid__wysiwyg\">\n                <div class=\"wysiwyg \">\n    <p>Pour un r\u00e9sultat professionnel, nos programmes de s\u00e9chage s\u2019adaptent \u00e0 vos besoins : d\u00e9licat, normal ou \u00e9lev\u00e9 gr\u00e2ce aux cycles de 15 minutes.<\/p>\n<\/div>\n            <\/div>\n                            <div class=\"block-icon-text-grid__block-list\">\n                                    \n<div class=\"title-text-icon block-icon-text-grid__block title-text-icon--wysiwyg title-text-icon--centered\">\n    <div class=\"title-text-icon__image\">\n        <img decoding=\"async\" class=\"image \" src=\"https:\/\/www.wash-megroup.com\/wp-content\/uploads\/2021\/07\/icon_dry_low.png\" alt=\"icon_dry_low.png\"\/>\n    <\/div>\n    <div class=\"title-text-icon__title\">\n        <h3 class=\"title \">\n    D\u00e9licat<\/h3>\n    <\/div>\n            <div class=\"title-text-icon__wysiwyg\">\n            <div class=\"wysiwyg \">\n    <p><strong>Linge :<\/strong><\/p>\n<p>Textiles modernes \/ Synth\u00e9tique<\/p>\n<p><strong>Volume :<\/strong><\/p>\n<p>1 \u00e0 5 kg<\/p>\n<p><strong>S\u00e9chage :<\/strong><\/p>\n<p>Entre 15 et 30 minutes<\/p>\n<\/div>\n        <\/div>\n        <\/div>\n                                \n<div class=\"title-text-icon block-icon-text-grid__block title-text-icon--wysiwyg title-text-icon--centered\">\n    <div class=\"title-text-icon__image\">\n        <img decoding=\"async\" class=\"image \" src=\"https:\/\/www.wash-megroup.com\/wp-content\/uploads\/2021\/07\/icon-dry-regular.png\" alt=\"icon-dry-regular.png\"\/>\n    <\/div>\n    <div class=\"title-text-icon__title\">\n        <h3 class=\"title \">\n    Normal<\/h3>\n    <\/div>\n            <div class=\"title-text-icon__wysiwyg\">\n            <div class=\"wysiwyg \">\n    <p><strong>Linge :<\/strong><\/p>\n<p>M\u00e9lange coton \/ Synth\u00e9tique<\/p>\n<p><strong>Volume :<\/strong><\/p>\n<p>5 \u00e0 10 kg<\/p>\n<p><strong>S\u00e9chage :<\/strong><\/p>\n<p>Entre 30 et 45 minutes<\/p>\n<\/div>\n        <\/div>\n        <\/div>\n                                \n<div class=\"title-text-icon block-icon-text-grid__block title-text-icon--wysiwyg title-text-icon--centered\">\n    <div class=\"title-text-icon__image\">\n        <img decoding=\"async\" class=\"image \" src=\"https:\/\/www.wash-megroup.com\/wp-content\/uploads\/2021\/07\/icon_dry_high.png\" alt=\"icon_dry_high.png\"\/>\n    <\/div>\n    <div class=\"title-text-icon__title\">\n        <h3 class=\"title \">\n    \u00c9lev\u00e9<\/h3>\n    <\/div>\n            <div class=\"title-text-icon__wysiwyg\">\n            <div class=\"wysiwyg \">\n    <p><strong>Linge :<\/strong><\/p>\n<p>Couettes, oreillers, serviettes de toilette, draps, rideaux&#8230;<\/p>\n<p><strong>Volume :<\/strong><\/p>\n<p>10 \u00e0 18 kg<\/p>\n<p><strong>S\u00e9chage :<\/strong><\/p>\n<p>Entre 45 minutes et 1 heure<\/p>\n<\/div>\n        <\/div>\n        <\/div>\n                        <\/div>\n            <\/div>\n<\/div>\n\n\n<div class=\"block-video block-video--text-before block-video--bg-top\">\n    <div class=\"block-video__wrapper\">\n        <div class=\"block-video__container\">\n\t        \t\t        <div class=\"block-video__title-wrapper\">\n\t\t\t        <h2 class=\"title block-video__title title--size-m\">\n    PLONGEZ dans la Wash ME<\/h2>\n\t\t        <\/div>\n\t                                    <div class=\"block-video__text\">\n                    <div class=\"text \">\n    D\u00e9couvrez le mode d\u2019emploi en vid\u00e9o :<\/div>\n                <\/div>\n                        <div class=\"block-video__video\">\n                <iframe class=\"video \" src=\"https:\/\/player.vimeo.com\/video\/579794726\"\n        allow=\"autoplay; fullscreen; picture-in-picture\" allowfullscreen><\/iframe>\n            <\/div>\n                                <\/div>\n    <\/div>\n<\/div>\n\n\n<div class=\"block-blue\">\n    <div class=\"block-blue__container\">\n        <div class=\"block-blue__title-wrapper\">\n            <h2 class=\"title block-blue__title title--size-m title--white\">\n    PLUS DE 3 000 LAVERIES EN FRANCE<\/h2>\n        <\/div>\n        <div class=\"block-blue__text\">\n            <div class=\"text \">\n    <p>Trouvez la laverie la plus proche<\/p>\n<\/div>\n        <\/div>\n        <a class=\"link block-blue__cta-link button button--bordered-white button--with-icon icon-arrow-right\" href=\"https:\/\/stores.revolution-laundry.com\/fr-be\/\" target=\"_blank\">\n    <span>Cherchez ma laverie<\/span>\n<\/a>\n    <\/div>\n<\/div>\n","protected":false},"excerpt":{"rendered":"","protected":false},"author":1,"featured_media":240981,"parent":0,"menu_order":0,"comment_status":"closed","ping_status":"closed","template":"","meta":{"_acf_changed":false,"footnotes":""},"class_list":["post-162269","page","type-page","status-publish","has-post-thumbnail","hentry"],"acf":[],"yoast_head":"<title>Mode d&#039;emploi - Laverie automatique | Revolution Laundry<\/title>\n<meta name=\"description\" content=\"Guide complet sur l&#039;utilisation de nos machines de laverie automatique. Suivez nos instructions pour des lavages efficaces et sans tracas.\" \/>\n<meta name=\"robots\" content=\"index, follow, max-snippet:-1, max-image-preview:large, max-video-preview:-1\" \/>\n<link rel=\"canonical\" href=\"https:\/\/www.wash-megroup.com\/fr-be\/mode-d-emploi\/\" \/>\n<meta property=\"og:locale\" content=\"fr_FR\" \/>\n<meta property=\"og:type\" content=\"article\" \/>\n<meta property=\"og:title\" content=\"Mode d&#039;emploi - Laverie automatique | Revolution Laundry\" \/>\n<meta property=\"og:description\" content=\"Guide complet sur l&#039;utilisation de nos machines de laverie automatique. Suivez nos instructions pour des lavages efficaces et sans tracas.\" \/>\n<meta property=\"og:url\" content=\"https:\/\/www.wash-megroup.com\/fr-be\/mode-d-emploi\/\" \/>\n<meta property=\"og:site_name\" content=\"Wash-ME\" \/>\n<meta property=\"article:modified_time\" content=\"2023-08-04T15:05:08+00:00\" \/>\n<meta name=\"twitter:card\" content=\"summary_large_image\" \/>\n<script type=\"application\/ld+json\" class=\"yoast-schema-graph\">{\"@context\":\"https:\/\/schema.org\",\"@graph\":[{\"@type\":\"WebPage\",\"@id\":\"https:\/\/www.wash-megroup.com\/fr-be\/mode-d-emploi\/\",\"url\":\"https:\/\/www.wash-megroup.com\/fr-be\/mode-d-emploi\/\",\"name\":\"Mode d'emploi - Laverie automatique | Revolution Laundry\",\"isPartOf\":{\"@id\":\"https:\/\/www.wash-megroup.com\/fr-be\/#website\"},\"primaryImageOfPage\":{\"@id\":\"https:\/\/www.wash-megroup.com\/fr-be\/mode-d-emploi\/#primaryimage\"},\"image\":{\"@id\":\"https:\/\/www.wash-megroup.com\/fr-be\/mode-d-emploi\/#primaryimage\"},\"thumbnailUrl\":\"https:\/\/www.wash-megroup.com\/wp-content\/uploads\/2024\/11\/Wash.ME-Mode-demploi.png\",\"datePublished\":\"2021-06-22T14:10:19+00:00\",\"dateModified\":\"2023-08-04T15:05:08+00:00\",\"description\":\"Guide complet sur l'utilisation de nos machines de laverie automatique. Suivez nos instructions pour des lavages efficaces et sans tracas.\",\"breadcrumb\":{\"@id\":\"https:\/\/www.wash-megroup.com\/fr-be\/mode-d-emploi\/#breadcrumb\"},\"inLanguage\":\"fr-BE\",\"potentialAction\":[{\"@type\":\"ReadAction\",\"target\":[\"https:\/\/www.wash-megroup.com\/fr-be\/mode-d-emploi\/\"]}]},{\"@type\":\"ImageObject\",\"inLanguage\":\"fr-BE\",\"@id\":\"https:\/\/www.wash-megroup.com\/fr-be\/mode-d-emploi\/#primaryimage\",\"url\":\"https:\/\/www.wash-megroup.com\/wp-content\/uploads\/2024\/11\/Wash.ME-Mode-demploi.png\",\"contentUrl\":\"https:\/\/www.wash-megroup.com\/wp-content\/uploads\/2024\/11\/Wash.ME-Mode-demploi.png\",\"width\":1240,\"height\":720,\"caption\":\"Comment laver son linge dans une laverie Wash.ME ?\"},{\"@type\":\"BreadcrumbList\",\"@id\":\"https:\/\/www.wash-megroup.com\/fr-be\/mode-d-emploi\/#breadcrumb\",\"itemListElement\":[{\"@type\":\"ListItem\",\"position\":1,\"name\":\"Home\",\"item\":\"https:\/\/www.wash-megroup.com\/fr-be\/\"},{\"@type\":\"ListItem\",\"position\":2,\"name\":\"Mode d&#8217;emploi\"}]},{\"@type\":\"WebSite\",\"@id\":\"https:\/\/www.wash-megroup.com\/fr-be\/#website\",\"url\":\"https:\/\/www.wash-megroup.com\/fr-be\/\",\"name\":\"Wash-ME\",\"description\":\"Acc\u00e9dez \u00e0 l&#039;espace particulier\",\"publisher\":{\"@id\":\"https:\/\/www.wash-megroup.com\/fr-be\/#organization\"},\"potentialAction\":[{\"@type\":\"SearchAction\",\"target\":{\"@type\":\"EntryPoint\",\"urlTemplate\":\"https:\/\/www.wash-megroup.com\/fr-be\/?s={search_term_string}\"},\"query-input\":{\"@type\":\"PropertyValueSpecification\",\"valueRequired\":true,\"valueName\":\"search_term_string\"}}],\"inLanguage\":\"fr-BE\"},{\"@type\":\"Organization\",\"@id\":\"https:\/\/www.wash-megroup.com\/fr-be\/#organization\",\"name\":\"Wash-ME\",\"url\":\"https:\/\/www.wash-megroup.com\/fr-be\/\",\"logo\":{\"@type\":\"ImageObject\",\"inLanguage\":\"fr-BE\",\"@id\":\"https:\/\/www.wash-megroup.com\/fr-be\/#\/schema\/logo\/image\/\",\"url\":\"https:\/\/www.wash-megroup.com\/wp-content\/uploads\/2021\/07\/logo_revolaundry_white@2x.png\",\"contentUrl\":\"https:\/\/www.wash-megroup.com\/wp-content\/uploads\/2021\/07\/logo_revolaundry_white@2x.png\",\"width\":538,\"height\":146,\"caption\":\"Wash-ME\"},\"image\":{\"@id\":\"https:\/\/www.wash-megroup.com\/fr-be\/#\/schema\/logo\/image\/\"}}]}<\/script>","yoast_head_json":{"title":"Mode d'emploi - Laverie automatique | Revolution Laundry","description":"Guide complet sur l'utilisation de nos machines de laverie automatique. Suivez nos instructions pour des lavages efficaces et sans tracas.","robots":{"index":"index","follow":"follow","max-snippet":"max-snippet:-1","max-image-preview":"max-image-preview:large","max-video-preview":"max-video-preview:-1"},"canonical":"https:\/\/www.wash-megroup.com\/fr-be\/mode-d-emploi\/","og_locale":"fr_FR","og_type":"article","og_title":"Mode d'emploi - Laverie automatique | Revolution Laundry","og_description":"Guide complet sur l'utilisation de nos machines de laverie automatique. Suivez nos instructions pour des lavages efficaces et sans tracas.","og_url":"https:\/\/www.wash-megroup.com\/fr-be\/mode-d-emploi\/","og_site_name":"Wash-ME","article_modified_time":"2023-08-04T15:05:08+00:00","twitter_card":"summary_large_image","schema":{"@context":"https:\/\/schema.org","@graph":[{"@type":"WebPage","@id":"https:\/\/www.wash-megroup.com\/fr-be\/mode-d-emploi\/","url":"https:\/\/www.wash-megroup.com\/fr-be\/mode-d-emploi\/","name":"Mode d'emploi - Laverie automatique | Revolution Laundry","isPartOf":{"@id":"https:\/\/www.wash-megroup.com\/fr-be\/#website"},"primaryImageOfPage":{"@id":"https:\/\/www.wash-megroup.com\/fr-be\/mode-d-emploi\/#primaryimage"},"image":{"@id":"https:\/\/www.wash-megroup.com\/fr-be\/mode-d-emploi\/#primaryimage"},"thumbnailUrl":"https:\/\/www.wash-megroup.com\/wp-content\/uploads\/2024\/11\/Wash.ME-Mode-demploi.png","datePublished":"2021-06-22T14:10:19+00:00","dateModified":"2023-08-04T15:05:08+00:00","description":"Guide complet sur l'utilisation de nos machines de laverie automatique. Suivez nos instructions pour des lavages efficaces et sans tracas.","breadcrumb":{"@id":"https:\/\/www.wash-megroup.com\/fr-be\/mode-d-emploi\/#breadcrumb"},"inLanguage":"fr-BE","potentialAction":[{"@type":"ReadAction","target":["https:\/\/www.wash-megroup.com\/fr-be\/mode-d-emploi\/"]}]},{"@type":"ImageObject","inLanguage":"fr-BE","@id":"https:\/\/www.wash-megroup.com\/fr-be\/mode-d-emploi\/#primaryimage","url":"https:\/\/www.wash-megroup.com\/wp-content\/uploads\/2024\/11\/Wash.ME-Mode-demploi.png","contentUrl":"https:\/\/www.wash-megroup.com\/wp-content\/uploads\/2024\/11\/Wash.ME-Mode-demploi.png","width":1240,"height":720,"caption":"Comment laver son linge dans une laverie Wash.ME ?"},{"@type":"BreadcrumbList","@id":"https:\/\/www.wash-megroup.com\/fr-be\/mode-d-emploi\/#breadcrumb","itemListElement":[{"@type":"ListItem","position":1,"name":"Home","item":"https:\/\/www.wash-megroup.com\/fr-be\/"},{"@type":"ListItem","position":2,"name":"Mode d&#8217;emploi"}]},{"@type":"WebSite","@id":"https:\/\/www.wash-megroup.com\/fr-be\/#website","url":"https:\/\/www.wash-megroup.com\/fr-be\/","name":"Wash-ME","description":"Acc\u00e9dez \u00e0 l&#039;espace particulier","publisher":{"@id":"https:\/\/www.wash-megroup.com\/fr-be\/#organization"},"potentialAction":[{"@type":"SearchAction","target":{"@type":"EntryPoint","urlTemplate":"https:\/\/www.wash-megroup.com\/fr-be\/?s={search_term_string}"},"query-input":{"@type":"PropertyValueSpecification","valueRequired":true,"valueName":"search_term_string"}}],"inLanguage":"fr-BE"},{"@type":"Organization","@id":"https:\/\/www.wash-megroup.com\/fr-be\/#organization","name":"Wash-ME","url":"https:\/\/www.wash-megroup.com\/fr-be\/","logo":{"@type":"ImageObject","inLanguage":"fr-BE","@id":"https:\/\/www.wash-megroup.com\/fr-be\/#\/schema\/logo\/image\/","url":"https:\/\/www.wash-megroup.com\/wp-content\/uploads\/2021\/07\/logo_revolaundry_white@2x.png","contentUrl":"https:\/\/www.wash-megroup.com\/wp-content\/uploads\/2021\/07\/logo_revolaundry_white@2x.png","width":538,"height":146,"caption":"Wash-ME"},"image":{"@id":"https:\/\/www.wash-megroup.com\/fr-be\/#\/schema\/logo\/image\/"}}]}},"_links":{"self":[{"href":"https:\/\/www.wash-megroup.com\/fr-be\/wp-json\/wp\/v2\/pages\/162269","targetHints":{"allow":["GET"]}}],"collection":[{"href":"https:\/\/www.wash-megroup.com\/fr-be\/wp-json\/wp\/v2\/pages"}],"about":[{"href":"https:\/\/www.wash-megroup.com\/fr-be\/wp-json\/wp\/v2\/types\/page"}],"author":[{"embeddable":true,"href":"https:\/\/www.wash-megroup.com\/fr-be\/wp-json\/wp\/v2\/users\/1"}],"replies":[{"embeddable":true,"href":"https:\/\/www.wash-megroup.com\/fr-be\/wp-json\/wp\/v2\/comments?post=162269"}],"version-history":[{"count":4,"href":"https:\/\/www.wash-megroup.com\/fr-be\/wp-json\/wp\/v2\/pages\/162269\/revisions"}],"predecessor-version":[{"id":163539,"href":"https:\/\/www.wash-megroup.com\/fr-be\/wp-json\/wp\/v2\/pages\/162269\/revisions\/163539"}],"wp:featuredmedia":[{"embeddable":true,"href":"https:\/\/www.wash-megroup.com\/fr-be\/wp-json\/wp\/v2\/media\/240981"}],"wp:attachment":[{"href":"https:\/\/www.wash-megroup.com\/fr-be\/wp-json\/wp\/v2\/media?parent=162269"}],"curies":[{"name":"wp","href":"https:\/\/api.w.org\/{rel}","templated":true}]}}