{"id":162276,"date":"2021-06-21T10:12:57","date_gmt":"2021-06-21T08:12:57","guid":{"rendered":"https:\/\/www.wash-megroup.com\/nous-rejoindre\/"},"modified":"2023-10-16T13:57:57","modified_gmt":"2023-10-16T11:57:57","slug":"nous-rejoindre","status":"publish","type":"page","link":"https:\/\/www.wash-megroup.com\/fr-be\/nous-rejoindre\/","title":{"rendered":"Nous rejoindre"},"content":{"rendered":"\n<h1 class=\"wp-block-heading\" id=\"nous-rejoindre\">Nous rejoindre<\/h1>\n\n\n\n<p>Wash ME est une marque et un service de laveries automatiques ext\u00e9rieures appartenant \u00e0 ME Group (ex Photo-Me Group) au m\u00eame titre que les cabines photos et kiosques d&rsquo;impression photos Photomaton, des kiosques \u00e0 pizza Resto&rsquo;Clock, des presse-agrumes et machines \u00e0 jus Sempa etc.<\/p>\n\n\n\n<p>Nos univers vous plaisent ?  D\u00e9couvrez les offres d&#8217;emploi de ME Group !<\/p>\n\n\n\n<div class=\"wp-block-buttons is-layout-flex wp-block-buttons-is-layout-flex\"><div class=\"wp-block-button\">\n<a href=\"https:\/\/jobs.photo-me.com\/\" class=\"button wp-block-button__link \">\n<span>\nNos offres d&#8217;emploi\n<\/span><\/a><!--\/ .container -->\n<\/div><!--\/ .group -->\n<\/div>\n","protected":false},"excerpt":{"rendered":"<p>Nous rejoindre Wash ME est une marque et un service de laveries&#8230;<\/p>\n","protected":false},"author":1,"featured_media":0,"parent":0,"menu_order":0,"comment_status":"closed","ping_status":"closed","template":"","meta":{"_acf_changed":false,"footnotes":""},"class_list":["post-162276","page","type-page","status-publish","hentry"],"acf":[],"yoast_head":"<title>Nous rejoindre - Wash-ME<\/title>\n<meta name=\"description\" content=\"Rejoignez notre \u00e9quipe passionn\u00e9e pour une carri\u00e8re excitante chez Revolution Laundry. Consultez nos offres d&#039;emploi d\u00e8s maintenant.\" \/>\n<meta name=\"robots\" content=\"index, follow, max-snippet:-1, max-image-preview:large, max-video-preview:-1\" \/>\n<link rel=\"canonical\" href=\"https:\/\/www.wash-megroup.com\/fr-be\/nous-rejoindre\/\" \/>\n<meta property=\"og:locale\" content=\"fr_FR\" \/>\n<meta property=\"og:type\" content=\"article\" \/>\n<meta property=\"og:title\" content=\"Nous rejoindre - Wash-ME\" \/>\n<meta property=\"og:description\" content=\"Rejoignez notre \u00e9quipe passionn\u00e9e pour une carri\u00e8re excitante chez Revolution Laundry. Consultez nos offres d&#039;emploi d\u00e8s maintenant.\" \/>\n<meta property=\"og:url\" content=\"https:\/\/www.wash-megroup.com\/fr-be\/nous-rejoindre\/\" \/>\n<meta property=\"og:site_name\" content=\"Wash-ME\" \/>\n<meta property=\"article:modified_time\" content=\"2023-10-16T11:57:57+00:00\" \/>\n<meta name=\"twitter:card\" content=\"summary_large_image\" \/>\n<meta name=\"twitter:label1\" content=\"Dur\u00e9e de lecture est.\" \/>\n\t<meta name=\"twitter:data1\" content=\"1 minute\" \/>\n<script type=\"application\/ld+json\" class=\"yoast-schema-graph\">{\"@context\":\"https:\/\/schema.org\",\"@graph\":[{\"@type\":\"WebPage\",\"@id\":\"https:\/\/www.wash-megroup.com\/fr-be\/nous-rejoindre\/\",\"url\":\"https:\/\/www.wash-megroup.com\/fr-be\/nous-rejoindre\/\",\"name\":\"Nous rejoindre - Wash-ME\",\"isPartOf\":{\"@id\":\"https:\/\/www.wash-megroup.com\/fr-be\/#website\"},\"datePublished\":\"2021-06-21T08:12:57+00:00\",\"dateModified\":\"2023-10-16T11:57:57+00:00\",\"description\":\"Rejoignez notre \u00e9quipe passionn\u00e9e pour une carri\u00e8re excitante chez Revolution Laundry. Consultez nos offres d'emploi d\u00e8s maintenant.\",\"breadcrumb\":{\"@id\":\"https:\/\/www.wash-megroup.com\/fr-be\/nous-rejoindre\/#breadcrumb\"},\"inLanguage\":\"fr-BE\",\"potentialAction\":[{\"@type\":\"ReadAction\",\"target\":[\"https:\/\/www.wash-megroup.com\/fr-be\/nous-rejoindre\/\"]}]},{\"@type\":\"BreadcrumbList\",\"@id\":\"https:\/\/www.wash-megroup.com\/fr-be\/nous-rejoindre\/#breadcrumb\",\"itemListElement\":[{\"@type\":\"ListItem\",\"position\":1,\"name\":\"Home\",\"item\":\"https:\/\/www.wash-megroup.com\/fr-be\/\"},{\"@type\":\"ListItem\",\"position\":2,\"name\":\"Nous rejoindre\"}]},{\"@type\":\"WebSite\",\"@id\":\"https:\/\/www.wash-megroup.com\/fr-be\/#website\",\"url\":\"https:\/\/www.wash-megroup.com\/fr-be\/\",\"name\":\"Wash-ME\",\"description\":\"Acc\u00e9dez \u00e0 l&#039;espace particulier\",\"publisher\":{\"@id\":\"https:\/\/www.wash-megroup.com\/fr-be\/#organization\"},\"potentialAction\":[{\"@type\":\"SearchAction\",\"target\":{\"@type\":\"EntryPoint\",\"urlTemplate\":\"https:\/\/www.wash-megroup.com\/fr-be\/?s={search_term_string}\"},\"query-input\":{\"@type\":\"PropertyValueSpecification\",\"valueRequired\":true,\"valueName\":\"search_term_string\"}}],\"inLanguage\":\"fr-BE\"},{\"@type\":\"Organization\",\"@id\":\"https:\/\/www.wash-megroup.com\/fr-be\/#organization\",\"name\":\"Wash-ME\",\"url\":\"https:\/\/www.wash-megroup.com\/fr-be\/\",\"logo\":{\"@type\":\"ImageObject\",\"inLanguage\":\"fr-BE\",\"@id\":\"https:\/\/www.wash-megroup.com\/fr-be\/#\/schema\/logo\/image\/\",\"url\":\"https:\/\/www.wash-megroup.com\/wp-content\/uploads\/2021\/07\/logo_revolaundry_white@2x.png\",\"contentUrl\":\"https:\/\/www.wash-megroup.com\/wp-content\/uploads\/2021\/07\/logo_revolaundry_white@2x.png\",\"width\":538,\"height\":146,\"caption\":\"Wash-ME\"},\"image\":{\"@id\":\"https:\/\/www.wash-megroup.com\/fr-be\/#\/schema\/logo\/image\/\"}}]}<\/script>","yoast_head_json":{"title":"Nous rejoindre - Wash-ME","description":"Rejoignez notre \u00e9quipe passionn\u00e9e pour une carri\u00e8re excitante chez Revolution Laundry. Consultez nos offres d'emploi d\u00e8s maintenant.","robots":{"index":"index","follow":"follow","max-snippet":"max-snippet:-1","max-image-preview":"max-image-preview:large","max-video-preview":"max-video-preview:-1"},"canonical":"https:\/\/www.wash-megroup.com\/fr-be\/nous-rejoindre\/","og_locale":"fr_FR","og_type":"article","og_title":"Nous rejoindre - Wash-ME","og_description":"Rejoignez notre \u00e9quipe passionn\u00e9e pour une carri\u00e8re excitante chez Revolution Laundry. Consultez nos offres d'emploi d\u00e8s maintenant.","og_url":"https:\/\/www.wash-megroup.com\/fr-be\/nous-rejoindre\/","og_site_name":"Wash-ME","article_modified_time":"2023-10-16T11:57:57+00:00","twitter_card":"summary_large_image","twitter_misc":{"Dur\u00e9e de lecture est.":"1 minute"},"schema":{"@context":"https:\/\/schema.org","@graph":[{"@type":"WebPage","@id":"https:\/\/www.wash-megroup.com\/fr-be\/nous-rejoindre\/","url":"https:\/\/www.wash-megroup.com\/fr-be\/nous-rejoindre\/","name":"Nous rejoindre - Wash-ME","isPartOf":{"@id":"https:\/\/www.wash-megroup.com\/fr-be\/#website"},"datePublished":"2021-06-21T08:12:57+00:00","dateModified":"2023-10-16T11:57:57+00:00","description":"Rejoignez notre \u00e9quipe passionn\u00e9e pour une carri\u00e8re excitante chez Revolution Laundry. Consultez nos offres d'emploi d\u00e8s maintenant.","breadcrumb":{"@id":"https:\/\/www.wash-megroup.com\/fr-be\/nous-rejoindre\/#breadcrumb"},"inLanguage":"fr-BE","potentialAction":[{"@type":"ReadAction","target":["https:\/\/www.wash-megroup.com\/fr-be\/nous-rejoindre\/"]}]},{"@type":"BreadcrumbList","@id":"https:\/\/www.wash-megroup.com\/fr-be\/nous-rejoindre\/#breadcrumb","itemListElement":[{"@type":"ListItem","position":1,"name":"Home","item":"https:\/\/www.wash-megroup.com\/fr-be\/"},{"@type":"ListItem","position":2,"name":"Nous rejoindre"}]},{"@type":"WebSite","@id":"https:\/\/www.wash-megroup.com\/fr-be\/#website","url":"https:\/\/www.wash-megroup.com\/fr-be\/","name":"Wash-ME","description":"Acc\u00e9dez \u00e0 l&#039;espace particulier","publisher":{"@id":"https:\/\/www.wash-megroup.com\/fr-be\/#organization"},"potentialAction":[{"@type":"SearchAction","target":{"@type":"EntryPoint","urlTemplate":"https:\/\/www.wash-megroup.com\/fr-be\/?s={search_term_string}"},"query-input":{"@type":"PropertyValueSpecification","valueRequired":true,"valueName":"search_term_string"}}],"inLanguage":"fr-BE"},{"@type":"Organization","@id":"https:\/\/www.wash-megroup.com\/fr-be\/#organization","name":"Wash-ME","url":"https:\/\/www.wash-megroup.com\/fr-be\/","logo":{"@type":"ImageObject","inLanguage":"fr-BE","@id":"https:\/\/www.wash-megroup.com\/fr-be\/#\/schema\/logo\/image\/","url":"https:\/\/www.wash-megroup.com\/wp-content\/uploads\/2021\/07\/logo_revolaundry_white@2x.png","contentUrl":"https:\/\/www.wash-megroup.com\/wp-content\/uploads\/2021\/07\/logo_revolaundry_white@2x.png","width":538,"height":146,"caption":"Wash-ME"},"image":{"@id":"https:\/\/www.wash-megroup.com\/fr-be\/#\/schema\/logo\/image\/"}}]}},"_links":{"self":[{"href":"https:\/\/www.wash-megroup.com\/fr-be\/wp-json\/wp\/v2\/pages\/162276","targetHints":{"allow":["GET"]}}],"collection":[{"href":"https:\/\/www.wash-megroup.com\/fr-be\/wp-json\/wp\/v2\/pages"}],"about":[{"href":"https:\/\/www.wash-megroup.com\/fr-be\/wp-json\/wp\/v2\/types\/page"}],"author":[{"embeddable":true,"href":"https:\/\/www.wash-megroup.com\/fr-be\/wp-json\/wp\/v2\/users\/1"}],"replies":[{"embeddable":true,"href":"https:\/\/www.wash-megroup.com\/fr-be\/wp-json\/wp\/v2\/comments?post=162276"}],"version-history":[{"count":1,"href":"https:\/\/www.wash-megroup.com\/fr-be\/wp-json\/wp\/v2\/pages\/162276\/revisions"}],"predecessor-version":[{"id":171902,"href":"https:\/\/www.wash-megroup.com\/fr-be\/wp-json\/wp\/v2\/pages\/162276\/revisions\/171902"}],"wp:attachment":[{"href":"https:\/\/www.wash-megroup.com\/fr-be\/wp-json\/wp\/v2\/media?parent=162276"}],"curies":[{"name":"wp","href":"https:\/\/api.w.org\/{rel}","templated":true}]}}