{"id":185748,"date":"2024-01-30T13:50:45","date_gmt":"2024-01-30T12:50:45","guid":{"rendered":"https:\/\/www.wash-megroup.com\/me-group-app\/"},"modified":"2024-04-04T11:31:45","modified_gmt":"2024-04-04T09:31:45","slug":"app-wash-me","status":"publish","type":"page","link":"https:\/\/www.wash-megroup.com\/fr-be\/app-wash-me\/","title":{"rendered":"Appli Wash.ME"},"content":{"rendered":"<div class=\"block-blue\">\n    <div class=\"block-blue__container\">\n        <div class=\"block-blue__title-wrapper\">\n            <h2 class=\"title block-blue__title title--size-m title--white\">\n    NOUVEAU ! D\u00e9couvrez notre nouvelle appli mobile&nbsp;!<\/h2>\n        <\/div>\n        <div class=\"block-blue__text\">\n            <div class=\"text \">\n    <p>Installez la nouvelle application mobile Wash.ME et trouvez votre laverie pr\u00e9f\u00e9r\u00e9e en quelques clics. Encore plus d\u2019avantages ? Faites le plein de promos toute l\u2019ann\u00e9e dans votre appli.<\/p>\n<\/div>\n        <\/div>\n            <\/div>\n<\/div>\n\n\n\n<div style=\"height:52px\" aria-hidden=\"true\" class=\"wp-block-spacer\"><\/div>\n\n\n\n<div class=\"wp-block-columns is-layout-flex wp-container-core-columns-is-layout-28f84493 wp-block-columns-is-layout-flex\">\n<div class=\"wp-block-column is-layout-flow wp-block-column-is-layout-flow\">\n<figure data-wp-context=\"{&quot;imageId&quot;:&quot;6a05e92cf3b98&quot;}\" data-wp-interactive=\"core\/image\" class=\"wp-block-image size-full is-resized wp-lightbox-container\"><img decoding=\"async\" width=\"2518\" height=\"1961\" data-wp-class--hide=\"state.isContentHidden\" data-wp-class--show=\"state.isContentVisible\" data-wp-init=\"callbacks.setButtonStyles\" data-wp-on-async--click=\"actions.showLightbox\" data-wp-on-async--load=\"callbacks.setButtonStyles\" data-wp-on-async-window--resize=\"callbacks.setButtonStyles\" src=\"https:\/\/www.wash-megroup.com\/wp-content\/uploads\/2024\/01\/Design-sans-titre.jpg\" alt=\"Nouvelle appli mobile ME Group, t\u00e9l\u00e9chargez-l\u00e0 !\" class=\"wp-image-183732\" style=\"width:700px\" srcset=\"https:\/\/www.wash-megroup.com\/wp-content\/uploads\/2024\/01\/Design-sans-titre.jpg 2518w, https:\/\/www.wash-megroup.com\/wp-content\/uploads\/2024\/01\/Design-sans-titre-300x234.jpg 300w, https:\/\/www.wash-megroup.com\/wp-content\/uploads\/2024\/01\/Design-sans-titre-1024x797.jpg 1024w, https:\/\/www.wash-megroup.com\/wp-content\/uploads\/2024\/01\/Design-sans-titre-768x598.jpg 768w, https:\/\/www.wash-megroup.com\/wp-content\/uploads\/2024\/01\/Design-sans-titre-1536x1196.jpg 1536w, https:\/\/www.wash-megroup.com\/wp-content\/uploads\/2024\/01\/Design-sans-titre-2048x1595.jpg 2048w\" sizes=\"(max-width: 2518px) 100vw, 2518px\" \/><button\n\t\t\tclass=\"lightbox-trigger\"\n\t\t\ttype=\"button\"\n\t\t\taria-haspopup=\"dialog\"\n\t\t\taria-label=\"Enlarge\"\n\t\t\tdata-wp-init=\"callbacks.initTriggerButton\"\n\t\t\tdata-wp-on-async--click=\"actions.showLightbox\"\n\t\t\tdata-wp-style--right=\"state.imageButtonRight\"\n\t\t\tdata-wp-style--top=\"state.imageButtonTop\"\n\t\t>\n\t\t\t<svg xmlns=\"http:\/\/www.w3.org\/2000\/svg\" width=\"12\" height=\"12\" fill=\"none\" viewBox=\"0 0 12 12\">\n\t\t\t\t<path fill=\"#fff\" d=\"M2 0a2 2 0 0 0-2 2v2h1.5V2a.5.5 0 0 1 .5-.5h2V0H2Zm2 10.5H2a.5.5 0 0 1-.5-.5V8H0v2a2 2 0 0 0 2 2h2v-1.5ZM8 12v-1.5h2a.5.5 0 0 0 .5-.5V8H12v2a2 2 0 0 1-2 2H8Zm2-12a2 2 0 0 1 2 2v2h-1.5V2a.5.5 0 0 0-.5-.5H8V0h2Z\" \/>\n\t\t\t<\/svg>\n\t\t<\/button><\/figure>\n<\/div>\n\n\n\n<div class=\"wp-block-column is-layout-flow wp-block-column-is-layout-flow\">\n<h2 class=\"wp-block-heading\"><strong>Wash.ME s\u2019invite dans votre t\u00e9l\u00e9phone pour vous faire gagner du temps et de l\u2019argent !<\/strong><\/h2>\n\n\n\n<p class=\"has-text-align-left\" style=\"padding-right:0;padding-left:0\">Retrouvez tous vos services en quelques clics : localisez les laveries pr\u00e8s de chez vous, lancez votre itin\u00e9raire, s\u00e9lectionnez vos laveries favorites et profitez de bons plans pour prendre soin de votre linge.<\/p>\n\n\n\n<div class=\"wp-block-buttons is-content-justification-space-between is-layout-flex wp-container-core-buttons-is-layout-b2891da8 wp-block-buttons-is-layout-flex\"><div class=\"wp-block-button\">\n<a href=\"#telecharger-app\" class=\"button wp-block-button__link \">\n<span>\nT\u00e9l\u00e9chargez l&rsquo;appli Wash.ME\n<\/span><\/a><!--\/ .container -->\n<\/div><!--\/ .group -->\n<\/div>\n\n\n\n<figure class=\"wp-block-image alignleft size-full is-resized\"><img decoding=\"async\" width=\"2080\" height=\"2080\" src=\"https:\/\/www.wash-megroup.com\/wp-content\/uploads\/2024\/03\/Icone-App-Wash-ME-HD.png\" alt=\"Wash.ME app\" class=\"wp-image-192284\" style=\"width:100px;height:auto\" srcset=\"https:\/\/www.wash-megroup.com\/wp-content\/uploads\/2024\/03\/Icone-App-Wash-ME-HD.png 2080w, https:\/\/www.wash-megroup.com\/wp-content\/uploads\/2024\/03\/Icone-App-Wash-ME-HD-300x300.png 300w, https:\/\/www.wash-megroup.com\/wp-content\/uploads\/2024\/03\/Icone-App-Wash-ME-HD-1024x1024.png 1024w, https:\/\/www.wash-megroup.com\/wp-content\/uploads\/2024\/03\/Icone-App-Wash-ME-HD-150x150.png 150w, https:\/\/www.wash-megroup.com\/wp-content\/uploads\/2024\/03\/Icone-App-Wash-ME-HD-768x768.png 768w, https:\/\/www.wash-megroup.com\/wp-content\/uploads\/2024\/03\/Icone-App-Wash-ME-HD-1536x1536.png 1536w, https:\/\/www.wash-megroup.com\/wp-content\/uploads\/2024\/03\/Icone-App-Wash-ME-HD-2048x2048.png 2048w\" sizes=\"(max-width: 2080px) 100vw, 2080px\" \/><\/figure>\n<\/div>\n<\/div>\n\n\n\n<h2 class=\"wp-block-heading has-text-align-center\">Une application pour simplifier votre quotidien<\/h2>\n\n\n\n<div class=\"wp-block-columns is-layout-flex wp-container-core-columns-is-layout-28f84493 wp-block-columns-is-layout-flex\">\n<div class=\"wp-block-column is-layout-flow wp-block-column-is-layout-flow\">\n<p class=\"has-text-align-right\"><mark style=\"background-color:#FFFFFF\" class=\"has-inline-color has-blue-viking-color\"><strong>UTILE |<\/strong><\/mark> Trouvez la laverie la plus proche de chez vous en quelques clics<\/p>\n\n\n\n<p class=\"has-text-align-right\"><strong><mark style=\"background-color:#FFFFFF\" class=\"has-inline-color has-blue-viking-color\">RAPIDE | <\/mark><\/strong>Enregistrez vos laveries favorites pour les retrouver automatiquement<\/p>\n\n\n\n<p class=\"has-text-align-right\"><strong><mark style=\"background-color:#FFFFFF\" class=\"has-inline-color has-blue-viking-color\">ACCESSIBLE | <\/mark><\/strong>Retrouvez le r\u00e9seau de laveries Wash.ME en Belgique et en Europe<\/p>\n<\/div>\n\n\n\n<div class=\"wp-block-column is-layout-flow wp-block-column-is-layout-flow\">\n<figure class=\"wp-block-image size-full is-resized\"><img decoding=\"async\" width=\"800\" height=\"800\" src=\"https:\/\/www.wash-megroup.com\/wp-content\/uploads\/2024\/02\/RAPIDE-BE-FR-400x400-1.png\" alt=\"Trouvez la laverie Wash ME la plus proche de chez vous\" class=\"wp-image-187664\" style=\"width:400px\" srcset=\"https:\/\/www.wash-megroup.com\/wp-content\/uploads\/2024\/02\/RAPIDE-BE-FR-400x400-1.png 800w, https:\/\/www.wash-megroup.com\/wp-content\/uploads\/2024\/02\/RAPIDE-BE-FR-400x400-1-300x300.png 300w, https:\/\/www.wash-megroup.com\/wp-content\/uploads\/2024\/02\/RAPIDE-BE-FR-400x400-1-150x150.png 150w, https:\/\/www.wash-megroup.com\/wp-content\/uploads\/2024\/02\/RAPIDE-BE-FR-400x400-1-768x768.png 768w\" sizes=\"(max-width: 800px) 100vw, 800px\" \/><\/figure>\n<\/div>\n<\/div>\n\n\n\n<div class=\"wp-block-columns is-layout-flex wp-container-core-columns-is-layout-28f84493 wp-block-columns-is-layout-flex\">\n<div class=\"wp-block-column is-layout-flow wp-block-column-is-layout-flow\">\n<figure class=\"wp-block-image size-full is-resized\"><img decoding=\"async\" width=\"800\" height=\"800\" src=\"https:\/\/www.wash-megroup.com\/wp-content\/uploads\/2024\/02\/EFFICACE-BE-FR-400x400-1.jpg\" alt=\"Visualisez tous les services propos\u00e9s dans votre laverie Wash ME\" class=\"wp-image-187697\" style=\"width:400px\" srcset=\"https:\/\/www.wash-megroup.com\/wp-content\/uploads\/2024\/02\/EFFICACE-BE-FR-400x400-1.jpg 800w, https:\/\/www.wash-megroup.com\/wp-content\/uploads\/2024\/02\/EFFICACE-BE-FR-400x400-1-300x300.jpg 300w, https:\/\/www.wash-megroup.com\/wp-content\/uploads\/2024\/02\/EFFICACE-BE-FR-400x400-1-150x150.jpg 150w, https:\/\/www.wash-megroup.com\/wp-content\/uploads\/2024\/02\/EFFICACE-BE-FR-400x400-1-768x768.jpg 768w\" sizes=\"(max-width: 800px) 100vw, 800px\" \/><\/figure>\n<\/div>\n\n\n\n<div class=\"wp-block-column is-layout-flow wp-block-column-is-layout-flow\">\n<p><mark style=\"background-color:#FFFFFF\" class=\"has-inline-color has-blue-viking-color\"><strong>PRATIQUE |<\/strong><\/mark> Lancez votre itin\u00e9raire vers votre laverie directement depuis l\u2019appli<\/p>\n\n\n\n<p class=\"has-text-align-left\"><mark style=\"background-color:#FFFFFF\" class=\"has-inline-color has-blue-viking-color\"><strong>EFFICACE |<\/strong><\/mark> Visualisez tous les services propos\u00e9s dans chacune de nos laveries automatiques<\/p>\n\n\n\n<p><mark style=\"background-color:#FFFFFF\" class=\"has-inline-color has-blue-viking-color\"><strong>ECONOMIQUE |<\/strong><\/mark> Retrouvez tous vos avantages et vos promotions pour faire des \u00e9conomies toute l\u2019ann\u00e9e !<\/p>\n<\/div>\n<\/div>\n\n\n\n<div style=\"height:34px\" aria-hidden=\"true\" class=\"wp-block-spacer\"><\/div>\n\n\n\n<div class=\"wp-block-group alignfull has-background is-layout-constrained wp-block-group-is-layout-constrained\" style=\"background-color:#eeeeee;padding-top:var(--wp--preset--spacing--60);padding-bottom:var(--wp--preset--spacing--60)\">\n<h2 class=\"wp-block-heading has-text-align-center\">WASH ME VOUS ACCOMPAGNE O\u00d9 QUE VOUS SOYEZ !<\/h2>\n\n\n\n<p class=\"has-text-align-center\" style=\"font-size:20px\">En Belgique et en Europe, profitez de tous les avantages de notre r\u00e9seau de laveries Wash.ME et offrez \u00e0 votre linge fra\u00eecheur et propret\u00e9 \u00e0 prix tous doux gr\u00e2ce \u00e0 l\u2019application Wash.ME.<\/p>\n\n\n\n<div class=\"wp-block-columns alignwide is-layout-flex wp-container-core-columns-is-layout-28f84493 wp-block-columns-is-layout-flex\">\n<div class=\"wp-block-column is-layout-flow wp-block-column-is-layout-flow\">\n<figure class=\"wp-block-image aligncenter size-full\"><img decoding=\"async\" width=\"150\" height=\"150\" src=\"https:\/\/www.wash-megroup.com\/wp-content\/uploads\/2024\/01\/150x150_GEOLOCALISATION_1.png\" alt=\"Localisez votre laverie Wash ME\" class=\"wp-image-181784\" \/><\/figure>\n\n\n\n<p class=\"has-text-align-center\" style=\"font-size:18px\"><strong>G\u00e9olocalisation<\/strong> <strong>Wash.ME<\/strong><\/p>\n<\/div>\n\n\n\n<div class=\"wp-block-column is-layout-flow wp-block-column-is-layout-flow\">\n<figure class=\"wp-block-image aligncenter size-full\"><img decoding=\"async\" width=\"150\" height=\"150\" src=\"https:\/\/www.wash-megroup.com\/wp-content\/uploads\/2024\/01\/150x150_INFOS.png\" alt=\"Infos et services disponibles\" class=\"wp-image-181814\" \/><\/figure>\n\n\n\n<p class=\"has-text-align-center\" id=\"telechargez-app\" style=\"font-size:18px\"><strong>Infos et services disponibles<\/strong><\/p>\n<\/div>\n\n\n\n<div class=\"wp-block-column is-layout-flow wp-block-column-is-layout-flow\">\n<figure class=\"wp-block-image aligncenter size-full\"><img decoding=\"async\" width=\"150\" height=\"150\" src=\"https:\/\/www.wash-megroup.com\/wp-content\/uploads\/2024\/01\/150x150_PROMO-1.png\" alt=\"\" class=\"wp-image-183695\" \/><\/figure>\n\n\n\n<p class=\"has-text-align-center\" style=\"font-size:18px\"><strong>Promos et bons plans<\/strong><\/p>\n<\/div>\n<\/div>\n<\/div>\n\n\n\n<h2 class=\"wp-block-heading has-text-align-center\" id=\"telecharger-app\">Des nouveaut\u00e9s et des avantages toute l\u2019ann\u00e9e<\/h2>\n\n\n\n<div class=\"wp-block-columns is-layout-flex wp-container-core-columns-is-layout-28f84493 wp-block-columns-is-layout-flex\">\n<div class=\"wp-block-column is-layout-flow wp-block-column-is-layout-flow\" style=\"flex-basis:66.66%\">\n<p>Wash.ME \u00e9volue pour vous apporter toujours plus de services. Nos \u00e9quipes travaillent au quotidien pour am\u00e9liorer votre exp\u00e9rience et faciliter votre vie. Installez vite l\u2019application pour ne pas manquer !<\/p>\n\n\n\n<p>Et pour vous souhaiter la bienvenue, profitez imm\u00e9diatement d\u2019une remise de<strong><mark style=\"background-color:#56c2df\" class=\"has-inline-color has-white-color\">2\u20ac sur votre premier lavage\/s\u00e9chage*<\/mark>.<\/strong><\/p>\n\n\n\n<p>Rendez-vous dans l\u2019application pour d\u00e9couvrir votre code personnalis\u00e9 !<\/p>\n<\/div>\n\n\n\n<div class=\"wp-block-column is-layout-flow wp-block-column-is-layout-flow\" style=\"flex-basis:33.33%\">\n<figure class=\"wp-block-image size-full is-resized\"><a href=\"https:\/\/play.google.com\/store\/search?q=wash.me&amp;c=apps&amp;hl=fr\" target=\"_blank\" rel=\"noreferrer noopener\"><img decoding=\"async\" width=\"300\" height=\"100\" src=\"https:\/\/www.wash-megroup.com\/wp-content\/uploads\/2024\/01\/1.png\" alt=\"T\u00e9l\u00e9chargez l'appli ME Group sur Google Play Store\" class=\"wp-image-183585\" style=\"width:275px;height:auto\" \/><\/a><\/figure>\n\n\n\n<figure class=\"wp-block-image size-full is-resized\"><a href=\"https:\/\/apps.apple.com\/fr\/app\/wash-me\/id6449978633\" target=\"_blank\" rel=\"noreferrer noopener\"><img decoding=\"async\" width=\"300\" height=\"100\" src=\"https:\/\/www.wash-megroup.com\/wp-content\/uploads\/2024\/01\/2.png\" alt=\"T\u00e9l\u00e9chargez l'appli ME Group sur l'App Store\" class=\"wp-image-183600\" style=\"width:275px;height:auto\" \/><\/a><\/figure>\n<\/div>\n<\/div>\n\n\n\n<p class=\"has-small-font-size\">*Offre r\u00e9serv\u00e9e aux nouveaux utilisateurs de l\u2019application mobile Wash.ME. Si vous avez d\u00e9j\u00e0 install\u00e9 l\u2019application mobile Wash.ME, vous ne pourrez pas acc\u00e9der \u00e0 ce code promo. En revanche, vous acc\u00e9derez \u00e0 toutes les offres promotionnelles \u00e0 venir sur l\u2019ann\u00e9e. Restez connect\u00e9.e.s !<\/p>\n\n\n\n<div style=\"height:24px\" aria-hidden=\"true\" class=\"wp-block-spacer\"><\/div>\n\n\n<div class=\"block-blue\">\n    <div class=\"block-blue__container\">\n        <div class=\"block-blue__title-wrapper\">\n            <h2 class=\"title block-blue__title title--size-m title--white\">\n    Wash.ME, partenaire de votre quotidien.<\/h2>\n        <\/div>\n        <div class=\"block-blue__text\">\n                    <\/div>\n        <a class=\"link block-blue__cta-link button button--bordered-white button--with-icon icon-arrow-right\" href=\"https:\/\/stores.revolution-laundry.com\/fr-be\" target=\"_blank\">\n    <span>Trouvez votre laverie<\/span>\n<\/a>\n    <\/div>\n<\/div>\n","protected":false},"excerpt":{"rendered":"<p>Wash.ME s\u2019invite dans votre t\u00e9l\u00e9phone pour vous faire gagner du temps et&#8230;<\/p>\n","protected":false},"author":29,"featured_media":240964,"parent":0,"menu_order":0,"comment_status":"closed","ping_status":"closed","template":"","meta":{"_acf_changed":false,"footnotes":""},"class_list":["post-185748","page","type-page","status-publish","has-post-thumbnail","hentry"],"acf":[],"yoast_head":"<title>Appli Wash.ME : toutes vos lessives \u00e0 petit prix toute l&#039;ann\u00e9e<\/title>\n<meta name=\"description\" content=\"T\u00e9l\u00e9chargez l&#039;appli Wash.ME et profitez de bons plans toute l&#039;ann\u00e9e pour un linge propre \u00e0 prix tout doux dans les laveries Wash.ME !\" \/>\n<meta name=\"robots\" content=\"index, follow, max-snippet:-1, max-image-preview:large, max-video-preview:-1\" \/>\n<link rel=\"canonical\" href=\"https:\/\/www.wash-megroup.com\/fr-be\/app-wash-me\/\" \/>\n<meta property=\"og:locale\" content=\"fr_FR\" \/>\n<meta property=\"og:type\" content=\"article\" \/>\n<meta property=\"og:title\" content=\"Appli Wash.ME : toutes vos lessives \u00e0 petit prix toute l&#039;ann\u00e9e\" \/>\n<meta property=\"og:description\" content=\"T\u00e9l\u00e9chargez l&#039;appli Wash.ME et profitez de bons plans toute l&#039;ann\u00e9e pour un linge propre \u00e0 prix tout doux dans les laveries Wash.ME !\" \/>\n<meta property=\"og:url\" content=\"https:\/\/www.wash-megroup.com\/fr-be\/app-wash-me\/\" \/>\n<meta property=\"og:site_name\" content=\"Wash-ME\" \/>\n<meta property=\"article:modified_time\" content=\"2024-04-04T09:31:45+00:00\" \/>\n<meta property=\"og:image\" content=\"https:\/\/www.wash-megroup.com\/wp-content\/uploads\/2024\/01\/Design-sans-titre.jpg\" \/>\n<meta name=\"twitter:card\" content=\"summary_large_image\" \/>\n<meta name=\"twitter:label1\" content=\"Dur\u00e9e de lecture est.\" \/>\n\t<meta name=\"twitter:data1\" content=\"4 minutes\" \/>\n<script type=\"application\/ld+json\" class=\"yoast-schema-graph\">{\"@context\":\"https:\/\/schema.org\",\"@graph\":[{\"@type\":\"WebPage\",\"@id\":\"https:\/\/www.wash-megroup.com\/fr-be\/app-wash-me\/\",\"url\":\"https:\/\/www.wash-megroup.com\/fr-be\/app-wash-me\/\",\"name\":\"Appli Wash.ME : toutes vos lessives \u00e0 petit prix toute l'ann\u00e9e\",\"isPartOf\":{\"@id\":\"https:\/\/www.wash-megroup.com\/fr-be\/#website\"},\"primaryImageOfPage\":{\"@id\":\"https:\/\/www.wash-megroup.com\/fr-be\/app-wash-me\/#primaryimage\"},\"image\":{\"@id\":\"https:\/\/www.wash-megroup.com\/fr-be\/app-wash-me\/#primaryimage\"},\"thumbnailUrl\":\"https:\/\/www.wash-megroup.com\/wp-content\/uploads\/2024\/11\/Home-page.png\",\"datePublished\":\"2024-01-30T12:50:45+00:00\",\"dateModified\":\"2024-04-04T09:31:45+00:00\",\"description\":\"T\u00e9l\u00e9chargez l'appli Wash.ME et profitez de bons plans toute l'ann\u00e9e pour un linge propre \u00e0 prix tout doux dans les laveries Wash.ME !\",\"breadcrumb\":{\"@id\":\"https:\/\/www.wash-megroup.com\/fr-be\/app-wash-me\/#breadcrumb\"},\"inLanguage\":\"fr-BE\",\"potentialAction\":[{\"@type\":\"ReadAction\",\"target\":[\"https:\/\/www.wash-megroup.com\/fr-be\/app-wash-me\/\"]}]},{\"@type\":\"ImageObject\",\"inLanguage\":\"fr-BE\",\"@id\":\"https:\/\/www.wash-megroup.com\/fr-be\/app-wash-me\/#primaryimage\",\"url\":\"https:\/\/www.wash-megroup.com\/wp-content\/uploads\/2024\/11\/Home-page.png\",\"contentUrl\":\"https:\/\/www.wash-megroup.com\/wp-content\/uploads\/2024\/11\/Home-page.png\",\"width\":1280,\"height\":686,\"caption\":\"D\u00e9couvrez le site Wash.ME France\"},{\"@type\":\"BreadcrumbList\",\"@id\":\"https:\/\/www.wash-megroup.com\/fr-be\/app-wash-me\/#breadcrumb\",\"itemListElement\":[{\"@type\":\"ListItem\",\"position\":1,\"name\":\"Home\",\"item\":\"https:\/\/www.wash-megroup.com\/fr-be\/\"},{\"@type\":\"ListItem\",\"position\":2,\"name\":\"Appli Wash.ME\"}]},{\"@type\":\"WebSite\",\"@id\":\"https:\/\/www.wash-megroup.com\/fr-be\/#website\",\"url\":\"https:\/\/www.wash-megroup.com\/fr-be\/\",\"name\":\"Wash-ME\",\"description\":\"Acc\u00e9dez \u00e0 l&#039;espace particulier\",\"publisher\":{\"@id\":\"https:\/\/www.wash-megroup.com\/fr-be\/#organization\"},\"potentialAction\":[{\"@type\":\"SearchAction\",\"target\":{\"@type\":\"EntryPoint\",\"urlTemplate\":\"https:\/\/www.wash-megroup.com\/fr-be\/?s={search_term_string}\"},\"query-input\":{\"@type\":\"PropertyValueSpecification\",\"valueRequired\":true,\"valueName\":\"search_term_string\"}}],\"inLanguage\":\"fr-BE\"},{\"@type\":\"Organization\",\"@id\":\"https:\/\/www.wash-megroup.com\/fr-be\/#organization\",\"name\":\"Wash-ME\",\"url\":\"https:\/\/www.wash-megroup.com\/fr-be\/\",\"logo\":{\"@type\":\"ImageObject\",\"inLanguage\":\"fr-BE\",\"@id\":\"https:\/\/www.wash-megroup.com\/fr-be\/#\/schema\/logo\/image\/\",\"url\":\"https:\/\/www.wash-megroup.com\/wp-content\/uploads\/2021\/07\/logo_revolaundry_white@2x.png\",\"contentUrl\":\"https:\/\/www.wash-megroup.com\/wp-content\/uploads\/2021\/07\/logo_revolaundry_white@2x.png\",\"width\":538,\"height\":146,\"caption\":\"Wash-ME\"},\"image\":{\"@id\":\"https:\/\/www.wash-megroup.com\/fr-be\/#\/schema\/logo\/image\/\"}}]}<\/script>","yoast_head_json":{"title":"Appli Wash.ME : toutes vos lessives \u00e0 petit prix toute l'ann\u00e9e","description":"T\u00e9l\u00e9chargez l'appli Wash.ME et profitez de bons plans toute l'ann\u00e9e pour un linge propre \u00e0 prix tout doux dans les laveries Wash.ME !","robots":{"index":"index","follow":"follow","max-snippet":"max-snippet:-1","max-image-preview":"max-image-preview:large","max-video-preview":"max-video-preview:-1"},"canonical":"https:\/\/www.wash-megroup.com\/fr-be\/app-wash-me\/","og_locale":"fr_FR","og_type":"article","og_title":"Appli Wash.ME : toutes vos lessives \u00e0 petit prix toute l'ann\u00e9e","og_description":"T\u00e9l\u00e9chargez l'appli Wash.ME et profitez de bons plans toute l'ann\u00e9e pour un linge propre \u00e0 prix tout doux dans les laveries Wash.ME !","og_url":"https:\/\/www.wash-megroup.com\/fr-be\/app-wash-me\/","og_site_name":"Wash-ME","article_modified_time":"2024-04-04T09:31:45+00:00","og_image":[{"url":"https:\/\/www.wash-megroup.com\/wp-content\/uploads\/2024\/01\/Design-sans-titre.jpg","type":"","width":"","height":""}],"twitter_card":"summary_large_image","twitter_misc":{"Dur\u00e9e de lecture est.":"4 minutes"},"schema":{"@context":"https:\/\/schema.org","@graph":[{"@type":"WebPage","@id":"https:\/\/www.wash-megroup.com\/fr-be\/app-wash-me\/","url":"https:\/\/www.wash-megroup.com\/fr-be\/app-wash-me\/","name":"Appli Wash.ME : toutes vos lessives \u00e0 petit prix toute l'ann\u00e9e","isPartOf":{"@id":"https:\/\/www.wash-megroup.com\/fr-be\/#website"},"primaryImageOfPage":{"@id":"https:\/\/www.wash-megroup.com\/fr-be\/app-wash-me\/#primaryimage"},"image":{"@id":"https:\/\/www.wash-megroup.com\/fr-be\/app-wash-me\/#primaryimage"},"thumbnailUrl":"https:\/\/www.wash-megroup.com\/wp-content\/uploads\/2024\/11\/Home-page.png","datePublished":"2024-01-30T12:50:45+00:00","dateModified":"2024-04-04T09:31:45+00:00","description":"T\u00e9l\u00e9chargez l'appli Wash.ME et profitez de bons plans toute l'ann\u00e9e pour un linge propre \u00e0 prix tout doux dans les laveries Wash.ME !","breadcrumb":{"@id":"https:\/\/www.wash-megroup.com\/fr-be\/app-wash-me\/#breadcrumb"},"inLanguage":"fr-BE","potentialAction":[{"@type":"ReadAction","target":["https:\/\/www.wash-megroup.com\/fr-be\/app-wash-me\/"]}]},{"@type":"ImageObject","inLanguage":"fr-BE","@id":"https:\/\/www.wash-megroup.com\/fr-be\/app-wash-me\/#primaryimage","url":"https:\/\/www.wash-megroup.com\/wp-content\/uploads\/2024\/11\/Home-page.png","contentUrl":"https:\/\/www.wash-megroup.com\/wp-content\/uploads\/2024\/11\/Home-page.png","width":1280,"height":686,"caption":"D\u00e9couvrez le site Wash.ME France"},{"@type":"BreadcrumbList","@id":"https:\/\/www.wash-megroup.com\/fr-be\/app-wash-me\/#breadcrumb","itemListElement":[{"@type":"ListItem","position":1,"name":"Home","item":"https:\/\/www.wash-megroup.com\/fr-be\/"},{"@type":"ListItem","position":2,"name":"Appli Wash.ME"}]},{"@type":"WebSite","@id":"https:\/\/www.wash-megroup.com\/fr-be\/#website","url":"https:\/\/www.wash-megroup.com\/fr-be\/","name":"Wash-ME","description":"Acc\u00e9dez \u00e0 l&#039;espace particulier","publisher":{"@id":"https:\/\/www.wash-megroup.com\/fr-be\/#organization"},"potentialAction":[{"@type":"SearchAction","target":{"@type":"EntryPoint","urlTemplate":"https:\/\/www.wash-megroup.com\/fr-be\/?s={search_term_string}"},"query-input":{"@type":"PropertyValueSpecification","valueRequired":true,"valueName":"search_term_string"}}],"inLanguage":"fr-BE"},{"@type":"Organization","@id":"https:\/\/www.wash-megroup.com\/fr-be\/#organization","name":"Wash-ME","url":"https:\/\/www.wash-megroup.com\/fr-be\/","logo":{"@type":"ImageObject","inLanguage":"fr-BE","@id":"https:\/\/www.wash-megroup.com\/fr-be\/#\/schema\/logo\/image\/","url":"https:\/\/www.wash-megroup.com\/wp-content\/uploads\/2021\/07\/logo_revolaundry_white@2x.png","contentUrl":"https:\/\/www.wash-megroup.com\/wp-content\/uploads\/2021\/07\/logo_revolaundry_white@2x.png","width":538,"height":146,"caption":"Wash-ME"},"image":{"@id":"https:\/\/www.wash-megroup.com\/fr-be\/#\/schema\/logo\/image\/"}}]}},"_links":{"self":[{"href":"https:\/\/www.wash-megroup.com\/fr-be\/wp-json\/wp\/v2\/pages\/185748","targetHints":{"allow":["GET"]}}],"collection":[{"href":"https:\/\/www.wash-megroup.com\/fr-be\/wp-json\/wp\/v2\/pages"}],"about":[{"href":"https:\/\/www.wash-megroup.com\/fr-be\/wp-json\/wp\/v2\/types\/page"}],"author":[{"embeddable":true,"href":"https:\/\/www.wash-megroup.com\/fr-be\/wp-json\/wp\/v2\/users\/29"}],"replies":[{"embeddable":true,"href":"https:\/\/www.wash-megroup.com\/fr-be\/wp-json\/wp\/v2\/comments?post=185748"}],"version-history":[{"count":13,"href":"https:\/\/www.wash-megroup.com\/fr-be\/wp-json\/wp\/v2\/pages\/185748\/revisions"}],"predecessor-version":[{"id":193667,"href":"https:\/\/www.wash-megroup.com\/fr-be\/wp-json\/wp\/v2\/pages\/185748\/revisions\/193667"}],"wp:featuredmedia":[{"embeddable":true,"href":"https:\/\/www.wash-megroup.com\/fr-be\/wp-json\/wp\/v2\/media\/240964"}],"wp:attachment":[{"href":"https:\/\/www.wash-megroup.com\/fr-be\/wp-json\/wp\/v2\/media?parent=185748"}],"curies":[{"name":"wp","href":"https:\/\/api.w.org\/{rel}","templated":true}]}}