{"id":105,"date":"2021-06-21T14:44:47","date_gmt":"2021-06-21T12:44:47","guid":{"rendered":"https:\/\/www.Wash-ME-laundry.fr\/?page_id=105"},"modified":"2024-05-15T09:41:03","modified_gmt":"2024-05-15T07:41:03","slug":"mentions-legales","status":"publish","type":"page","link":"https:\/\/www.wash-megroup.com\/fr-fr\/mentions-legales\/","title":{"rendered":"Mentions l\u00e9gales"},"content":{"rendered":"\n<h1 class=\"wp-block-heading\">Mentions l\u00e9gales de Wash ME<\/h1>\n\n\n\n<p><strong>L\u2019\u00e9diteur<\/strong><br>L\u2019\u00e9dition du site revolution-laundry.com est assur\u00e9e par la soci\u00e9t\u00e9 ME Group France, soci\u00e9t\u00e9 par actions simplifi\u00e9e immatricul\u00e9e sous le num\u00e9ro 592 033 930 RCS Paris et dont le si\u00e8ge social est situ\u00e9 8 rue Auber, 75009 Paris.<br>Le Directeur de la publication est Jean-Marc JANAILHAC.<br><br><strong>L\u2019h\u00e9bergeur<\/strong><br>L\u2019h\u00e9bergeur du site Wash MElaundry.com est la Soci\u00e9t\u00e9 OVH SAS, dont le si\u00e8ge social est situ\u00e9 au 2 rue Kellermann, 59100 Roubaix, France avec le num\u00e9ro de t\u00e9l\u00e9phone 09 55 00 66 33<\/p>\n\n\n\n<p><strong>Acc\u00e8s au site<\/strong><br>Le site est accessible par tout endroit, 7j\/7, 24h\/24 sauf cas de force majeure, interruption programm\u00e9e ou non et pouvant d\u00e9couler d\u2019une n\u00e9cessit\u00e9 de maintenance.<br>En cas de modification, interruption ou suspension des services, le site Wash MElaundry.com\/fr ne saurait \u00eatre tenu responsable.<\/p>\n\n\n\n<p><strong>Propri\u00e9t\u00e9 intellectuelle<\/strong><br>Toute utilisation, reproduction, diffusion, commercialisation, modification de toute ou partie du site Wash MElaundry.com sans autorisation de l\u2019Editeur est prohib\u00e9e et pourra entra\u00eener des actions et poursuites judiciaires telles que notamment pr\u00e9vues par le Code de la propri\u00e9t\u00e9 intellectuelle et le code civile.<\/p>\n\n\n\n<p><strong>M\u00c9DIATION DE LA CONSOMMATION<\/strong><\/p>\n\n\n\n<p><strong>M\u00e9diation de la consommation<br><\/strong>Conform\u00e9ment aux dispositions des articles L 611-1 et R 612-1 et suivants du Code de la Consommation concernant le r\u00e8glement amiable des litiges : Lorsque le consommateur a adress\u00e9 une r\u00e9clamation \u00e9crite au professionnel et qu&rsquo;il n&rsquo;a pas obtenu satisfaction ou de r\u00e9ponse dans un d\u00e9lai de deux mois, il peut soumettre gratuitement sa r\u00e9clamation au m\u00e9diateur de la consommation. Le m\u00e9diateur doit \u00eatre saisi dans le d\u00e9lai maximal d&rsquo;un an \u00e0 compter de la r\u00e9clamation initiale.<br>Le m\u00e9diateur MCP MEDIATION peut \u00eatre saisi directement en ligne \u00e0 l&rsquo;adresse suivante :\u00a0<a href=\"http:\/\/www.mcpmediation.org\/\" target=\"_blank\" rel=\"noreferrer noopener\">www.mcpmediation.org<\/a>\u00a0ou par courrier\u00a0M\u00c9DIATION DE LA CONSOMMATION &amp; PATRIMOINE\u00a0&#8211; 12 Square Desnouettes &#8211; 75015 PARIS<\/p>\n","protected":false},"excerpt":{"rendered":"<p>Mentions l\u00e9gales de Wash ME L\u2019\u00e9diteurL\u2019\u00e9dition du site revolution-laundry.com est assur\u00e9e par&#8230;<\/p>\n","protected":false},"author":1,"featured_media":0,"parent":0,"menu_order":0,"comment_status":"closed","ping_status":"closed","template":"","meta":{"_acf_changed":false,"footnotes":""},"class_list":["post-105","page","type-page","status-publish","hentry"],"acf":[],"yoast_head":"<title>Mentions l\u00e9gales - Wash ME (Ex Revolution Laundry)<\/title>\n<meta name=\"description\" content=\"Consultez nos mentions l\u00e9gales pour conna\u00eetre nos conditions d&#039;utilisation et droits d&#039;auteur. Informations importantes \u00e0 prendre en compte.\" \/>\n<meta name=\"robots\" content=\"index, follow, max-snippet:-1, max-image-preview:large, max-video-preview:-1\" \/>\n<link rel=\"canonical\" href=\"https:\/\/www.wash-megroup.com\/fr-fr\/mentions-legales\/\" \/>\n<meta property=\"og:locale\" content=\"fr_FR\" \/>\n<meta property=\"og:type\" content=\"article\" \/>\n<meta property=\"og:title\" content=\"Mentions l\u00e9gales - Wash ME (Ex Revolution Laundry)\" \/>\n<meta property=\"og:description\" content=\"Consultez nos mentions l\u00e9gales pour conna\u00eetre nos conditions d&#039;utilisation et droits d&#039;auteur. Informations importantes \u00e0 prendre en compte.\" \/>\n<meta property=\"og:url\" content=\"https:\/\/www.wash-megroup.com\/fr-fr\/mentions-legales\/\" \/>\n<meta property=\"og:site_name\" content=\"Wash-ME\" \/>\n<meta property=\"article:modified_time\" content=\"2024-05-15T07:41:03+00:00\" \/>\n<meta name=\"twitter:card\" content=\"summary_large_image\" \/>\n<meta name=\"twitter:label1\" content=\"Dur\u00e9e de lecture estim\u00e9e\" \/>\n\t<meta name=\"twitter:data1\" content=\"2 minutes\" \/>\n<script type=\"application\/ld+json\" class=\"yoast-schema-graph\">{\"@context\":\"https:\/\/schema.org\",\"@graph\":[{\"@type\":\"WebPage\",\"@id\":\"https:\/\/www.wash-megroup.com\/fr-fr\/mentions-legales\/\",\"url\":\"https:\/\/www.wash-megroup.com\/fr-fr\/mentions-legales\/\",\"name\":\"Mentions l\u00e9gales - Wash ME (Ex Revolution Laundry)\",\"isPartOf\":{\"@id\":\"https:\/\/www.wash-megroup.com\/fr-fr\/#website\"},\"datePublished\":\"2021-06-21T12:44:47+00:00\",\"dateModified\":\"2024-05-15T07:41:03+00:00\",\"description\":\"Consultez nos mentions l\u00e9gales pour conna\u00eetre nos conditions d'utilisation et droits d'auteur. Informations importantes \u00e0 prendre en compte.\",\"breadcrumb\":{\"@id\":\"https:\/\/www.wash-megroup.com\/fr-fr\/mentions-legales\/#breadcrumb\"},\"inLanguage\":\"fr-FR\",\"potentialAction\":[{\"@type\":\"ReadAction\",\"target\":[\"https:\/\/www.wash-megroup.com\/fr-fr\/mentions-legales\/\"]}]},{\"@type\":\"BreadcrumbList\",\"@id\":\"https:\/\/www.wash-megroup.com\/fr-fr\/mentions-legales\/#breadcrumb\",\"itemListElement\":[{\"@type\":\"ListItem\",\"position\":1,\"name\":\"Home\",\"item\":\"https:\/\/www.wash-megroup.com\/fr-fr\/\"},{\"@type\":\"ListItem\",\"position\":2,\"name\":\"Mentions l\u00e9gales\"}]},{\"@type\":\"WebSite\",\"@id\":\"https:\/\/www.wash-megroup.com\/fr-fr\/#website\",\"url\":\"https:\/\/www.wash-megroup.com\/fr-fr\/\",\"name\":\"Wash-ME\",\"description\":\"Acc\u00e9dez \u00e0 l&#039;espace particulier\",\"publisher\":{\"@id\":\"https:\/\/www.wash-megroup.com\/fr-fr\/#organization\"},\"potentialAction\":[{\"@type\":\"SearchAction\",\"target\":{\"@type\":\"EntryPoint\",\"urlTemplate\":\"https:\/\/www.wash-megroup.com\/fr-fr\/?s={search_term_string}\"},\"query-input\":{\"@type\":\"PropertyValueSpecification\",\"valueRequired\":true,\"valueName\":\"search_term_string\"}}],\"inLanguage\":\"fr-FR\"},{\"@type\":\"Organization\",\"@id\":\"https:\/\/www.wash-megroup.com\/fr-fr\/#organization\",\"name\":\"Wash-ME\",\"url\":\"https:\/\/www.wash-megroup.com\/fr-fr\/\",\"logo\":{\"@type\":\"ImageObject\",\"inLanguage\":\"fr-FR\",\"@id\":\"https:\/\/www.wash-megroup.com\/fr-fr\/#\/schema\/logo\/image\/\",\"url\":\"https:\/\/www.wash-megroup.com\/wp-content\/uploads\/2021\/07\/logo_revolaundry_white@2x.png\",\"contentUrl\":\"https:\/\/www.wash-megroup.com\/wp-content\/uploads\/2021\/07\/logo_revolaundry_white@2x.png\",\"width\":538,\"height\":146,\"caption\":\"Wash-ME\"},\"image\":{\"@id\":\"https:\/\/www.wash-megroup.com\/fr-fr\/#\/schema\/logo\/image\/\"}}]}<\/script>","yoast_head_json":{"title":"Mentions l\u00e9gales - Wash ME (Ex Revolution Laundry)","description":"Consultez nos mentions l\u00e9gales pour conna\u00eetre nos conditions d'utilisation et droits d'auteur. Informations importantes \u00e0 prendre en compte.","robots":{"index":"index","follow":"follow","max-snippet":"max-snippet:-1","max-image-preview":"max-image-preview:large","max-video-preview":"max-video-preview:-1"},"canonical":"https:\/\/www.wash-megroup.com\/fr-fr\/mentions-legales\/","og_locale":"fr_FR","og_type":"article","og_title":"Mentions l\u00e9gales - Wash ME (Ex Revolution Laundry)","og_description":"Consultez nos mentions l\u00e9gales pour conna\u00eetre nos conditions d'utilisation et droits d'auteur. Informations importantes \u00e0 prendre en compte.","og_url":"https:\/\/www.wash-megroup.com\/fr-fr\/mentions-legales\/","og_site_name":"Wash-ME","article_modified_time":"2024-05-15T07:41:03+00:00","twitter_card":"summary_large_image","twitter_misc":{"Dur\u00e9e de lecture estim\u00e9e":"2 minutes"},"schema":{"@context":"https:\/\/schema.org","@graph":[{"@type":"WebPage","@id":"https:\/\/www.wash-megroup.com\/fr-fr\/mentions-legales\/","url":"https:\/\/www.wash-megroup.com\/fr-fr\/mentions-legales\/","name":"Mentions l\u00e9gales - Wash ME (Ex Revolution Laundry)","isPartOf":{"@id":"https:\/\/www.wash-megroup.com\/fr-fr\/#website"},"datePublished":"2021-06-21T12:44:47+00:00","dateModified":"2024-05-15T07:41:03+00:00","description":"Consultez nos mentions l\u00e9gales pour conna\u00eetre nos conditions d'utilisation et droits d'auteur. Informations importantes \u00e0 prendre en compte.","breadcrumb":{"@id":"https:\/\/www.wash-megroup.com\/fr-fr\/mentions-legales\/#breadcrumb"},"inLanguage":"fr-FR","potentialAction":[{"@type":"ReadAction","target":["https:\/\/www.wash-megroup.com\/fr-fr\/mentions-legales\/"]}]},{"@type":"BreadcrumbList","@id":"https:\/\/www.wash-megroup.com\/fr-fr\/mentions-legales\/#breadcrumb","itemListElement":[{"@type":"ListItem","position":1,"name":"Home","item":"https:\/\/www.wash-megroup.com\/fr-fr\/"},{"@type":"ListItem","position":2,"name":"Mentions l\u00e9gales"}]},{"@type":"WebSite","@id":"https:\/\/www.wash-megroup.com\/fr-fr\/#website","url":"https:\/\/www.wash-megroup.com\/fr-fr\/","name":"Wash-ME","description":"Acc\u00e9dez \u00e0 l&#039;espace particulier","publisher":{"@id":"https:\/\/www.wash-megroup.com\/fr-fr\/#organization"},"potentialAction":[{"@type":"SearchAction","target":{"@type":"EntryPoint","urlTemplate":"https:\/\/www.wash-megroup.com\/fr-fr\/?s={search_term_string}"},"query-input":{"@type":"PropertyValueSpecification","valueRequired":true,"valueName":"search_term_string"}}],"inLanguage":"fr-FR"},{"@type":"Organization","@id":"https:\/\/www.wash-megroup.com\/fr-fr\/#organization","name":"Wash-ME","url":"https:\/\/www.wash-megroup.com\/fr-fr\/","logo":{"@type":"ImageObject","inLanguage":"fr-FR","@id":"https:\/\/www.wash-megroup.com\/fr-fr\/#\/schema\/logo\/image\/","url":"https:\/\/www.wash-megroup.com\/wp-content\/uploads\/2021\/07\/logo_revolaundry_white@2x.png","contentUrl":"https:\/\/www.wash-megroup.com\/wp-content\/uploads\/2021\/07\/logo_revolaundry_white@2x.png","width":538,"height":146,"caption":"Wash-ME"},"image":{"@id":"https:\/\/www.wash-megroup.com\/fr-fr\/#\/schema\/logo\/image\/"}}]}},"_links":{"self":[{"href":"https:\/\/www.wash-megroup.com\/fr-fr\/wp-json\/wp\/v2\/pages\/105","targetHints":{"allow":["GET"]}}],"collection":[{"href":"https:\/\/www.wash-megroup.com\/fr-fr\/wp-json\/wp\/v2\/pages"}],"about":[{"href":"https:\/\/www.wash-megroup.com\/fr-fr\/wp-json\/wp\/v2\/types\/page"}],"author":[{"embeddable":true,"href":"https:\/\/www.wash-megroup.com\/fr-fr\/wp-json\/wp\/v2\/users\/1"}],"replies":[{"embeddable":true,"href":"https:\/\/www.wash-megroup.com\/fr-fr\/wp-json\/wp\/v2\/comments?post=105"}],"version-history":[{"count":14,"href":"https:\/\/www.wash-megroup.com\/fr-fr\/wp-json\/wp\/v2\/pages\/105\/revisions"}],"predecessor-version":[{"id":199412,"href":"https:\/\/www.wash-megroup.com\/fr-fr\/wp-json\/wp\/v2\/pages\/105\/revisions\/199412"}],"wp:attachment":[{"href":"https:\/\/www.wash-megroup.com\/fr-fr\/wp-json\/wp\/v2\/media?parent=105"}],"curies":[{"name":"wp","href":"https:\/\/api.w.org\/{rel}","templated":true}]}}