{"id":131999,"date":"2022-09-02T17:09:31","date_gmt":"2022-09-02T15:09:31","guid":{"rendered":"https:\/\/www.wash-megroup.com\/?page_id=131999"},"modified":"2023-10-16T13:59:43","modified_gmt":"2023-10-16T11:59:43","slug":"politique-relative-aux-cookies","status":"publish","type":"page","link":"https:\/\/www.wash-megroup.com\/fr-fr\/politique-relative-aux-cookies\/","title":{"rendered":"Politique relative aux cookies"},"content":{"rendered":"\n<h1 class=\"wp-block-heading has-text-align-center\">Politique relative aux cookies<\/h1>\n\n\n\n<div style=\"height:50px\" aria-hidden=\"true\" class=\"wp-block-spacer\"><\/div>\n\n\n\n<p class=\"has-text-align-right\"><em>Date de derni\u00e8re mise \u00e0 jour : 26 juillet 2022<\/em><\/p>\n\n\n\n<p>Lors de votre navigation sur le site Internet <a href=\"https:\/\/www.wash-megroup.com\/fr-fr\/\">www.wash-megroup.com<\/a> (notre \u00ab <strong>Site<\/strong> \u00bb), des cookies et autres traceurs sont d\u00e9pos\u00e9s sur votre terminal (ordinateur, mobile, tablette). Cette page d\u00e9crit les cookies et autres traceurs que nous utilisons, les raisons pour lesquelles nous les utilisons, et les outils \u00e0 votre disposition pour les g\u00e9rer.<\/p>\n\n\n\n<h2 class=\"wp-block-heading\">1. QU\u2019EST-CE QU\u2019UN COOKIE ?<\/h2>\n\n\n\n<p>La notion de cookie et traceurs, prise au sens large, couvre l\u2019ensemble des fichiers texte non ex\u00e9cutables, traceurs, balises web et autres technologies de collecte d\u2019informations relatives \u00e0 votre navigation et \u00e0 vos interactions sur notre Site, d\u00e9pos\u00e9s sur le navigateur de votre terminal (ordinateur, tablette, mobile), sous r\u00e9serve de votre consentement (\u00e0 l\u2019exception de certains cookies pour lesquels votre accord n\u2019est pas requis). Les informations contenues dans ce fichier ne peuvent \u00eatre lues et\/ou modifi\u00e9es que par leur \u00e9metteur.<\/p>\n\n\n\n<h2 class=\"wp-block-heading\">2. QUELS COOKIES UTILISONS-NOUS ET POURQUOI ?<\/h2>\n\n\n\n<p>Sur ce Site, nous utilisons des cookies pour mesurer notre audience, entretenir la relation avec vous et vous adresser de temps \u00e0 autre du contenu qualitatif ainsi que de la publicit\u00e9. Les cookies d\u00e9ploy\u00e9s sur le Site sont les suivants :<\/p>\n\n\n\n<h3 class=\"wp-block-heading\">a. Cookies strictement n\u00e9cessaires<\/h3>\n\n\n\n<p>Ces cookies sont indispensables au bon fonctionnement du Site et ne peuvent pas \u00eatre d\u00e9sactiv\u00e9s de nos syst\u00e8mes. Ils ne sont g\u00e9n\u00e9ralement qu&rsquo;activ\u00e9s en r\u00e9ponse \u00e0 des actions que vous effectuez et qui correspondent \u00e0 une demande de services, comme la configuration de vos pr\u00e9f\u00e9rences de confidentialit\u00e9, la connexion ou le remplissage de formulaires.<\/p>\n\n\n\n<p>Vous pouvez configurer votre navigateur pour bloquer ou \u00eatre alert\u00e9 de l&rsquo;utilisation de ces cookies. Cependant, si cette cat\u00e9gorie de cookies &#8211; qui ne stocke aucune donn\u00e9e personnelle &#8211; est bloqu\u00e9e, certaines parties du Site ne pourront pas fonctionner.<\/p>\n\n\n\n<p>Vous pouvez vous opposer \u00e0 l\u2019utilisation de ce type de cookies et les supprimer en utilisant les param\u00e8tres de votre navigateur. Cependant vous risquez de ne plus pouvoir acc\u00e9der au Site.<\/p>\n\n\n\n<h3 class=\"wp-block-heading\">b. Cookies de mesure d\u2019audience<\/h3>\n\n\n\n<p>Le Site utilise des cookies de mesure d\u2019audience permettant de r\u00e9aliser des statistiques de fr\u00e9quentation. Pour cela, nous utilisons les outils suivants :<\/p>\n\n\n\n<div class=\"wp-block-columns is-layout-flex wp-container-core-columns-is-layout-28f84493 wp-block-columns-is-layout-flex\">\n<div class=\"wp-block-column is-layout-flow wp-block-column-is-layout-flow\">\n<h4 class=\"wp-block-heading has-text-align-center has-medium-font-size\">Outil<\/h4>\n<\/div>\n\n\n\n<div class=\"wp-block-column is-layout-flow wp-block-column-is-layout-flow\">\n<h4 class=\"wp-block-heading has-text-align-center has-medium-font-size\">Pour en savoir plus<\/h4>\n<\/div>\n<\/div>\n\n\n\n<div class=\"wp-block-columns is-layout-flex wp-container-core-columns-is-layout-28f84493 wp-block-columns-is-layout-flex\">\n<div class=\"wp-block-column is-vertically-aligned-center is-layout-flow wp-block-column-is-layout-flow\">\n<p class=\"has-text-align-left\"><strong>Facebook Pixel<\/strong> : Identifie les visiteurs en provenance de Facebook<\/p>\n\n\n\n<p class=\"has-text-align-left\"><strong>Google Analytics <\/strong>: Permet d\u2019analyser les statistiques de consultation de notre Site<\/p>\n<\/div>\n\n\n\n<div class=\"wp-block-column is-vertically-aligned-center is-layout-flow wp-block-column-is-layout-flow\">\n<div class=\"wp-block-buttons is-content-justification-center is-layout-flex wp-container-core-buttons-is-layout-a89b3969 wp-block-buttons-is-layout-flex\"><div class=\"wp-block-button\">\n<a href=\"https:\/\/www.facebook.com\/policies\/cookies\/\" class=\"button wp-block-button__link \">\n<span>\nFacebook Pixel\n<\/span><\/a><!--\/ .container -->\n<\/div><!--\/ .group -->\n<\/div>\n\n\n\n<div class=\"wp-block-buttons is-content-justification-center is-layout-flex wp-container-core-buttons-is-layout-a89b3969 wp-block-buttons-is-layout-flex\"><div class=\"wp-block-button\">\n<a href=\"https:\/\/support.google.com\/analytics\/answer\/6004245?hl=fr#zippy=%2Cnos-r%C3%A8gles-de-confidentialit%C3%A9\" class=\"button wp-block-button__link \">\n<span>\nGoogle Analytics\n<\/span><\/a><!--\/ .container -->\n<\/div><!--\/ .group -->\n<\/div>\n<\/div>\n<\/div>\n\n\n\n<p>Vous pouvez choisir de d\u00e9sactiver l\u2019utilisation des cookies de mesure d\u2019audience sans aucune cons\u00e9quence.<\/p>\n\n\n\n<h3 class=\"wp-block-heading\">c. Cookies publicitaires<\/h3>\n\n\n\n<p>Le Site utilise des cookies publicitaires qui permettent de rendre les publicit\u00e9s en ligne plus adapt\u00e9es \u00e0 vous et \u00e0 vos int\u00e9r\u00eats. Pour cela, nous utilisons les outils suivants :<\/p>\n\n\n\n<div class=\"wp-block-columns is-layout-flex wp-container-core-columns-is-layout-28f84493 wp-block-columns-is-layout-flex\">\n<div class=\"wp-block-column is-layout-flow wp-block-column-is-layout-flow\">\n<h4 class=\"wp-block-heading has-text-align-center has-medium-font-size\">Outil<\/h4>\n<\/div>\n\n\n\n<div class=\"wp-block-column is-layout-flow wp-block-column-is-layout-flow\">\n<h4 class=\"wp-block-heading has-text-align-center has-medium-font-size\">Pour en savoir plus<\/h4>\n<\/div>\n<\/div>\n\n\n\n<div class=\"wp-block-columns is-layout-flex wp-container-core-columns-is-layout-28f84493 wp-block-columns-is-layout-flex\">\n<div class=\"wp-block-column is-vertically-aligned-center is-layout-flow wp-block-column-is-layout-flow\">\n<p class=\"has-text-align-left\"><strong>Google Remarketing<\/strong> : Code Google sp\u00e9cifiquement pour la publicit\u00e9 bas\u00e9e sur le remarketing \/ reciblage <\/p>\n<\/div>\n\n\n\n<div class=\"wp-block-column is-vertically-aligned-center is-layout-flow wp-block-column-is-layout-flow\">\n<div class=\"wp-block-buttons is-content-justification-center is-layout-flex wp-container-core-buttons-is-layout-a89b3969 wp-block-buttons-is-layout-flex\"><div class=\"wp-block-button\">\n<a href=\"https:\/\/policies.google.com\/privacy\" class=\"button wp-block-button__link \">\n<span>\nGoogle Remarketing\n<\/span><\/a><!--\/ .container -->\n<\/div><!--\/ .group -->\n<\/div>\n<\/div>\n<\/div>\n\n\n\n<p>Vous pouvez choisir de d\u00e9sactiver l\u2019utilisation des cookies publicitaires. Dans ce cas, les publicit\u00e9s en ligne seront simplement moins adapt\u00e9es \u00e0 vos centres d&rsquo;int\u00e9r\u00eats.<\/p>\n\n\n\n<h2 class=\"wp-block-heading\">3. PARAM\u00c9TRAGE DE VOS PR\u00c9F\u00c9RENCES<\/h2>\n\n\n\n<p>Certains des cookies que nous utilisons sont soumis \u00e0 votre consentement. Nous utilisons la plateforme de gestion du consentement Axeptio pour recueillir vos choix sur le Site. Vous pouvez exprimer votre choix de mani\u00e8re globale, ou param\u00e9trer vos pr\u00e9f\u00e9rences par finalit\u00e9 de cookies. Vous pouvez modifier ces choix \u00e0 tout moment depuis le module \u00ab Cookies \u00bb. Aucun cookie ne sera install\u00e9 sur votre terminal sans votre consentement pr\u00e9alable, \u00e0 l\u2019exception de certains cookies ayant pour finalit\u00e9 exclusive de permettre ou faciliter la communication par voie \u00e9lectronique, ou qui sont strictement n\u00e9cessaires \u00e0 la fourniture d&rsquo;un service de communication en ligne \u00e0 votre demande expresse.<\/p>\n\n\n\n<h2 class=\"wp-block-heading\">4. TRAITEMENT DE VOS DONN\u00c9ES PERSONNELLES<\/h2>\n\n\n\n<p>Nous pouvons collecter, en qualit\u00e9 de responsable de traitement, des donn\u00e9es personnelles vous concernant gr\u00e2ce aux cookies que nous utilisons sur le Site. Pour davantage d\u2019informations sur la mani\u00e8re dont vos donn\u00e9es personnelles sont trait\u00e9es dans ce cadre, veuillez lire notre Politique de confidentialit\u00e9.<\/p>\n\n\n\n<h2 class=\"wp-block-heading\">5. CONTACT<\/h2>\n\n\n\n<p>Pour toute question concernant les cookies utilis\u00e9s sur le Site, vous pouvez nous contacter par : Courrier, \u00e0 l\u2019adresse suivante : DPO, ME Group France, 8 rue Auber, 75009 Paris Email, \u00e0 l\u2019adresse suivante : privacy@me-group.com Internet, sur la page suivante : https:\/\/www.photomaton.fr\/contact\/<\/p>\n\n\n\n<h2 class=\"wp-block-heading\">6. MODIFICATION DE LA POLITIQUE<\/h2>\n\n\n\n<p>Nous pouvons modifier cette Politique occasionnellement, par exemple pour prendre en compte les changements l\u00e9gaux, les avanc\u00e9es technologiques et les bonnes pratiques commerciales. Nous vous informerons en cas de changement substantiel.<\/p>\n","protected":false},"excerpt":{"rendered":"<p>Politique relative aux cookies Date de derni\u00e8re mise \u00e0 jour : 26&#8230;<\/p>\n","protected":false},"author":1,"featured_media":0,"parent":0,"menu_order":0,"comment_status":"closed","ping_status":"closed","template":"","meta":{"_acf_changed":false,"footnotes":""},"class_list":["post-131999","page","type-page","status-publish","hentry"],"acf":[],"yoast_head":"<title>Politique relative aux cookies - Wash ME (Ex Revolution Laundry)<\/title>\n<meta name=\"description\" content=\"D\u00e9couvrez comment nous utilisons les cookies pour am\u00e9liorer votre exp\u00e9rience. Consultez notre politique relative aux cookies pour en savoir plus.\" \/>\n<meta name=\"robots\" content=\"index, follow, max-snippet:-1, max-image-preview:large, max-video-preview:-1\" \/>\n<link rel=\"canonical\" href=\"https:\/\/www.wash-megroup.com\/fr-fr\/politique-relative-aux-cookies\/\" \/>\n<meta property=\"og:locale\" content=\"fr_FR\" \/>\n<meta property=\"og:type\" content=\"article\" \/>\n<meta property=\"og:title\" content=\"Politique relative aux cookies - Wash ME (Ex Revolution Laundry)\" \/>\n<meta property=\"og:description\" content=\"D\u00e9couvrez comment nous utilisons les cookies pour am\u00e9liorer votre exp\u00e9rience. Consultez notre politique relative aux cookies pour en savoir plus.\" \/>\n<meta property=\"og:url\" content=\"https:\/\/www.wash-megroup.com\/fr-fr\/politique-relative-aux-cookies\/\" \/>\n<meta property=\"og:site_name\" content=\"Wash-ME\" \/>\n<meta property=\"article:modified_time\" content=\"2023-10-16T11:59:43+00:00\" \/>\n<meta name=\"twitter:card\" content=\"summary_large_image\" \/>\n<meta name=\"twitter:label1\" content=\"Dur\u00e9e de lecture estim\u00e9e\" \/>\n\t<meta name=\"twitter:data1\" content=\"4 minutes\" \/>\n<script type=\"application\/ld+json\" class=\"yoast-schema-graph\">{\"@context\":\"https:\/\/schema.org\",\"@graph\":[{\"@type\":\"WebPage\",\"@id\":\"https:\/\/www.wash-megroup.com\/fr-fr\/politique-relative-aux-cookies\/\",\"url\":\"https:\/\/www.wash-megroup.com\/fr-fr\/politique-relative-aux-cookies\/\",\"name\":\"Politique relative aux cookies - Wash ME (Ex Revolution Laundry)\",\"isPartOf\":{\"@id\":\"https:\/\/www.wash-megroup.com\/fr-fr\/#website\"},\"datePublished\":\"2022-09-02T15:09:31+00:00\",\"dateModified\":\"2023-10-16T11:59:43+00:00\",\"description\":\"D\u00e9couvrez comment nous utilisons les cookies pour am\u00e9liorer votre exp\u00e9rience. Consultez notre politique relative aux cookies pour en savoir plus.\",\"breadcrumb\":{\"@id\":\"https:\/\/www.wash-megroup.com\/fr-fr\/politique-relative-aux-cookies\/#breadcrumb\"},\"inLanguage\":\"fr-FR\",\"potentialAction\":[{\"@type\":\"ReadAction\",\"target\":[\"https:\/\/www.wash-megroup.com\/fr-fr\/politique-relative-aux-cookies\/\"]}]},{\"@type\":\"BreadcrumbList\",\"@id\":\"https:\/\/www.wash-megroup.com\/fr-fr\/politique-relative-aux-cookies\/#breadcrumb\",\"itemListElement\":[{\"@type\":\"ListItem\",\"position\":1,\"name\":\"Home\",\"item\":\"https:\/\/www.wash-megroup.com\/fr-fr\/\"},{\"@type\":\"ListItem\",\"position\":2,\"name\":\"Politique relative aux cookies\"}]},{\"@type\":\"WebSite\",\"@id\":\"https:\/\/www.wash-megroup.com\/fr-fr\/#website\",\"url\":\"https:\/\/www.wash-megroup.com\/fr-fr\/\",\"name\":\"Wash-ME\",\"description\":\"Acc\u00e9dez \u00e0 l&#039;espace particulier\",\"publisher\":{\"@id\":\"https:\/\/www.wash-megroup.com\/fr-fr\/#organization\"},\"potentialAction\":[{\"@type\":\"SearchAction\",\"target\":{\"@type\":\"EntryPoint\",\"urlTemplate\":\"https:\/\/www.wash-megroup.com\/fr-fr\/?s={search_term_string}\"},\"query-input\":{\"@type\":\"PropertyValueSpecification\",\"valueRequired\":true,\"valueName\":\"search_term_string\"}}],\"inLanguage\":\"fr-FR\"},{\"@type\":\"Organization\",\"@id\":\"https:\/\/www.wash-megroup.com\/fr-fr\/#organization\",\"name\":\"Wash-ME\",\"url\":\"https:\/\/www.wash-megroup.com\/fr-fr\/\",\"logo\":{\"@type\":\"ImageObject\",\"inLanguage\":\"fr-FR\",\"@id\":\"https:\/\/www.wash-megroup.com\/fr-fr\/#\/schema\/logo\/image\/\",\"url\":\"https:\/\/www.wash-megroup.com\/wp-content\/uploads\/2021\/07\/logo_revolaundry_white@2x.png\",\"contentUrl\":\"https:\/\/www.wash-megroup.com\/wp-content\/uploads\/2021\/07\/logo_revolaundry_white@2x.png\",\"width\":538,\"height\":146,\"caption\":\"Wash-ME\"},\"image\":{\"@id\":\"https:\/\/www.wash-megroup.com\/fr-fr\/#\/schema\/logo\/image\/\"}}]}<\/script>","yoast_head_json":{"title":"Politique relative aux cookies - Wash ME (Ex Revolution Laundry)","description":"D\u00e9couvrez comment nous utilisons les cookies pour am\u00e9liorer votre exp\u00e9rience. Consultez notre politique relative aux cookies pour en savoir plus.","robots":{"index":"index","follow":"follow","max-snippet":"max-snippet:-1","max-image-preview":"max-image-preview:large","max-video-preview":"max-video-preview:-1"},"canonical":"https:\/\/www.wash-megroup.com\/fr-fr\/politique-relative-aux-cookies\/","og_locale":"fr_FR","og_type":"article","og_title":"Politique relative aux cookies - Wash ME (Ex Revolution Laundry)","og_description":"D\u00e9couvrez comment nous utilisons les cookies pour am\u00e9liorer votre exp\u00e9rience. Consultez notre politique relative aux cookies pour en savoir plus.","og_url":"https:\/\/www.wash-megroup.com\/fr-fr\/politique-relative-aux-cookies\/","og_site_name":"Wash-ME","article_modified_time":"2023-10-16T11:59:43+00:00","twitter_card":"summary_large_image","twitter_misc":{"Dur\u00e9e de lecture estim\u00e9e":"4 minutes"},"schema":{"@context":"https:\/\/schema.org","@graph":[{"@type":"WebPage","@id":"https:\/\/www.wash-megroup.com\/fr-fr\/politique-relative-aux-cookies\/","url":"https:\/\/www.wash-megroup.com\/fr-fr\/politique-relative-aux-cookies\/","name":"Politique relative aux cookies - Wash ME (Ex Revolution Laundry)","isPartOf":{"@id":"https:\/\/www.wash-megroup.com\/fr-fr\/#website"},"datePublished":"2022-09-02T15:09:31+00:00","dateModified":"2023-10-16T11:59:43+00:00","description":"D\u00e9couvrez comment nous utilisons les cookies pour am\u00e9liorer votre exp\u00e9rience. Consultez notre politique relative aux cookies pour en savoir plus.","breadcrumb":{"@id":"https:\/\/www.wash-megroup.com\/fr-fr\/politique-relative-aux-cookies\/#breadcrumb"},"inLanguage":"fr-FR","potentialAction":[{"@type":"ReadAction","target":["https:\/\/www.wash-megroup.com\/fr-fr\/politique-relative-aux-cookies\/"]}]},{"@type":"BreadcrumbList","@id":"https:\/\/www.wash-megroup.com\/fr-fr\/politique-relative-aux-cookies\/#breadcrumb","itemListElement":[{"@type":"ListItem","position":1,"name":"Home","item":"https:\/\/www.wash-megroup.com\/fr-fr\/"},{"@type":"ListItem","position":2,"name":"Politique relative aux cookies"}]},{"@type":"WebSite","@id":"https:\/\/www.wash-megroup.com\/fr-fr\/#website","url":"https:\/\/www.wash-megroup.com\/fr-fr\/","name":"Wash-ME","description":"Acc\u00e9dez \u00e0 l&#039;espace particulier","publisher":{"@id":"https:\/\/www.wash-megroup.com\/fr-fr\/#organization"},"potentialAction":[{"@type":"SearchAction","target":{"@type":"EntryPoint","urlTemplate":"https:\/\/www.wash-megroup.com\/fr-fr\/?s={search_term_string}"},"query-input":{"@type":"PropertyValueSpecification","valueRequired":true,"valueName":"search_term_string"}}],"inLanguage":"fr-FR"},{"@type":"Organization","@id":"https:\/\/www.wash-megroup.com\/fr-fr\/#organization","name":"Wash-ME","url":"https:\/\/www.wash-megroup.com\/fr-fr\/","logo":{"@type":"ImageObject","inLanguage":"fr-FR","@id":"https:\/\/www.wash-megroup.com\/fr-fr\/#\/schema\/logo\/image\/","url":"https:\/\/www.wash-megroup.com\/wp-content\/uploads\/2021\/07\/logo_revolaundry_white@2x.png","contentUrl":"https:\/\/www.wash-megroup.com\/wp-content\/uploads\/2021\/07\/logo_revolaundry_white@2x.png","width":538,"height":146,"caption":"Wash-ME"},"image":{"@id":"https:\/\/www.wash-megroup.com\/fr-fr\/#\/schema\/logo\/image\/"}}]}},"_links":{"self":[{"href":"https:\/\/www.wash-megroup.com\/fr-fr\/wp-json\/wp\/v2\/pages\/131999","targetHints":{"allow":["GET"]}}],"collection":[{"href":"https:\/\/www.wash-megroup.com\/fr-fr\/wp-json\/wp\/v2\/pages"}],"about":[{"href":"https:\/\/www.wash-megroup.com\/fr-fr\/wp-json\/wp\/v2\/types\/page"}],"author":[{"embeddable":true,"href":"https:\/\/www.wash-megroup.com\/fr-fr\/wp-json\/wp\/v2\/users\/1"}],"replies":[{"embeddable":true,"href":"https:\/\/www.wash-megroup.com\/fr-fr\/wp-json\/wp\/v2\/comments?post=131999"}],"version-history":[{"count":14,"href":"https:\/\/www.wash-megroup.com\/fr-fr\/wp-json\/wp\/v2\/pages\/131999\/revisions"}],"predecessor-version":[{"id":161325,"href":"https:\/\/www.wash-megroup.com\/fr-fr\/wp-json\/wp\/v2\/pages\/131999\/revisions\/161325"}],"wp:attachment":[{"href":"https:\/\/www.wash-megroup.com\/fr-fr\/wp-json\/wp\/v2\/media?parent=131999"}],"curies":[{"name":"wp","href":"https:\/\/api.w.org\/{rel}","templated":true}]}}