{"id":60,"date":"2021-06-21T09:58:25","date_gmt":"2021-06-21T07:58:25","guid":{"rendered":"https:\/\/www.Wash-ME-laundry.fr\/?page_id=60"},"modified":"2024-11-25T14:28:49","modified_gmt":"2024-11-25T13:28:49","slug":"concept","status":"publish","type":"page","link":"https:\/\/www.wash-megroup.com\/fr-fr\/concept\/","title":{"rendered":"Le concept"},"content":{"rendered":"\n<h1 class=\"wp-block-heading\">QU\u2019EST-CE QUE LE SERVIcE DE LAVERIE AUTOMATIQUE Wash ME&nbsp;?<\/h1>\n\n\n\n<p class=\"has-text-align-left\">Wash ME est un service de laverie automatique en libre-service, disponible 7j\/7 et 24h\/24, qui int\u00e8gre des machines \u00e0 laver et \u00e0 s\u00e9cher de qualit\u00e9 professionnelle, destin\u00e9es \u00e0 un usage priv\u00e9 et professionnel (h\u00f4telier, restaurateurs, g\u00e9rants de bars, etc.).<\/p>\n\n\n\n<figure class=\"wp-block-image size-large\"><img decoding=\"async\" width=\"1024\" height=\"341\" src=\"https:\/\/www.wash-megroup.com\/wp-content\/uploads\/2023\/09\/Banner_SOCIAL-MEDIA-1024x341.jpg\" alt=\"laverie sur les social media\" class=\"wp-image-168819\" srcset=\"https:\/\/www.wash-megroup.com\/wp-content\/uploads\/2023\/09\/Banner_SOCIAL-MEDIA-1024x341.jpg 1024w, https:\/\/www.wash-megroup.com\/wp-content\/uploads\/2023\/09\/Banner_SOCIAL-MEDIA-300x100.jpg 300w, https:\/\/www.wash-megroup.com\/wp-content\/uploads\/2023\/09\/Banner_SOCIAL-MEDIA-768x256.jpg 768w, https:\/\/www.wash-megroup.com\/wp-content\/uploads\/2023\/09\/Banner_SOCIAL-MEDIA.jpg 1200w\" sizes=\"(max-width: 1024px) 100vw, 1024px\" \/><\/figure>\n\n\n<div class=\"block-icon-text-grid block-icon-text-grid--column-left\">\n    <div class=\"block-icon-text-grid__container\">\n        <div class=\"block-icon-text-grid__title\">\n            <h2 class=\"title \">\n    Nos laveries<\/h2>\n        <\/div>\n                    <div class=\"block-icon-text-grid__wysiwyg\">\n                <div class=\"wysiwyg \">\n    <p>Les laveries Wash ME sont \u00e9quip\u00e9es de lave-linge et de s\u00e8che-linge de grande capacit\u00e9 (jusqu\u2019\u00e0 18 kg), <span style=\"font-weight: 400\">\u00a0d\u2019un <\/span><span style=\"font-weight: 400\">syst\u00e8me de lessive int\u00e9gr\u00e9e justement dos\u00e9e (exempte de phosphates, de conservateurs, de colorants, hypoallerg\u00e9nique certifi\u00e9e Ecolabel)<\/span> et de plusieurs options de lavage existants ou \u00e0 venir (adoucissant, pr\u00e9lavage, d\u00e9sinfectant, assouplissant d\u00e9sinfectant\u2026), <span style=\"font-weight: 400\">de <\/span><span style=\"font-weight: 400\">multiples moyens de paiement* (esp\u00e8ces, CB, sans-contact)<\/span> et d\u2019un abri de protection pour les usagers. Les laveries automatiques Wash ME vous permettent d&rsquo;entretenir une grande vari\u00e9t\u00e9 de linge (couettes, oreillers, plaids, coussins, v\u00eatements&#8230;). Pour votre confort, 250 techniciens \u0153uvrent au quotidien pour assurer la maintenance, la s\u00e9curit\u00e9 et le bon fonctionnement des machines.<\/p>\n<\/div>\n            <\/div>\n                            <div class=\"block-icon-text-grid__block-list\">\n                                    \n<div class=\"title-text-icon block-icon-text-grid__block title-text-icon--wysiwyg title-text-icon--centered\">\n    <div class=\"title-text-icon__image\">\n        <img decoding=\"async\" class=\"image \" src=\"https:\/\/www.wash-megroup.com\/wp-content\/uploads\/2021\/07\/icon_locker.png\" alt=\"icon_locker.png\"\/>\n    <\/div>\n    <div class=\"title-text-icon__title\">\n        <h3 class=\"title \">\n    S\u00c9CURIT\u00c9<\/h3>\n    <\/div>\n            <div class=\"title-text-icon__wysiwyg\">\n            <div class=\"wysiwyg \">\n    <p>Les machines sont bloqu\u00e9es et verrouill\u00e9es durant le cycle de lavage.<\/p>\n<\/div>\n        <\/div>\n        <\/div>\n                                \n<div class=\"title-text-icon block-icon-text-grid__block title-text-icon--wysiwyg title-text-icon--centered\">\n    <div class=\"title-text-icon__image\">\n        <img decoding=\"async\" class=\"image \" src=\"https:\/\/www.wash-megroup.com\/wp-content\/uploads\/2021\/06\/icon_timer@2x-1.png\" alt=\"icon_timer@2x-1.png\"\/>\n    <\/div>\n    <div class=\"title-text-icon__title\">\n        <h3 class=\"title \">\n    RAPIDIT\u00c9<\/h3>\n    <\/div>\n            <div class=\"title-text-icon__wysiwyg\">\n            <div class=\"wysiwyg \">\n    <p>Le lavage s\u2019effectue en moyenne en 30 min et \u00e0 partir de 15 min pour le s\u00e9chage.<\/p>\n<\/div>\n        <\/div>\n        <\/div>\n                                \n<div class=\"title-text-icon block-icon-text-grid__block title-text-icon--wysiwyg title-text-icon--centered\">\n    <div class=\"title-text-icon__image\">\n        <img decoding=\"async\" class=\"image \" src=\"https:\/\/www.wash-megroup.com\/wp-content\/uploads\/2021\/07\/icon_sms.png\" alt=\"icon_sms.png\"\/>\n    <\/div>\n    <div class=\"title-text-icon__title\">\n        <h3 class=\"title \">\n    CONNECTIVIT\u00c9<\/h3>\n    <\/div>\n            <div class=\"title-text-icon__wysiwyg\">\n            <div class=\"wysiwyg \">\n    <p>Recevez gratuitement une alerte SMS pour vous pr\u00e9venir 5 minutes avant la fin du cycle de lavage.<\/p>\n<\/div>\n        <\/div>\n        <\/div>\n                                \n<div class=\"title-text-icon block-icon-text-grid__block title-text-icon--wysiwyg title-text-icon--centered\">\n    <div class=\"title-text-icon__image\">\n        <img decoding=\"async\" class=\"image \" src=\"https:\/\/www.wash-megroup.com\/wp-content\/uploads\/2021\/07\/icon_wheelchair.png\" alt=\"icon_wheelchair.png\"\/>\n    <\/div>\n    <div class=\"title-text-icon__title\">\n        <h3 class=\"title \">\n    ACCESSIBILIT\u00c9<\/h3>\n    <\/div>\n            <div class=\"title-text-icon__wysiwyg\">\n            <div class=\"wysiwyg \">\n    <p>L\u2019ensemble de nos lave-linge et s\u00e8che-linge est accessible aux personnes \u00e0 mobilit\u00e9 r\u00e9duite.<\/p>\n<\/div>\n        <\/div>\n        <\/div>\n                        <\/div>\n            <\/div>\n<\/div>\n\n\n<div class=\"block-image-text-over\">\n    <div class=\"block-image-text-over__image-container\">\n        <div class=\"block-image-text-over__image-swiper-container swiper-container\">\n            <div class=\"block-image-text-over__image-swiper-wrapper swiper-wrapper\">\n\n                \n<div class=\"slide swiper-slide block-image-text-over__slide slide--block-image-text-over slide--text-over slide--image\">\n            <div class=\"slide__container\">\n        <div class=\"slide__image-wrapper\">\n        <img decoding=\"async\" class=\"image slide__image\" src=\"https:\/\/www.wash-megroup.com\/wp-content\/uploads\/2023\/09\/SUPERMARCHER2_visuel_1657x620px.jpg\" alt=\"SUPERMARCHER2_visuel_1657x620px.jpg\"\/>\n    <\/div>\n    <div class=\"slide__content-wrapper\">\n        \n<div class=\"title-text-cta slide__slide--text\">\n    <div class=\"title-text-cta__title\">\n            <\/div>\n    <div class=\"title-text-cta__text\">\n            <\/div>\n    <div class=\"title-text-cta__cta\">\n            <\/div>\n<\/div>\n    <\/div>\n            <\/div>\n    <\/div>\n\n<div class=\"slide swiper-slide block-image-text-over__slide slide--block-image-text-over slide--text-over slide--image\">\n            <div class=\"slide__container\">\n        <div class=\"slide__image-wrapper\">\n        <img decoding=\"async\" class=\"image slide__image\" src=\"https:\/\/www.wash-megroup.com\/wp-content\/uploads\/2023\/09\/STATION-SERVICE2_visuel_1657x620px-scaled.jpg\" alt=\"STATION-SERVICE2_visuel_1657x620px-scaled.jpg\"\/>\n    <\/div>\n    <div class=\"slide__content-wrapper\">\n        \n<div class=\"title-text-cta slide__slide--text\">\n    <div class=\"title-text-cta__title\">\n            <\/div>\n    <div class=\"title-text-cta__text\">\n            <\/div>\n    <div class=\"title-text-cta__cta\">\n            <\/div>\n<\/div>\n    <\/div>\n            <\/div>\n    <\/div>\n            <\/div>\n        <\/div>\n    <\/div>\n    <div class=\"block-image-text-over__text-container\">\n        <div class=\"block-image-text-over__text-swiper-container swiper-container\">\n            <div class=\"block-image-text-over__text-swiper-wrapper swiper-wrapper\">\n                \n<div class=\"slide swiper-slide block-image-text-over__slide slide--block-image-text-over slide--text-over slide--text\">\n            <div class=\"slide__container\">\n        <div class=\"slide__image-wrapper\">\n            <\/div>\n    <div class=\"slide__content-wrapper\">\n        \n<div class=\"title-text-cta slide__slide--text\">\n    <div class=\"title-text-cta__title\">\n            <\/div>\n    <div class=\"title-text-cta__text\">\n        <div class=\"text \">\n    <p>Vous trouverez nos laveries automatiques Wash ME sur le parking de votre supermarch\u00e9 ou hypermarch\u00e9 pr\u00e9f\u00e9r\u00e9. Optimisez votre temps en lan\u00e7ant un cycle pendant que vous faites vos courses ! Nos laveries sont aussi accessibles aux personnes \u00e0 mobilit\u00e9 r\u00e9duite.<\/p>\n<\/div>\n    <\/div>\n    <div class=\"title-text-cta__cta\">\n            <\/div>\n<\/div>\n    <\/div>\n            <\/div>\n    <\/div>\n\n<div class=\"slide swiper-slide block-image-text-over__slide slide--block-image-text-over slide--text-over slide--text\">\n            <div class=\"slide__container\">\n        <div class=\"slide__image-wrapper\">\n            <\/div>\n    <div class=\"slide__content-wrapper\">\n        \n<div class=\"title-text-cta slide__slide--text\">\n    <div class=\"title-text-cta__title\">\n            <\/div>\n    <div class=\"title-text-cta__text\">\n        <div class=\"text \">\n    <p>Vous trouverez nos laveries automatiques Wash ME sur le parking de votre station-service et aires d&rsquo;autoroute. Optimisez votre temps : faites le plein et lancez une machine !<\/p>\n<\/div>\n    <\/div>\n    <div class=\"title-text-cta__cta\">\n            <\/div>\n<\/div>\n    <\/div>\n            <\/div>\n    <\/div>\n            <\/div>\n            <div class=\"swiper-pagination block-image-text-over__slider-pagination swiper-pagination--white\"><\/div>\n        <\/div>\n    <\/div>\n<\/div>\n\n\n<div class=\"block-store-locator\">\n    <div class=\"block-store-locator__container\">\n        <div class=\"block-store-locator__content-wrapper\">\n            <div class=\"block-store-locator__texts\">\n                <div class=\"block-store-locator__title-wrapper\">\n                    <h3 class=\"title block-store-locator__title title--size-s\">\n    Trouvez une Wash ME<\/h3>\n                <\/div>\n                <div class=\"text block-store-locator__text text-font-size-m text--color-light\">\n    Plus de 3000 Laveries automatiques Wash ME sont install\u00e9es en France. Retrouvez-nous sur le parking de votre supermarch\u00e9, de votre station-service ou de votre centre commercial\u2026<\/div>\n            <\/div>\n\t        \n\t        <a class=\"button button--centered button--with-icon icon-arrow-right\" href=\"https:\/\/stores.revolution-laundry.com\/fr-fr\/\" target=\"_self\">\n    <span>Trouver une laverie<\/span>\n<\/a>\n        <\/div>\n    <\/div>\n<\/div>\n\n\n<div class=\"block-icon-list\">\n    <div class=\"block-icon-list__wrapper\">\n        <div class=\"block-icon-list__container\">\n            <div class=\"block-icon-list__title-wrapper\">\n                <h2 class=\"title block-icon-list__title title--size-m\">\n    UN PAIEMENT S\u00e9curis\u00e9<\/h2>\n            <\/div>\n            <div class=\"block-icon-list__text\">\n                <div class=\"text \">\n    Pour faciliter votre quotidien, de multiples moyens de paiement-vous sont propos\u00e9s :<\/div>\n            <\/div>\n            <div class=\"block-icon-list__list\">\n                                        <div class=\"icon-text block-icon-list__element icon-text--centered\" target=\"self\">\n    <div class=\"icon-text__icon\">\n        <img decoding=\"async\" class=\"image \" src=\"https:\/\/www.wash-megroup.com\/wp-content\/uploads\/2021\/07\/icon_money.png\" alt=\"icon_money.png\"\/>\n    <\/div>\n    <div class=\"icon-text__text\">\n        <div class=\"text \">\n    Paiement en esp\u00e8ces<\/div>\n    <\/div>\n<\/div>\n                                            <div class=\"icon-text block-icon-list__element icon-text--centered\" target=\"self\">\n    <div class=\"icon-text__icon\">\n        <img decoding=\"async\" class=\"image \" src=\"https:\/\/www.wash-megroup.com\/wp-content\/uploads\/2021\/07\/icon_contactless.png\" alt=\"icon_contactless.png\"\/>\n    <\/div>\n    <div class=\"icon-text__text\">\n        <div class=\"text \">\n    CB et paiement sans contact<\/div>\n    <\/div>\n<\/div>\n                                            <div class=\"icon-text block-icon-list__element icon-text--centered\" target=\"self\">\n    <div class=\"icon-text__icon\">\n        <img decoding=\"async\" class=\"image \" src=\"https:\/\/www.wash-megroup.com\/wp-content\/uploads\/2021\/07\/icon_security_phone.png\" alt=\"icon_security_phone.png\"\/>\n    <\/div>\n    <div class=\"icon-text__text\">\n        <div class=\"text \">\n    Paiement via Mobile (Google Pay et Apple Pay)<\/div>\n    <\/div>\n<\/div>\n                                            <div class=\"icon-text block-icon-list__element icon-text--centered\" target=\"self\">\n    <div class=\"icon-text__icon\">\n        <img decoding=\"async\" class=\"image \" src=\"https:\/\/www.wash-megroup.com\/wp-content\/uploads\/2023\/12\/150X150px_Logo_Icone_WashME-e1703785768984.png\" alt=\"150X150px_Logo_Icone_WashME-e1703785768984.png\"\/>\n    <\/div>\n    <div class=\"icon-text__text\">\n        <div class=\"text \">\n    Application Mobile ME Group d\u00e9di\u00e9e Wash ME<\/div>\n    <\/div>\n<\/div>\n                                <\/div>\n        <\/div>\n    <\/div>\n<\/div>\n\n<div class=\"block-image-text-aside\">\n    <div class=\"block-image-text-aside__container\">\n        <div class=\"block-image-text-aside__title-wrapper\">\n            <h2 class=\"title block-image-text-aside__title title--size-m\">\n    Plus \u00e9conomique et \u00e9cologique<\/h2>\n        <\/div>\n        <div class=\"block-image-text-aside__list\">\n                                <div class=\"block-image-text-aside__element\">\n                        <div class=\"image-text-aside image-text-aside--right\">\n    <div class=\"image-text-aside__container\">\n                <div class=\"image-text-aside__text\">\n                        <div class=\"text \">\n    <p>Gr\u00e2ce \u00e0 un essorage puissant, le linge lav\u00e9 est r\u00e9cup\u00e9r\u00e9 avec une humidit\u00e9 r\u00e9siduelle de 50% au lieu de 80% avec un lave-linge domestique.<\/p>\n<p>Les laveries Wash ME n\u00e9cessitent une <strong>puissance \u00e9lectrique maximale de 16 KW<\/strong> seulement contre 30KW pour une laverie classique. De nombreuses laveries sont d\u00e9j\u00e0 \u00e9quip\u00e9es de panneaux solaires photovolta\u00efques. Nous pr\u00e9voyons d\u2019\u00e9quiper toutes nos laveries de panneaux solaires d\u2019ici 2 ans.<\/p>\n<p>Les laveries sont \u00e9quip\u00e9es d&rsquo;un \u00e9clairage LED beaucoup moins \u00e9nergivore qu&rsquo;un \u00e9clairage traditionnel. La lessive justement dos\u00e9e et <strong>certifi\u00e9e Ecolabel<\/strong> d\u00e9livr\u00e9e \u00e0 chaque lavage est un vrai geste pour la plan\u00e8te.<\/p>\n<\/div>\n        <\/div>\n                    <div class=\"image-text-aside__image\">\n                <img decoding=\"async\" class=\"image \" src=\"https:\/\/www.wash-megroup.com\/wp-content\/uploads\/2023\/09\/V3-Solar-1200x507px.jpg\" alt=\"V3-Solar-1200x507px.jpg\"\/>\n            <\/div>\n            <\/div>\n\n<\/div>\n                    <\/div>\n                        <\/div>\n    <\/div>\n\n<\/div>\n\n<div class=\"block-video block-video--text-after block-video--bg-none\">\n    <div class=\"block-video__wrapper\">\n        <div class=\"block-video__container\">\n\t                                <div class=\"block-video__video\">\n                <iframe class=\"video \" src=\"https:\/\/player.vimeo.com\/video\/579789572\"\n        allow=\"autoplay; fullscreen; picture-in-picture\" allowfullscreen><\/iframe>\n            <\/div>\n                                <\/div>\n    <\/div>\n<\/div>\n\n\n<div class=\"block-blue\">\n    <div class=\"block-blue__container\">\n        <div class=\"block-blue__title-wrapper\">\n            <h2 class=\"title block-blue__title title--size-m title--white\">\n    Comment utiliser une laverie Wash ME&nbsp;?<\/h2>\n        <\/div>\n        <div class=\"block-blue__text\">\n            <div class=\"text \">\n    <p>6 \u00e9tapes faciles pour un linge plus propre<\/p>\n<\/div>\n        <\/div>\n        <a class=\"link block-blue__cta-link button button--bordered-white button--with-icon icon-arrow-right\" href=\"https:\/\/www.Wash-ME-laundry.fr\/fr\/mode-d-emploi\/\" target=\"\">\n    <span>Lisez notre mode d&#8217;emploi<\/span>\n<\/a>\n    <\/div>\n<\/div>\n","protected":false},"excerpt":{"rendered":"<p>QU\u2019EST-CE QUE LE SERVIcE DE LAVERIE AUTOMATIQUE Wash ME&nbsp;? Wash ME est&#8230;<\/p>\n","protected":false},"author":1,"featured_media":241065,"parent":0,"menu_order":0,"comment_status":"closed","ping_status":"closed","template":"","meta":{"_acf_changed":false,"footnotes":""},"class_list":["post-60","page","type-page","status-publish","has-post-thumbnail","hentry"],"acf":[],"yoast_head":"<title>Concept - Laverie automatique | Wash ME<\/title>\n<meta name=\"description\" content=\"D\u00e9couvrez notre concept Wash ME, le leader et expert de la laverie automatique 24h\/7, performantes et \u00e9cologiques.\" \/>\n<meta name=\"robots\" content=\"index, follow, max-snippet:-1, max-image-preview:large, max-video-preview:-1\" \/>\n<link rel=\"canonical\" href=\"https:\/\/www.wash-megroup.com\/fr-fr\/concept\/\" \/>\n<meta property=\"og:locale\" content=\"fr_FR\" \/>\n<meta property=\"og:type\" content=\"article\" \/>\n<meta property=\"og:title\" content=\"Concept - Laverie automatique | Wash ME\" \/>\n<meta property=\"og:description\" content=\"D\u00e9couvrez notre concept Wash ME, le leader et expert de la laverie automatique 24h\/7, performantes et \u00e9cologiques.\" \/>\n<meta property=\"og:url\" content=\"https:\/\/www.wash-megroup.com\/fr-fr\/concept\/\" \/>\n<meta property=\"og:site_name\" content=\"Wash-ME\" \/>\n<meta property=\"article:modified_time\" content=\"2024-11-25T13:28:49+00:00\" \/>\n<meta property=\"og:image\" content=\"https:\/\/www.wash-megroup.com\/wp-content\/uploads\/2024\/11\/Concept-Wash.ME_.png\" \/>\n\t<meta property=\"og:image:width\" content=\"1258\" \/>\n\t<meta property=\"og:image:height\" content=\"720\" \/>\n\t<meta property=\"og:image:type\" content=\"image\/png\" \/>\n<meta name=\"twitter:card\" content=\"summary_large_image\" \/>\n<meta name=\"twitter:label1\" content=\"Dur\u00e9e de lecture estim\u00e9e\" \/>\n\t<meta name=\"twitter:data1\" content=\"1 minute\" \/>\n<script type=\"application\/ld+json\" class=\"yoast-schema-graph\">{\"@context\":\"https:\/\/schema.org\",\"@graph\":[{\"@type\":\"WebPage\",\"@id\":\"https:\/\/www.wash-megroup.com\/fr-fr\/concept\/\",\"url\":\"https:\/\/www.wash-megroup.com\/fr-fr\/concept\/\",\"name\":\"Concept - Laverie automatique | Wash ME\",\"isPartOf\":{\"@id\":\"https:\/\/www.wash-megroup.com\/fr-fr\/#website\"},\"primaryImageOfPage\":{\"@id\":\"https:\/\/www.wash-megroup.com\/fr-fr\/concept\/#primaryimage\"},\"image\":{\"@id\":\"https:\/\/www.wash-megroup.com\/fr-fr\/concept\/#primaryimage\"},\"thumbnailUrl\":\"https:\/\/www.wash-megroup.com\/wp-content\/uploads\/2024\/11\/Concept-Wash.ME_.png\",\"datePublished\":\"2021-06-21T07:58:25+00:00\",\"dateModified\":\"2024-11-25T13:28:49+00:00\",\"description\":\"D\u00e9couvrez notre concept Wash ME, le leader et expert de la laverie automatique 24h\/7, performantes et \u00e9cologiques.\",\"breadcrumb\":{\"@id\":\"https:\/\/www.wash-megroup.com\/fr-fr\/concept\/#breadcrumb\"},\"inLanguage\":\"fr-FR\",\"potentialAction\":[{\"@type\":\"ReadAction\",\"target\":[\"https:\/\/www.wash-megroup.com\/fr-fr\/concept\/\"]}]},{\"@type\":\"ImageObject\",\"inLanguage\":\"fr-FR\",\"@id\":\"https:\/\/www.wash-megroup.com\/fr-fr\/concept\/#primaryimage\",\"url\":\"https:\/\/www.wash-megroup.com\/wp-content\/uploads\/2024\/11\/Concept-Wash.ME_.png\",\"contentUrl\":\"https:\/\/www.wash-megroup.com\/wp-content\/uploads\/2024\/11\/Concept-Wash.ME_.png\",\"width\":1258,\"height\":720,\"caption\":\"Tout savoir sur les laveries Wash.ME\"},{\"@type\":\"BreadcrumbList\",\"@id\":\"https:\/\/www.wash-megroup.com\/fr-fr\/concept\/#breadcrumb\",\"itemListElement\":[{\"@type\":\"ListItem\",\"position\":1,\"name\":\"Home\",\"item\":\"https:\/\/www.wash-megroup.com\/fr-fr\/\"},{\"@type\":\"ListItem\",\"position\":2,\"name\":\"Le concept\"}]},{\"@type\":\"WebSite\",\"@id\":\"https:\/\/www.wash-megroup.com\/fr-fr\/#website\",\"url\":\"https:\/\/www.wash-megroup.com\/fr-fr\/\",\"name\":\"Wash-ME\",\"description\":\"Acc\u00e9dez \u00e0 l&#039;espace particulier\",\"publisher\":{\"@id\":\"https:\/\/www.wash-megroup.com\/fr-fr\/#organization\"},\"potentialAction\":[{\"@type\":\"SearchAction\",\"target\":{\"@type\":\"EntryPoint\",\"urlTemplate\":\"https:\/\/www.wash-megroup.com\/fr-fr\/?s={search_term_string}\"},\"query-input\":{\"@type\":\"PropertyValueSpecification\",\"valueRequired\":true,\"valueName\":\"search_term_string\"}}],\"inLanguage\":\"fr-FR\"},{\"@type\":\"Organization\",\"@id\":\"https:\/\/www.wash-megroup.com\/fr-fr\/#organization\",\"name\":\"Wash-ME\",\"url\":\"https:\/\/www.wash-megroup.com\/fr-fr\/\",\"logo\":{\"@type\":\"ImageObject\",\"inLanguage\":\"fr-FR\",\"@id\":\"https:\/\/www.wash-megroup.com\/fr-fr\/#\/schema\/logo\/image\/\",\"url\":\"https:\/\/www.wash-megroup.com\/wp-content\/uploads\/2021\/07\/logo_revolaundry_white@2x.png\",\"contentUrl\":\"https:\/\/www.wash-megroup.com\/wp-content\/uploads\/2021\/07\/logo_revolaundry_white@2x.png\",\"width\":538,\"height\":146,\"caption\":\"Wash-ME\"},\"image\":{\"@id\":\"https:\/\/www.wash-megroup.com\/fr-fr\/#\/schema\/logo\/image\/\"}}]}<\/script>","yoast_head_json":{"title":"Concept - Laverie automatique | Wash ME","description":"D\u00e9couvrez notre concept Wash ME, le leader et expert de la laverie automatique 24h\/7, performantes et \u00e9cologiques.","robots":{"index":"index","follow":"follow","max-snippet":"max-snippet:-1","max-image-preview":"max-image-preview:large","max-video-preview":"max-video-preview:-1"},"canonical":"https:\/\/www.wash-megroup.com\/fr-fr\/concept\/","og_locale":"fr_FR","og_type":"article","og_title":"Concept - Laverie automatique | Wash ME","og_description":"D\u00e9couvrez notre concept Wash ME, le leader et expert de la laverie automatique 24h\/7, performantes et \u00e9cologiques.","og_url":"https:\/\/www.wash-megroup.com\/fr-fr\/concept\/","og_site_name":"Wash-ME","article_modified_time":"2024-11-25T13:28:49+00:00","og_image":[{"width":1258,"height":720,"url":"https:\/\/www.wash-megroup.com\/wp-content\/uploads\/2024\/11\/Concept-Wash.ME_.png","type":"image\/png"}],"twitter_card":"summary_large_image","twitter_misc":{"Dur\u00e9e de lecture estim\u00e9e":"1 minute"},"schema":{"@context":"https:\/\/schema.org","@graph":[{"@type":"WebPage","@id":"https:\/\/www.wash-megroup.com\/fr-fr\/concept\/","url":"https:\/\/www.wash-megroup.com\/fr-fr\/concept\/","name":"Concept - Laverie automatique | Wash ME","isPartOf":{"@id":"https:\/\/www.wash-megroup.com\/fr-fr\/#website"},"primaryImageOfPage":{"@id":"https:\/\/www.wash-megroup.com\/fr-fr\/concept\/#primaryimage"},"image":{"@id":"https:\/\/www.wash-megroup.com\/fr-fr\/concept\/#primaryimage"},"thumbnailUrl":"https:\/\/www.wash-megroup.com\/wp-content\/uploads\/2024\/11\/Concept-Wash.ME_.png","datePublished":"2021-06-21T07:58:25+00:00","dateModified":"2024-11-25T13:28:49+00:00","description":"D\u00e9couvrez notre concept Wash ME, le leader et expert de la laverie automatique 24h\/7, performantes et \u00e9cologiques.","breadcrumb":{"@id":"https:\/\/www.wash-megroup.com\/fr-fr\/concept\/#breadcrumb"},"inLanguage":"fr-FR","potentialAction":[{"@type":"ReadAction","target":["https:\/\/www.wash-megroup.com\/fr-fr\/concept\/"]}]},{"@type":"ImageObject","inLanguage":"fr-FR","@id":"https:\/\/www.wash-megroup.com\/fr-fr\/concept\/#primaryimage","url":"https:\/\/www.wash-megroup.com\/wp-content\/uploads\/2024\/11\/Concept-Wash.ME_.png","contentUrl":"https:\/\/www.wash-megroup.com\/wp-content\/uploads\/2024\/11\/Concept-Wash.ME_.png","width":1258,"height":720,"caption":"Tout savoir sur les laveries Wash.ME"},{"@type":"BreadcrumbList","@id":"https:\/\/www.wash-megroup.com\/fr-fr\/concept\/#breadcrumb","itemListElement":[{"@type":"ListItem","position":1,"name":"Home","item":"https:\/\/www.wash-megroup.com\/fr-fr\/"},{"@type":"ListItem","position":2,"name":"Le concept"}]},{"@type":"WebSite","@id":"https:\/\/www.wash-megroup.com\/fr-fr\/#website","url":"https:\/\/www.wash-megroup.com\/fr-fr\/","name":"Wash-ME","description":"Acc\u00e9dez \u00e0 l&#039;espace particulier","publisher":{"@id":"https:\/\/www.wash-megroup.com\/fr-fr\/#organization"},"potentialAction":[{"@type":"SearchAction","target":{"@type":"EntryPoint","urlTemplate":"https:\/\/www.wash-megroup.com\/fr-fr\/?s={search_term_string}"},"query-input":{"@type":"PropertyValueSpecification","valueRequired":true,"valueName":"search_term_string"}}],"inLanguage":"fr-FR"},{"@type":"Organization","@id":"https:\/\/www.wash-megroup.com\/fr-fr\/#organization","name":"Wash-ME","url":"https:\/\/www.wash-megroup.com\/fr-fr\/","logo":{"@type":"ImageObject","inLanguage":"fr-FR","@id":"https:\/\/www.wash-megroup.com\/fr-fr\/#\/schema\/logo\/image\/","url":"https:\/\/www.wash-megroup.com\/wp-content\/uploads\/2021\/07\/logo_revolaundry_white@2x.png","contentUrl":"https:\/\/www.wash-megroup.com\/wp-content\/uploads\/2021\/07\/logo_revolaundry_white@2x.png","width":538,"height":146,"caption":"Wash-ME"},"image":{"@id":"https:\/\/www.wash-megroup.com\/fr-fr\/#\/schema\/logo\/image\/"}}]}},"_links":{"self":[{"href":"https:\/\/www.wash-megroup.com\/fr-fr\/wp-json\/wp\/v2\/pages\/60","targetHints":{"allow":["GET"]}}],"collection":[{"href":"https:\/\/www.wash-megroup.com\/fr-fr\/wp-json\/wp\/v2\/pages"}],"about":[{"href":"https:\/\/www.wash-megroup.com\/fr-fr\/wp-json\/wp\/v2\/types\/page"}],"author":[{"embeddable":true,"href":"https:\/\/www.wash-megroup.com\/fr-fr\/wp-json\/wp\/v2\/users\/1"}],"replies":[{"embeddable":true,"href":"https:\/\/www.wash-megroup.com\/fr-fr\/wp-json\/wp\/v2\/comments?post=60"}],"version-history":[{"count":88,"href":"https:\/\/www.wash-megroup.com\/fr-fr\/wp-json\/wp\/v2\/pages\/60\/revisions"}],"predecessor-version":[{"id":241081,"href":"https:\/\/www.wash-megroup.com\/fr-fr\/wp-json\/wp\/v2\/pages\/60\/revisions\/241081"}],"wp:featuredmedia":[{"embeddable":true,"href":"https:\/\/www.wash-megroup.com\/fr-fr\/wp-json\/wp\/v2\/media\/241065"}],"wp:attachment":[{"href":"https:\/\/www.wash-megroup.com\/fr-fr\/wp-json\/wp\/v2\/media?parent=60"}],"curies":[{"name":"wp","href":"https:\/\/api.w.org\/{rel}","templated":true}]}}