{"id":74,"date":"2021-06-21T10:02:08","date_gmt":"2021-06-21T08:02:08","guid":{"rendered":"https:\/\/www.Wash-ME-laundry.fr\/?page_id=74"},"modified":"2024-11-25T14:08:35","modified_gmt":"2024-11-25T13:08:35","slug":"faq","status":"publish","type":"page","link":"https:\/\/www.wash-megroup.com\/fr-fr\/aide-en-ligne\/faq\/","title":{"rendered":"FAQ &#8211; Foire aux questions"},"content":{"rendered":"<div class=\"block-faq-search\">\n    <div class=\"block-faq-search__title\">\n        <h1 class=\"title title--size-m\">\n    FAQ &#8211; Foire aux questions<\/h1>\n    <\/div>\n    <div class=\"block-faq-search__text\">\n            <\/div>\n    \n<div class=\"faq-search-bar\">\n    <div class=\"faq-search-bar__search-bar\">\n        <input class=\"input input--text faq-search-input faq-search-bar__input\"\n       type=\"text\"\n       name=\"faq-search-key\"\n       placeholder=\"Votre recherche : lave-linge, s\u00e8che-linge, mode de paiement...\"              \/>\n        <input class=\"input button faq-search-submit faq-search-trigger faq-search-bar__submit\"\n       type=\"submit\"\n       name=\"faq-submit\"\n              value=\"Recherchez\"       \/>\n    <\/div>\n<\/div>\n    <div class=\"block-faq-search__subjects-wrapper\">\n        <div class=\"block-faq-search__subjects\">\n                                <a href=\"https:\/\/www.wash-megroup.com\/fr-fr\/aide-en-ligne\/assistance\/\" id=\"faq-filter-1\" data-target=\".faq-group-1\" class=\"card-contact faq-group-filter active block-faq-search__faq-group-filter linked\">\n    <div class=\"card-contact__image\">\n        <img decoding=\"async\" class=\"image \" src=\"https:\/\/www.wash-megroup.com\/wp-content\/uploads\/2021\/07\/ILLUSTRATION_SITE_2.jpg\" alt=\"ILLUSTRATION_SITE_2.jpg\"\/>\n    <\/div>\n    <div class=\"card-contact__texts\">\n        <div class=\"card-contact__title\">\n            <div class=\"text \">\n    Questions sur l&#039;utilisation<\/div>\n        <\/div>\n        <div class=\"card-contact__subtitle\">\n            <div class=\"text \">\n    J&#039;ai une question sur les services Wash ME<\/div>\n        <\/div>\n    <\/div>\n<\/a>\n                        <\/div>\n    <\/div>\n<\/div>\n\n\n\n<h2 class=\"wp-block-heading\" id=\"les-questions-les-plus-frequentes\">Les questions les plus fr\u00e9quentes<\/h2>\n\n\n\n<p class=\"has-text-align-center\" id=\"faq-search-error\">Aucune question ne correspond \u00e0 votre recherche, veuillez essayer une autre requ\u00eate.<\/p>\n\n\n<div class=\"blue-title faq-group-1\">\n    <h3 class=\"title blue-title__title title--size-xs title--primary\">\n    Les laveries automatiques Wash ME<\/h3>\n<\/div>\n\n\n<div class=\"block-list-faq\">\n    <div class=\"block-list-faq__container\">\n\t    \t\t    <div class=\"schema-faq\">\n\t\t\t    \t\t\t\t    <div class=\"schema-faq-section\" id=\"faq-question-501915\">\n\t\t\t\t\t    <strong class=\"schema-faq-question\"><a href=\"https:\/\/www.wash-megroup.com\/fr-fr\/aide-en-ligne\/faq\/quest-ce-que-la-laverie-wash-me-laundry\/\" data-page=\"961\">Quel est le concept des laveries Wash.ME ?<\/a><\/strong>\n\t\t\t\t\t    <div class=\"schema-faq-answer\">\nWash.ME s\u2019engage \u00e0 vous fournir un service de qualit\u00e9 avec des machines performantes et r\u00e9guli\u00e8rement entretenues. Nos 300 techniciens assurent chaque semaine l\u2019entretien et la maintenance des laveries.\n<\/div>\n\t\t\t\t    <\/div>\n\t\t\t    \t\t\t\t    <div class=\"schema-faq-section\" id=\"faq-question-574704\">\n\t\t\t\t\t    <strong class=\"schema-faq-question\"><a href=\"https:\/\/www.wash-megroup.com\/fr-fr\/aide-en-ligne\/faq\/ou-trouver-une-laverie-automatique-wash-me\/\" data-page=\"967\">Comment trouver la laverie Wash.ME la plus proche ?<\/a><\/strong>\n\t\t\t\t\t    <div class=\"schema-faq-answer\">\n&gt;&gt; Pour trouver votre laverie Wash.ME, rendez-vous sur notre Store Locator !\u00a0\n<\/div>\n\t\t\t\t    <\/div>\n\t\t\t    \t\t\t\t    <div class=\"schema-faq-section\" id=\"faq-question-696283\">\n\t\t\t\t\t    <strong class=\"schema-faq-question\"><a href=\"https:\/\/www.wash-megroup.com\/fr-fr\/aide-en-ligne\/faq\/les-laveries-automatiques-wash-me-sont-elles-adaptees-aux-personnes-a-mobilite-reduite-pmr\/\" data-page=\"966\">Les laveries automatiques Wash.ME sont-elles accessibles aux Personnes \u00e0 Mobilit\u00e9 R\u00e9duite (PMR) ?<\/a><\/strong>\n\t\t\t\t\t    <div class=\"schema-faq-answer\">\nChez ME Group, nous \u0153uvrons au quotidien pour offrir des services toujours plus accessibles au plus grand nombre.\u00a0\u00a0\n<\/div>\n\t\t\t\t    <\/div>\n\t\t\t    \t\t\t\t    <div class=\"schema-faq-section\" id=\"faq-question-391621\">\n\t\t\t\t\t    <strong class=\"schema-faq-question\"><a href=\"https:\/\/www.wash-megroup.com\/fr-fr\/aide-en-ligne\/faq\/quels-sont-les-horaires-douverture-des-laveries-wash-me-laundry\/\" data-page=\"965\">Quels sont les horaires d\u2019ouverture des laveries Wash.ME ?<\/a><\/strong>\n\t\t\t\t\t    <div class=\"schema-faq-answer\">\nPour conna\u00eetre les horaires pr\u00e9cis d\u2019acc\u00e8s \u00e0 votre laverie Wash.ME, nous vous invitons \u00e0 vous r\u00e9f\u00e9rer aux horaires d\u2019ouverture du magasin ou de l\u2019enseigne, que la laverie soit int\u00e9rieure ou ext\u00e9rieure.&nbsp;\n<\/div>\n\t\t\t\t    <\/div>\n\t\t\t    \t\t\t\t    <div class=\"schema-faq-section\" id=\"faq-question-822703\">\n\t\t\t\t\t    <strong class=\"schema-faq-question\"><a href=\"https:\/\/www.wash-megroup.com\/fr-fr\/aide-en-ligne\/faq\/suis-je-autonome-dans-lutilisation-de-la-laverie-wash-me-laundry\/\" data-page=\"964\">L\u2019utilisation d\u2019une laverie Wash.ME est-elle autonome ?<\/a><\/strong>\n\t\t\t\t\t    <div class=\"schema-faq-answer\">\nNotre \u00e9quipe de 300 techniciens en France passe au moins une fois par semaine pour v\u00e9rifier l\u2019\u00e9tat de nos machines et assurer l\u2019entretien et la maintenance afin d\u2019assurer un service optimal pour nos utilisateurs.\n<\/div>\n\t\t\t\t    <\/div>\n\t\t\t    \t\t\t\t    <div class=\"schema-faq-section\" id=\"faq-question-892964\">\n\t\t\t\t\t    <strong class=\"schema-faq-question\"><a href=\"https:\/\/www.wash-megroup.com\/fr-fr\/aide-en-ligne\/faq\/ou-sont-concues-les-laveries-automatiques-wash-me\/\" data-page=\"963\">O\u00f9 sont con\u00e7ues les laveries automatiques Wash.ME ?<\/a><\/strong>\n\t\t\t\t\t    <div class=\"schema-faq-answer\">\nCe sont plus de 100 personnes qui r\u00e9fl\u00e9chissent, con\u00e7oivent et d\u00e9ploient nos solutions de laveries en libre-service, dans une d\u00e9marche d\u2019am\u00e9lioration continue, pour vous offrir des services toujours plus accessibles et qualitatifs.\n<\/div>\n\t\t\t\t    <\/div>\n\t\t\t    \t\t\t\t    <div class=\"schema-faq-section\" id=\"faq-question-183525\">\n\t\t\t\t\t    <strong class=\"schema-faq-question\"><a href=\"https:\/\/www.wash-megroup.com\/fr-fr\/aide-en-ligne\/faq\/comment-puis-je-massurer-que-mon-linge-soit-bien-lave-avec-la-laverie-wash-me\/\" data-page=\"962\">Quelles sont les pr\u00e9cautions \u00e0 prendre pour un lavage efficace dans une laverie Wash.ME ?<\/a><\/strong>\n\t\t\t\t\t    <div class=\"schema-faq-answer\">\n&nbsp;nos laveries Wash.ME utilisent une lessive hypoallerg\u00e9nique et \u00e9cologique sans odeur afin de ne pas incommoder les personnes avec une forte sensibilit\u00e9 olfactive. Ne soyez donc pas \u00e9tonn\u00e9.e si votre linge n\u2019a pas d\u2019odeur de lessive une fois le cycle termin\u00e9.\n<\/div>\n\t\t\t\t    <\/div>\n\t\t\t    \t\t    <\/div>\n\t        <\/div>\n<\/div>\n\n\t\t<script type=\"application\/ld+json\">\n\t\t{\n\t\t\t\"@context\": \"https:\/\/schema.org\",\n\t\t\t\"@type\": \"FAQPage\",\n\t\t\t\"mainEntity\": [{\n    \"@type\": \"Question\",\n    \"name\": \"Quel est le concept des laveries Wash.ME ?\",\n    \"acceptedAnswer\": {\n        \"@type\": \"Answer\",\n        \"text\": \"\\nWash.ME s\\u2019engage \\u00e0 vous fournir un service de qualit\\u00e9 avec des machines performantes et r\\u00e9guli\\u00e8rement entretenues. Nos 300 techniciens assurent chaque semaine l\\u2019entretien et la maintenance des laveries.\\n\"\n    }\n},{\n    \"@type\": \"Question\",\n    \"name\": \"Comment trouver la laverie Wash.ME la plus proche ?\",\n    \"acceptedAnswer\": {\n        \"@type\": \"Answer\",\n        \"text\": \"\\n&gt;&gt; Pour trouver votre laverie Wash.ME, rendez-vous sur notre Store Locator !\\u00a0\\n\"\n    }\n},{\n    \"@type\": \"Question\",\n    \"name\": \"Les laveries automatiques Wash.ME sont-elles accessibles aux Personnes \\u00e0 Mobilit\\u00e9 R\\u00e9duite (PMR) ?\",\n    \"acceptedAnswer\": {\n        \"@type\": \"Answer\",\n        \"text\": \"\\nChez ME Group, nous \\u0153uvrons au quotidien pour offrir des services toujours plus accessibles au plus grand nombre.\\u00a0\\u00a0\\n\"\n    }\n},{\n    \"@type\": \"Question\",\n    \"name\": \"Quels sont les horaires d\\u2019ouverture des laveries Wash.ME ?\",\n    \"acceptedAnswer\": {\n        \"@type\": \"Answer\",\n        \"text\": \"\\nPour conna\\u00eetre les horaires pr\\u00e9cis d\\u2019acc\\u00e8s \\u00e0 votre laverie Wash.ME, nous vous invitons \\u00e0 vous r\\u00e9f\\u00e9rer aux horaires d\\u2019ouverture du magasin ou de l\\u2019enseigne, que la laverie soit int\\u00e9rieure ou ext\\u00e9rieure.&nbsp;\\n\"\n    }\n},{\n    \"@type\": \"Question\",\n    \"name\": \"L\\u2019utilisation d\\u2019une laverie Wash.ME est-elle autonome ?\",\n    \"acceptedAnswer\": {\n        \"@type\": \"Answer\",\n        \"text\": \"\\nNotre \\u00e9quipe de 300 techniciens en France passe au moins une fois par semaine pour v\\u00e9rifier l\\u2019\\u00e9tat de nos machines et assurer l\\u2019entretien et la maintenance afin d\\u2019assurer un service optimal pour nos utilisateurs.\\n\"\n    }\n},{\n    \"@type\": \"Question\",\n    \"name\": \"O\\u00f9 sont con\\u00e7ues les laveries automatiques Wash.ME ?\",\n    \"acceptedAnswer\": {\n        \"@type\": \"Answer\",\n        \"text\": \"\\nCe sont plus de 100 personnes qui r\\u00e9fl\\u00e9chissent, con\\u00e7oivent et d\\u00e9ploient nos solutions de laveries en libre-service, dans une d\\u00e9marche d\\u2019am\\u00e9lioration continue, pour vous offrir des services toujours plus accessibles et qualitatifs.\\n\"\n    }\n},{\n    \"@type\": \"Question\",\n    \"name\": \"Quelles sont les pr\\u00e9cautions \\u00e0 prendre pour un lavage efficace dans une laverie Wash.ME ?\",\n    \"acceptedAnswer\": {\n        \"@type\": \"Answer\",\n        \"text\": \"\\n&nbsp;nos laveries Wash.ME utilisent une lessive hypoallerg\\u00e9nique et \\u00e9cologique sans odeur afin de ne pas incommoder les personnes avec une forte sensibilit\\u00e9 olfactive. Ne soyez donc pas \\u00e9tonn\\u00e9.e si votre linge n\\u2019a pas d\\u2019odeur de lessive une fois le cycle termin\\u00e9.\\n\"\n    }\n}]\n\t\t}\n\t<\/script>\n\t\n\n\n<div id=\"faq-group-1\" class=\"wp-block-group faq-group-1 faq-group-target block-faq-group is-layout-flow wp-block-group-is-layout-flow\"><\/div>\n\n\n\n<div id=\"faq-group-2\" class=\"wp-block-group faq-group-2 faq-group-target block-faq-group is-layout-flow wp-block-group-is-layout-flow\">\n<p><\/p>\n<\/div>\n\n\n\n<p><\/p>\n","protected":false},"excerpt":{"rendered":"<p>Les questions les plus fr\u00e9quentes Aucune question ne correspond \u00e0 votre recherche,&#8230;<\/p>\n","protected":false},"author":1,"featured_media":240988,"parent":1501,"menu_order":0,"comment_status":"closed","ping_status":"closed","template":"","meta":{"_acf_changed":false,"footnotes":""},"class_list":["post-74","page","type-page","status-publish","has-post-thumbnail","hentry"],"acf":[],"yoast_head":"<title>FAQ laverie automatique | Wash ME (Ex Wash ME)<\/title>\n<meta name=\"description\" content=\"Tout ce que vous avez toujours voulu savoir sur Wash ME. D\u00e9couvrez notre foire aux questions. Qui sommes-nous, o\u00f9 sommes-nous, etc. ?\" \/>\n<meta name=\"robots\" content=\"index, follow, max-snippet:-1, max-image-preview:large, max-video-preview:-1\" \/>\n<link rel=\"canonical\" href=\"https:\/\/www.wash-megroup.com\/fr-fr\/aide-en-ligne\/faq\/\" \/>\n<meta property=\"og:locale\" content=\"fr_FR\" \/>\n<meta property=\"og:type\" content=\"article\" \/>\n<meta property=\"og:title\" content=\"FAQ laverie automatique | Wash ME (Ex Wash ME)\" \/>\n<meta property=\"og:description\" content=\"Tout ce que vous avez toujours voulu savoir sur Wash ME. D\u00e9couvrez notre foire aux questions. Qui sommes-nous, o\u00f9 sommes-nous, etc. ?\" \/>\n<meta property=\"og:url\" content=\"https:\/\/www.wash-megroup.com\/fr-fr\/aide-en-ligne\/faq\/\" \/>\n<meta property=\"og:site_name\" content=\"Wash-ME\" \/>\n<meta property=\"article:modified_time\" content=\"2024-11-25T13:08:35+00:00\" \/>\n<meta property=\"og:image\" content=\"https:\/\/www.wash-megroup.com\/wp-content\/uploads\/2024\/11\/Wash.ME-FAQ.png\" \/>\n\t<meta property=\"og:image:width\" content=\"1246\" \/>\n\t<meta property=\"og:image:height\" content=\"720\" \/>\n\t<meta property=\"og:image:type\" content=\"image\/png\" \/>\n<meta name=\"twitter:card\" content=\"summary_large_image\" \/>\n<meta name=\"twitter:label1\" content=\"Dur\u00e9e de lecture estim\u00e9e\" \/>\n\t<meta name=\"twitter:data1\" content=\"1 minute\" \/>\n<script type=\"application\/ld+json\" class=\"yoast-schema-graph\">{\"@context\":\"https:\/\/schema.org\",\"@graph\":[{\"@type\":\"WebPage\",\"@id\":\"https:\/\/www.wash-megroup.com\/fr-fr\/aide-en-ligne\/faq\/\",\"url\":\"https:\/\/www.wash-megroup.com\/fr-fr\/aide-en-ligne\/faq\/\",\"name\":\"FAQ laverie automatique | Wash ME (Ex Wash ME)\",\"isPartOf\":{\"@id\":\"https:\/\/www.wash-megroup.com\/fr-fr\/#website\"},\"primaryImageOfPage\":{\"@id\":\"https:\/\/www.wash-megroup.com\/fr-fr\/aide-en-ligne\/faq\/#primaryimage\"},\"image\":{\"@id\":\"https:\/\/www.wash-megroup.com\/fr-fr\/aide-en-ligne\/faq\/#primaryimage\"},\"thumbnailUrl\":\"https:\/\/www.wash-megroup.com\/wp-content\/uploads\/2024\/11\/Wash.ME-FAQ.png\",\"datePublished\":\"2021-06-21T08:02:08+00:00\",\"dateModified\":\"2024-11-25T13:08:35+00:00\",\"description\":\"Tout ce que vous avez toujours voulu savoir sur Wash ME. D\u00e9couvrez notre foire aux questions. Qui sommes-nous, o\u00f9 sommes-nous, etc. ?\",\"breadcrumb\":{\"@id\":\"https:\/\/www.wash-megroup.com\/fr-fr\/aide-en-ligne\/faq\/#breadcrumb\"},\"inLanguage\":\"fr-FR\",\"potentialAction\":[{\"@type\":\"ReadAction\",\"target\":[\"https:\/\/www.wash-megroup.com\/fr-fr\/aide-en-ligne\/faq\/\"]}]},{\"@type\":\"ImageObject\",\"inLanguage\":\"fr-FR\",\"@id\":\"https:\/\/www.wash-megroup.com\/fr-fr\/aide-en-ligne\/faq\/#primaryimage\",\"url\":\"https:\/\/www.wash-megroup.com\/wp-content\/uploads\/2024\/11\/Wash.ME-FAQ.png\",\"contentUrl\":\"https:\/\/www.wash-megroup.com\/wp-content\/uploads\/2024\/11\/Wash.ME-FAQ.png\",\"width\":1246,\"height\":720,\"caption\":\"Acc\u00e9dez \u00e0 l'assistance Wash.ME France\"},{\"@type\":\"BreadcrumbList\",\"@id\":\"https:\/\/www.wash-megroup.com\/fr-fr\/aide-en-ligne\/faq\/#breadcrumb\",\"itemListElement\":[{\"@type\":\"ListItem\",\"position\":1,\"name\":\"Home\",\"item\":\"https:\/\/www.wash-megroup.com\/fr-fr\/\"},{\"@type\":\"ListItem\",\"position\":2,\"name\":\"Aide en ligne\",\"item\":\"https:\/\/www.wash-megroup.com\/fr-fr\/aide-en-ligne\/\"},{\"@type\":\"ListItem\",\"position\":3,\"name\":\"FAQ &#8211; Foire aux questions\"}]},{\"@type\":\"WebSite\",\"@id\":\"https:\/\/www.wash-megroup.com\/fr-fr\/#website\",\"url\":\"https:\/\/www.wash-megroup.com\/fr-fr\/\",\"name\":\"Wash-ME\",\"description\":\"Acc\u00e9dez \u00e0 l&#039;espace particulier\",\"publisher\":{\"@id\":\"https:\/\/www.wash-megroup.com\/fr-fr\/#organization\"},\"potentialAction\":[{\"@type\":\"SearchAction\",\"target\":{\"@type\":\"EntryPoint\",\"urlTemplate\":\"https:\/\/www.wash-megroup.com\/fr-fr\/?s={search_term_string}\"},\"query-input\":{\"@type\":\"PropertyValueSpecification\",\"valueRequired\":true,\"valueName\":\"search_term_string\"}}],\"inLanguage\":\"fr-FR\"},{\"@type\":\"Organization\",\"@id\":\"https:\/\/www.wash-megroup.com\/fr-fr\/#organization\",\"name\":\"Wash-ME\",\"url\":\"https:\/\/www.wash-megroup.com\/fr-fr\/\",\"logo\":{\"@type\":\"ImageObject\",\"inLanguage\":\"fr-FR\",\"@id\":\"https:\/\/www.wash-megroup.com\/fr-fr\/#\/schema\/logo\/image\/\",\"url\":\"https:\/\/www.wash-megroup.com\/wp-content\/uploads\/2021\/07\/logo_revolaundry_white@2x.png\",\"contentUrl\":\"https:\/\/www.wash-megroup.com\/wp-content\/uploads\/2021\/07\/logo_revolaundry_white@2x.png\",\"width\":538,\"height\":146,\"caption\":\"Wash-ME\"},\"image\":{\"@id\":\"https:\/\/www.wash-megroup.com\/fr-fr\/#\/schema\/logo\/image\/\"}}]}<\/script>","yoast_head_json":{"title":"FAQ laverie automatique | Wash ME (Ex Wash ME)","description":"Tout ce que vous avez toujours voulu savoir sur Wash ME. D\u00e9couvrez notre foire aux questions. Qui sommes-nous, o\u00f9 sommes-nous, etc. ?","robots":{"index":"index","follow":"follow","max-snippet":"max-snippet:-1","max-image-preview":"max-image-preview:large","max-video-preview":"max-video-preview:-1"},"canonical":"https:\/\/www.wash-megroup.com\/fr-fr\/aide-en-ligne\/faq\/","og_locale":"fr_FR","og_type":"article","og_title":"FAQ laverie automatique | Wash ME (Ex Wash ME)","og_description":"Tout ce que vous avez toujours voulu savoir sur Wash ME. D\u00e9couvrez notre foire aux questions. Qui sommes-nous, o\u00f9 sommes-nous, etc. ?","og_url":"https:\/\/www.wash-megroup.com\/fr-fr\/aide-en-ligne\/faq\/","og_site_name":"Wash-ME","article_modified_time":"2024-11-25T13:08:35+00:00","og_image":[{"width":1246,"height":720,"url":"https:\/\/www.wash-megroup.com\/wp-content\/uploads\/2024\/11\/Wash.ME-FAQ.png","type":"image\/png"}],"twitter_card":"summary_large_image","twitter_misc":{"Dur\u00e9e de lecture estim\u00e9e":"1 minute"},"schema":{"@context":"https:\/\/schema.org","@graph":[{"@type":"WebPage","@id":"https:\/\/www.wash-megroup.com\/fr-fr\/aide-en-ligne\/faq\/","url":"https:\/\/www.wash-megroup.com\/fr-fr\/aide-en-ligne\/faq\/","name":"FAQ laverie automatique | Wash ME (Ex Wash ME)","isPartOf":{"@id":"https:\/\/www.wash-megroup.com\/fr-fr\/#website"},"primaryImageOfPage":{"@id":"https:\/\/www.wash-megroup.com\/fr-fr\/aide-en-ligne\/faq\/#primaryimage"},"image":{"@id":"https:\/\/www.wash-megroup.com\/fr-fr\/aide-en-ligne\/faq\/#primaryimage"},"thumbnailUrl":"https:\/\/www.wash-megroup.com\/wp-content\/uploads\/2024\/11\/Wash.ME-FAQ.png","datePublished":"2021-06-21T08:02:08+00:00","dateModified":"2024-11-25T13:08:35+00:00","description":"Tout ce que vous avez toujours voulu savoir sur Wash ME. D\u00e9couvrez notre foire aux questions. Qui sommes-nous, o\u00f9 sommes-nous, etc. ?","breadcrumb":{"@id":"https:\/\/www.wash-megroup.com\/fr-fr\/aide-en-ligne\/faq\/#breadcrumb"},"inLanguage":"fr-FR","potentialAction":[{"@type":"ReadAction","target":["https:\/\/www.wash-megroup.com\/fr-fr\/aide-en-ligne\/faq\/"]}]},{"@type":"ImageObject","inLanguage":"fr-FR","@id":"https:\/\/www.wash-megroup.com\/fr-fr\/aide-en-ligne\/faq\/#primaryimage","url":"https:\/\/www.wash-megroup.com\/wp-content\/uploads\/2024\/11\/Wash.ME-FAQ.png","contentUrl":"https:\/\/www.wash-megroup.com\/wp-content\/uploads\/2024\/11\/Wash.ME-FAQ.png","width":1246,"height":720,"caption":"Acc\u00e9dez \u00e0 l'assistance Wash.ME France"},{"@type":"BreadcrumbList","@id":"https:\/\/www.wash-megroup.com\/fr-fr\/aide-en-ligne\/faq\/#breadcrumb","itemListElement":[{"@type":"ListItem","position":1,"name":"Home","item":"https:\/\/www.wash-megroup.com\/fr-fr\/"},{"@type":"ListItem","position":2,"name":"Aide en ligne","item":"https:\/\/www.wash-megroup.com\/fr-fr\/aide-en-ligne\/"},{"@type":"ListItem","position":3,"name":"FAQ &#8211; Foire aux questions"}]},{"@type":"WebSite","@id":"https:\/\/www.wash-megroup.com\/fr-fr\/#website","url":"https:\/\/www.wash-megroup.com\/fr-fr\/","name":"Wash-ME","description":"Acc\u00e9dez \u00e0 l&#039;espace particulier","publisher":{"@id":"https:\/\/www.wash-megroup.com\/fr-fr\/#organization"},"potentialAction":[{"@type":"SearchAction","target":{"@type":"EntryPoint","urlTemplate":"https:\/\/www.wash-megroup.com\/fr-fr\/?s={search_term_string}"},"query-input":{"@type":"PropertyValueSpecification","valueRequired":true,"valueName":"search_term_string"}}],"inLanguage":"fr-FR"},{"@type":"Organization","@id":"https:\/\/www.wash-megroup.com\/fr-fr\/#organization","name":"Wash-ME","url":"https:\/\/www.wash-megroup.com\/fr-fr\/","logo":{"@type":"ImageObject","inLanguage":"fr-FR","@id":"https:\/\/www.wash-megroup.com\/fr-fr\/#\/schema\/logo\/image\/","url":"https:\/\/www.wash-megroup.com\/wp-content\/uploads\/2021\/07\/logo_revolaundry_white@2x.png","contentUrl":"https:\/\/www.wash-megroup.com\/wp-content\/uploads\/2021\/07\/logo_revolaundry_white@2x.png","width":538,"height":146,"caption":"Wash-ME"},"image":{"@id":"https:\/\/www.wash-megroup.com\/fr-fr\/#\/schema\/logo\/image\/"}}]}},"_links":{"self":[{"href":"https:\/\/www.wash-megroup.com\/fr-fr\/wp-json\/wp\/v2\/pages\/74","targetHints":{"allow":["GET"]}}],"collection":[{"href":"https:\/\/www.wash-megroup.com\/fr-fr\/wp-json\/wp\/v2\/pages"}],"about":[{"href":"https:\/\/www.wash-megroup.com\/fr-fr\/wp-json\/wp\/v2\/types\/page"}],"author":[{"embeddable":true,"href":"https:\/\/www.wash-megroup.com\/fr-fr\/wp-json\/wp\/v2\/users\/1"}],"replies":[{"embeddable":true,"href":"https:\/\/www.wash-megroup.com\/fr-fr\/wp-json\/wp\/v2\/comments?post=74"}],"version-history":[{"count":95,"href":"https:\/\/www.wash-megroup.com\/fr-fr\/wp-json\/wp\/v2\/pages\/74\/revisions"}],"predecessor-version":[{"id":161762,"href":"https:\/\/www.wash-megroup.com\/fr-fr\/wp-json\/wp\/v2\/pages\/74\/revisions\/161762"}],"up":[{"embeddable":true,"href":"https:\/\/www.wash-megroup.com\/fr-fr\/wp-json\/wp\/v2\/pages\/1501"}],"wp:featuredmedia":[{"embeddable":true,"href":"https:\/\/www.wash-megroup.com\/fr-fr\/wp-json\/wp\/v2\/media\/240988"}],"wp:attachment":[{"href":"https:\/\/www.wash-megroup.com\/fr-fr\/wp-json\/wp\/v2\/media?parent=74"}],"curies":[{"name":"wp","href":"https:\/\/api.w.org\/{rel}","templated":true}]}}