{"id":169373,"date":"2023-09-27T11:41:06","date_gmt":"2023-09-27T09:41:06","guid":{"rendered":"https:\/\/www.wash-megroup.com\/instrucoes-de-utilizacao\/"},"modified":"2024-02-14T18:14:43","modified_gmt":"2024-02-14T17:14:43","slug":"instrucoes-de-utilizacao","status":"publish","type":"page","link":"https:\/\/www.wash-megroup.com\/pt-pt\/instrucoes-de-utilizacao\/","title":{"rendered":"Instru\u00e7\u00f5es de utiliza\u00e7\u00e3o"},"content":{"rendered":"<div class=\"block-blue\">\n    <div class=\"block-blue__container\">\n        <div class=\"block-blue__title-wrapper\">\n            <h1 class=\"title block-blue__title title--size-m title--white\">\n    COMO UTILIZAR UMA LAVANDARIA Wash ME?<\/h1>\n        <\/div>\n        <div class=\"block-blue__text\">\n            <div class=\"text \">\n    <p>Quer saber como funciona uma lavandaria autom\u00e1tica Wash ME? Utilizar uma lavandaria Wash ME \u00e9 r\u00e1pido e f\u00e1cil, mesmo para quem est\u00e1 a fazer uma primeira utiliza\u00e7\u00e3o.<\/p>\n<\/div>\n        <\/div>\n            <\/div>\n<\/div>\n<div class=\"block-icon-text-grid block-icon-text-grid--steps\">\n    <div class=\"block-icon-text-grid__container\">\n        <div class=\"block-icon-text-grid__title\">\n            <h2 class=\"title \">\n    6 passos simples para lavar a sua roupa<\/h2>\n        <\/div>\n                            <div class=\"block-icon-text-grid__block-list\">\n                                    \n<div class=\"title-text-icon block-icon-text-grid__block title-text-icon--wysiwyg title-text-icon--centered\">\n    <div class=\"title-text-icon__image\">\n        <img decoding=\"async\" class=\"image \" src=\"https:\/\/www.wash-megroup.com\/wp-content\/uploads\/2021\/06\/Step_1.png\" alt=\"Step_1.png\"\/>\n    <\/div>\n    <div class=\"title-text-icon__title\">\n        <h3 class=\"title \">\n    Esvazie os bolsos da sua roupa.<\/h3>\n    <\/div>\n            <div class=\"title-text-icon__wysiwyg\">\n                    <\/div>\n        <\/div>\n                                \n<div class=\"title-text-icon block-icon-text-grid__block title-text-icon--wysiwyg title-text-icon--centered\">\n    <div class=\"title-text-icon__image\">\n        <img decoding=\"async\" class=\"image \" src=\"https:\/\/www.wash-megroup.com\/wp-content\/uploads\/2021\/07\/Step_2.png\" alt=\"Step_2.png\"\/>\n    <\/div>\n    <div class=\"title-text-icon__title\">\n        <h3 class=\"title \">\n    Colocar a roupa na m\u00e1quina \u00e0 sua escolha.<\/h3>\n    <\/div>\n            <div class=\"title-text-icon__wysiwyg\">\n                    <\/div>\n        <\/div>\n                                \n<div class=\"title-text-icon block-icon-text-grid__block title-text-icon--wysiwyg title-text-icon--centered\">\n    <div class=\"title-text-icon__image\">\n        <img decoding=\"async\" class=\"image \" src=\"https:\/\/www.wash-megroup.com\/wp-content\/uploads\/2021\/07\/Step_3.png\" alt=\"Step_3.png\"\/>\n    <\/div>\n    <div class=\"title-text-icon__title\">\n        <h3 class=\"title \">\n    O detergente para a roupa est\u00e1 inclu\u00eddo, pelo que n\u00e3o \u00e9 necess\u00e1rio adicion\u00e1-lo!<\/h3>\n    <\/div>\n            <div class=\"title-text-icon__wysiwyg\">\n                    <\/div>\n        <\/div>\n                                \n<div class=\"title-text-icon block-icon-text-grid__block title-text-icon--wysiwyg title-text-icon--centered\">\n    <div class=\"title-text-icon__image\">\n        <img decoding=\"async\" class=\"image \" src=\"https:\/\/www.wash-megroup.com\/wp-content\/uploads\/2021\/07\/Step_4.png\" alt=\"Step_4.png\"\/>\n    <\/div>\n    <div class=\"title-text-icon__title\">\n        <h3 class=\"title \">\n    Feche a porta.<\/h3>\n    <\/div>\n            <div class=\"title-text-icon__wysiwyg\">\n                    <\/div>\n        <\/div>\n                                \n<div class=\"title-text-icon block-icon-text-grid__block title-text-icon--wysiwyg title-text-icon--centered\">\n    <div class=\"title-text-icon__image\">\n        <img decoding=\"async\" class=\"image \" src=\"https:\/\/www.wash-megroup.com\/wp-content\/uploads\/2021\/07\/Step_5.png\" alt=\"Step_5.png\"\/>\n    <\/div>\n    <div class=\"title-text-icon__title\">\n        <h3 class=\"title \">\n    Programe o seu ciclo no ecr\u00e3 t\u00e1til &quot;Lavagem&quot; ou &quot;Secagem&quot; e as op\u00e7\u00f5es correspondentes.<\/h3>\n    <\/div>\n            <div class=\"title-text-icon__wysiwyg\">\n                    <\/div>\n        <\/div>\n                                \n<div class=\"title-text-icon block-icon-text-grid__block title-text-icon--wysiwyg title-text-icon--centered\">\n    <div class=\"title-text-icon__image\">\n        <img decoding=\"async\" class=\"image \" src=\"https:\/\/www.wash-megroup.com\/wp-content\/uploads\/2021\/07\/Step_6.png\" alt=\"Step_6.png\"\/>\n    <\/div>\n    <div class=\"title-text-icon__title\">\n        <h3 class=\"title \">\n    Proceder ao pagamento: dinheiro, Multibanco, Google Pay, Apple Pay, atrav\u00e9s do aplicativo dedicado (em breve).<\/h3>\n    <\/div>\n            <div class=\"title-text-icon__wysiwyg\">\n                    <\/div>\n        <\/div>\n                                \n<div class=\"title-text-icon block-icon-text-grid__block title-text-icon--wysiwyg title-text-icon--centered\">\n    <div class=\"title-text-icon__image\">\n        <img decoding=\"async\" class=\"image \" src=\"https:\/\/www.wash-megroup.com\/wp-content\/uploads\/2021\/07\/Step_7.png\" alt=\"Step_7.png\"\/>\n    <\/div>\n    <div class=\"title-text-icon__title\">\n        <h3 class=\"title \">\n    Premir a tecla &quot;START&quot; da m\u00e1quina escolhida.<\/h3>\n    <\/div>\n            <div class=\"title-text-icon__wysiwyg\">\n                    <\/div>\n        <\/div>\n                        <\/div>\n            <\/div>\n<\/div>\n<div class=\"block-icon-text-grid block-icon-text-grid--column-left-v2\">\n    <div class=\"block-icon-text-grid__container\">\n        <div class=\"block-icon-text-grid__title\">\n            <h2 class=\"title \">\n    uma lavagem sempre perfeita!<\/h2>\n        <\/div>\n                    <div class=\"block-icon-text-grid__wysiwyg\">\n                <div class=\"wysiwyg \">\n    <p>As lavandarias Wash ME oferecem uma vasta gama de programas de lavagem e op\u00e7\u00f5es para todos os tipos de roupa. Se n\u00e3o tiver a certeza do tipo de programa de lavagem ou de secagem, consulte a etiqueta da pe\u00e7a de vestu\u00e1rio.<\/p>\n<\/div>\n            <\/div>\n                            <div class=\"block-icon-text-grid__block-list\">\n                                    \n<div class=\"title-text-icon block-icon-text-grid__block title-text-icon--wysiwyg title-text-icon--centered\">\n    <div class=\"title-text-icon__image\">\n        <img decoding=\"async\" class=\"image \" src=\"https:\/\/www.wash-megroup.com\/wp-content\/uploads\/2021\/07\/icon_water_40@2x.png\" alt=\"icon_water_40@2x.png\"\/>\n    <\/div>\n    <div class=\"title-text-icon__title\">\n        <h3 class=\"title \">\n    3 temperaturas de lavagem<\/h3>\n    <\/div>\n            <div class=\"title-text-icon__wysiwyg\">\n            <div class=\"wysiwyg \">\n    <p>Nem todos os t\u00eaxteis podem ser lavados \u00e0 mesma temperatura, pelo que as nossas m\u00e1quinas oferecem uma lavagem delicada a frio a 40\u00b0 ou 60\u00b0 para lhe proporcionar uma lavagem profissional.<\/p>\n<\/div>\n        <\/div>\n        <\/div>\n                                \n<div class=\"title-text-icon block-icon-text-grid__block title-text-icon--wysiwyg title-text-icon--centered\">\n    <div class=\"title-text-icon__image\">\n        <img decoding=\"async\" class=\"image \" src=\"https:\/\/www.wash-megroup.com\/wp-content\/uploads\/2021\/07\/icon_laundry_clean@2x.png\" alt=\"icon_laundry_clean@2x.png\"\/>\n    <\/div>\n    <div class=\"title-text-icon__title\">\n        <h3 class=\"title \">\n    Op\u00e7\u00f5es de lavagem<\/h3>\n    <\/div>\n            <div class=\"title-text-icon__wysiwyg\">\n            <div class=\"wysiwyg \">\n    <p>Quer a sua roupa esteja muito suja, macia e flex\u00edvel ou livre de bact\u00e9rias e germes, \u00e9 poss\u00edvel. Escolha entre as op\u00e7\u00f5es de pr\u00e9-lavagem, amaciador de roupa e amaciador de roupa desinfetante.<\/p>\n<\/div>\n        <\/div>\n        <\/div>\n                        <\/div>\n            <\/div>\n<\/div>\n<div class=\"block-icon-text-grid block-icon-text-grid--column-center\">\n    <div class=\"block-icon-text-grid__container\">\n        <div class=\"block-icon-text-grid__title\">\n            <h2 class=\"title \">\n    As nossas sugest\u00f5es de secagem<\/h2>\n        <\/div>\n                    <div class=\"block-icon-text-grid__wysiwyg\">\n                <div class=\"wysiwyg \">\n    <p>Para resultados profissionais, os nossos programas de secagem podem ser adaptados \u00e0s suas necessidades: delicado, normal ou elevado com ciclos de 15 minutos.<\/p>\n<\/div>\n            <\/div>\n                            <div class=\"block-icon-text-grid__block-list\">\n                                    \n<div class=\"title-text-icon block-icon-text-grid__block title-text-icon--wysiwyg title-text-icon--centered\">\n    <div class=\"title-text-icon__image\">\n        <img decoding=\"async\" class=\"image \" src=\"https:\/\/www.wash-megroup.com\/wp-content\/uploads\/2021\/07\/icon_dry_low.png\" alt=\"icon_dry_low.png\"\/>\n    <\/div>\n    <div class=\"title-text-icon__title\">\n        <h3 class=\"title \">\n    Delicada<\/h3>\n    <\/div>\n            <div class=\"title-text-icon__wysiwyg\">\n            <div class=\"wysiwyg \">\n    <p><strong>Roupa de cama:<\/strong><\/p>\n<p>T\u00eaxteis modernos \/ Sint\u00e9ticos<\/p>\n<p><strong>Volume:<\/strong><\/p>\n<p>1 a 5 kg<\/p>\n<p><strong>Secagem:<\/strong><\/p>\n<p>Entre 15 e 30 minutos<\/p>\n<\/div>\n        <\/div>\n        <\/div>\n                                \n<div class=\"title-text-icon block-icon-text-grid__block title-text-icon--wysiwyg title-text-icon--centered\">\n    <div class=\"title-text-icon__image\">\n        <img decoding=\"async\" class=\"image \" src=\"https:\/\/www.wash-megroup.com\/wp-content\/uploads\/2021\/07\/icon-dry-regular.png\" alt=\"icon-dry-regular.png\"\/>\n    <\/div>\n    <div class=\"title-text-icon__title\">\n        <h3 class=\"title \">\n    Normal<\/h3>\n    <\/div>\n            <div class=\"title-text-icon__wysiwyg\">\n            <div class=\"wysiwyg \">\n    <p><strong>Roupa de cama:<\/strong><\/p>\n<p>Mistura de algod\u00e3o\/sint\u00e9tico<\/p>\n<p><strong>Volume:<\/strong><\/p>\n<p>5 a 10 kg<\/p>\n<p><strong>Secagem:<\/strong><\/p>\n<p>Entre 30 e 45 minutos<\/p>\n<\/div>\n        <\/div>\n        <\/div>\n                                \n<div class=\"title-text-icon block-icon-text-grid__block title-text-icon--wysiwyg title-text-icon--centered\">\n    <div class=\"title-text-icon__image\">\n        <img decoding=\"async\" class=\"image \" src=\"https:\/\/www.wash-megroup.com\/wp-content\/uploads\/2021\/07\/icon_dry_high.png\" alt=\"icon_dry_high.png\"\/>\n    <\/div>\n    <div class=\"title-text-icon__title\">\n        <h3 class=\"title \">\n    Elevado<\/h3>\n    <\/div>\n            <div class=\"title-text-icon__wysiwyg\">\n            <div class=\"wysiwyg \">\n    <p><strong>Roupa de cama:<\/strong><\/p>\n<p>Edred\u00f5es, almofadas, toalhas, len\u00e7\u00f3is, cortinas&#8230;<\/p>\n<p><strong>Volume:<\/strong><\/p>\n<p>10 a 18 kg<\/p>\n<p><strong>Secagem:<\/strong><\/p>\n<p>Entre 45 minutos e 1 hora<\/p>\n<\/div>\n        <\/div>\n        <\/div>\n                        <\/div>\n            <\/div>\n<\/div>\n<div class=\"block-video block-video--text-before block-video--bg-top\">\n    <div class=\"block-video__wrapper\">\n        <div class=\"block-video__container\">\n\t        \t\t        <div class=\"block-video__title-wrapper\">\n\t\t\t        <h2 class=\"title block-video__title title--size-m\">\n    Mergulhe no Wash ME<\/h2>\n\t\t        <\/div>\n\t                                    <div class=\"block-video__text\">\n                    <div class=\"text \">\n    Veja o v\u00eddeo e descubra como:<\/div>\n                <\/div>\n                        <div class=\"block-video__video\">\n                <iframe class=\"video \" src=\"https:\/\/player.vimeo.com\/video\/875119790\"\n        allow=\"autoplay; fullscreen; picture-in-picture\" allowfullscreen><\/iframe>\n            <\/div>\n                                <\/div>\n    <\/div>\n<\/div>\n<div class=\"block-blue\">\n    <div class=\"block-blue__container\">\n        <div class=\"block-blue__title-wrapper\">\n            <h2 class=\"title block-blue__title title--size-m title--white\">\n    MAIS DE 200 LAVANDARIAS EM PORTUGAL<\/h2>\n        <\/div>\n        <div class=\"block-blue__text\">\n            <div class=\"text \">\n    <p>Encontrar a lavandaria mais pr\u00f3xima de si<\/p>\n<\/div>\n        <\/div>\n        <a class=\"link block-blue__cta-link button button--bordered-white button--with-icon icon-arrow-right\" href=\"https:\/\/stores.revolution-laundry.com\/pt-pt\/\" target=\"\">\n    <span>Procurar a minha lavandaria<\/span>\n<\/a>\n    <\/div>\n<\/div>\n","protected":false},"excerpt":{"rendered":"","protected":false},"author":1,"featured_media":240987,"parent":0,"menu_order":0,"comment_status":"closed","ping_status":"closed","template":"","meta":{"_acf_changed":false,"footnotes":""},"class_list":["post-169373","page","type-page","status-publish","has-post-thumbnail","hentry"],"acf":[],"yoast_head":"<title>Mode d&#039;emploi | Wash ME (Ex Wash ME)<\/title>\n<meta name=\"description\" content=\"Um guia completo para utilizar as nossas m\u00e1quinas de lavar roupa que funcionam a moedas. Siga as nossas instru\u00e7\u00f5es para uma lavagem eficiente e sem complica\u00e7\u00f5es.\" \/>\n<meta name=\"robots\" content=\"index, follow, max-snippet:-1, max-image-preview:large, max-video-preview:-1\" \/>\n<link rel=\"canonical\" href=\"https:\/\/www.wash-megroup.com\/pt-pt\/instrucoes-de-utilizacao\/\" \/>\n<meta property=\"og:locale\" content=\"pt_PT\" \/>\n<meta property=\"og:type\" content=\"article\" \/>\n<meta property=\"og:title\" content=\"Mode d&#039;emploi | Wash ME (Ex Wash ME)\" \/>\n<meta property=\"og:description\" content=\"Um guia completo para utilizar as nossas m\u00e1quinas de lavar roupa que funcionam a moedas. Siga as nossas instru\u00e7\u00f5es para uma lavagem eficiente e sem complica\u00e7\u00f5es.\" \/>\n<meta property=\"og:url\" content=\"https:\/\/www.wash-megroup.com\/pt-pt\/instrucoes-de-utilizacao\/\" \/>\n<meta property=\"og:site_name\" content=\"Wash-ME\" \/>\n<meta property=\"article:modified_time\" content=\"2024-02-14T17:14:43+00:00\" \/>\n<meta name=\"twitter:card\" content=\"summary_large_image\" \/>\n<script type=\"application\/ld+json\" class=\"yoast-schema-graph\">{\"@context\":\"https:\/\/schema.org\",\"@graph\":[{\"@type\":\"WebPage\",\"@id\":\"https:\/\/www.wash-megroup.com\/pt-pt\/instrucoes-de-utilizacao\/\",\"url\":\"https:\/\/www.wash-megroup.com\/pt-pt\/instrucoes-de-utilizacao\/\",\"name\":\"Mode d'emploi | Wash ME (Ex Wash ME)\",\"isPartOf\":{\"@id\":\"https:\/\/www.wash-megroup.com\/pt-pt\/#website\"},\"primaryImageOfPage\":{\"@id\":\"https:\/\/www.wash-megroup.com\/pt-pt\/instrucoes-de-utilizacao\/#primaryimage\"},\"image\":{\"@id\":\"https:\/\/www.wash-megroup.com\/pt-pt\/instrucoes-de-utilizacao\/#primaryimage\"},\"thumbnailUrl\":\"https:\/\/www.wash-megroup.com\/wp-content\/uploads\/2024\/11\/Wash.ME-Mode-demploi.png\",\"datePublished\":\"2023-09-27T09:41:06+00:00\",\"dateModified\":\"2024-02-14T17:14:43+00:00\",\"description\":\"Um guia completo para utilizar as nossas m\u00e1quinas de lavar roupa que funcionam a moedas. Siga as nossas instru\u00e7\u00f5es para uma lavagem eficiente e sem complica\u00e7\u00f5es.\",\"breadcrumb\":{\"@id\":\"https:\/\/www.wash-megroup.com\/pt-pt\/instrucoes-de-utilizacao\/#breadcrumb\"},\"inLanguage\":\"pt-PT\",\"potentialAction\":[{\"@type\":\"ReadAction\",\"target\":[\"https:\/\/www.wash-megroup.com\/pt-pt\/instrucoes-de-utilizacao\/\"]}]},{\"@type\":\"ImageObject\",\"inLanguage\":\"pt-PT\",\"@id\":\"https:\/\/www.wash-megroup.com\/pt-pt\/instrucoes-de-utilizacao\/#primaryimage\",\"url\":\"https:\/\/www.wash-megroup.com\/wp-content\/uploads\/2024\/11\/Wash.ME-Mode-demploi.png\",\"contentUrl\":\"https:\/\/www.wash-megroup.com\/wp-content\/uploads\/2024\/11\/Wash.ME-Mode-demploi.png\",\"width\":1240,\"height\":720,\"caption\":\"Comment laver son linge dans une laverie Wash.ME ?\"},{\"@type\":\"BreadcrumbList\",\"@id\":\"https:\/\/www.wash-megroup.com\/pt-pt\/instrucoes-de-utilizacao\/#breadcrumb\",\"itemListElement\":[{\"@type\":\"ListItem\",\"position\":1,\"name\":\"Home\",\"item\":\"https:\/\/www.wash-megroup.com\/pt-pt\/\"},{\"@type\":\"ListItem\",\"position\":2,\"name\":\"Instru\u00e7\u00f5es de utiliza\u00e7\u00e3o\"}]},{\"@type\":\"WebSite\",\"@id\":\"https:\/\/www.wash-megroup.com\/pt-pt\/#website\",\"url\":\"https:\/\/www.wash-megroup.com\/pt-pt\/\",\"name\":\"Wash-ME\",\"description\":\"Acc\u00e9dez \u00e0 l&#039;espace particulier\",\"publisher\":{\"@id\":\"https:\/\/www.wash-megroup.com\/pt-pt\/#organization\"},\"potentialAction\":[{\"@type\":\"SearchAction\",\"target\":{\"@type\":\"EntryPoint\",\"urlTemplate\":\"https:\/\/www.wash-megroup.com\/pt-pt\/?s={search_term_string}\"},\"query-input\":{\"@type\":\"PropertyValueSpecification\",\"valueRequired\":true,\"valueName\":\"search_term_string\"}}],\"inLanguage\":\"pt-PT\"},{\"@type\":\"Organization\",\"@id\":\"https:\/\/www.wash-megroup.com\/pt-pt\/#organization\",\"name\":\"Wash-ME\",\"url\":\"https:\/\/www.wash-megroup.com\/pt-pt\/\",\"logo\":{\"@type\":\"ImageObject\",\"inLanguage\":\"pt-PT\",\"@id\":\"https:\/\/www.wash-megroup.com\/pt-pt\/#\/schema\/logo\/image\/\",\"url\":\"https:\/\/www.wash-megroup.com\/wp-content\/uploads\/2021\/07\/logo_revolaundry_white@2x.png\",\"contentUrl\":\"https:\/\/www.wash-megroup.com\/wp-content\/uploads\/2021\/07\/logo_revolaundry_white@2x.png\",\"width\":538,\"height\":146,\"caption\":\"Wash-ME\"},\"image\":{\"@id\":\"https:\/\/www.wash-megroup.com\/pt-pt\/#\/schema\/logo\/image\/\"}}]}<\/script>","yoast_head_json":{"title":"Mode d'emploi | Wash ME (Ex Wash ME)","description":"Um guia completo para utilizar as nossas m\u00e1quinas de lavar roupa que funcionam a moedas. Siga as nossas instru\u00e7\u00f5es para uma lavagem eficiente e sem complica\u00e7\u00f5es.","robots":{"index":"index","follow":"follow","max-snippet":"max-snippet:-1","max-image-preview":"max-image-preview:large","max-video-preview":"max-video-preview:-1"},"canonical":"https:\/\/www.wash-megroup.com\/pt-pt\/instrucoes-de-utilizacao\/","og_locale":"pt_PT","og_type":"article","og_title":"Mode d'emploi | Wash ME (Ex Wash ME)","og_description":"Um guia completo para utilizar as nossas m\u00e1quinas de lavar roupa que funcionam a moedas. Siga as nossas instru\u00e7\u00f5es para uma lavagem eficiente e sem complica\u00e7\u00f5es.","og_url":"https:\/\/www.wash-megroup.com\/pt-pt\/instrucoes-de-utilizacao\/","og_site_name":"Wash-ME","article_modified_time":"2024-02-14T17:14:43+00:00","twitter_card":"summary_large_image","schema":{"@context":"https:\/\/schema.org","@graph":[{"@type":"WebPage","@id":"https:\/\/www.wash-megroup.com\/pt-pt\/instrucoes-de-utilizacao\/","url":"https:\/\/www.wash-megroup.com\/pt-pt\/instrucoes-de-utilizacao\/","name":"Mode d'emploi | Wash ME (Ex Wash ME)","isPartOf":{"@id":"https:\/\/www.wash-megroup.com\/pt-pt\/#website"},"primaryImageOfPage":{"@id":"https:\/\/www.wash-megroup.com\/pt-pt\/instrucoes-de-utilizacao\/#primaryimage"},"image":{"@id":"https:\/\/www.wash-megroup.com\/pt-pt\/instrucoes-de-utilizacao\/#primaryimage"},"thumbnailUrl":"https:\/\/www.wash-megroup.com\/wp-content\/uploads\/2024\/11\/Wash.ME-Mode-demploi.png","datePublished":"2023-09-27T09:41:06+00:00","dateModified":"2024-02-14T17:14:43+00:00","description":"Um guia completo para utilizar as nossas m\u00e1quinas de lavar roupa que funcionam a moedas. Siga as nossas instru\u00e7\u00f5es para uma lavagem eficiente e sem complica\u00e7\u00f5es.","breadcrumb":{"@id":"https:\/\/www.wash-megroup.com\/pt-pt\/instrucoes-de-utilizacao\/#breadcrumb"},"inLanguage":"pt-PT","potentialAction":[{"@type":"ReadAction","target":["https:\/\/www.wash-megroup.com\/pt-pt\/instrucoes-de-utilizacao\/"]}]},{"@type":"ImageObject","inLanguage":"pt-PT","@id":"https:\/\/www.wash-megroup.com\/pt-pt\/instrucoes-de-utilizacao\/#primaryimage","url":"https:\/\/www.wash-megroup.com\/wp-content\/uploads\/2024\/11\/Wash.ME-Mode-demploi.png","contentUrl":"https:\/\/www.wash-megroup.com\/wp-content\/uploads\/2024\/11\/Wash.ME-Mode-demploi.png","width":1240,"height":720,"caption":"Comment laver son linge dans une laverie Wash.ME ?"},{"@type":"BreadcrumbList","@id":"https:\/\/www.wash-megroup.com\/pt-pt\/instrucoes-de-utilizacao\/#breadcrumb","itemListElement":[{"@type":"ListItem","position":1,"name":"Home","item":"https:\/\/www.wash-megroup.com\/pt-pt\/"},{"@type":"ListItem","position":2,"name":"Instru\u00e7\u00f5es de utiliza\u00e7\u00e3o"}]},{"@type":"WebSite","@id":"https:\/\/www.wash-megroup.com\/pt-pt\/#website","url":"https:\/\/www.wash-megroup.com\/pt-pt\/","name":"Wash-ME","description":"Acc\u00e9dez \u00e0 l&#039;espace particulier","publisher":{"@id":"https:\/\/www.wash-megroup.com\/pt-pt\/#organization"},"potentialAction":[{"@type":"SearchAction","target":{"@type":"EntryPoint","urlTemplate":"https:\/\/www.wash-megroup.com\/pt-pt\/?s={search_term_string}"},"query-input":{"@type":"PropertyValueSpecification","valueRequired":true,"valueName":"search_term_string"}}],"inLanguage":"pt-PT"},{"@type":"Organization","@id":"https:\/\/www.wash-megroup.com\/pt-pt\/#organization","name":"Wash-ME","url":"https:\/\/www.wash-megroup.com\/pt-pt\/","logo":{"@type":"ImageObject","inLanguage":"pt-PT","@id":"https:\/\/www.wash-megroup.com\/pt-pt\/#\/schema\/logo\/image\/","url":"https:\/\/www.wash-megroup.com\/wp-content\/uploads\/2021\/07\/logo_revolaundry_white@2x.png","contentUrl":"https:\/\/www.wash-megroup.com\/wp-content\/uploads\/2021\/07\/logo_revolaundry_white@2x.png","width":538,"height":146,"caption":"Wash-ME"},"image":{"@id":"https:\/\/www.wash-megroup.com\/pt-pt\/#\/schema\/logo\/image\/"}}]}},"_links":{"self":[{"href":"https:\/\/www.wash-megroup.com\/pt-pt\/wp-json\/wp\/v2\/pages\/169373","targetHints":{"allow":["GET"]}}],"collection":[{"href":"https:\/\/www.wash-megroup.com\/pt-pt\/wp-json\/wp\/v2\/pages"}],"about":[{"href":"https:\/\/www.wash-megroup.com\/pt-pt\/wp-json\/wp\/v2\/types\/page"}],"author":[{"embeddable":true,"href":"https:\/\/www.wash-megroup.com\/pt-pt\/wp-json\/wp\/v2\/users\/1"}],"replies":[{"embeddable":true,"href":"https:\/\/www.wash-megroup.com\/pt-pt\/wp-json\/wp\/v2\/comments?post=169373"}],"version-history":[{"count":2,"href":"https:\/\/www.wash-megroup.com\/pt-pt\/wp-json\/wp\/v2\/pages\/169373\/revisions"}],"predecessor-version":[{"id":188043,"href":"https:\/\/www.wash-megroup.com\/pt-pt\/wp-json\/wp\/v2\/pages\/169373\/revisions\/188043"}],"wp:featuredmedia":[{"embeddable":true,"href":"https:\/\/www.wash-megroup.com\/pt-pt\/wp-json\/wp\/v2\/media\/240987"}],"wp:attachment":[{"href":"https:\/\/www.wash-megroup.com\/pt-pt\/wp-json\/wp\/v2\/media?parent=169373"}],"curies":[{"name":"wp","href":"https:\/\/api.w.org\/{rel}","templated":true}]}}