{"id":169395,"date":"2023-09-27T15:32:57","date_gmt":"2023-09-27T13:32:57","guid":{"rendered":"https:\/\/www.wash-megroup.com\/ajuda-online\/"},"modified":"2024-02-14T18:25:46","modified_gmt":"2024-02-14T17:25:46","slug":"ajuda-online","status":"publish","type":"page","link":"https:\/\/www.wash-megroup.com\/pt-pt\/ajuda-online\/","title":{"rendered":"Ajuda Online"},"content":{"rendered":"<div class=\"block-faq-search\">\n    <div class=\"block-faq-search__title\">\n        <h1 class=\"title title--size-m\">\n    Ajuda Online <\/h1>\n    <\/div>\n    <div class=\"block-faq-search__text\">\n        <div class=\"text \">\n    Tem alguma quest\u00e3o sobre o funcionamento geral e a utiliza\u00e7\u00e3o das nossas lavandarias Wash ME? Encontre aqui as respostas para o ajudar a tirar o m\u00e1ximo partido dos nossos servi\u00e7os!<br><br><\/div>\n    <\/div>\n        <div class=\"block-faq-search__subjects-wrapper block-faq-search__subjects-wrapper--margin\">\n        <div class=\"block-faq-search__subjects\">\n                                <a href=\"https:\/\/www.wash-megroup.com\/fr-fr\/aide-en-ligne\/faq\/\" id=\"faq-filter-1\"  class=\"card-contact faq-group-filter active block-faq-search__faq-group-filter linked\">\n    <div class=\"card-contact__image\">\n        <img decoding=\"async\" class=\"image \" src=\"https:\/\/www.wash-megroup.com\/wp-content\/uploads\/2021\/07\/ILLUSTRATION_SITE_.jpg\" alt=\"ILLUSTRATION_SITE_.jpg\"\/>\n    <\/div>\n    <div class=\"card-contact__texts\">\n        <div class=\"card-contact__title\">\n            <div class=\"text \">\n    FAQ &#8211; Perguntas gerais<\/div>\n        <\/div>\n        <div class=\"card-contact__subtitle\">\n            <div class=\"text \">\n    Tenho uma quest\u00e3o sobre o servi\u00e7o Wash ME<\/div>\n        <\/div>\n    <\/div>\n<\/a>\n                                    <a href=\"https:\/\/www.wash-megroup.com\/fr-fr\/aide-en-ligne\/assistance\/\" id=\"faq-filter-2\"  class=\"card-contact faq-group-filter active block-faq-search__faq-group-filter linked\">\n    <div class=\"card-contact__image\">\n        <img decoding=\"async\" class=\"image \" src=\"https:\/\/www.wash-megroup.com\/wp-content\/uploads\/2021\/07\/ILLUSTRATION_SITE_2.jpg\" alt=\"ILLUSTRATION_SITE_2.jpg\"\/>\n    <\/div>\n    <div class=\"card-contact__texts\">\n        <div class=\"card-contact__title\">\n            <div class=\"text \">\n    Apoio &#8211; Quest\u00f5es sobre a utiliza\u00e7\u00e3o<\/div>\n        <\/div>\n        <div class=\"card-contact__subtitle\">\n            <div class=\"text \">\n    Tenho uma pergunta sobre o funcionamento das lavandarias Whash ME.<\/div>\n        <\/div>\n    <\/div>\n<\/a>\n                        <\/div>\n    <\/div>\n<\/div>\n\n<div style=\"height:100px\" aria-hidden=\"true\" class=\"wp-block-spacer\"><\/div>\n","protected":false},"excerpt":{"rendered":"","protected":false},"author":1,"featured_media":241053,"parent":0,"menu_order":0,"comment_status":"closed","ping_status":"closed","template":"","meta":{"_acf_changed":false,"footnotes":""},"class_list":["post-169395","page","type-page","status-publish","has-post-thumbnail","hentry"],"acf":[],"yoast_head":"<title>Ajuda Online - Wash ME (Ex Wash ME)<\/title>\n<meta name=\"description\" content=\"Descubra a nossa ajuda em linha para a sua lavandaria de automatica. Obtenha respostas \u00e0s suas perguntas. Confiem na Wash ME.\" \/>\n<meta name=\"robots\" content=\"index, follow, max-snippet:-1, max-image-preview:large, max-video-preview:-1\" \/>\n<link rel=\"canonical\" href=\"https:\/\/www.wash-megroup.com\/pt-pt\/ajuda-online\/\" \/>\n<meta property=\"og:locale\" content=\"pt_PT\" \/>\n<meta property=\"og:type\" content=\"article\" \/>\n<meta property=\"og:title\" content=\"Ajuda Online - Wash ME (Ex Wash ME)\" \/>\n<meta property=\"og:description\" content=\"Descubra a nossa ajuda em linha para a sua lavandaria de automatica. Obtenha respostas \u00e0s suas perguntas. Confiem na Wash ME.\" \/>\n<meta property=\"og:url\" content=\"https:\/\/www.wash-megroup.com\/pt-pt\/ajuda-online\/\" \/>\n<meta property=\"og:site_name\" content=\"Wash-ME\" \/>\n<meta property=\"article:modified_time\" content=\"2024-02-14T17:25:46+00:00\" \/>\n<meta name=\"twitter:card\" content=\"summary_large_image\" \/>\n<script type=\"application\/ld+json\" class=\"yoast-schema-graph\">{\"@context\":\"https:\/\/schema.org\",\"@graph\":[{\"@type\":\"WebPage\",\"@id\":\"https:\/\/www.wash-megroup.com\/pt-pt\/ajuda-online\/\",\"url\":\"https:\/\/www.wash-megroup.com\/pt-pt\/ajuda-online\/\",\"name\":\"Ajuda Online - Wash ME (Ex Wash ME)\",\"isPartOf\":{\"@id\":\"https:\/\/www.wash-megroup.com\/pt-pt\/#website\"},\"primaryImageOfPage\":{\"@id\":\"https:\/\/www.wash-megroup.com\/pt-pt\/ajuda-online\/#primaryimage\"},\"image\":{\"@id\":\"https:\/\/www.wash-megroup.com\/pt-pt\/ajuda-online\/#primaryimage\"},\"thumbnailUrl\":\"https:\/\/www.wash-megroup.com\/wp-content\/uploads\/2024\/11\/Aide-en-ligne-Wash.ME_.png\",\"datePublished\":\"2023-09-27T13:32:57+00:00\",\"dateModified\":\"2024-02-14T17:25:46+00:00\",\"description\":\"Descubra a nossa ajuda em linha para a sua lavandaria de automatica. Obtenha respostas \u00e0s suas perguntas. Confiem na Wash ME.\",\"breadcrumb\":{\"@id\":\"https:\/\/www.wash-megroup.com\/pt-pt\/ajuda-online\/#breadcrumb\"},\"inLanguage\":\"pt-PT\",\"potentialAction\":[{\"@type\":\"ReadAction\",\"target\":[\"https:\/\/www.wash-megroup.com\/pt-pt\/ajuda-online\/\"]}]},{\"@type\":\"ImageObject\",\"inLanguage\":\"pt-PT\",\"@id\":\"https:\/\/www.wash-megroup.com\/pt-pt\/ajuda-online\/#primaryimage\",\"url\":\"https:\/\/www.wash-megroup.com\/wp-content\/uploads\/2024\/11\/Aide-en-ligne-Wash.ME_.png\",\"contentUrl\":\"https:\/\/www.wash-megroup.com\/wp-content\/uploads\/2024\/11\/Aide-en-ligne-Wash.ME_.png\",\"width\":1228,\"height\":720,\"caption\":\"Acc\u00e9dez \u00e0 l'aide en ligne Wash.ME\"},{\"@type\":\"BreadcrumbList\",\"@id\":\"https:\/\/www.wash-megroup.com\/pt-pt\/ajuda-online\/#breadcrumb\",\"itemListElement\":[{\"@type\":\"ListItem\",\"position\":1,\"name\":\"Home\",\"item\":\"https:\/\/www.wash-megroup.com\/pt-pt\/\"},{\"@type\":\"ListItem\",\"position\":2,\"name\":\"Ajuda Online\"}]},{\"@type\":\"WebSite\",\"@id\":\"https:\/\/www.wash-megroup.com\/pt-pt\/#website\",\"url\":\"https:\/\/www.wash-megroup.com\/pt-pt\/\",\"name\":\"Wash-ME\",\"description\":\"Acc\u00e9dez \u00e0 l&#039;espace particulier\",\"publisher\":{\"@id\":\"https:\/\/www.wash-megroup.com\/pt-pt\/#organization\"},\"potentialAction\":[{\"@type\":\"SearchAction\",\"target\":{\"@type\":\"EntryPoint\",\"urlTemplate\":\"https:\/\/www.wash-megroup.com\/pt-pt\/?s={search_term_string}\"},\"query-input\":{\"@type\":\"PropertyValueSpecification\",\"valueRequired\":true,\"valueName\":\"search_term_string\"}}],\"inLanguage\":\"pt-PT\"},{\"@type\":\"Organization\",\"@id\":\"https:\/\/www.wash-megroup.com\/pt-pt\/#organization\",\"name\":\"Wash-ME\",\"url\":\"https:\/\/www.wash-megroup.com\/pt-pt\/\",\"logo\":{\"@type\":\"ImageObject\",\"inLanguage\":\"pt-PT\",\"@id\":\"https:\/\/www.wash-megroup.com\/pt-pt\/#\/schema\/logo\/image\/\",\"url\":\"https:\/\/www.wash-megroup.com\/wp-content\/uploads\/2021\/07\/logo_revolaundry_white@2x.png\",\"contentUrl\":\"https:\/\/www.wash-megroup.com\/wp-content\/uploads\/2021\/07\/logo_revolaundry_white@2x.png\",\"width\":538,\"height\":146,\"caption\":\"Wash-ME\"},\"image\":{\"@id\":\"https:\/\/www.wash-megroup.com\/pt-pt\/#\/schema\/logo\/image\/\"}}]}<\/script>","yoast_head_json":{"title":"Ajuda Online - Wash ME (Ex Wash ME)","description":"Descubra a nossa ajuda em linha para a sua lavandaria de automatica. Obtenha respostas \u00e0s suas perguntas. Confiem na Wash ME.","robots":{"index":"index","follow":"follow","max-snippet":"max-snippet:-1","max-image-preview":"max-image-preview:large","max-video-preview":"max-video-preview:-1"},"canonical":"https:\/\/www.wash-megroup.com\/pt-pt\/ajuda-online\/","og_locale":"pt_PT","og_type":"article","og_title":"Ajuda Online - Wash ME (Ex Wash ME)","og_description":"Descubra a nossa ajuda em linha para a sua lavandaria de automatica. Obtenha respostas \u00e0s suas perguntas. Confiem na Wash ME.","og_url":"https:\/\/www.wash-megroup.com\/pt-pt\/ajuda-online\/","og_site_name":"Wash-ME","article_modified_time":"2024-02-14T17:25:46+00:00","twitter_card":"summary_large_image","schema":{"@context":"https:\/\/schema.org","@graph":[{"@type":"WebPage","@id":"https:\/\/www.wash-megroup.com\/pt-pt\/ajuda-online\/","url":"https:\/\/www.wash-megroup.com\/pt-pt\/ajuda-online\/","name":"Ajuda Online - Wash ME (Ex Wash ME)","isPartOf":{"@id":"https:\/\/www.wash-megroup.com\/pt-pt\/#website"},"primaryImageOfPage":{"@id":"https:\/\/www.wash-megroup.com\/pt-pt\/ajuda-online\/#primaryimage"},"image":{"@id":"https:\/\/www.wash-megroup.com\/pt-pt\/ajuda-online\/#primaryimage"},"thumbnailUrl":"https:\/\/www.wash-megroup.com\/wp-content\/uploads\/2024\/11\/Aide-en-ligne-Wash.ME_.png","datePublished":"2023-09-27T13:32:57+00:00","dateModified":"2024-02-14T17:25:46+00:00","description":"Descubra a nossa ajuda em linha para a sua lavandaria de automatica. Obtenha respostas \u00e0s suas perguntas. Confiem na Wash ME.","breadcrumb":{"@id":"https:\/\/www.wash-megroup.com\/pt-pt\/ajuda-online\/#breadcrumb"},"inLanguage":"pt-PT","potentialAction":[{"@type":"ReadAction","target":["https:\/\/www.wash-megroup.com\/pt-pt\/ajuda-online\/"]}]},{"@type":"ImageObject","inLanguage":"pt-PT","@id":"https:\/\/www.wash-megroup.com\/pt-pt\/ajuda-online\/#primaryimage","url":"https:\/\/www.wash-megroup.com\/wp-content\/uploads\/2024\/11\/Aide-en-ligne-Wash.ME_.png","contentUrl":"https:\/\/www.wash-megroup.com\/wp-content\/uploads\/2024\/11\/Aide-en-ligne-Wash.ME_.png","width":1228,"height":720,"caption":"Acc\u00e9dez \u00e0 l'aide en ligne Wash.ME"},{"@type":"BreadcrumbList","@id":"https:\/\/www.wash-megroup.com\/pt-pt\/ajuda-online\/#breadcrumb","itemListElement":[{"@type":"ListItem","position":1,"name":"Home","item":"https:\/\/www.wash-megroup.com\/pt-pt\/"},{"@type":"ListItem","position":2,"name":"Ajuda Online"}]},{"@type":"WebSite","@id":"https:\/\/www.wash-megroup.com\/pt-pt\/#website","url":"https:\/\/www.wash-megroup.com\/pt-pt\/","name":"Wash-ME","description":"Acc\u00e9dez \u00e0 l&#039;espace particulier","publisher":{"@id":"https:\/\/www.wash-megroup.com\/pt-pt\/#organization"},"potentialAction":[{"@type":"SearchAction","target":{"@type":"EntryPoint","urlTemplate":"https:\/\/www.wash-megroup.com\/pt-pt\/?s={search_term_string}"},"query-input":{"@type":"PropertyValueSpecification","valueRequired":true,"valueName":"search_term_string"}}],"inLanguage":"pt-PT"},{"@type":"Organization","@id":"https:\/\/www.wash-megroup.com\/pt-pt\/#organization","name":"Wash-ME","url":"https:\/\/www.wash-megroup.com\/pt-pt\/","logo":{"@type":"ImageObject","inLanguage":"pt-PT","@id":"https:\/\/www.wash-megroup.com\/pt-pt\/#\/schema\/logo\/image\/","url":"https:\/\/www.wash-megroup.com\/wp-content\/uploads\/2021\/07\/logo_revolaundry_white@2x.png","contentUrl":"https:\/\/www.wash-megroup.com\/wp-content\/uploads\/2021\/07\/logo_revolaundry_white@2x.png","width":538,"height":146,"caption":"Wash-ME"},"image":{"@id":"https:\/\/www.wash-megroup.com\/pt-pt\/#\/schema\/logo\/image\/"}}]}},"_links":{"self":[{"href":"https:\/\/www.wash-megroup.com\/pt-pt\/wp-json\/wp\/v2\/pages\/169395","targetHints":{"allow":["GET"]}}],"collection":[{"href":"https:\/\/www.wash-megroup.com\/pt-pt\/wp-json\/wp\/v2\/pages"}],"about":[{"href":"https:\/\/www.wash-megroup.com\/pt-pt\/wp-json\/wp\/v2\/types\/page"}],"author":[{"embeddable":true,"href":"https:\/\/www.wash-megroup.com\/pt-pt\/wp-json\/wp\/v2\/users\/1"}],"replies":[{"embeddable":true,"href":"https:\/\/www.wash-megroup.com\/pt-pt\/wp-json\/wp\/v2\/comments?post=169395"}],"version-history":[{"count":2,"href":"https:\/\/www.wash-megroup.com\/pt-pt\/wp-json\/wp\/v2\/pages\/169395\/revisions"}],"predecessor-version":[{"id":188052,"href":"https:\/\/www.wash-megroup.com\/pt-pt\/wp-json\/wp\/v2\/pages\/169395\/revisions\/188052"}],"wp:featuredmedia":[{"embeddable":true,"href":"https:\/\/www.wash-megroup.com\/pt-pt\/wp-json\/wp\/v2\/media\/241053"}],"wp:attachment":[{"href":"https:\/\/www.wash-megroup.com\/pt-pt\/wp-json\/wp\/v2\/media?parent=169395"}],"curies":[{"name":"wp","href":"https:\/\/api.w.org\/{rel}","templated":true}]}}