{"id":169896,"date":"2023-10-02T15:22:24","date_gmt":"2023-10-02T13:22:24","guid":{"rendered":"https:\/\/www.wash-megroup.com\/informacoes-legais\/"},"modified":"2024-02-14T18:21:19","modified_gmt":"2024-02-14T17:21:19","slug":"informacoes-legais","status":"publish","type":"page","link":"https:\/\/www.wash-megroup.com\/pt-pt\/informacoes-legais\/","title":{"rendered":"Informa\u00e7\u00f5es legais"},"content":{"rendered":"\n<h1 class=\"wp-block-heading\">Men\u00e7\u00f5es legais da Wash ME<\/h1>\n\n<p><strong>O editor<\/strong><br\/>O site revolution-laundry.com \u00e9 editado por ME Group France, sociedade an\u00f3nima simplificada, registada sob o n\u00famero 592 033 930 RCS Paris, com sede social em 8 rue Auber, 75009 Paris.<br\/>O diretor da publica\u00e7\u00e3o \u00e9 Jean-Marc JANAILHAC.<br\/><br\/><strong>O hospedeiro<\/strong><br\/>O anfitri\u00e3o do s\u00edtio Web Wash MElaundry.com \u00e9 a OVH SAS, com sede social em 2 rue Kellermann, 59100 Roubaix, Fran\u00e7a, com o n\u00famero de telefone 09 55 00 66 33.<\/p>\n\n<p><strong>Acesso ao s\u00edte<\/strong><br\/>O s\u00edte \u00e9 acess\u00edvel a partir de qualquer local, 7 dias por semana, 24 horas por dia, exceto em casos de for\u00e7a maior, interrup\u00e7\u00f5es programadas ou n\u00e3o programadas que possam resultar de necessidades de manuten\u00e7\u00e3o.<br\/>A Wash MElaundry.com\/pt n\u00e3o pode ser responsabilizada por qualquer altera\u00e7\u00e3o, interrup\u00e7\u00e3o ou suspens\u00e3o dos servi\u00e7os.<\/p>\n\n<p><strong>Propriedade intelectual<\/strong><br\/>Qualquer utiliza\u00e7\u00e3o, reprodu\u00e7\u00e3o, distribui\u00e7\u00e3o, comercializa\u00e7\u00e3o ou modifica\u00e7\u00e3o da totalidade ou de parte do s\u00edtio Web Wash MElaundry.com sem a autoriza\u00e7\u00e3o do editor \u00e9 proibida e pode dar origem a ac\u00e7\u00f5es e procedimentos legais previstos no C\u00f3digo da Propriedade Intelectual e no C\u00f3digo Civil franc\u00eas.<\/p>\n","protected":false},"excerpt":{"rendered":"<p>Men\u00e7\u00f5es legais da Wash ME O editorO site revolution-laundry.com \u00e9 editado por&#8230;<\/p>\n","protected":false},"author":1,"featured_media":0,"parent":0,"menu_order":0,"comment_status":"closed","ping_status":"closed","template":"","meta":{"_acf_changed":false,"footnotes":""},"class_list":["post-169896","page","type-page","status-publish","hentry"],"acf":[],"yoast_head":"<title>Informa\u00e7\u00f5es legais - Wash ME (Ex Wash ME)<\/title>\n<meta name=\"description\" content=\"Consulte o nosso aviso legal para conhecer as nossas condi\u00e7\u00f5es de utiliza\u00e7\u00e3o e direitos de autor. Informa\u00e7\u00f5es importantes a ter em conta.\" \/>\n<meta name=\"robots\" content=\"index, follow, max-snippet:-1, max-image-preview:large, max-video-preview:-1\" \/>\n<link rel=\"canonical\" href=\"https:\/\/www.wash-megroup.com\/pt-pt\/informacoes-legais\/\" \/>\n<meta property=\"og:locale\" content=\"pt_PT\" \/>\n<meta property=\"og:type\" content=\"article\" \/>\n<meta property=\"og:title\" content=\"Informa\u00e7\u00f5es legais - Wash ME (Ex Wash ME)\" \/>\n<meta property=\"og:description\" content=\"Consulte o nosso aviso legal para conhecer as nossas condi\u00e7\u00f5es de utiliza\u00e7\u00e3o e direitos de autor. Informa\u00e7\u00f5es importantes a ter em conta.\" \/>\n<meta property=\"og:url\" content=\"https:\/\/www.wash-megroup.com\/pt-pt\/informacoes-legais\/\" \/>\n<meta property=\"og:site_name\" content=\"Wash-ME\" \/>\n<meta property=\"article:modified_time\" content=\"2024-02-14T17:21:19+00:00\" \/>\n<meta name=\"twitter:card\" content=\"summary_large_image\" \/>\n<meta name=\"twitter:label1\" content=\"Tempo estimado de leitura\" \/>\n\t<meta name=\"twitter:data1\" content=\"1 minuto\" \/>\n<script type=\"application\/ld+json\" class=\"yoast-schema-graph\">{\"@context\":\"https:\/\/schema.org\",\"@graph\":[{\"@type\":\"WebPage\",\"@id\":\"https:\/\/www.wash-megroup.com\/pt-pt\/informacoes-legais\/\",\"url\":\"https:\/\/www.wash-megroup.com\/pt-pt\/informacoes-legais\/\",\"name\":\"Informa\u00e7\u00f5es legais - Wash ME (Ex Wash ME)\",\"isPartOf\":{\"@id\":\"https:\/\/www.wash-megroup.com\/pt-pt\/#website\"},\"datePublished\":\"2023-10-02T13:22:24+00:00\",\"dateModified\":\"2024-02-14T17:21:19+00:00\",\"description\":\"Consulte o nosso aviso legal para conhecer as nossas condi\u00e7\u00f5es de utiliza\u00e7\u00e3o e direitos de autor. Informa\u00e7\u00f5es importantes a ter em conta.\",\"breadcrumb\":{\"@id\":\"https:\/\/www.wash-megroup.com\/pt-pt\/informacoes-legais\/#breadcrumb\"},\"inLanguage\":\"pt-PT\",\"potentialAction\":[{\"@type\":\"ReadAction\",\"target\":[\"https:\/\/www.wash-megroup.com\/pt-pt\/informacoes-legais\/\"]}]},{\"@type\":\"BreadcrumbList\",\"@id\":\"https:\/\/www.wash-megroup.com\/pt-pt\/informacoes-legais\/#breadcrumb\",\"itemListElement\":[{\"@type\":\"ListItem\",\"position\":1,\"name\":\"Home\",\"item\":\"https:\/\/www.wash-megroup.com\/pt-pt\/\"},{\"@type\":\"ListItem\",\"position\":2,\"name\":\"Informa\u00e7\u00f5es legais\"}]},{\"@type\":\"WebSite\",\"@id\":\"https:\/\/www.wash-megroup.com\/pt-pt\/#website\",\"url\":\"https:\/\/www.wash-megroup.com\/pt-pt\/\",\"name\":\"Wash-ME\",\"description\":\"Acc\u00e9dez \u00e0 l&#039;espace particulier\",\"publisher\":{\"@id\":\"https:\/\/www.wash-megroup.com\/pt-pt\/#organization\"},\"potentialAction\":[{\"@type\":\"SearchAction\",\"target\":{\"@type\":\"EntryPoint\",\"urlTemplate\":\"https:\/\/www.wash-megroup.com\/pt-pt\/?s={search_term_string}\"},\"query-input\":{\"@type\":\"PropertyValueSpecification\",\"valueRequired\":true,\"valueName\":\"search_term_string\"}}],\"inLanguage\":\"pt-PT\"},{\"@type\":\"Organization\",\"@id\":\"https:\/\/www.wash-megroup.com\/pt-pt\/#organization\",\"name\":\"Wash-ME\",\"url\":\"https:\/\/www.wash-megroup.com\/pt-pt\/\",\"logo\":{\"@type\":\"ImageObject\",\"inLanguage\":\"pt-PT\",\"@id\":\"https:\/\/www.wash-megroup.com\/pt-pt\/#\/schema\/logo\/image\/\",\"url\":\"https:\/\/www.wash-megroup.com\/wp-content\/uploads\/2021\/07\/logo_revolaundry_white@2x.png\",\"contentUrl\":\"https:\/\/www.wash-megroup.com\/wp-content\/uploads\/2021\/07\/logo_revolaundry_white@2x.png\",\"width\":538,\"height\":146,\"caption\":\"Wash-ME\"},\"image\":{\"@id\":\"https:\/\/www.wash-megroup.com\/pt-pt\/#\/schema\/logo\/image\/\"}}]}<\/script>","yoast_head_json":{"title":"Informa\u00e7\u00f5es legais - Wash ME (Ex Wash ME)","description":"Consulte o nosso aviso legal para conhecer as nossas condi\u00e7\u00f5es de utiliza\u00e7\u00e3o e direitos de autor. Informa\u00e7\u00f5es importantes a ter em conta.","robots":{"index":"index","follow":"follow","max-snippet":"max-snippet:-1","max-image-preview":"max-image-preview:large","max-video-preview":"max-video-preview:-1"},"canonical":"https:\/\/www.wash-megroup.com\/pt-pt\/informacoes-legais\/","og_locale":"pt_PT","og_type":"article","og_title":"Informa\u00e7\u00f5es legais - Wash ME (Ex Wash ME)","og_description":"Consulte o nosso aviso legal para conhecer as nossas condi\u00e7\u00f5es de utiliza\u00e7\u00e3o e direitos de autor. Informa\u00e7\u00f5es importantes a ter em conta.","og_url":"https:\/\/www.wash-megroup.com\/pt-pt\/informacoes-legais\/","og_site_name":"Wash-ME","article_modified_time":"2024-02-14T17:21:19+00:00","twitter_card":"summary_large_image","twitter_misc":{"Tempo estimado de leitura":"1 minuto"},"schema":{"@context":"https:\/\/schema.org","@graph":[{"@type":"WebPage","@id":"https:\/\/www.wash-megroup.com\/pt-pt\/informacoes-legais\/","url":"https:\/\/www.wash-megroup.com\/pt-pt\/informacoes-legais\/","name":"Informa\u00e7\u00f5es legais - Wash ME (Ex Wash ME)","isPartOf":{"@id":"https:\/\/www.wash-megroup.com\/pt-pt\/#website"},"datePublished":"2023-10-02T13:22:24+00:00","dateModified":"2024-02-14T17:21:19+00:00","description":"Consulte o nosso aviso legal para conhecer as nossas condi\u00e7\u00f5es de utiliza\u00e7\u00e3o e direitos de autor. Informa\u00e7\u00f5es importantes a ter em conta.","breadcrumb":{"@id":"https:\/\/www.wash-megroup.com\/pt-pt\/informacoes-legais\/#breadcrumb"},"inLanguage":"pt-PT","potentialAction":[{"@type":"ReadAction","target":["https:\/\/www.wash-megroup.com\/pt-pt\/informacoes-legais\/"]}]},{"@type":"BreadcrumbList","@id":"https:\/\/www.wash-megroup.com\/pt-pt\/informacoes-legais\/#breadcrumb","itemListElement":[{"@type":"ListItem","position":1,"name":"Home","item":"https:\/\/www.wash-megroup.com\/pt-pt\/"},{"@type":"ListItem","position":2,"name":"Informa\u00e7\u00f5es legais"}]},{"@type":"WebSite","@id":"https:\/\/www.wash-megroup.com\/pt-pt\/#website","url":"https:\/\/www.wash-megroup.com\/pt-pt\/","name":"Wash-ME","description":"Acc\u00e9dez \u00e0 l&#039;espace particulier","publisher":{"@id":"https:\/\/www.wash-megroup.com\/pt-pt\/#organization"},"potentialAction":[{"@type":"SearchAction","target":{"@type":"EntryPoint","urlTemplate":"https:\/\/www.wash-megroup.com\/pt-pt\/?s={search_term_string}"},"query-input":{"@type":"PropertyValueSpecification","valueRequired":true,"valueName":"search_term_string"}}],"inLanguage":"pt-PT"},{"@type":"Organization","@id":"https:\/\/www.wash-megroup.com\/pt-pt\/#organization","name":"Wash-ME","url":"https:\/\/www.wash-megroup.com\/pt-pt\/","logo":{"@type":"ImageObject","inLanguage":"pt-PT","@id":"https:\/\/www.wash-megroup.com\/pt-pt\/#\/schema\/logo\/image\/","url":"https:\/\/www.wash-megroup.com\/wp-content\/uploads\/2021\/07\/logo_revolaundry_white@2x.png","contentUrl":"https:\/\/www.wash-megroup.com\/wp-content\/uploads\/2021\/07\/logo_revolaundry_white@2x.png","width":538,"height":146,"caption":"Wash-ME"},"image":{"@id":"https:\/\/www.wash-megroup.com\/pt-pt\/#\/schema\/logo\/image\/"}}]}},"_links":{"self":[{"href":"https:\/\/www.wash-megroup.com\/pt-pt\/wp-json\/wp\/v2\/pages\/169896","targetHints":{"allow":["GET"]}}],"collection":[{"href":"https:\/\/www.wash-megroup.com\/pt-pt\/wp-json\/wp\/v2\/pages"}],"about":[{"href":"https:\/\/www.wash-megroup.com\/pt-pt\/wp-json\/wp\/v2\/types\/page"}],"author":[{"embeddable":true,"href":"https:\/\/www.wash-megroup.com\/pt-pt\/wp-json\/wp\/v2\/users\/1"}],"replies":[{"embeddable":true,"href":"https:\/\/www.wash-megroup.com\/pt-pt\/wp-json\/wp\/v2\/comments?post=169896"}],"version-history":[{"count":2,"href":"https:\/\/www.wash-megroup.com\/pt-pt\/wp-json\/wp\/v2\/pages\/169896\/revisions"}],"predecessor-version":[{"id":188047,"href":"https:\/\/www.wash-megroup.com\/pt-pt\/wp-json\/wp\/v2\/pages\/169896\/revisions\/188047"}],"wp:attachment":[{"href":"https:\/\/www.wash-megroup.com\/pt-pt\/wp-json\/wp\/v2\/media?parent=169896"}],"curies":[{"name":"wp","href":"https:\/\/api.w.org\/{rel}","templated":true}]}}