{"id":192946,"date":"2024-03-28T13:38:15","date_gmt":"2024-03-28T12:38:15","guid":{"rendered":"https:\/\/www.wash-megroup.com\/app-wash-me\/"},"modified":"2024-04-04T11:45:06","modified_gmt":"2024-04-04T09:45:06","slug":"app-wash-me","status":"publish","type":"page","link":"https:\/\/www.wash-megroup.com\/pt-pt\/app-wash-me\/","title":{"rendered":"App Wash.ME"},"content":{"rendered":"<div class=\"block-blue\">\n    <div class=\"block-blue__container\">\n        <div class=\"block-blue__title-wrapper\">\n            <h2 class=\"title block-blue__title title--size-m title--white\">\n    NOVO! Descubra a nossa nova aplica\u00e7\u00e3o m\u00f3vel!<\/h2>\n        <\/div>\n        <div class=\"block-blue__text\">\n            <div class=\"text \">\n    <p>Instale a nova aplica\u00e7\u00e3o m\u00f3vel Wash.ME e encontre a sua lavandaria favorita com apenas alguns cliques. Ainda mais vantagens? Preencha a sua aplica\u00e7\u00e3o com ofertas especiais durante todo o ano.<\/p>\n<\/div>\n        <\/div>\n            <\/div>\n<\/div>\n\n\n\n<div style=\"height:52px\" aria-hidden=\"true\" class=\"wp-block-spacer\"><\/div>\n\n\n\n<div class=\"wp-block-columns is-layout-flex wp-container-core-columns-is-layout-28f84493 wp-block-columns-is-layout-flex\">\n<div class=\"wp-block-column is-layout-flow wp-block-column-is-layout-flow\">\n<figure data-wp-context=\"{&quot;imageId&quot;:&quot;69f0f54179b5a&quot;}\" data-wp-interactive=\"core\/image\" class=\"wp-block-image size-full is-resized wp-lightbox-container\"><img decoding=\"async\" width=\"2518\" height=\"1961\" data-wp-class--hide=\"state.isContentHidden\" data-wp-class--show=\"state.isContentVisible\" data-wp-init=\"callbacks.setButtonStyles\" data-wp-on-async--click=\"actions.showLightbox\" data-wp-on-async--load=\"callbacks.setButtonStyles\" data-wp-on-async-window--resize=\"callbacks.setButtonStyles\" src=\"https:\/\/www.wash-megroup.com\/wp-content\/uploads\/2024\/01\/Design-sans-titre.jpg\" alt=\"Descarregue a nova aplica\u00e7\u00e3o m\u00f3vel do Wash.ME!\" class=\"wp-image-183724\" style=\"width:700px\" srcset=\"https:\/\/www.wash-megroup.com\/wp-content\/uploads\/2024\/01\/Design-sans-titre.jpg 2518w, https:\/\/www.wash-megroup.com\/wp-content\/uploads\/2024\/01\/Design-sans-titre-300x234.jpg 300w, https:\/\/www.wash-megroup.com\/wp-content\/uploads\/2024\/01\/Design-sans-titre-1024x797.jpg 1024w, https:\/\/www.wash-megroup.com\/wp-content\/uploads\/2024\/01\/Design-sans-titre-768x598.jpg 768w, https:\/\/www.wash-megroup.com\/wp-content\/uploads\/2024\/01\/Design-sans-titre-1536x1196.jpg 1536w, https:\/\/www.wash-megroup.com\/wp-content\/uploads\/2024\/01\/Design-sans-titre-2048x1595.jpg 2048w\" sizes=\"(max-width: 2518px) 100vw, 2518px\" \/><button\n\t\t\tclass=\"lightbox-trigger\"\n\t\t\ttype=\"button\"\n\t\t\taria-haspopup=\"dialog\"\n\t\t\taria-label=\"Ampliar\"\n\t\t\tdata-wp-init=\"callbacks.initTriggerButton\"\n\t\t\tdata-wp-on-async--click=\"actions.showLightbox\"\n\t\t\tdata-wp-style--right=\"state.imageButtonRight\"\n\t\t\tdata-wp-style--top=\"state.imageButtonTop\"\n\t\t>\n\t\t\t<svg xmlns=\"http:\/\/www.w3.org\/2000\/svg\" width=\"12\" height=\"12\" fill=\"none\" viewBox=\"0 0 12 12\">\n\t\t\t\t<path fill=\"#fff\" d=\"M2 0a2 2 0 0 0-2 2v2h1.5V2a.5.5 0 0 1 .5-.5h2V0H2Zm2 10.5H2a.5.5 0 0 1-.5-.5V8H0v2a2 2 0 0 0 2 2h2v-1.5ZM8 12v-1.5h2a.5.5 0 0 0 .5-.5V8H12v2a2 2 0 0 1-2 2H8Zm2-12a2 2 0 0 1 2 2v2h-1.5V2a.5.5 0 0 0-.5-.5H8V0h2Z\" \/>\n\t\t\t<\/svg>\n\t\t<\/button><\/figure>\n<\/div>\n\n\n\n<div class=\"wp-block-column is-layout-flow wp-block-column-is-layout-flow\">\n<h2 class=\"wp-block-heading\"><strong>Wash.ME chega ao seu telem\u00f3vel para lhe poupar tempo e dinheiro!<\/strong><\/h2>\n\n\n\n<p class=\"has-text-align-left\" style=\"padding-right:0;padding-left:0\">Encontre todos os seus servi\u00e7os de lavandaria em apenas alguns cliques: localize as lavandarias perto de si, inicie o seu itiner\u00e1rio, seleccione as suas lavandarias favoritas e aproveite as grandes ofertas para tratar da sua roupa.<\/p>\n\n\n\n<div class=\"wp-block-buttons is-content-justification-space-between is-layout-flex wp-container-core-buttons-is-layout-b2891da8 wp-block-buttons-is-layout-flex\"><div class=\"wp-block-button\">\n<a href=\"#descarregar-app\" class=\"button wp-block-button__link \">\n<span>\nDescarregue a aplica\u00e7\u00e3o Wash.ME\n<\/span><\/a><!--\/ .container -->\n<\/div><!--\/ .group -->\n<\/div>\n\n\n\n<figure class=\"wp-block-image alignleft size-full is-resized\"><img decoding=\"async\" width=\"2080\" height=\"2080\" src=\"https:\/\/www.wash-megroup.com\/wp-content\/uploads\/2024\/03\/Icone-App-Wash-ME-HD.png\" alt=\"\" class=\"wp-image-192276\" style=\"width:84px;height:auto\" srcset=\"https:\/\/www.wash-megroup.com\/wp-content\/uploads\/2024\/03\/Icone-App-Wash-ME-HD.png 2080w, https:\/\/www.wash-megroup.com\/wp-content\/uploads\/2024\/03\/Icone-App-Wash-ME-HD-300x300.png 300w, https:\/\/www.wash-megroup.com\/wp-content\/uploads\/2024\/03\/Icone-App-Wash-ME-HD-1024x1024.png 1024w, https:\/\/www.wash-megroup.com\/wp-content\/uploads\/2024\/03\/Icone-App-Wash-ME-HD-150x150.png 150w, https:\/\/www.wash-megroup.com\/wp-content\/uploads\/2024\/03\/Icone-App-Wash-ME-HD-768x768.png 768w, https:\/\/www.wash-megroup.com\/wp-content\/uploads\/2024\/03\/Icone-App-Wash-ME-HD-1536x1536.png 1536w, https:\/\/www.wash-megroup.com\/wp-content\/uploads\/2024\/03\/Icone-App-Wash-ME-HD-2048x2048.png 2048w\" sizes=\"(max-width: 2080px) 100vw, 2080px\" \/><\/figure>\n<\/div>\n<\/div>\n\n\n\n<h2 class=\"wp-block-heading has-text-align-center\">Uma aplica\u00e7\u00e3o para simplificar a sua vida quotidiana<\/h2>\n\n\n\n<div class=\"wp-block-columns is-layout-flex wp-container-core-columns-is-layout-28f84493 wp-block-columns-is-layout-flex\">\n<div class=\"wp-block-column is-layout-flow wp-block-column-is-layout-flow\">\n<p class=\"has-text-align-right\"><mark style=\"background-color:#FFFFFF\" class=\"has-inline-color has-blue-viking-color\"><strong>UTILE | <\/strong><\/mark>Encontre a lavandaria mais pr\u00f3xima de si com apenas alguns cliques<\/p>\n\n\n\n<p class=\"has-text-align-right\"><strong><mark style=\"background-color:#FFFFFF\" class=\"has-inline-color has-blue-viking-color\">R\u00c1PIDO |<\/mark><\/strong> Guarde as suas lavandarias favoritas para as encontrar automaticamente<\/p>\n\n\n\n<p class=\"has-text-align-right\"><strong><mark style=\"background-color:#FFFFFF\" class=\"has-inline-color has-blue-viking-color\">ACESS\u00cdVEL |<\/mark><\/strong> Encontrar a rede de lavandarias Wash.ME em Fran\u00e7a e na Europa<\/p>\n<\/div>\n\n\n\n<div class=\"wp-block-column is-layout-flow wp-block-column-is-layout-flow\">\n<figure class=\"wp-block-image size-large is-resized\"><img decoding=\"async\" width=\"1024\" height=\"1024\" src=\"https:\/\/www.wash-megroup.com\/wp-content\/uploads\/2024\/01\/600x600_RAPIDE-1-1024x1024.png\" alt=\"Encontre a lavandaria mais pr\u00f3xima de si\" class=\"wp-image-182692\" style=\"width:400px\" srcset=\"https:\/\/www.wash-megroup.com\/wp-content\/uploads\/2024\/01\/600x600_RAPIDE-1-1024x1024.png 1024w, https:\/\/www.wash-megroup.com\/wp-content\/uploads\/2024\/01\/600x600_RAPIDE-1-300x300.png 300w, https:\/\/www.wash-megroup.com\/wp-content\/uploads\/2024\/01\/600x600_RAPIDE-1-150x150.png 150w, https:\/\/www.wash-megroup.com\/wp-content\/uploads\/2024\/01\/600x600_RAPIDE-1-768x768.png 768w, https:\/\/www.wash-megroup.com\/wp-content\/uploads\/2024\/01\/600x600_RAPIDE-1.png 1200w\" sizes=\"(max-width: 1024px) 100vw, 1024px\" \/><\/figure>\n<\/div>\n<\/div>\n\n\n\n<div class=\"wp-block-columns is-layout-flex wp-container-core-columns-is-layout-28f84493 wp-block-columns-is-layout-flex\">\n<div class=\"wp-block-column is-layout-flow wp-block-column-is-layout-flow\">\n<figure class=\"wp-block-image size-large is-resized\"><img decoding=\"async\" width=\"1024\" height=\"1024\" src=\"https:\/\/www.wash-megroup.com\/wp-content\/uploads\/2024\/01\/600x600_EFFICACE-min-1024x1024.png\" alt=\"Ver todos os servi\u00e7os oferecidos\" class=\"wp-image-182722\" style=\"width:400px\" srcset=\"https:\/\/www.wash-megroup.com\/wp-content\/uploads\/2024\/01\/600x600_EFFICACE-min-1024x1024.png 1024w, https:\/\/www.wash-megroup.com\/wp-content\/uploads\/2024\/01\/600x600_EFFICACE-min-300x300.png 300w, https:\/\/www.wash-megroup.com\/wp-content\/uploads\/2024\/01\/600x600_EFFICACE-min-150x150.png 150w, https:\/\/www.wash-megroup.com\/wp-content\/uploads\/2024\/01\/600x600_EFFICACE-min-768x768.png 768w, https:\/\/www.wash-megroup.com\/wp-content\/uploads\/2024\/01\/600x600_EFFICACE-min.png 1200w\" sizes=\"(max-width: 1024px) 100vw, 1024px\" \/><\/figure>\n<\/div>\n\n\n\n<div class=\"wp-block-column is-layout-flow wp-block-column-is-layout-flow\">\n<p><mark style=\"background-color:#FFFFFF\" class=\"has-inline-color has-blue-viking-color\"><strong>PR\u00c1TICO |<\/strong><\/mark> Inicie o seu percurso at\u00e9 \u00e0 lavandaria diretamente a partir da aplica\u00e7\u00e3o<\/p>\n\n\n\n<p class=\"has-text-align-left\"><mark style=\"background-color:#FFFFFF\" class=\"has-inline-color has-blue-viking-color\"><strong>EFICIENTE |<\/strong><\/mark> Ver todos os servi\u00e7os oferecidos em cada uma das nossas lavandarias de moedas<\/p>\n\n\n\n<p><mark style=\"background-color:#FFFFFF\" class=\"has-inline-color has-blue-viking-color\"><strong>ECON\u00d3MICO |<\/strong><\/mark> Encontre todas as suas vantagens e promo\u00e7\u00f5es para poupar dinheiro durante todo o ano!<\/p>\n<\/div>\n<\/div>\n\n\n\n<div style=\"height:34px\" aria-hidden=\"true\" class=\"wp-block-spacer\"><\/div>\n\n\n\n<div class=\"wp-block-group alignfull has-background is-layout-constrained wp-block-group-is-layout-constrained\" style=\"background-color:#eeeeee;padding-top:var(--wp--preset--spacing--60);padding-bottom:var(--wp--preset--spacing--60)\">\n<h2 class=\"wp-block-heading has-text-align-center\">O WASH.ME ACOMPANHA-O ONDE QUER QUE ESTEJA!<\/h2>\n\n\n\n<p class=\"has-text-align-center\" style=\"font-size:20px\">Em Portugal e na Europa, aproveite todas as vantagens da nossa rede de lavandarias Wash.ME e mantenha a sua roupa fresca e limpa a pre\u00e7os baixos com a aplica\u00e7\u00e3o Wash.ME.<\/p>\n\n\n\n<div class=\"wp-block-columns alignwide is-layout-flex wp-container-core-columns-is-layout-28f84493 wp-block-columns-is-layout-flex\">\n<div class=\"wp-block-column is-layout-flow wp-block-column-is-layout-flow\">\n<figure class=\"wp-block-image aligncenter size-full\"><img decoding=\"async\" width=\"150\" height=\"150\" src=\"https:\/\/www.wash-megroup.com\/wp-content\/uploads\/2024\/01\/150x150_GEOLOCALISATION_1.png\" alt=\"Localize a sua lavandaria Wash.ME\" class=\"wp-image-181784\" \/><\/figure>\n\n\n\n<p class=\"has-text-align-center\" style=\"font-size:18px\"><strong>Geolocaliza\u00e7\u00e3o <\/strong> <strong>Wash.ME<\/strong><\/p>\n<\/div>\n\n\n\n<div class=\"wp-block-column is-layout-flow wp-block-column-is-layout-flow\">\n<figure class=\"wp-block-image aligncenter size-full\"><img decoding=\"async\" width=\"150\" height=\"150\" src=\"https:\/\/www.wash-megroup.com\/wp-content\/uploads\/2024\/01\/150x150_INFOS.png\" alt=\"Informa\u00e7\u00f5es e servi\u00e7os dispon\u00edveis\" class=\"wp-image-181814\" \/><\/figure>\n\n\n\n<p class=\"has-text-align-center\" id=\"telechargez-app\" style=\"font-size:18px\"><strong>Informa\u00e7\u00f5es e servi\u00e7os dispon\u00edveis<\/strong><\/p>\n<\/div>\n\n\n\n<div class=\"wp-block-column is-layout-flow wp-block-column-is-layout-flow\">\n<figure class=\"wp-block-image aligncenter size-full\"><img decoding=\"async\" width=\"150\" height=\"150\" src=\"https:\/\/www.wash-megroup.com\/wp-content\/uploads\/2024\/01\/150x150_PROMO-1.png\" alt=\"\" class=\"wp-image-183695\" \/><\/figure>\n\n\n\n<p class=\"has-text-align-center\" style=\"font-size:18px\"><strong>Promo\u00e7\u00f5es e ofertas especiais<\/strong><\/p>\n<\/div>\n<\/div>\n<\/div>\n\n\n\n<h2 class=\"wp-block-heading has-text-align-center\" id=\"descarregar-app\">Novos produtos e vantagens durante todo o ano<\/h2>\n\n\n\n<div class=\"wp-block-columns is-layout-flex wp-container-core-columns-is-layout-28f84493 wp-block-columns-is-layout-flex\">\n<div class=\"wp-block-column is-layout-flow wp-block-column-is-layout-flow\" style=\"flex-basis:66.66%\">\n<p>A Wash.ME est\u00e1 a evoluir para lhe oferecer ainda mais servi\u00e7os. As nossas equipas trabalham todos os dias para melhorar a sua experi\u00eancia e facilitar a sua vida. Instale j\u00e1 a aplica\u00e7\u00e3o para n\u00e3o perder nada!<\/p>\n\n\n\n<p>E para lhe dar as boas-vindas, beneficie imediatamente de um desconto de <strong><mark style=\"background-color:#56c2df\" class=\"has-inline-color has-white-color\">2\u20ac na sua primeira lavagem\/secagem*<\/mark>.<\/strong><\/p>\n\n\n\n<p>Aceda \u00e0 aplica\u00e7\u00e3o para descobrir o seu c\u00f3digo personalizado!<\/p>\n<\/div>\n\n\n\n<div class=\"wp-block-column is-layout-flow wp-block-column-is-layout-flow\" style=\"flex-basis:33.33%\">\n<figure class=\"wp-block-image size-full is-resized\"><a href=\"https:\/\/play.google.com\/store\/search?q=wash.me&amp;c=apps&amp;hl=pt\" target=\"_blank\" rel=\"noreferrer noopener\"><img decoding=\"async\" width=\"763\" height=\"220\" src=\"https:\/\/www.wash-megroup.com\/wp-content\/uploads\/2024\/04\/Google-Play-PT.jpg\" alt=\"\" class=\"wp-image-193687\" style=\"width:263px;height:auto\" srcset=\"https:\/\/www.wash-megroup.com\/wp-content\/uploads\/2024\/04\/Google-Play-PT.jpg 763w, https:\/\/www.wash-megroup.com\/wp-content\/uploads\/2024\/04\/Google-Play-PT-300x87.jpg 300w\" sizes=\"(max-width: 763px) 100vw, 763px\" \/><\/a><\/figure>\n\n\n\n<figure class=\"wp-block-image size-full is-resized\"><a href=\"https:\/\/apps.apple.com\/pt\/app\/wash-me\/id6449978633\" target=\"_blank\" rel=\"noreferrer noopener\"><img decoding=\"async\" width=\"763\" height=\"248\" src=\"https:\/\/www.wash-megroup.com\/wp-content\/uploads\/2024\/04\/App-Store-PT.png\" alt=\"\" class=\"wp-image-193672\" style=\"width:262px;height:auto\" srcset=\"https:\/\/www.wash-megroup.com\/wp-content\/uploads\/2024\/04\/App-Store-PT.png 763w, https:\/\/www.wash-megroup.com\/wp-content\/uploads\/2024\/04\/App-Store-PT-300x98.png 300w\" sizes=\"(max-width: 763px) 100vw, 763px\" \/><\/a><\/figure>\n<\/div>\n<\/div>\n\n\n\n<p class=\"has-small-font-size\">*Oferta reservada aos novos utilizadores da aplica\u00e7\u00e3o m\u00f3vel do Wash.ME. Se j\u00e1 instalou a aplica\u00e7\u00e3o m\u00f3vel do Wash.ME, n\u00e3o poder\u00e1 aceder a este c\u00f3digo promocional. No entanto, ter\u00e1 acesso a todas as futuras ofertas promocionais ao longo do ano. Fique ligado!<\/p>\n\n\n\n<div style=\"height:24px\" aria-hidden=\"true\" class=\"wp-block-spacer\"><\/div>\n\n\n<div class=\"block-blue\">\n    <div class=\"block-blue__container\">\n        <div class=\"block-blue__title-wrapper\">\n            <h2 class=\"title block-blue__title title--size-m title--white\">\n    Wash.ME, o seu parceiro di\u00e1rio.<\/h2>\n        <\/div>\n        <div class=\"block-blue__text\">\n                    <\/div>\n        <a class=\"link block-blue__cta-link button button--bordered-white button--with-icon icon-arrow-right\" href=\"https:\/\/stores.revolution-laundry.com\/pt-pt\" target=\"_blank\">\n    <span>Encontre a sua lavandaria Wash.ME<\/span>\n<\/a>\n    <\/div>\n<\/div>\n","protected":false},"excerpt":{"rendered":"<p>Wash.ME chega ao seu telem\u00f3vel para lhe poupar tempo e dinheiro! Encontre&#8230;<\/p>\n","protected":false},"author":29,"featured_media":240971,"parent":0,"menu_order":0,"comment_status":"closed","ping_status":"closed","template":"","meta":{"_acf_changed":false,"footnotes":""},"class_list":["post-192946","page","type-page","status-publish","has-post-thumbnail","hentry"],"acf":[],"yoast_head":"<title>App Wash.ME: roupa lavada a pre\u00e7os baixos durante todo o ano<\/title>\n<meta name=\"description\" content=\"Descarregue a app Wash.ME e aproveite as nossas ofertas durante todo o ano para obter roupa limpa a pre\u00e7os baixos nas lavandarias Wash.ME!\" \/>\n<meta name=\"robots\" content=\"index, follow, max-snippet:-1, max-image-preview:large, max-video-preview:-1\" \/>\n<link rel=\"canonical\" href=\"https:\/\/www.wash-megroup.com\/pt-pt\/app-wash-me\/\" \/>\n<meta property=\"og:locale\" content=\"pt_PT\" \/>\n<meta property=\"og:type\" content=\"article\" \/>\n<meta property=\"og:title\" content=\"App Wash.ME: roupa lavada a pre\u00e7os baixos durante todo o ano\" \/>\n<meta property=\"og:description\" content=\"Descarregue a app Wash.ME e aproveite as nossas ofertas durante todo o ano para obter roupa limpa a pre\u00e7os baixos nas lavandarias Wash.ME!\" \/>\n<meta property=\"og:url\" content=\"https:\/\/www.wash-megroup.com\/pt-pt\/app-wash-me\/\" \/>\n<meta property=\"og:site_name\" content=\"Wash-ME\" \/>\n<meta property=\"article:modified_time\" content=\"2024-04-04T09:45:06+00:00\" \/>\n<meta property=\"og:image\" content=\"https:\/\/www.wash-megroup.com\/wp-content\/uploads\/2024\/01\/Design-sans-titre.jpg\" \/>\n<meta name=\"twitter:card\" content=\"summary_large_image\" \/>\n<meta name=\"twitter:label1\" content=\"Tempo estimado de leitura\" \/>\n\t<meta name=\"twitter:data1\" content=\"4 minutos\" \/>\n<script type=\"application\/ld+json\" class=\"yoast-schema-graph\">{\"@context\":\"https:\/\/schema.org\",\"@graph\":[{\"@type\":\"WebPage\",\"@id\":\"https:\/\/www.wash-megroup.com\/pt-pt\/app-wash-me\/\",\"url\":\"https:\/\/www.wash-megroup.com\/pt-pt\/app-wash-me\/\",\"name\":\"App Wash.ME: roupa lavada a pre\u00e7os baixos durante todo o ano\",\"isPartOf\":{\"@id\":\"https:\/\/www.wash-megroup.com\/pt-pt\/#website\"},\"primaryImageOfPage\":{\"@id\":\"https:\/\/www.wash-megroup.com\/pt-pt\/app-wash-me\/#primaryimage\"},\"image\":{\"@id\":\"https:\/\/www.wash-megroup.com\/pt-pt\/app-wash-me\/#primaryimage\"},\"thumbnailUrl\":\"https:\/\/www.wash-megroup.com\/wp-content\/uploads\/2024\/11\/Home-page.png\",\"datePublished\":\"2024-03-28T12:38:15+00:00\",\"dateModified\":\"2024-04-04T09:45:06+00:00\",\"description\":\"Descarregue a app Wash.ME e aproveite as nossas ofertas durante todo o ano para obter roupa limpa a pre\u00e7os baixos nas lavandarias Wash.ME!\",\"breadcrumb\":{\"@id\":\"https:\/\/www.wash-megroup.com\/pt-pt\/app-wash-me\/#breadcrumb\"},\"inLanguage\":\"pt-PT\",\"potentialAction\":[{\"@type\":\"ReadAction\",\"target\":[\"https:\/\/www.wash-megroup.com\/pt-pt\/app-wash-me\/\"]}]},{\"@type\":\"ImageObject\",\"inLanguage\":\"pt-PT\",\"@id\":\"https:\/\/www.wash-megroup.com\/pt-pt\/app-wash-me\/#primaryimage\",\"url\":\"https:\/\/www.wash-megroup.com\/wp-content\/uploads\/2024\/11\/Home-page.png\",\"contentUrl\":\"https:\/\/www.wash-megroup.com\/wp-content\/uploads\/2024\/11\/Home-page.png\",\"width\":1280,\"height\":686,\"caption\":\"D\u00e9couvrez le site Wash.ME France\"},{\"@type\":\"BreadcrumbList\",\"@id\":\"https:\/\/www.wash-megroup.com\/pt-pt\/app-wash-me\/#breadcrumb\",\"itemListElement\":[{\"@type\":\"ListItem\",\"position\":1,\"name\":\"Home\",\"item\":\"https:\/\/www.wash-megroup.com\/pt-pt\/\"},{\"@type\":\"ListItem\",\"position\":2,\"name\":\"App Wash.ME\"}]},{\"@type\":\"WebSite\",\"@id\":\"https:\/\/www.wash-megroup.com\/pt-pt\/#website\",\"url\":\"https:\/\/www.wash-megroup.com\/pt-pt\/\",\"name\":\"Wash-ME\",\"description\":\"Acc\u00e9dez \u00e0 l&#039;espace particulier\",\"publisher\":{\"@id\":\"https:\/\/www.wash-megroup.com\/pt-pt\/#organization\"},\"potentialAction\":[{\"@type\":\"SearchAction\",\"target\":{\"@type\":\"EntryPoint\",\"urlTemplate\":\"https:\/\/www.wash-megroup.com\/pt-pt\/?s={search_term_string}\"},\"query-input\":{\"@type\":\"PropertyValueSpecification\",\"valueRequired\":true,\"valueName\":\"search_term_string\"}}],\"inLanguage\":\"pt-PT\"},{\"@type\":\"Organization\",\"@id\":\"https:\/\/www.wash-megroup.com\/pt-pt\/#organization\",\"name\":\"Wash-ME\",\"url\":\"https:\/\/www.wash-megroup.com\/pt-pt\/\",\"logo\":{\"@type\":\"ImageObject\",\"inLanguage\":\"pt-PT\",\"@id\":\"https:\/\/www.wash-megroup.com\/pt-pt\/#\/schema\/logo\/image\/\",\"url\":\"https:\/\/www.wash-megroup.com\/wp-content\/uploads\/2021\/07\/logo_revolaundry_white@2x.png\",\"contentUrl\":\"https:\/\/www.wash-megroup.com\/wp-content\/uploads\/2021\/07\/logo_revolaundry_white@2x.png\",\"width\":538,\"height\":146,\"caption\":\"Wash-ME\"},\"image\":{\"@id\":\"https:\/\/www.wash-megroup.com\/pt-pt\/#\/schema\/logo\/image\/\"}}]}<\/script>","yoast_head_json":{"title":"App Wash.ME: roupa lavada a pre\u00e7os baixos durante todo o ano","description":"Descarregue a app Wash.ME e aproveite as nossas ofertas durante todo o ano para obter roupa limpa a pre\u00e7os baixos nas lavandarias Wash.ME!","robots":{"index":"index","follow":"follow","max-snippet":"max-snippet:-1","max-image-preview":"max-image-preview:large","max-video-preview":"max-video-preview:-1"},"canonical":"https:\/\/www.wash-megroup.com\/pt-pt\/app-wash-me\/","og_locale":"pt_PT","og_type":"article","og_title":"App Wash.ME: roupa lavada a pre\u00e7os baixos durante todo o ano","og_description":"Descarregue a app Wash.ME e aproveite as nossas ofertas durante todo o ano para obter roupa limpa a pre\u00e7os baixos nas lavandarias Wash.ME!","og_url":"https:\/\/www.wash-megroup.com\/pt-pt\/app-wash-me\/","og_site_name":"Wash-ME","article_modified_time":"2024-04-04T09:45:06+00:00","og_image":[{"url":"https:\/\/www.wash-megroup.com\/wp-content\/uploads\/2024\/01\/Design-sans-titre.jpg","type":"","width":"","height":""}],"twitter_card":"summary_large_image","twitter_misc":{"Tempo estimado de leitura":"4 minutos"},"schema":{"@context":"https:\/\/schema.org","@graph":[{"@type":"WebPage","@id":"https:\/\/www.wash-megroup.com\/pt-pt\/app-wash-me\/","url":"https:\/\/www.wash-megroup.com\/pt-pt\/app-wash-me\/","name":"App Wash.ME: roupa lavada a pre\u00e7os baixos durante todo o ano","isPartOf":{"@id":"https:\/\/www.wash-megroup.com\/pt-pt\/#website"},"primaryImageOfPage":{"@id":"https:\/\/www.wash-megroup.com\/pt-pt\/app-wash-me\/#primaryimage"},"image":{"@id":"https:\/\/www.wash-megroup.com\/pt-pt\/app-wash-me\/#primaryimage"},"thumbnailUrl":"https:\/\/www.wash-megroup.com\/wp-content\/uploads\/2024\/11\/Home-page.png","datePublished":"2024-03-28T12:38:15+00:00","dateModified":"2024-04-04T09:45:06+00:00","description":"Descarregue a app Wash.ME e aproveite as nossas ofertas durante todo o ano para obter roupa limpa a pre\u00e7os baixos nas lavandarias Wash.ME!","breadcrumb":{"@id":"https:\/\/www.wash-megroup.com\/pt-pt\/app-wash-me\/#breadcrumb"},"inLanguage":"pt-PT","potentialAction":[{"@type":"ReadAction","target":["https:\/\/www.wash-megroup.com\/pt-pt\/app-wash-me\/"]}]},{"@type":"ImageObject","inLanguage":"pt-PT","@id":"https:\/\/www.wash-megroup.com\/pt-pt\/app-wash-me\/#primaryimage","url":"https:\/\/www.wash-megroup.com\/wp-content\/uploads\/2024\/11\/Home-page.png","contentUrl":"https:\/\/www.wash-megroup.com\/wp-content\/uploads\/2024\/11\/Home-page.png","width":1280,"height":686,"caption":"D\u00e9couvrez le site Wash.ME France"},{"@type":"BreadcrumbList","@id":"https:\/\/www.wash-megroup.com\/pt-pt\/app-wash-me\/#breadcrumb","itemListElement":[{"@type":"ListItem","position":1,"name":"Home","item":"https:\/\/www.wash-megroup.com\/pt-pt\/"},{"@type":"ListItem","position":2,"name":"App Wash.ME"}]},{"@type":"WebSite","@id":"https:\/\/www.wash-megroup.com\/pt-pt\/#website","url":"https:\/\/www.wash-megroup.com\/pt-pt\/","name":"Wash-ME","description":"Acc\u00e9dez \u00e0 l&#039;espace particulier","publisher":{"@id":"https:\/\/www.wash-megroup.com\/pt-pt\/#organization"},"potentialAction":[{"@type":"SearchAction","target":{"@type":"EntryPoint","urlTemplate":"https:\/\/www.wash-megroup.com\/pt-pt\/?s={search_term_string}"},"query-input":{"@type":"PropertyValueSpecification","valueRequired":true,"valueName":"search_term_string"}}],"inLanguage":"pt-PT"},{"@type":"Organization","@id":"https:\/\/www.wash-megroup.com\/pt-pt\/#organization","name":"Wash-ME","url":"https:\/\/www.wash-megroup.com\/pt-pt\/","logo":{"@type":"ImageObject","inLanguage":"pt-PT","@id":"https:\/\/www.wash-megroup.com\/pt-pt\/#\/schema\/logo\/image\/","url":"https:\/\/www.wash-megroup.com\/wp-content\/uploads\/2021\/07\/logo_revolaundry_white@2x.png","contentUrl":"https:\/\/www.wash-megroup.com\/wp-content\/uploads\/2021\/07\/logo_revolaundry_white@2x.png","width":538,"height":146,"caption":"Wash-ME"},"image":{"@id":"https:\/\/www.wash-megroup.com\/pt-pt\/#\/schema\/logo\/image\/"}}]}},"_links":{"self":[{"href":"https:\/\/www.wash-megroup.com\/pt-pt\/wp-json\/wp\/v2\/pages\/192946","targetHints":{"allow":["GET"]}}],"collection":[{"href":"https:\/\/www.wash-megroup.com\/pt-pt\/wp-json\/wp\/v2\/pages"}],"about":[{"href":"https:\/\/www.wash-megroup.com\/pt-pt\/wp-json\/wp\/v2\/types\/page"}],"author":[{"embeddable":true,"href":"https:\/\/www.wash-megroup.com\/pt-pt\/wp-json\/wp\/v2\/users\/29"}],"replies":[{"embeddable":true,"href":"https:\/\/www.wash-megroup.com\/pt-pt\/wp-json\/wp\/v2\/comments?post=192946"}],"version-history":[{"count":6,"href":"https:\/\/www.wash-megroup.com\/pt-pt\/wp-json\/wp\/v2\/pages\/192946\/revisions"}],"predecessor-version":[{"id":193703,"href":"https:\/\/www.wash-megroup.com\/pt-pt\/wp-json\/wp\/v2\/pages\/192946\/revisions\/193703"}],"wp:featuredmedia":[{"embeddable":true,"href":"https:\/\/www.wash-megroup.com\/pt-pt\/wp-json\/wp\/v2\/media\/240971"}],"wp:attachment":[{"href":"https:\/\/www.wash-megroup.com\/pt-pt\/wp-json\/wp\/v2\/media?parent=192946"}],"curies":[{"name":"wp","href":"https:\/\/api.w.org\/{rel}","templated":true}]}}